{"id":808,"date":"2023-10-03T11:35:47","date_gmt":"2023-10-03T15:35:47","guid":{"rendered":"https:\/\/centreo3.com\/?page_id=808"},"modified":"2023-10-03T16:38:24","modified_gmt":"2023-10-03T20:38:24","slug":"soumission-camp-scolaire","status":"publish","type":"page","link":"https:\/\/centreo3.com\/fr\/soumission-camp-scolaire\/","title":{"rendered":"Demander une soumission"},"content":{"rendered":"\t\t<div data-elementor-type=\"wp-page\" data-elementor-id=\"808\" class=\"elementor elementor-808\" data-elementor-post-type=\"page\">\n\t\t\t\t<div class=\"elementor-element elementor-element-0550e35 e-flex e-con-boxed e-con e-parent\" data-id=\"0550e35\" data-element_type=\"container\" data-e-type=\"container\">\n\t\t\t\t\t<div class=\"e-con-inner\">\n\t\t\t\t<div class=\"elementor-element elementor-element-9e5ad49 elementor-widget__width-initial elementor-widget elementor-widget-shortcode\" data-id=\"9e5ad49\" data-element_type=\"widget\" data-e-type=\"widget\" data-widget_type=\"shortcode.default\">\n\t\t\t\t<div class=\"elementor-widget-container\">\n\t\t\t\t\t\t\t<div class=\"elementor-shortcode\"><div id=\"quform-cfe191\" class=\"quform quform-1 quform-support-page-caching\"><form id=\"quform-form-cfe191\" class=\"quform-form quform-form-1\" action=\"\/fr\/wp-json\/wp\/v2\/pages\/808#quform-cfe191\" method=\"post\" enctype=\"multipart\/form-data\" novalidate=\"novalidate\" data-options=\"{&quot;id&quot;:1,&quot;uniqueId&quot;:&quot;cfe191&quot;,&quot;theme&quot;:&quot;&quot;,&quot;ajax&quot;:true,&quot;logic&quot;:{&quot;logic&quot;:[],&quot;dependents&quot;:[],&quot;elementIds&quot;:[],&quot;dependentElementIds&quot;:[],&quot;animate&quot;:true},&quot;currentPageId&quot;:1,&quot;errorsIcon&quot;:&quot;&quot;,&quot;updateFancybox&quot;:true,&quot;hasPages&quot;:false,&quot;pages&quot;:[1],&quot;pageProgressType&quot;:&quot;numbers&quot;,&quot;tooltipsEnabled&quot;:true,&quot;tooltipClasses&quot;:&quot;qtip-quform-dark qtip-shadow&quot;,&quot;tooltipMy&quot;:&quot;left center&quot;,&quot;tooltipAt&quot;:&quot;right center&quot;,&quot;isRtl&quot;:false,&quot;scrollOffset&quot;:-50,&quot;scrollSpeed&quot;:800}\"><button class=\"quform-default-submit\" name=\"quform_submit\" type=\"submit\" value=\"submit\" aria-hidden=\"true\" tabindex=\"-1\"><\/button><div class=\"quform-form-inner quform-form-inner-1\"><input type=\"hidden\" name=\"quform_form_id\" value=\"1\" \/><input type=\"hidden\" name=\"quform_form_uid\" value=\"cfe191\" \/><input type=\"hidden\" name=\"quform_count\" value=\"1\" \/><input type=\"hidden\" name=\"form_url\" value=\"https:\/\/centreo3.com\/fr\/wp-json\/wp\/v2\/pages\/808\" \/><input type=\"hidden\" name=\"referring_url\" value=\"\" \/><input type=\"hidden\" name=\"post_id\" value=\"\" \/><input type=\"hidden\" name=\"post_title\" value=\"\" \/><input type=\"hidden\" name=\"quform_current_page_id\" value=\"1\" \/><input type=\"hidden\" name=\"quform_loaded\" value=\"1775282826|1f12fdb310ce3e09f6453aab89cb25f0\" \/><input type=\"hidden\" name=\"quform_csrf_token\" value=\"BTq2jyN3EIy1Qh42MHTBTwPhTZSNOfsBOTRB6vUI\" \/><div class=\"quform-elements quform-elements-1 quform-cf quform-responsive-elements-phone-landscape\"><div class=\"quform-element quform-element-page quform-page-1 quform-page-1_1 quform-cf quform-group-style-plain quform-first-page quform-last-page quform-current-page\"><div class=\"quform-child-elements\"><div class=\"quform-element quform-element-html quform-element-1_17 quform-cf\"><div class=\"quform-spacer\">L\u2019ast\u00e9risque (*) indique un champ obligatoire<\/div><\/div><div class=\"quform-element quform-element-text quform-element-1_3 quform-cf quform-labels-inside quform-element-required\"><div class=\"quform-spacer\"><div class=\"quform-label quform-label-1_3\"><label class=\"quform-label-text\" for=\"quform_1_3_cfe191\">Votre pr\u00e9nom<span class=\"quform-required\">*<\/span><\/label><\/div><div class=\"quform-inner quform-inner-text quform-inner-1_3\"><div class=\"quform-input quform-input-text quform-input-1_3 quform-cf\"><input type=\"text\" id=\"quform_1_3_cfe191\" name=\"quform_1_3\" class=\"quform-field quform-field-text quform-field-1_3\" \/><\/div><\/div><\/div><\/div><div class=\"quform-element quform-element-text quform-element-1_4 quform-cf quform-labels-inside quform-element-required\"><div class=\"quform-spacer\"><div class=\"quform-label quform-label-1_4\"><label class=\"quform-label-text\" for=\"quform_1_4_cfe191\">Votre nom<span class=\"quform-required\">*<\/span><\/label><\/div><div class=\"quform-inner quform-inner-text quform-inner-1_4\"><div class=\"quform-input quform-input-text quform-input-1_4 quform-cf\"><input type=\"text\" id=\"quform_1_4_cfe191\" name=\"quform_1_4\" class=\"quform-field quform-field-text quform-field-1_4\" \/><\/div><\/div><\/div><\/div><div class=\"quform-element quform-element-email quform-element-1_6 quform-cf quform-labels-inside quform-element-required\"><div class=\"quform-spacer\"><div class=\"quform-label quform-label-1_6\"><label class=\"quform-label-text\" for=\"quform_1_6_cfe191\">Votre courriel<span class=\"quform-required\">*<\/span><\/label><\/div><div class=\"quform-inner quform-inner-email quform-inner-1_6\"><div class=\"quform-input quform-input-email quform-input-1_6 quform-cf\"><input type=\"email\" id=\"quform_1_6_cfe191\" name=\"quform_1_6\" class=\"quform-field quform-field-email quform-field-1_6\" \/><\/div><\/div><\/div><\/div><div class=\"quform-element quform-element-date quform-element-1_7 quform-cf quform-labels-inside quform-element-optional\"><div class=\"quform-spacer\"><div class=\"quform-label quform-label-1_7\"><label class=\"quform-label-text\" for=\"quform_1_7_cfe191\">Date de l'\u00e9v\u00e9nement<\/label><\/div><div class=\"quform-inner quform-inner-date quform-inner-1_7\"><div class=\"quform-input quform-input-date quform-input-1_7 quform-cf quform-has-field-icon-right\"><input type=\"text\" id=\"quform_1_7_cfe191\" name=\"quform_1_7\" class=\"quform-field quform-field-date quform-field-1_7\" placeholder=\"YYYY-MM-DD\" data-options=\"{&quot;format&quot;:&quot;&quot;,&quot;min&quot;:&quot;&quot;,&quot;max&quot;:&quot;&quot;,&quot;start&quot;:&quot;month&quot;,&quot;depth&quot;:&quot;month&quot;,&quot;showFooter&quot;:false,&quot;locale&quot;:&quot;fr-CA&quot;,&quot;placeholder&quot;:&quot;&quot;,&quot;autoOpen&quot;:true,&quot;identifier&quot;:&quot;1_7&quot;}\" \/><span class=\"quform-field-icon quform-field-icon-right\"><i class=\"qicon-calendar\"><\/i><\/span><\/div><\/div><\/div><\/div><div class=\"quform-element quform-element-textarea quform-element-1_641379 quform-sr-only quform-cf\" style=\"clip: rect(1px, 1px, 1px, 1px); clip-path: inset(50%); position: absolute !important; height: 1px; width: 1px; overflow: hidden;\"><div class=\"quform-spacer\"><div class=\"quform-label quform-label-1_641379\"><label class=\"quform-label-text\" for=\"quform_1_641379_cfe191\">Phone Number<span class=\"quform-required\">*<\/span><\/label><\/div><div class=\"quform-inner quform-inner-1_641379\"><textarea id=\"quform_1_641379_cfe191\" name=\"quform_1_641379\" class=\"quform-field quform-field-textarea quform-field-1_641379\" tabindex=\"-1\" autocomplete=\"new-password\"><\/textarea><\/div><\/div><\/div><div class=\"quform-element quform-element-text quform-element-1_8 quform-cf quform-labels-inside quform-element-optional\"><div class=\"quform-spacer\"><div class=\"quform-label quform-label-1_8\"><label class=\"quform-label-text\" for=\"quform_1_8_cfe191\">Entreprise<\/label><\/div><div class=\"quform-inner quform-inner-text quform-inner-1_8\"><div class=\"quform-input quform-input-text quform-input-1_8 quform-cf\"><input type=\"text\" id=\"quform_1_8_cfe191\" name=\"quform_1_8\" class=\"quform-field quform-field-text quform-field-1_8\" \/><\/div><\/div><\/div><\/div><div class=\"quform-element quform-element-text quform-element-1_9 quform-cf quform-labels-inside quform-element-required\"><div class=\"quform-spacer\"><div class=\"quform-label quform-label-1_9\"><label class=\"quform-label-text\" for=\"quform_1_9_cfe191\">Votre num\u00e9ro de t\u00e9l\u00e9phone<span class=\"quform-required\">*<\/span><\/label><\/div><div class=\"quform-inner quform-inner-text quform-inner-1_9\"><div class=\"quform-input quform-input-text quform-input-1_9 quform-cf\"><input type=\"text\" id=\"quform_1_9_cfe191\" name=\"quform_1_9\" class=\"quform-field quform-field-text quform-field-1_9\" \/><\/div><\/div><\/div><\/div><div class=\"quform-element quform-element-radio quform-element-1_10 quform-cf quform-element-required\"><div class=\"quform-spacer\"><div class=\"quform-label quform-label-1_10\"><label class=\"quform-label-text\" id=\"quform_1_10_cfe191_label\">Type d'h\u00e9bergement<span class=\"quform-required\">*<\/span><\/label><\/div><div class=\"quform-inner quform-inner-radio quform-inner-1_10\"><div class=\"quform-input quform-input-radio quform-input-1_10 quform-cf\"><div class=\"quform-options quform-cf quform-options-inline quform-options-simple\" role=\"radiogroup\" aria-labelledby=\"quform_1_10_cfe191_label\"><div class=\"quform-option\"><input type=\"radio\" name=\"quform_1_10\" id=\"quform_1_10_cfe191_1\" class=\"quform-field quform-field-radio quform-field-1_10 quform-field-1_10_1\" value=\"H\u00f4tel\" \/><label for=\"quform_1_10_cfe191_1\" class=\"quform-option-label quform-option-label-1_10_1\"><span class=\"quform-option-text\">H\u00f4tel<\/span><\/label><\/div><div class=\"quform-option\"><input type=\"radio\" name=\"quform_1_10\" id=\"quform_1_10_cfe191_2\" class=\"quform-field quform-field-radio quform-field-1_10 quform-field-1_10_2\" value=\"R\u00e9sidence\" \/><label for=\"quform_1_10_cfe191_2\" class=\"quform-option-label quform-option-label-1_10_2\"><span class=\"quform-option-text\">R\u00e9sidence<\/span><\/label><\/div><\/div><\/div><\/div><\/div><\/div><div class=\"quform-element quform-element-select quform-element-1_11 quform-cf quform-element-optional\"><div class=\"quform-spacer\"><div class=\"quform-label quform-label-1_11\"><label class=\"quform-label-text\" for=\"quform_1_11_cfe191\">Nombre de chambres voulues<\/label><\/div><div class=\"quform-inner quform-inner-select quform-inner-1_11\"><div class=\"quform-input quform-input-select quform-input-1_11 quform-cf\"><select id=\"quform_1_11_cfe191\" name=\"quform_1_11\" class=\"quform-field quform-field-select quform-field-1_11\"><option value=\"\">Veuillez s\u00e9lectionner<\/option><option value=\"0\" selected=\"selected\">0<\/option><option value=\"1\">1<\/option><option value=\"2\">2<\/option><option value=\"3\">3<\/option><option value=\"4\">4<\/option><option value=\"5\">5<\/option><option value=\"6\">6<\/option><option value=\"7\">7<\/option><option value=\"8\">8<\/option><option value=\"9\">9<\/option><option value=\"10\">10<\/option><option value=\"11\">11<\/option><option value=\"12\">12<\/option><option value=\"13\">13<\/option><option value=\"14\">14<\/option><option value=\"15\">15<\/option><option value=\"16\">16<\/option><option value=\"17\">17<\/option><option value=\"18\">18<\/option><option value=\"19\">19<\/option><option value=\"20\">20<\/option><option value=\"21\">21<\/option><option value=\"22\">22<\/option><option value=\"23\">23<\/option><option value=\"24\">24<\/option><option value=\"25\">25<\/option><option value=\"26\">26<\/option><option value=\"27\">27<\/option><option value=\"28\">28<\/option><option value=\"29\">29<\/option><option value=\"30\">30<\/option><\/select><\/div><\/div><\/div><\/div><div class=\"quform-element quform-element-select quform-element-1_12 quform-cf quform-element-required\"><div class=\"quform-spacer\"><div class=\"quform-label quform-label-1_12\"><label class=\"quform-label-text\" for=\"quform_1_12_cfe191\">Nombre de repas voulus (service traiteur obligatoire)<span class=\"quform-required\">*<\/span><\/label><\/div><div class=\"quform-inner quform-inner-select quform-inner-1_12\"><div class=\"quform-input quform-input-select quform-input-1_12 quform-cf\"><select id=\"quform_1_12_cfe191\" name=\"quform_1_12\" class=\"quform-field quform-field-select quform-field-1_12\"><option value=\"\">Veuillez s\u00e9lectionner<\/option><option value=\"1 (minimum)\" selected=\"selected\">1 (minimum)<\/option><option value=\"2\">2<\/option><option value=\"3\">3<\/option><option value=\"4\">4<\/option><option value=\"5\">5<\/option><option value=\"6\">6<\/option><option value=\"7\">7<\/option><option value=\"8\">8<\/option><option value=\"9\">9<\/option><option value=\"10\">10<\/option><option value=\"11\">11<\/option><option value=\"12\">12<\/option><option value=\"13\">13<\/option><option value=\"14\">14<\/option><option value=\"15\">15<\/option><option value=\"16\">16<\/option><option value=\"17\">17<\/option><option value=\"18\">18<\/option><option value=\"19\">19<\/option><option value=\"20\">20<\/option><option value=\"21\">21<\/option><\/select><\/div><\/div><\/div><\/div><div class=\"quform-element quform-element-html quform-element-1_14 quform-cf\"><div class=\"quform-spacer\">Besoins en \u00e9quipement (<a class=\"consultez\" href=\"https:\/\/www.centreo3.com\/fr\/services\/location-materiel-specialise-audiovisuel\">Consultez la liste d'\u00e9quipement disponible<\/a>)<\/div><\/div><div class=\"quform-element quform-element-textarea quform-element-1_13 quform-cf quform-labels-inside quform-element-optional\"><div class=\"quform-spacer\"><div class=\"quform-label quform-label-1_13\"><label class=\"quform-label-text\" for=\"quform_1_13_cfe191\">Pr\u00e9cisez ...<\/label><\/div><div class=\"quform-inner quform-inner-textarea quform-inner-1_13\"><div class=\"quform-input quform-input-textarea quform-input-1_13 quform-cf\"><textarea id=\"quform_1_13_cfe191\" name=\"quform_1_13\" class=\"quform-field quform-field-textarea quform-field-1_13\"><\/textarea><\/div><\/div><\/div><\/div><div class=\"quform-element quform-element-html quform-element-1_16 quform-cf\"><div class=\"quform-spacer\">Description du s\u00e9jour *<\/div><\/div><div class=\"quform-element quform-element-textarea quform-element-1_15 quform-cf quform-labels-inside quform-element-required\"><div class=\"quform-spacer\"><div class=\"quform-label quform-label-1_15\"><label class=\"quform-label-text\" for=\"quform_1_15_cfe191\">Pr\u00e9cisez ...<span class=\"quform-required\">*<\/span><\/label><\/div><div class=\"quform-inner quform-inner-textarea quform-inner-1_15\"><div class=\"quform-input quform-input-textarea quform-input-1_15 quform-cf\"><textarea id=\"quform_1_15_cfe191\" name=\"quform_1_15\" class=\"quform-field quform-field-textarea quform-field-1_15\"><\/textarea><\/div><\/div><\/div><\/div><div class=\"quform-element quform-element-submit quform-element-1_2 quform-cf quform-button-style-theme\"><div class=\"quform-button-submit quform-button-submit-default quform-button-submit-1_2\"><button name=\"quform_submit\" type=\"submit\" class=\"quform-submit\" value=\"submit\"><span class=\"quform-button-text quform-button-submit-text\">Soumettre<\/span><\/button><\/div><div class=\"quform-loading quform-loading-position-left quform-loading-type-spinner-1\"><div class=\"quform-loading-inner\"><div class=\"quform-loading-spinner\"><div class=\"quform-loading-spinner-inner\"><\/div><\/div><\/div><\/div><\/div><\/div><\/div><\/div><\/div><\/form><\/div><\/div>\n\t\t\t\t\t\t<\/div>\n\t\t\t\t<\/div>\n\t\t\t\t\t<\/div>\n\t\t\t\t<\/div>\n\t\t\t\t<\/div>\n\t\t","protected":false},"excerpt":{"rendered":"","protected":false},"author":1,"featured_media":0,"parent":0,"menu_order":0,"comment_status":"closed","ping_status":"closed","template":"","meta":{"footnotes":""},"class_list":["post-808","page","type-page","status-publish","hentry"],"yoast_head":"<!-- This site is optimized with the Yoast SEO plugin v27.1.1 - https:\/\/yoast.com\/product\/yoast-seo-wordpress\/ -->\n<title>Demander une soumission<\/title>\n<meta name=\"robots\" content=\"index, follow, max-snippet:-1, max-image-preview:large, max-video-preview:-1\" \/>\n<link rel=\"canonical\" href=\"https:\/\/centreo3.com\/fr\/soumission-camp-scolaire\/\" \/>\n<meta property=\"og:locale\" content=\"fr_FR\" \/>\n<meta property=\"og:type\" content=\"article\" \/>\n<meta property=\"og:title\" content=\"Demander une soumission\" \/>\n<meta property=\"og:url\" content=\"https:\/\/centreo3.com\/fr\/soumission-camp-scolaire\/\" \/>\n<meta property=\"og:site_name\" content=\"Centre O3\" \/>\n<meta property=\"article:modified_time\" content=\"2023-10-03T20:38:24+00:00\" \/>\n<meta name=\"twitter:card\" content=\"summary_large_image\" \/>\n<meta name=\"twitter:label1\" content=\"Dur\u00e9e de lecture estim\u00e9e\" \/>\n\t<meta name=\"twitter:data1\" content=\"1 minute\" \/>\n<script type=\"application\/ld+json\" class=\"yoast-schema-graph\">{\"@context\":\"https:\/\/schema.org\",\"@graph\":[{\"@type\":\"WebPage\",\"@id\":\"https:\/\/centreo3.com\/fr\/soumission-camp-scolaire\/\",\"url\":\"https:\/\/centreo3.com\/fr\/soumission-camp-scolaire\/\",\"name\":\"Demander une soumission\",\"isPartOf\":{\"@id\":\"https:\/\/centreo3.com\/fr\/#website\"},\"datePublished\":\"2023-10-03T15:35:47+00:00\",\"dateModified\":\"2023-10-03T20:38:24+00:00\",\"breadcrumb\":{\"@id\":\"https:\/\/centreo3.com\/fr\/soumission-camp-scolaire\/#breadcrumb\"},\"inLanguage\":\"fr-FR\",\"potentialAction\":[{\"@type\":\"ReadAction\",\"target\":[\"https:\/\/centreo3.com\/fr\/soumission-camp-scolaire\/\"]}]},{\"@type\":\"BreadcrumbList\",\"@id\":\"https:\/\/centreo3.com\/fr\/soumission-camp-scolaire\/#breadcrumb\",\"itemListElement\":[{\"@type\":\"ListItem\",\"position\":1,\"name\":\"Accueil\",\"item\":\"https:\/\/centreo3.com\/fr\/\"},{\"@type\":\"ListItem\",\"position\":2,\"name\":\"Demander une soumission\"}]},{\"@type\":\"WebSite\",\"@id\":\"https:\/\/centreo3.com\/fr\/#website\",\"url\":\"https:\/\/centreo3.com\/fr\/\",\"name\":\"Centre O3\",\"description\":\"Salles de r\u00e9ception et h\u00e9bergements pour \u00e9v\u00e9nements\",\"publisher\":{\"@id\":\"https:\/\/centreo3.com\/fr\/#organization\"},\"potentialAction\":[{\"@type\":\"SearchAction\",\"target\":{\"@type\":\"EntryPoint\",\"urlTemplate\":\"https:\/\/centreo3.com\/fr\/?s={search_term_string}\"},\"query-input\":{\"@type\":\"PropertyValueSpecification\",\"valueRequired\":true,\"valueName\":\"search_term_string\"}}],\"inLanguage\":\"fr-FR\"},{\"@type\":\"Organization\",\"@id\":\"https:\/\/centreo3.com\/fr\/#organization\",\"name\":\"Centre O3\",\"url\":\"https:\/\/centreo3.com\/fr\/\",\"logo\":{\"@type\":\"ImageObject\",\"inLanguage\":\"fr-FR\",\"@id\":\"https:\/\/centreo3.com\/fr\/#\/schema\/logo\/image\/\",\"url\":\"https:\/\/centreo3.com\/wp-content\/uploads\/2023\/09\/centreo3-logo.svg\",\"contentUrl\":\"https:\/\/centreo3.com\/wp-content\/uploads\/2023\/09\/centreo3-logo.svg\",\"width\":257,\"height\":48,\"caption\":\"Centre O3\"},\"image\":{\"@id\":\"https:\/\/centreo3.com\/fr\/#\/schema\/logo\/image\/\"}}]}<\/script>\n<!-- \/ Yoast SEO plugin. -->","yoast_head_json":{"title":"Demander une soumission","robots":{"index":"index","follow":"follow","max-snippet":"max-snippet:-1","max-image-preview":"max-image-preview:large","max-video-preview":"max-video-preview:-1"},"canonical":"https:\/\/centreo3.com\/fr\/soumission-camp-scolaire\/","og_locale":"fr_FR","og_type":"article","og_title":"Demander une soumission","og_url":"https:\/\/centreo3.com\/fr\/soumission-camp-scolaire\/","og_site_name":"Centre O3","article_modified_time":"2023-10-03T20:38:24+00:00","twitter_card":"summary_large_image","twitter_misc":{"Dur\u00e9e de lecture estim\u00e9e":"1 minute"},"schema":{"@context":"https:\/\/schema.org","@graph":[{"@type":"WebPage","@id":"https:\/\/centreo3.com\/fr\/soumission-camp-scolaire\/","url":"https:\/\/centreo3.com\/fr\/soumission-camp-scolaire\/","name":"Demander une soumission","isPartOf":{"@id":"https:\/\/centreo3.com\/fr\/#website"},"datePublished":"2023-10-03T15:35:47+00:00","dateModified":"2023-10-03T20:38:24+00:00","breadcrumb":{"@id":"https:\/\/centreo3.com\/fr\/soumission-camp-scolaire\/#breadcrumb"},"inLanguage":"fr-FR","potentialAction":[{"@type":"ReadAction","target":["https:\/\/centreo3.com\/fr\/soumission-camp-scolaire\/"]}]},{"@type":"BreadcrumbList","@id":"https:\/\/centreo3.com\/fr\/soumission-camp-scolaire\/#breadcrumb","itemListElement":[{"@type":"ListItem","position":1,"name":"Accueil","item":"https:\/\/centreo3.com\/fr\/"},{"@type":"ListItem","position":2,"name":"Demander une soumission"}]},{"@type":"WebSite","@id":"https:\/\/centreo3.com\/fr\/#website","url":"https:\/\/centreo3.com\/fr\/","name":"Centre O3","description":"Salles de r\u00e9ception et h\u00e9bergements pour \u00e9v\u00e9nements","publisher":{"@id":"https:\/\/centreo3.com\/fr\/#organization"},"potentialAction":[{"@type":"SearchAction","target":{"@type":"EntryPoint","urlTemplate":"https:\/\/centreo3.com\/fr\/?s={search_term_string}"},"query-input":{"@type":"PropertyValueSpecification","valueRequired":true,"valueName":"search_term_string"}}],"inLanguage":"fr-FR"},{"@type":"Organization","@id":"https:\/\/centreo3.com\/fr\/#organization","name":"Centre O3","url":"https:\/\/centreo3.com\/fr\/","logo":{"@type":"ImageObject","inLanguage":"fr-FR","@id":"https:\/\/centreo3.com\/fr\/#\/schema\/logo\/image\/","url":"https:\/\/centreo3.com\/wp-content\/uploads\/2023\/09\/centreo3-logo.svg","contentUrl":"https:\/\/centreo3.com\/wp-content\/uploads\/2023\/09\/centreo3-logo.svg","width":257,"height":48,"caption":"Centre O3"},"image":{"@id":"https:\/\/centreo3.com\/fr\/#\/schema\/logo\/image\/"}}]}},"_links":{"self":[{"href":"https:\/\/centreo3.com\/fr\/wp-json\/wp\/v2\/pages\/808","targetHints":{"allow":["GET"]}}],"collection":[{"href":"https:\/\/centreo3.com\/fr\/wp-json\/wp\/v2\/pages"}],"about":[{"href":"https:\/\/centreo3.com\/fr\/wp-json\/wp\/v2\/types\/page"}],"author":[{"embeddable":true,"href":"https:\/\/centreo3.com\/fr\/wp-json\/wp\/v2\/users\/1"}],"replies":[{"embeddable":true,"href":"https:\/\/centreo3.com\/fr\/wp-json\/wp\/v2\/comments?post=808"}],"version-history":[{"count":7,"href":"https:\/\/centreo3.com\/fr\/wp-json\/wp\/v2\/pages\/808\/revisions"}],"predecessor-version":[{"id":1011,"href":"https:\/\/centreo3.com\/fr\/wp-json\/wp\/v2\/pages\/808\/revisions\/1011"}],"wp:attachment":[{"href":"https:\/\/centreo3.com\/fr\/wp-json\/wp\/v2\/media?parent=808"}],"curies":[{"name":"wp","href":"https:\/\/api.w.org\/{rel}","templated":true}]}}