{"id":787,"date":"2023-10-03T11:27:40","date_gmt":"2023-10-03T15:27:40","guid":{"rendered":"https:\/\/centreo3.com\/?page_id=787"},"modified":"2025-10-09T10:45:14","modified_gmt":"2025-10-09T14:45:14","slug":"demande-de-bourse","status":"publish","type":"page","link":"https:\/\/centreo3.com\/fr\/demande-de-bourse\/","title":{"rendered":"Demande de bourse"},"content":{"rendered":"\t\t<div data-elementor-type=\"wp-page\" data-elementor-id=\"787\" class=\"elementor elementor-787\" data-elementor-post-type=\"page\">\n\t\t\t\t<div class=\"elementor-element elementor-element-d1446b2 e-flex e-con-boxed e-con e-parent\" data-id=\"d1446b2\" data-element_type=\"container\" data-e-type=\"container\">\n\t\t\t\t\t<div class=\"e-con-inner\">\n\t\t\t\t<div class=\"elementor-element elementor-element-3486455 elementor-widget elementor-widget-text-editor\" data-id=\"3486455\" data-element_type=\"widget\" data-e-type=\"widget\" data-widget_type=\"text-editor.default\">\n\t\t\t\t<div class=\"elementor-widget-container\">\n\t\t\t\t\t\t\t\t\t<p>Le Camp Musical Val-des-Sources a mis sur pied la Fondation du Camp Musical Val-des-Sources dont la mission est la m\u00eame que celle du Camp\u00a0: rendre accessible la musique aux jeunes. Chaque ann\u00e9e, nous remettons plus de 30\u2009000\u00a0$ en bourses \u00e0 des jeunes qui en ont besoin. Nous vous invitons \u00e0 remplir le formulaire de demande de bourse ci-apr\u00e8s afin de d\u00e9poser votre candidature.<\/p>\t\t\t\t\t\t\t\t<\/div>\n\t\t\t\t<\/div>\n\t\t\t\t<div class=\"elementor-element elementor-element-5368172 elementor-widget elementor-widget-heading\" data-id=\"5368172\" data-element_type=\"widget\" data-e-type=\"widget\" data-widget_type=\"heading.default\">\n\t\t\t\t<div class=\"elementor-widget-container\">\n\t\t\t\t\t<h2 class=\"elementor-heading-title elementor-size-default\">Conditions d'admissibilit\u00e9 :<\/h2>\t\t\t\t<\/div>\n\t\t\t\t<\/div>\n\t\t\t\t<div class=\"elementor-element elementor-element-0ec04b1 elementor-widget elementor-widget-text-editor\" data-id=\"0ec04b1\" data-element_type=\"widget\" data-e-type=\"widget\" data-widget_type=\"text-editor.default\">\n\t\t\t\t<div class=\"elementor-widget-container\">\n\t\t\t\t\t\t\t\t\t<p>1. Savoir jouer d&rsquo;un ou plusieurs instruments depuis 1 an minimum<\/p><p>2. Ne pas avoir re\u00e7u de bourse du Camp Musical Val-des-Sources pendant l&rsquo;ann\u00e9e en cours<\/p><p>3. Avoir envoy\u00e9 la demande de bourse avant la date limite<\/p><p>\u00a0<\/p><p>Les campeurs de niveaux coll\u00e9gial ou universitaire seront exclus de ce type de bourse<\/p>\t\t\t\t\t\t\t\t<\/div>\n\t\t\t\t<\/div>\n\t\t\t\t<div class=\"elementor-element elementor-element-7e41e79 elementor-widget elementor-widget-heading\" data-id=\"7e41e79\" data-element_type=\"widget\" data-e-type=\"widget\" data-widget_type=\"heading.default\">\n\t\t\t\t<div class=\"elementor-widget-container\">\n\t\t\t\t\t<h2 class=\"elementor-heading-title elementor-size-default\">Crit\u00e8res de s\u00e9lection :<\/h2>\t\t\t\t<\/div>\n\t\t\t\t<\/div>\n\t\t\t\t<div class=\"elementor-element elementor-element-e7c9888 elementor-widget elementor-widget-text-editor\" data-id=\"e7c9888\" data-element_type=\"widget\" data-e-type=\"widget\" data-widget_type=\"text-editor.default\">\n\t\t\t\t<div class=\"elementor-widget-container\">\n\t\t\t\t\t\t\t\t\t<p>1. Exp\u00e9rience sur l&rsquo;instrument<\/p>\n<p>2. Place disponible dans l&rsquo;harmonie selon inscription<\/p>\n<p><\/p>\n<p>DATE LIMITE POUR LA PR\u00c9SENTATION DES DEMANDES 2026 :&nbsp;&nbsp;<strong>1er juin 2026<\/strong><\/p>\n<p>Veuillez noter qu&rsquo;une fois ce d\u00e9lai pass\u00e9, aucune candidature ne sera accept\u00e9e.<\/p>\n<p>Joindre :<\/p>\n<ul>\n<li>Une lettre expliquant pourquoi vous aimeriez recevoir une bourse du Camp Musical Val-des-Sources et qui d\u00e9taille vos exp\u00e9riences musicales<\/li>\n<li>Une photo<\/li>\n<\/ul>\n<p>Informations \u00e0 fournir dans votre courriel \u00e0&nbsp;<span id=\"cloak913bd6b2a33a1a0ede0dd41a86e9a09a\"><a href=\"mailto:info@campmusicalinc.com?subject=Demande%20de%20bourse&amp;body=Nom%20:%0D%0AAdresse%20courriel%20:%0D%0ADate%20de%20naissance%20:%0D%0AAnn%C3%A9e%20scolaire%20:%0D%0AInstrument%20et%20ann%C3%A9e(s)%20d%E2%80%99exp%C3%A9rience%20:%0D%0A%C3%89cole%20et%20professeur%20de%20musique%20:%0D%0ASession%20:\">info@campmusicalinc.com<\/a><\/span><\/p>\n<ul>\n<li>Nom<\/li>\n<li>Adresse courriel<\/li>\n<li>Date de naissance<\/li>\n<li>Ann\u00e9e scolaire<\/li>\n<li>Instrument et ann\u00e9e(s) d\u2019exp\u00e9rience<\/li>\n<li>\u00c9cole et professeur de musique<\/li>\n<li>Session : 1ere session 2e session 3e session 4e session<\/li>\n<li>Photo<\/li>\n<li>Lettre<\/li>\n<\/ul>\t\t\t\t\t\t\t\t<\/div>\n\t\t\t\t<\/div>\n\t\t\t\t\t<\/div>\n\t\t\t\t<\/div>\n\t\t\t\t<\/div>\n\t\t","protected":false},"excerpt":{"rendered":"<p>Le Camp Musical Val-des-Sources a mis sur pied la Fondation du Camp Musical Val-des-Sources dont la mission est la m\u00eame que celle du Camp\u00a0: rendre accessible la musique aux jeunes. Chaque ann\u00e9e, nous remettons plus de 30\u2009000\u00a0$ en bourses \u00e0 des jeunes qui en ont besoin. Nous vous invitons \u00e0 remplir le formulaire de demande [&hellip;]<\/p>\n","protected":false},"author":1,"featured_media":0,"parent":0,"menu_order":0,"comment_status":"closed","ping_status":"closed","template":"","meta":{"footnotes":""},"class_list":["post-787","page","type-page","status-publish","hentry"],"yoast_head":"<!-- This site is optimized with the Yoast SEO plugin v27.1.1 - https:\/\/yoast.com\/product\/yoast-seo-wordpress\/ -->\n<title>Demande de bourse - Camp musical Val-des-Sources<\/title>\n<meta name=\"robots\" content=\"index, follow, max-snippet:-1, max-image-preview:large, max-video-preview:-1\" \/>\n<link rel=\"canonical\" href=\"https:\/\/centreo3.com\/fr\/demande-de-bourse\/\" \/>\n<meta property=\"og:locale\" content=\"fr_FR\" \/>\n<meta property=\"og:type\" content=\"article\" \/>\n<meta property=\"og:title\" content=\"Demande de bourse - Camp musical Val-des-Sources\" \/>\n<meta property=\"og:description\" content=\"Le Camp Musical Val-des-Sources a mis sur pied la Fondation du Camp Musical Val-des-Sources dont la mission est la m\u00eame que celle du Camp\u00a0: rendre accessible la musique aux jeunes. Chaque ann\u00e9e, nous remettons plus de 30\u2009000\u00a0$ en bourses \u00e0 des jeunes qui en ont besoin. Nous vous invitons \u00e0 remplir le formulaire de demande [&hellip;]\" \/>\n<meta property=\"og:url\" content=\"https:\/\/centreo3.com\/fr\/demande-de-bourse\/\" \/>\n<meta property=\"og:site_name\" content=\"Centre O3\" \/>\n<meta property=\"article:modified_time\" content=\"2025-10-09T14:45:14+00:00\" \/>\n<meta name=\"twitter:card\" content=\"summary_large_image\" \/>\n<meta name=\"twitter:label1\" content=\"Dur\u00e9e de lecture estim\u00e9e\" \/>\n\t<meta name=\"twitter:data1\" content=\"2 minutes\" \/>\n<script type=\"application\/ld+json\" class=\"yoast-schema-graph\">{\"@context\":\"https:\/\/schema.org\",\"@graph\":[{\"@type\":\"WebPage\",\"@id\":\"https:\/\/centreo3.com\/fr\/demande-de-bourse\/\",\"url\":\"https:\/\/centreo3.com\/fr\/demande-de-bourse\/\",\"name\":\"Demande de bourse - Camp musical Val-des-Sources\",\"isPartOf\":{\"@id\":\"https:\/\/centreo3.com\/fr\/#website\"},\"datePublished\":\"2023-10-03T15:27:40+00:00\",\"dateModified\":\"2025-10-09T14:45:14+00:00\",\"breadcrumb\":{\"@id\":\"https:\/\/centreo3.com\/fr\/demande-de-bourse\/#breadcrumb\"},\"inLanguage\":\"fr-FR\",\"potentialAction\":[{\"@type\":\"ReadAction\",\"target\":[\"https:\/\/centreo3.com\/fr\/demande-de-bourse\/\"]}]},{\"@type\":\"BreadcrumbList\",\"@id\":\"https:\/\/centreo3.com\/fr\/demande-de-bourse\/#breadcrumb\",\"itemListElement\":[{\"@type\":\"ListItem\",\"position\":1,\"name\":\"Accueil\",\"item\":\"https:\/\/centreo3.com\/fr\/\"},{\"@type\":\"ListItem\",\"position\":2,\"name\":\"Demande de bourse\"}]},{\"@type\":\"WebSite\",\"@id\":\"https:\/\/centreo3.com\/fr\/#website\",\"url\":\"https:\/\/centreo3.com\/fr\/\",\"name\":\"Centre O3\",\"description\":\"Salles de r\u00e9ception et h\u00e9bergements pour \u00e9v\u00e9nements\",\"publisher\":{\"@id\":\"https:\/\/centreo3.com\/fr\/#organization\"},\"potentialAction\":[{\"@type\":\"SearchAction\",\"target\":{\"@type\":\"EntryPoint\",\"urlTemplate\":\"https:\/\/centreo3.com\/fr\/?s={search_term_string}\"},\"query-input\":{\"@type\":\"PropertyValueSpecification\",\"valueRequired\":true,\"valueName\":\"search_term_string\"}}],\"inLanguage\":\"fr-FR\"},{\"@type\":\"Organization\",\"@id\":\"https:\/\/centreo3.com\/fr\/#organization\",\"name\":\"Centre O3\",\"url\":\"https:\/\/centreo3.com\/fr\/\",\"logo\":{\"@type\":\"ImageObject\",\"inLanguage\":\"fr-FR\",\"@id\":\"https:\/\/centreo3.com\/fr\/#\/schema\/logo\/image\/\",\"url\":\"https:\/\/centreo3.com\/wp-content\/uploads\/2023\/09\/centreo3-logo.svg\",\"contentUrl\":\"https:\/\/centreo3.com\/wp-content\/uploads\/2023\/09\/centreo3-logo.svg\",\"width\":257,\"height\":48,\"caption\":\"Centre O3\"},\"image\":{\"@id\":\"https:\/\/centreo3.com\/fr\/#\/schema\/logo\/image\/\"}}]}<\/script>\n<!-- \/ Yoast SEO plugin. -->","yoast_head_json":{"title":"Demande de bourse - Camp musical Val-des-Sources","robots":{"index":"index","follow":"follow","max-snippet":"max-snippet:-1","max-image-preview":"max-image-preview:large","max-video-preview":"max-video-preview:-1"},"canonical":"https:\/\/centreo3.com\/fr\/demande-de-bourse\/","og_locale":"fr_FR","og_type":"article","og_title":"Demande de bourse - Camp musical Val-des-Sources","og_description":"Le Camp Musical Val-des-Sources a mis sur pied la Fondation du Camp Musical Val-des-Sources dont la mission est la m\u00eame que celle du Camp\u00a0: rendre accessible la musique aux jeunes. Chaque ann\u00e9e, nous remettons plus de 30\u2009000\u00a0$ en bourses \u00e0 des jeunes qui en ont besoin. Nous vous invitons \u00e0 remplir le formulaire de demande [&hellip;]","og_url":"https:\/\/centreo3.com\/fr\/demande-de-bourse\/","og_site_name":"Centre O3","article_modified_time":"2025-10-09T14:45:14+00:00","twitter_card":"summary_large_image","twitter_misc":{"Dur\u00e9e de lecture estim\u00e9e":"2 minutes"},"schema":{"@context":"https:\/\/schema.org","@graph":[{"@type":"WebPage","@id":"https:\/\/centreo3.com\/fr\/demande-de-bourse\/","url":"https:\/\/centreo3.com\/fr\/demande-de-bourse\/","name":"Demande de bourse - Camp musical Val-des-Sources","isPartOf":{"@id":"https:\/\/centreo3.com\/fr\/#website"},"datePublished":"2023-10-03T15:27:40+00:00","dateModified":"2025-10-09T14:45:14+00:00","breadcrumb":{"@id":"https:\/\/centreo3.com\/fr\/demande-de-bourse\/#breadcrumb"},"inLanguage":"fr-FR","potentialAction":[{"@type":"ReadAction","target":["https:\/\/centreo3.com\/fr\/demande-de-bourse\/"]}]},{"@type":"BreadcrumbList","@id":"https:\/\/centreo3.com\/fr\/demande-de-bourse\/#breadcrumb","itemListElement":[{"@type":"ListItem","position":1,"name":"Accueil","item":"https:\/\/centreo3.com\/fr\/"},{"@type":"ListItem","position":2,"name":"Demande de bourse"}]},{"@type":"WebSite","@id":"https:\/\/centreo3.com\/fr\/#website","url":"https:\/\/centreo3.com\/fr\/","name":"Centre O3","description":"Salles de r\u00e9ception et h\u00e9bergements pour \u00e9v\u00e9nements","publisher":{"@id":"https:\/\/centreo3.com\/fr\/#organization"},"potentialAction":[{"@type":"SearchAction","target":{"@type":"EntryPoint","urlTemplate":"https:\/\/centreo3.com\/fr\/?s={search_term_string}"},"query-input":{"@type":"PropertyValueSpecification","valueRequired":true,"valueName":"search_term_string"}}],"inLanguage":"fr-FR"},{"@type":"Organization","@id":"https:\/\/centreo3.com\/fr\/#organization","name":"Centre O3","url":"https:\/\/centreo3.com\/fr\/","logo":{"@type":"ImageObject","inLanguage":"fr-FR","@id":"https:\/\/centreo3.com\/fr\/#\/schema\/logo\/image\/","url":"https:\/\/centreo3.com\/wp-content\/uploads\/2023\/09\/centreo3-logo.svg","contentUrl":"https:\/\/centreo3.com\/wp-content\/uploads\/2023\/09\/centreo3-logo.svg","width":257,"height":48,"caption":"Centre O3"},"image":{"@id":"https:\/\/centreo3.com\/fr\/#\/schema\/logo\/image\/"}}]}},"_links":{"self":[{"href":"https:\/\/centreo3.com\/fr\/wp-json\/wp\/v2\/pages\/787","targetHints":{"allow":["GET"]}}],"collection":[{"href":"https:\/\/centreo3.com\/fr\/wp-json\/wp\/v2\/pages"}],"about":[{"href":"https:\/\/centreo3.com\/fr\/wp-json\/wp\/v2\/types\/page"}],"author":[{"embeddable":true,"href":"https:\/\/centreo3.com\/fr\/wp-json\/wp\/v2\/users\/1"}],"replies":[{"embeddable":true,"href":"https:\/\/centreo3.com\/fr\/wp-json\/wp\/v2\/comments?post=787"}],"version-history":[{"count":15,"href":"https:\/\/centreo3.com\/fr\/wp-json\/wp\/v2\/pages\/787\/revisions"}],"predecessor-version":[{"id":1713,"href":"https:\/\/centreo3.com\/fr\/wp-json\/wp\/v2\/pages\/787\/revisions\/1713"}],"wp:attachment":[{"href":"https:\/\/centreo3.com\/fr\/wp-json\/wp\/v2\/media?parent=787"}],"curies":[{"name":"wp","href":"https:\/\/api.w.org\/{rel}","templated":true}]}}