{"id":785,"date":"2023-10-03T11:27:30","date_gmt":"2023-10-03T15:27:30","guid":{"rendered":"https:\/\/centreo3.com\/?page_id=785"},"modified":"2023-11-07T11:50:59","modified_gmt":"2023-11-07T16:50:59","slug":"camps-scolaires","status":"publish","type":"page","link":"https:\/\/centreo3.com\/fr\/camps-scolaires\/","title":{"rendered":"Camps scolaires"},"content":{"rendered":"<p>Le Camp Musical Val-des-Sources a la chance de recevoir chaque ann\u00e9e plus de 50\u00a0\u00e9coles qui viennent pratiquer en vue d\u2019un concert, d\u2019un concours ou simplement en guise de sortie scolaire. Cela en dit long sur la qualit\u00e9 de nos services et de nos installations\u2009! Avec nos 2\u00a0ensembles de percussions professionnelles, vous pourrez voyager beaucoup plus l\u00e9ger. Nos diff\u00e9rentes salles insonoris\u00e9es avec cubicules de pratique sont id\u00e9ales pour les cliniques en sous-groupes ou pour les pratiques d\u2019ensemble.<\/p>\n<p>De plus, de nombreux orchestres d\u2019adultes, de chorales, de troupes de th\u00e9\u00e2tre, etc. viennent passer une fin de semaine chez nous pour pratiquer dans un lieu calme et unique. Avec notre site adapt\u00e9 \u00e0 vos besoins et nos forfaits flexibles, c\u2019est facile d\u2019organiser un s\u00e9jour au Camp Musical Val-des-Sources\u2009!<\/p>\n<p>Voici un exemple de forfait\u00a0:<\/p>\n<p>Forfait 2\u00a0nuit\u00e9es, 3\u00a0jours\u00a0:<\/p>\n<ul>\n<li>Acc\u00e8s \u00e0 la grande salle de concert avec percussions, sonorisation et \u00e9clairage<\/li>\n<li>2\u00a0nuit\u00e9es en r\u00e9sidence d\u2019\u00e9tudiants ou<strong>\u00a0<\/strong>en chambre d\u2019h\u00f4tel<\/li>\n<li>5\u00a0repas \u00e0 la caf\u00e9t\u00e9ria (2\u00a0d\u00e9jeuners, 2\u00a0d\u00eeners, 1\u00a0souper)<\/li>\n<li>2 collations<\/li>\n<li>Acc\u00e8s aux installations sportives (piscine, volleyball, basketball, tennis, badminton, mini-putt, etc.)<\/li>\n<\/ul>\n<p>Prix sur mesure selon le nombre et l\u2019\u00e2ge des participants et le choix d\u2019h\u00e9bergement.<\/p>\n<p><strong>Pour information\u00a0:<br \/>\n<a href=\"tel:18888344342\">1\u00a0888\u00a0834-4342<\/a><br \/>\n<\/strong><br \/>\nNotre personnel se fera un plaisir de trouver le forfait qui r\u00e9pondra \u00e0 vos besoins\u2009!<\/p>\n<div id=\"quform-144a4f\" class=\"quform quform-1 quform-support-page-caching\"><form id=\"quform-form-144a4f\" class=\"quform-form quform-form-1\" action=\"\/fr\/wp-json\/wp\/v2\/pages\/785#quform-144a4f\" method=\"post\" enctype=\"multipart\/form-data\" novalidate=\"novalidate\" data-options=\"{&quot;id&quot;:1,&quot;uniqueId&quot;:&quot;144a4f&quot;,&quot;theme&quot;:&quot;&quot;,&quot;ajax&quot;:true,&quot;logic&quot;:{&quot;logic&quot;:[],&quot;dependents&quot;:[],&quot;elementIds&quot;:[],&quot;dependentElementIds&quot;:[],&quot;animate&quot;:true},&quot;currentPageId&quot;:1,&quot;errorsIcon&quot;:&quot;&quot;,&quot;updateFancybox&quot;:true,&quot;hasPages&quot;:false,&quot;pages&quot;:[1],&quot;pageProgressType&quot;:&quot;numbers&quot;,&quot;tooltipsEnabled&quot;:true,&quot;tooltipClasses&quot;:&quot;qtip-quform-dark qtip-shadow&quot;,&quot;tooltipMy&quot;:&quot;left center&quot;,&quot;tooltipAt&quot;:&quot;right center&quot;,&quot;isRtl&quot;:false,&quot;scrollOffset&quot;:-50,&quot;scrollSpeed&quot;:800}\"><button class=\"quform-default-submit\" name=\"quform_submit\" type=\"submit\" value=\"submit\" aria-hidden=\"true\" tabindex=\"-1\"><\/button><div class=\"quform-form-inner quform-form-inner-1\"><input type=\"hidden\" name=\"quform_form_id\" value=\"1\" \/><input type=\"hidden\" name=\"quform_form_uid\" value=\"144a4f\" \/><input type=\"hidden\" name=\"quform_count\" value=\"1\" \/><input type=\"hidden\" name=\"form_url\" value=\"https:\/\/centreo3.com\/fr\/wp-json\/wp\/v2\/pages\/785\" \/><input type=\"hidden\" name=\"referring_url\" value=\"\" \/><input type=\"hidden\" name=\"post_id\" value=\"\" \/><input type=\"hidden\" name=\"post_title\" value=\"\" \/><input type=\"hidden\" name=\"quform_current_page_id\" value=\"1\" \/><input type=\"hidden\" name=\"quform_loaded\" value=\"1776956818|d6524118b7a4319ed4aa9df9c0a491ca\" \/><input type=\"hidden\" name=\"quform_csrf_token\" value=\"PgwXhiJT5Ln3sabWpuYS2IAuC46xllZPBZHp9qsz\" \/><div class=\"quform-elements quform-elements-1 quform-cf quform-responsive-elements-phone-landscape\"><div class=\"quform-element quform-element-page quform-page-1 quform-page-1_1 quform-cf quform-group-style-plain quform-first-page quform-last-page quform-current-page\"><div class=\"quform-child-elements\"><div class=\"quform-element quform-element-html quform-element-1_17 quform-cf\"><div class=\"quform-spacer\">L\u2019ast\u00e9risque (*) indique un champ obligatoire<\/div><\/div><div class=\"quform-element quform-element-text quform-element-1_3 quform-cf quform-labels-inside quform-element-required\"><div class=\"quform-spacer\"><div class=\"quform-label quform-label-1_3\"><label class=\"quform-label-text\" for=\"quform_1_3_144a4f\">Votre pr\u00e9nom<span class=\"quform-required\">*<\/span><\/label><\/div><div class=\"quform-inner quform-inner-text quform-inner-1_3\"><div class=\"quform-input quform-input-text quform-input-1_3 quform-cf\"><input type=\"text\" id=\"quform_1_3_144a4f\" name=\"quform_1_3\" class=\"quform-field quform-field-text quform-field-1_3\" \/><\/div><\/div><\/div><\/div><div class=\"quform-element quform-element-text quform-element-1_4 quform-cf quform-labels-inside quform-element-required\"><div class=\"quform-spacer\"><div class=\"quform-label quform-label-1_4\"><label class=\"quform-label-text\" for=\"quform_1_4_144a4f\">Votre nom<span class=\"quform-required\">*<\/span><\/label><\/div><div class=\"quform-inner quform-inner-text quform-inner-1_4\"><div class=\"quform-input quform-input-text quform-input-1_4 quform-cf\"><input type=\"text\" id=\"quform_1_4_144a4f\" name=\"quform_1_4\" class=\"quform-field quform-field-text quform-field-1_4\" \/><\/div><\/div><\/div><\/div><div class=\"quform-element quform-element-email quform-element-1_6 quform-cf quform-labels-inside quform-element-required\"><div class=\"quform-spacer\"><div class=\"quform-label quform-label-1_6\"><label class=\"quform-label-text\" for=\"quform_1_6_144a4f\">Votre courriel<span class=\"quform-required\">*<\/span><\/label><\/div><div class=\"quform-inner quform-inner-email quform-inner-1_6\"><div class=\"quform-input quform-input-email quform-input-1_6 quform-cf\"><input type=\"email\" id=\"quform_1_6_144a4f\" name=\"quform_1_6\" class=\"quform-field quform-field-email quform-field-1_6\" \/><\/div><\/div><\/div><\/div><div class=\"quform-element quform-element-date quform-element-1_7 quform-cf quform-labels-inside quform-element-optional\"><div class=\"quform-spacer\"><div class=\"quform-label quform-label-1_7\"><label class=\"quform-label-text\" for=\"quform_1_7_144a4f\">Date de l'\u00e9v\u00e9nement<\/label><\/div><div class=\"quform-inner quform-inner-date quform-inner-1_7\"><div class=\"quform-input quform-input-date quform-input-1_7 quform-cf quform-has-field-icon-right\"><input type=\"text\" id=\"quform_1_7_144a4f\" name=\"quform_1_7\" class=\"quform-field quform-field-date quform-field-1_7\" placeholder=\"YYYY-MM-DD\" data-options=\"{&quot;format&quot;:&quot;&quot;,&quot;min&quot;:&quot;&quot;,&quot;max&quot;:&quot;&quot;,&quot;start&quot;:&quot;month&quot;,&quot;depth&quot;:&quot;month&quot;,&quot;showFooter&quot;:false,&quot;locale&quot;:&quot;fr-CA&quot;,&quot;placeholder&quot;:&quot;&quot;,&quot;autoOpen&quot;:true,&quot;identifier&quot;:&quot;1_7&quot;}\" \/><span class=\"quform-field-icon quform-field-icon-right\"><i class=\"qicon-calendar\"><\/i><\/span><\/div><\/div><\/div><\/div><div class=\"quform-element quform-element-text quform-element-1_8 quform-cf quform-labels-inside quform-element-optional\"><div class=\"quform-spacer\"><div class=\"quform-label quform-label-1_8\"><label class=\"quform-label-text\" for=\"quform_1_8_144a4f\">Entreprise<\/label><\/div><div class=\"quform-inner quform-inner-text quform-inner-1_8\"><div class=\"quform-input quform-input-text quform-input-1_8 quform-cf\"><input type=\"text\" id=\"quform_1_8_144a4f\" name=\"quform_1_8\" class=\"quform-field quform-field-text quform-field-1_8\" \/><\/div><\/div><\/div><\/div><div class=\"quform-element quform-element-text quform-element-1_9 quform-cf quform-labels-inside quform-element-required\"><div class=\"quform-spacer\"><div class=\"quform-label quform-label-1_9\"><label class=\"quform-label-text\" for=\"quform_1_9_144a4f\">Votre num\u00e9ro de t\u00e9l\u00e9phone<span class=\"quform-required\">*<\/span><\/label><\/div><div class=\"quform-inner quform-inner-text quform-inner-1_9\"><div class=\"quform-input quform-input-text quform-input-1_9 quform-cf\"><input type=\"text\" id=\"quform_1_9_144a4f\" name=\"quform_1_9\" class=\"quform-field quform-field-text quform-field-1_9\" \/><\/div><\/div><\/div><\/div><div class=\"quform-element quform-element-radio quform-element-1_10 quform-cf quform-element-required\"><div class=\"quform-spacer\"><div class=\"quform-label quform-label-1_10\"><label class=\"quform-label-text\" id=\"quform_1_10_144a4f_label\">Type d'h\u00e9bergement<span class=\"quform-required\">*<\/span><\/label><\/div><div class=\"quform-inner quform-inner-radio quform-inner-1_10\"><div class=\"quform-input quform-input-radio quform-input-1_10 quform-cf\"><div class=\"quform-options quform-cf quform-options-inline quform-options-simple\" role=\"radiogroup\" aria-labelledby=\"quform_1_10_144a4f_label\"><div class=\"quform-option\"><input type=\"radio\" name=\"quform_1_10\" id=\"quform_1_10_144a4f_1\" class=\"quform-field quform-field-radio quform-field-1_10 quform-field-1_10_1\" value=\"H\u00f4tel\" \/><label for=\"quform_1_10_144a4f_1\" class=\"quform-option-label quform-option-label-1_10_1\"><span class=\"quform-option-text\">H\u00f4tel<\/span><\/label><\/div><div class=\"quform-option\"><input type=\"radio\" name=\"quform_1_10\" id=\"quform_1_10_144a4f_2\" class=\"quform-field quform-field-radio quform-field-1_10 quform-field-1_10_2\" value=\"R\u00e9sidence\" \/><label for=\"quform_1_10_144a4f_2\" class=\"quform-option-label quform-option-label-1_10_2\"><span class=\"quform-option-text\">R\u00e9sidence<\/span><\/label><\/div><\/div><\/div><\/div><\/div><\/div><div class=\"quform-element quform-element-select quform-element-1_11 quform-cf quform-element-optional\"><div class=\"quform-spacer\"><div class=\"quform-label quform-label-1_11\"><label class=\"quform-label-text\" for=\"quform_1_11_144a4f\">Nombre de chambres voulues<\/label><\/div><div class=\"quform-inner quform-inner-select quform-inner-1_11\"><div class=\"quform-input quform-input-select quform-input-1_11 quform-cf\"><select id=\"quform_1_11_144a4f\" name=\"quform_1_11\" class=\"quform-field quform-field-select quform-field-1_11\"><option value=\"\">Veuillez s\u00e9lectionner<\/option><option value=\"0\" selected=\"selected\">0<\/option><option value=\"1\">1<\/option><option value=\"2\">2<\/option><option value=\"3\">3<\/option><option value=\"4\">4<\/option><option value=\"5\">5<\/option><option value=\"6\">6<\/option><option value=\"7\">7<\/option><option value=\"8\">8<\/option><option value=\"9\">9<\/option><option value=\"10\">10<\/option><option value=\"11\">11<\/option><option value=\"12\">12<\/option><option value=\"13\">13<\/option><option value=\"14\">14<\/option><option value=\"15\">15<\/option><option value=\"16\">16<\/option><option value=\"17\">17<\/option><option value=\"18\">18<\/option><option value=\"19\">19<\/option><option value=\"20\">20<\/option><option value=\"21\">21<\/option><option value=\"22\">22<\/option><option value=\"23\">23<\/option><option value=\"24\">24<\/option><option value=\"25\">25<\/option><option value=\"26\">26<\/option><option value=\"27\">27<\/option><option value=\"28\">28<\/option><option value=\"29\">29<\/option><option value=\"30\">30<\/option><\/select><\/div><\/div><\/div><\/div><div class=\"quform-element quform-element-select quform-element-1_12 quform-cf quform-element-required\"><div class=\"quform-spacer\"><div class=\"quform-label quform-label-1_12\"><label class=\"quform-label-text\" for=\"quform_1_12_144a4f\">Nombre de repas voulus (service traiteur obligatoire)<span class=\"quform-required\">*<\/span><\/label><\/div><div class=\"quform-inner quform-inner-select quform-inner-1_12\"><div class=\"quform-input quform-input-select quform-input-1_12 quform-cf\"><select id=\"quform_1_12_144a4f\" name=\"quform_1_12\" class=\"quform-field quform-field-select quform-field-1_12\"><option value=\"\">Veuillez s\u00e9lectionner<\/option><option value=\"1 (minimum)\" selected=\"selected\">1 (minimum)<\/option><option value=\"2\">2<\/option><option value=\"3\">3<\/option><option value=\"4\">4<\/option><option value=\"5\">5<\/option><option value=\"6\">6<\/option><option value=\"7\">7<\/option><option value=\"8\">8<\/option><option value=\"9\">9<\/option><option value=\"10\">10<\/option><option value=\"11\">11<\/option><option value=\"12\">12<\/option><option value=\"13\">13<\/option><option value=\"14\">14<\/option><option value=\"15\">15<\/option><option value=\"16\">16<\/option><option value=\"17\">17<\/option><option value=\"18\">18<\/option><option value=\"19\">19<\/option><option value=\"20\">20<\/option><option value=\"21\">21<\/option><\/select><\/div><\/div><\/div><\/div><div class=\"quform-element quform-element-textarea quform-element-1_641379 quform-sr-only quform-cf\" style=\"clip: rect(1px, 1px, 1px, 1px); clip-path: inset(50%); position: absolute !important; height: 1px; width: 1px; overflow: hidden;\"><div class=\"quform-spacer\"><div class=\"quform-label quform-label-1_641379\"><label class=\"quform-label-text\" for=\"quform_1_641379_144a4f\">Company Name<span class=\"quform-required\">*<\/span><\/label><\/div><div class=\"quform-inner quform-inner-1_641379\"><textarea id=\"quform_1_641379_144a4f\" name=\"quform_1_641379\" class=\"quform-field quform-field-textarea quform-field-1_641379\" tabindex=\"-1\" autocomplete=\"new-password\"><\/textarea><\/div><\/div><\/div><div class=\"quform-element quform-element-html quform-element-1_14 quform-cf\"><div class=\"quform-spacer\">Besoins en \u00e9quipement (<a class=\"consultez\" href=\"https:\/\/www.centreo3.com\/fr\/services\/location-materiel-specialise-audiovisuel\">Consultez la liste d'\u00e9quipement disponible<\/a>)<\/div><\/div><div class=\"quform-element quform-element-textarea quform-element-1_13 quform-cf quform-labels-inside quform-element-optional\"><div class=\"quform-spacer\"><div class=\"quform-label quform-label-1_13\"><label class=\"quform-label-text\" for=\"quform_1_13_144a4f\">Pr\u00e9cisez ...<\/label><\/div><div class=\"quform-inner quform-inner-textarea quform-inner-1_13\"><div class=\"quform-input quform-input-textarea quform-input-1_13 quform-cf\"><textarea id=\"quform_1_13_144a4f\" name=\"quform_1_13\" class=\"quform-field quform-field-textarea quform-field-1_13\"><\/textarea><\/div><\/div><\/div><\/div><div class=\"quform-element quform-element-html quform-element-1_16 quform-cf\"><div class=\"quform-spacer\">Description du s\u00e9jour *<\/div><\/div><div class=\"quform-element quform-element-textarea quform-element-1_15 quform-cf quform-labels-inside quform-element-required\"><div class=\"quform-spacer\"><div class=\"quform-label quform-label-1_15\"><label class=\"quform-label-text\" for=\"quform_1_15_144a4f\">Pr\u00e9cisez ...<span class=\"quform-required\">*<\/span><\/label><\/div><div class=\"quform-inner quform-inner-textarea quform-inner-1_15\"><div class=\"quform-input quform-input-textarea quform-input-1_15 quform-cf\"><textarea id=\"quform_1_15_144a4f\" name=\"quform_1_15\" class=\"quform-field quform-field-textarea quform-field-1_15\"><\/textarea><\/div><\/div><\/div><\/div><div class=\"quform-element quform-element-submit quform-element-1_2 quform-cf quform-button-style-theme\"><div class=\"quform-button-submit quform-button-submit-default quform-button-submit-1_2\"><button name=\"quform_submit\" type=\"submit\" class=\"quform-submit\" value=\"submit\"><span class=\"quform-button-text quform-button-submit-text\">Soumettre<\/span><\/button><\/div><div class=\"quform-loading quform-loading-position-left quform-loading-type-spinner-1\"><div class=\"quform-loading-inner\"><div class=\"quform-loading-spinner\"><div class=\"quform-loading-spinner-inner\"><\/div><\/div><\/div><\/div><\/div><\/div><\/div><\/div><\/div><\/form><\/div>\n","protected":false},"excerpt":{"rendered":"<p>Le Camp Musical Val-des-Sources a la chance de recevoir chaque ann\u00e9e plus de 50\u00a0\u00e9coles qui viennent pratiquer en vue d\u2019un concert, d\u2019un concours ou simplement en guise de sortie scolaire. Cela en dit long sur la qualit\u00e9 de nos services et de nos installations\u2009! Avec nos 2\u00a0ensembles de percussions professionnelles, vous pourrez voyager beaucoup plus [&hellip;]<\/p>\n","protected":false},"author":1,"featured_media":0,"parent":0,"menu_order":0,"comment_status":"closed","ping_status":"closed","template":"","meta":{"footnotes":""},"class_list":["post-785","page","type-page","status-publish","hentry"],"yoast_head":"<!-- This site is optimized with the Yoast SEO plugin v27.1.1 - https:\/\/yoast.com\/product\/yoast-seo-wordpress\/ -->\n<title>Camps scolaires - Camp musical Val-des-Sources<\/title>\n<meta name=\"robots\" content=\"index, follow, max-snippet:-1, max-image-preview:large, max-video-preview:-1\" \/>\n<link rel=\"canonical\" href=\"https:\/\/centreo3.com\/fr\/camps-scolaires\/\" \/>\n<meta property=\"og:locale\" content=\"fr_FR\" \/>\n<meta property=\"og:type\" content=\"article\" \/>\n<meta property=\"og:title\" content=\"Camps scolaires - Camp musical Val-des-Sources\" \/>\n<meta property=\"og:description\" content=\"Le Camp Musical Val-des-Sources a la chance de recevoir chaque ann\u00e9e plus de 50\u00a0\u00e9coles qui viennent pratiquer en vue d\u2019un concert, d\u2019un concours ou simplement en guise de sortie scolaire. Cela en dit long sur la qualit\u00e9 de nos services et de nos installations\u2009! Avec nos 2\u00a0ensembles de percussions professionnelles, vous pourrez voyager beaucoup plus [&hellip;]\" \/>\n<meta property=\"og:url\" content=\"https:\/\/centreo3.com\/fr\/camps-scolaires\/\" \/>\n<meta property=\"og:site_name\" content=\"Centre O3\" \/>\n<meta property=\"article:modified_time\" content=\"2023-11-07T16:50:59+00:00\" \/>\n<meta name=\"twitter:card\" content=\"summary_large_image\" \/>\n<meta name=\"twitter:label1\" content=\"Dur\u00e9e de lecture estim\u00e9e\" \/>\n\t<meta name=\"twitter:data1\" content=\"2 minutes\" \/>\n<script type=\"application\/ld+json\" class=\"yoast-schema-graph\">{\"@context\":\"https:\/\/schema.org\",\"@graph\":[{\"@type\":\"WebPage\",\"@id\":\"https:\/\/centreo3.com\/fr\/camps-scolaires\/\",\"url\":\"https:\/\/centreo3.com\/fr\/camps-scolaires\/\",\"name\":\"Camps scolaires - Camp musical Val-des-Sources\",\"isPartOf\":{\"@id\":\"https:\/\/centreo3.com\/fr\/#website\"},\"datePublished\":\"2023-10-03T15:27:30+00:00\",\"dateModified\":\"2023-11-07T16:50:59+00:00\",\"breadcrumb\":{\"@id\":\"https:\/\/centreo3.com\/fr\/camps-scolaires\/#breadcrumb\"},\"inLanguage\":\"fr-FR\",\"potentialAction\":[{\"@type\":\"ReadAction\",\"target\":[\"https:\/\/centreo3.com\/fr\/camps-scolaires\/\"]}]},{\"@type\":\"BreadcrumbList\",\"@id\":\"https:\/\/centreo3.com\/fr\/camps-scolaires\/#breadcrumb\",\"itemListElement\":[{\"@type\":\"ListItem\",\"position\":1,\"name\":\"Accueil\",\"item\":\"https:\/\/centreo3.com\/fr\/\"},{\"@type\":\"ListItem\",\"position\":2,\"name\":\"Camps scolaires\"}]},{\"@type\":\"WebSite\",\"@id\":\"https:\/\/centreo3.com\/fr\/#website\",\"url\":\"https:\/\/centreo3.com\/fr\/\",\"name\":\"Centre O3\",\"description\":\"Salles de r\u00e9ception et h\u00e9bergements pour \u00e9v\u00e9nements\",\"publisher\":{\"@id\":\"https:\/\/centreo3.com\/fr\/#organization\"},\"potentialAction\":[{\"@type\":\"SearchAction\",\"target\":{\"@type\":\"EntryPoint\",\"urlTemplate\":\"https:\/\/centreo3.com\/fr\/?s={search_term_string}\"},\"query-input\":{\"@type\":\"PropertyValueSpecification\",\"valueRequired\":true,\"valueName\":\"search_term_string\"}}],\"inLanguage\":\"fr-FR\"},{\"@type\":\"Organization\",\"@id\":\"https:\/\/centreo3.com\/fr\/#organization\",\"name\":\"Centre O3\",\"url\":\"https:\/\/centreo3.com\/fr\/\",\"logo\":{\"@type\":\"ImageObject\",\"inLanguage\":\"fr-FR\",\"@id\":\"https:\/\/centreo3.com\/fr\/#\/schema\/logo\/image\/\",\"url\":\"https:\/\/centreo3.com\/wp-content\/uploads\/2023\/09\/centreo3-logo.svg\",\"contentUrl\":\"https:\/\/centreo3.com\/wp-content\/uploads\/2023\/09\/centreo3-logo.svg\",\"width\":257,\"height\":48,\"caption\":\"Centre O3\"},\"image\":{\"@id\":\"https:\/\/centreo3.com\/fr\/#\/schema\/logo\/image\/\"}}]}<\/script>\n<!-- \/ Yoast SEO plugin. -->","yoast_head_json":{"title":"Camps scolaires - Camp musical Val-des-Sources","robots":{"index":"index","follow":"follow","max-snippet":"max-snippet:-1","max-image-preview":"max-image-preview:large","max-video-preview":"max-video-preview:-1"},"canonical":"https:\/\/centreo3.com\/fr\/camps-scolaires\/","og_locale":"fr_FR","og_type":"article","og_title":"Camps scolaires - Camp musical Val-des-Sources","og_description":"Le Camp Musical Val-des-Sources a la chance de recevoir chaque ann\u00e9e plus de 50\u00a0\u00e9coles qui viennent pratiquer en vue d\u2019un concert, d\u2019un concours ou simplement en guise de sortie scolaire. Cela en dit long sur la qualit\u00e9 de nos services et de nos installations\u2009! Avec nos 2\u00a0ensembles de percussions professionnelles, vous pourrez voyager beaucoup plus [&hellip;]","og_url":"https:\/\/centreo3.com\/fr\/camps-scolaires\/","og_site_name":"Centre O3","article_modified_time":"2023-11-07T16:50:59+00:00","twitter_card":"summary_large_image","twitter_misc":{"Dur\u00e9e de lecture estim\u00e9e":"2 minutes"},"schema":{"@context":"https:\/\/schema.org","@graph":[{"@type":"WebPage","@id":"https:\/\/centreo3.com\/fr\/camps-scolaires\/","url":"https:\/\/centreo3.com\/fr\/camps-scolaires\/","name":"Camps scolaires - Camp musical Val-des-Sources","isPartOf":{"@id":"https:\/\/centreo3.com\/fr\/#website"},"datePublished":"2023-10-03T15:27:30+00:00","dateModified":"2023-11-07T16:50:59+00:00","breadcrumb":{"@id":"https:\/\/centreo3.com\/fr\/camps-scolaires\/#breadcrumb"},"inLanguage":"fr-FR","potentialAction":[{"@type":"ReadAction","target":["https:\/\/centreo3.com\/fr\/camps-scolaires\/"]}]},{"@type":"BreadcrumbList","@id":"https:\/\/centreo3.com\/fr\/camps-scolaires\/#breadcrumb","itemListElement":[{"@type":"ListItem","position":1,"name":"Accueil","item":"https:\/\/centreo3.com\/fr\/"},{"@type":"ListItem","position":2,"name":"Camps scolaires"}]},{"@type":"WebSite","@id":"https:\/\/centreo3.com\/fr\/#website","url":"https:\/\/centreo3.com\/fr\/","name":"Centre O3","description":"Salles de r\u00e9ception et h\u00e9bergements pour \u00e9v\u00e9nements","publisher":{"@id":"https:\/\/centreo3.com\/fr\/#organization"},"potentialAction":[{"@type":"SearchAction","target":{"@type":"EntryPoint","urlTemplate":"https:\/\/centreo3.com\/fr\/?s={search_term_string}"},"query-input":{"@type":"PropertyValueSpecification","valueRequired":true,"valueName":"search_term_string"}}],"inLanguage":"fr-FR"},{"@type":"Organization","@id":"https:\/\/centreo3.com\/fr\/#organization","name":"Centre O3","url":"https:\/\/centreo3.com\/fr\/","logo":{"@type":"ImageObject","inLanguage":"fr-FR","@id":"https:\/\/centreo3.com\/fr\/#\/schema\/logo\/image\/","url":"https:\/\/centreo3.com\/wp-content\/uploads\/2023\/09\/centreo3-logo.svg","contentUrl":"https:\/\/centreo3.com\/wp-content\/uploads\/2023\/09\/centreo3-logo.svg","width":257,"height":48,"caption":"Centre O3"},"image":{"@id":"https:\/\/centreo3.com\/fr\/#\/schema\/logo\/image\/"}}]}},"_links":{"self":[{"href":"https:\/\/centreo3.com\/fr\/wp-json\/wp\/v2\/pages\/785","targetHints":{"allow":["GET"]}}],"collection":[{"href":"https:\/\/centreo3.com\/fr\/wp-json\/wp\/v2\/pages"}],"about":[{"href":"https:\/\/centreo3.com\/fr\/wp-json\/wp\/v2\/types\/page"}],"author":[{"embeddable":true,"href":"https:\/\/centreo3.com\/fr\/wp-json\/wp\/v2\/users\/1"}],"replies":[{"embeddable":true,"href":"https:\/\/centreo3.com\/fr\/wp-json\/wp\/v2\/comments?post=785"}],"version-history":[{"count":8,"href":"https:\/\/centreo3.com\/fr\/wp-json\/wp\/v2\/pages\/785\/revisions"}],"predecessor-version":[{"id":1079,"href":"https:\/\/centreo3.com\/fr\/wp-json\/wp\/v2\/pages\/785\/revisions\/1079"}],"wp:attachment":[{"href":"https:\/\/centreo3.com\/fr\/wp-json\/wp\/v2\/media?parent=785"}],"curies":[{"name":"wp","href":"https:\/\/api.w.org\/{rel}","templated":true}]}}