{"id":781,"date":"2023-10-03T11:26:40","date_gmt":"2023-10-03T15:26:40","guid":{"rendered":"https:\/\/centreo3.com\/?page_id=781"},"modified":"2024-10-01T13:42:58","modified_gmt":"2024-10-01T17:42:58","slug":"camp-piano","status":"publish","type":"page","link":"https:\/\/centreo3.com\/fr\/choisir-sa-session\/camp-piano\/","title":{"rendered":"Camp Piano Interm\u00e9diaire (Sec. 1-2-3)"},"content":{"rendered":"\t\t<div data-elementor-type=\"wp-page\" data-elementor-id=\"781\" class=\"elementor elementor-781\" data-elementor-post-type=\"page\">\n\t\t\t\t<div class=\"elementor-element elementor-element-f2ab1b6 e-flex e-con-boxed e-con e-parent\" data-id=\"f2ab1b6\" data-element_type=\"container\" data-e-type=\"container\">\n\t\t\t\t\t<div class=\"e-con-inner\">\n\t\t\t\t<div class=\"elementor-element elementor-element-5a0c82f elementor-widget elementor-widget-text-editor\" data-id=\"5a0c82f\" data-element_type=\"widget\" data-e-type=\"widget\" data-widget_type=\"text-editor.default\">\n\t\t\t\t<div class=\"elementor-widget-container\">\n\t\t\t\t\t\t\t\t\t<p>\u00a0Un camp de deux semaines sur le piano uniquement. Les campeurs seront amen\u00e9s \u00e0 d\u00e9velopper leurs techniques avec un professeur qualifi\u00e9 qui saura cibler son enseignement en fonction de l\u2019\u00e9tape o\u00f9 se situe le campeur dans son parcours. Durant leur s\u00e9jour, les jeunes pourront accompagner des musiciens au piano, avoir des cours priv\u00e9s et participer \u00e0 la chorale afin de d\u00e9velopper l\u2019oreille musicale. Pour plus d\u2019informations\u00a0: 1\u00a0888\u00a0834-4342.<\/p><p>Date : 29 juin au 11 juillet 2025<\/p>\t\t\t\t\t\t\t\t<\/div>\n\t\t\t\t<\/div>\n\t\t\t\t<div class=\"elementor-element elementor-element-6390858 elementor-widget elementor-widget-text-editor\" data-id=\"6390858\" data-element_type=\"widget\" data-e-type=\"widget\" data-widget_type=\"text-editor.default\">\n\t\t\t\t<div class=\"elementor-widget-container\">\n\t\t\t\t\t\t\t\t\t<p><strong>Candidats :<\/strong><\/p><ul><li>Musicien de 1 -2 -3 e secondaire<\/li><li>Musicien avec exp\u00e9rience au piano<\/li><\/ul>\t\t\t\t\t\t\t\t<\/div>\n\t\t\t\t<\/div>\n\t\t\t\t<div class=\"elementor-element elementor-element-b07f46d elementor-widget elementor-widget-text-editor\" data-id=\"b07f46d\" data-element_type=\"widget\" data-e-type=\"widget\" data-widget_type=\"text-editor.default\">\n\t\t\t\t<div class=\"elementor-widget-container\">\n\t\t\t\t\t\t\t\t\t<p><strong>Tarif :<\/strong>\u00a01410 $ taxes incluses<\/p><p><br \/><strong>Co-responsables de la session :<\/strong>\u00a0Maryse C\u00f4t\u00e9 et Maryka Talbot<\/p><p><strong>Corps professoral: \u00e0 venir<\/strong><\/p><p>Piano:\u00a0<\/p><p><strong>Pour information :<\/strong><br \/><strong>1 888 834-4342<\/strong><br \/><strong>Acceptation par ordre de r\u00e9ception<\/strong><br \/><strong>Le corps professoral peut changer sans pr\u00e9avis.<\/strong><\/p>\t\t\t\t\t\t\t\t<\/div>\n\t\t\t\t<\/div>\n\t\t<div class=\"elementor-element elementor-element-f9fe3b1 e-flex e-con-boxed e-con e-child\" data-id=\"f9fe3b1\" data-element_type=\"container\" data-e-type=\"container\">\n\t\t\t\t\t<div class=\"e-con-inner\">\n\t\t\t\t<div class=\"elementor-element elementor-element-bd3def1 elementor-widget__width-auto elementor-widget elementor-widget-button\" data-id=\"bd3def1\" data-element_type=\"widget\" data-e-type=\"widget\" data-widget_type=\"button.default\">\n\t\t\t\t<div class=\"elementor-widget-container\">\n\t\t\t\t\t\t\t\t\t<div class=\"elementor-button-wrapper\">\n\t\t\t\t\t<a class=\"elementor-button elementor-button-link elementor-size-sm\" href=\"https:\/\/centreo3.com\/fr\/inscription\/\">\n\t\t\t\t\t\t<span class=\"elementor-button-content-wrapper\">\n\t\t\t\t\t\t\t\t\t<span class=\"elementor-button-text\">S'inscrire<\/span>\n\t\t\t\t\t<\/span>\n\t\t\t\t\t<\/a>\n\t\t\t\t<\/div>\n\t\t\t\t\t\t\t\t<\/div>\n\t\t\t\t<\/div>\n\t\t\t\t<div class=\"elementor-element elementor-element-5c5cada elementor-widget__width-auto elementor-widget elementor-widget-button\" data-id=\"5c5cada\" data-element_type=\"widget\" data-e-type=\"widget\" data-widget_type=\"button.default\">\n\t\t\t\t<div class=\"elementor-widget-container\">\n\t\t\t\t\t\t\t\t\t<div class=\"elementor-button-wrapper\">\n\t\t\t\t\t<a class=\"elementor-button elementor-button-link elementor-size-sm\" href=\"https:\/\/centreo3.com\/fr\/demande-de-bourse\/\">\n\t\t\t\t\t\t<span class=\"elementor-button-content-wrapper\">\n\t\t\t\t\t\t\t\t\t<span class=\"elementor-button-text\">Demande de bourse<\/span>\n\t\t\t\t\t<\/span>\n\t\t\t\t\t<\/a>\n\t\t\t\t<\/div>\n\t\t\t\t\t\t\t\t<\/div>\n\t\t\t\t<\/div>\n\t\t\t\t\t<\/div>\n\t\t\t\t<\/div>\n\t\t\t\t\t<\/div>\n\t\t\t\t<\/div>\n\t\t\t\t<\/div>\n\t\t","protected":false},"excerpt":{"rendered":"<p>\u00a0Un camp de deux semaines sur le piano uniquement. Les campeurs seront amen\u00e9s \u00e0 d\u00e9velopper leurs techniques avec un professeur qualifi\u00e9 qui saura cibler son enseignement en fonction de l\u2019\u00e9tape o\u00f9 se situe le campeur dans son parcours. Durant leur s\u00e9jour, les jeunes pourront accompagner des musiciens au piano, avoir des cours priv\u00e9s et participer [&hellip;]<\/p>\n","protected":false},"author":1,"featured_media":0,"parent":769,"menu_order":0,"comment_status":"closed","ping_status":"closed","template":"","meta":{"footnotes":""},"class_list":["post-781","page","type-page","status-publish","hentry"],"yoast_head":"<!-- This site is optimized with the Yoast SEO plugin v27.1.1 - https:\/\/yoast.com\/product\/yoast-seo-wordpress\/ -->\n<title>Camp Piano Interm\u00e9diaire (Sec. 1-2-3)<\/title>\n<meta name=\"robots\" content=\"index, follow, max-snippet:-1, max-image-preview:large, max-video-preview:-1\" \/>\n<link rel=\"canonical\" href=\"https:\/\/centreo3.com\/fr\/choisir-sa-session\/camp-piano\/\" \/>\n<meta property=\"og:locale\" content=\"fr_FR\" \/>\n<meta property=\"og:type\" content=\"article\" \/>\n<meta property=\"og:title\" content=\"Camp Piano Interm\u00e9diaire (Sec. 1-2-3)\" \/>\n<meta property=\"og:description\" content=\"\u00a0Un camp de deux semaines sur le piano uniquement. Les campeurs seront amen\u00e9s \u00e0 d\u00e9velopper leurs techniques avec un professeur qualifi\u00e9 qui saura cibler son enseignement en fonction de l\u2019\u00e9tape o\u00f9 se situe le campeur dans son parcours. Durant leur s\u00e9jour, les jeunes pourront accompagner des musiciens au piano, avoir des cours priv\u00e9s et participer [&hellip;]\" \/>\n<meta property=\"og:url\" content=\"https:\/\/centreo3.com\/fr\/choisir-sa-session\/camp-piano\/\" \/>\n<meta property=\"og:site_name\" content=\"Centre O3\" \/>\n<meta property=\"article:modified_time\" content=\"2024-10-01T17:42:58+00:00\" \/>\n<meta name=\"twitter:card\" content=\"summary_large_image\" \/>\n<meta name=\"twitter:label1\" content=\"Dur\u00e9e de lecture estim\u00e9e\" \/>\n\t<meta name=\"twitter:data1\" content=\"1 minute\" \/>\n<script type=\"application\/ld+json\" class=\"yoast-schema-graph\">{\"@context\":\"https:\/\/schema.org\",\"@graph\":[{\"@type\":\"WebPage\",\"@id\":\"https:\/\/centreo3.com\/fr\/choisir-sa-session\/camp-piano\/\",\"url\":\"https:\/\/centreo3.com\/fr\/choisir-sa-session\/camp-piano\/\",\"name\":\"Camp Piano Interm\u00e9diaire (Sec. 1-2-3)\",\"isPartOf\":{\"@id\":\"https:\/\/centreo3.com\/fr\/#website\"},\"datePublished\":\"2023-10-03T15:26:40+00:00\",\"dateModified\":\"2024-10-01T17:42:58+00:00\",\"breadcrumb\":{\"@id\":\"https:\/\/centreo3.com\/fr\/choisir-sa-session\/camp-piano\/#breadcrumb\"},\"inLanguage\":\"fr-FR\",\"potentialAction\":[{\"@type\":\"ReadAction\",\"target\":[\"https:\/\/centreo3.com\/fr\/choisir-sa-session\/camp-piano\/\"]}]},{\"@type\":\"BreadcrumbList\",\"@id\":\"https:\/\/centreo3.com\/fr\/choisir-sa-session\/camp-piano\/#breadcrumb\",\"itemListElement\":[{\"@type\":\"ListItem\",\"position\":1,\"name\":\"Accueil\",\"item\":\"https:\/\/centreo3.com\/fr\/\"},{\"@type\":\"ListItem\",\"position\":2,\"name\":\"Choisir sa session\",\"item\":\"https:\/\/centreo3.com\/fr\/choisir-sa-session\/\"},{\"@type\":\"ListItem\",\"position\":3,\"name\":\"Camp Piano Interm\u00e9diaire (Sec. 1-2-3)\"}]},{\"@type\":\"WebSite\",\"@id\":\"https:\/\/centreo3.com\/fr\/#website\",\"url\":\"https:\/\/centreo3.com\/fr\/\",\"name\":\"Centre O3\",\"description\":\"Salles de r\u00e9ception et h\u00e9bergements pour \u00e9v\u00e9nements\",\"publisher\":{\"@id\":\"https:\/\/centreo3.com\/fr\/#organization\"},\"potentialAction\":[{\"@type\":\"SearchAction\",\"target\":{\"@type\":\"EntryPoint\",\"urlTemplate\":\"https:\/\/centreo3.com\/fr\/?s={search_term_string}\"},\"query-input\":{\"@type\":\"PropertyValueSpecification\",\"valueRequired\":true,\"valueName\":\"search_term_string\"}}],\"inLanguage\":\"fr-FR\"},{\"@type\":\"Organization\",\"@id\":\"https:\/\/centreo3.com\/fr\/#organization\",\"name\":\"Centre O3\",\"url\":\"https:\/\/centreo3.com\/fr\/\",\"logo\":{\"@type\":\"ImageObject\",\"inLanguage\":\"fr-FR\",\"@id\":\"https:\/\/centreo3.com\/fr\/#\/schema\/logo\/image\/\",\"url\":\"https:\/\/centreo3.com\/wp-content\/uploads\/2023\/09\/centreo3-logo.svg\",\"contentUrl\":\"https:\/\/centreo3.com\/wp-content\/uploads\/2023\/09\/centreo3-logo.svg\",\"width\":257,\"height\":48,\"caption\":\"Centre O3\"},\"image\":{\"@id\":\"https:\/\/centreo3.com\/fr\/#\/schema\/logo\/image\/\"}}]}<\/script>\n<!-- \/ Yoast SEO plugin. -->","yoast_head_json":{"title":"Camp Piano Interm\u00e9diaire (Sec. 1-2-3)","robots":{"index":"index","follow":"follow","max-snippet":"max-snippet:-1","max-image-preview":"max-image-preview:large","max-video-preview":"max-video-preview:-1"},"canonical":"https:\/\/centreo3.com\/fr\/choisir-sa-session\/camp-piano\/","og_locale":"fr_FR","og_type":"article","og_title":"Camp Piano Interm\u00e9diaire (Sec. 1-2-3)","og_description":"\u00a0Un camp de deux semaines sur le piano uniquement. Les campeurs seront amen\u00e9s \u00e0 d\u00e9velopper leurs techniques avec un professeur qualifi\u00e9 qui saura cibler son enseignement en fonction de l\u2019\u00e9tape o\u00f9 se situe le campeur dans son parcours. Durant leur s\u00e9jour, les jeunes pourront accompagner des musiciens au piano, avoir des cours priv\u00e9s et participer [&hellip;]","og_url":"https:\/\/centreo3.com\/fr\/choisir-sa-session\/camp-piano\/","og_site_name":"Centre O3","article_modified_time":"2024-10-01T17:42:58+00:00","twitter_card":"summary_large_image","twitter_misc":{"Dur\u00e9e de lecture estim\u00e9e":"1 minute"},"schema":{"@context":"https:\/\/schema.org","@graph":[{"@type":"WebPage","@id":"https:\/\/centreo3.com\/fr\/choisir-sa-session\/camp-piano\/","url":"https:\/\/centreo3.com\/fr\/choisir-sa-session\/camp-piano\/","name":"Camp Piano Interm\u00e9diaire (Sec. 1-2-3)","isPartOf":{"@id":"https:\/\/centreo3.com\/fr\/#website"},"datePublished":"2023-10-03T15:26:40+00:00","dateModified":"2024-10-01T17:42:58+00:00","breadcrumb":{"@id":"https:\/\/centreo3.com\/fr\/choisir-sa-session\/camp-piano\/#breadcrumb"},"inLanguage":"fr-FR","potentialAction":[{"@type":"ReadAction","target":["https:\/\/centreo3.com\/fr\/choisir-sa-session\/camp-piano\/"]}]},{"@type":"BreadcrumbList","@id":"https:\/\/centreo3.com\/fr\/choisir-sa-session\/camp-piano\/#breadcrumb","itemListElement":[{"@type":"ListItem","position":1,"name":"Accueil","item":"https:\/\/centreo3.com\/fr\/"},{"@type":"ListItem","position":2,"name":"Choisir sa session","item":"https:\/\/centreo3.com\/fr\/choisir-sa-session\/"},{"@type":"ListItem","position":3,"name":"Camp Piano Interm\u00e9diaire (Sec. 1-2-3)"}]},{"@type":"WebSite","@id":"https:\/\/centreo3.com\/fr\/#website","url":"https:\/\/centreo3.com\/fr\/","name":"Centre O3","description":"Salles de r\u00e9ception et h\u00e9bergements pour \u00e9v\u00e9nements","publisher":{"@id":"https:\/\/centreo3.com\/fr\/#organization"},"potentialAction":[{"@type":"SearchAction","target":{"@type":"EntryPoint","urlTemplate":"https:\/\/centreo3.com\/fr\/?s={search_term_string}"},"query-input":{"@type":"PropertyValueSpecification","valueRequired":true,"valueName":"search_term_string"}}],"inLanguage":"fr-FR"},{"@type":"Organization","@id":"https:\/\/centreo3.com\/fr\/#organization","name":"Centre O3","url":"https:\/\/centreo3.com\/fr\/","logo":{"@type":"ImageObject","inLanguage":"fr-FR","@id":"https:\/\/centreo3.com\/fr\/#\/schema\/logo\/image\/","url":"https:\/\/centreo3.com\/wp-content\/uploads\/2023\/09\/centreo3-logo.svg","contentUrl":"https:\/\/centreo3.com\/wp-content\/uploads\/2023\/09\/centreo3-logo.svg","width":257,"height":48,"caption":"Centre O3"},"image":{"@id":"https:\/\/centreo3.com\/fr\/#\/schema\/logo\/image\/"}}]}},"_links":{"self":[{"href":"https:\/\/centreo3.com\/fr\/wp-json\/wp\/v2\/pages\/781","targetHints":{"allow":["GET"]}}],"collection":[{"href":"https:\/\/centreo3.com\/fr\/wp-json\/wp\/v2\/pages"}],"about":[{"href":"https:\/\/centreo3.com\/fr\/wp-json\/wp\/v2\/types\/page"}],"author":[{"embeddable":true,"href":"https:\/\/centreo3.com\/fr\/wp-json\/wp\/v2\/users\/1"}],"replies":[{"embeddable":true,"href":"https:\/\/centreo3.com\/fr\/wp-json\/wp\/v2\/comments?post=781"}],"version-history":[{"count":15,"href":"https:\/\/centreo3.com\/fr\/wp-json\/wp\/v2\/pages\/781\/revisions"}],"predecessor-version":[{"id":1493,"href":"https:\/\/centreo3.com\/fr\/wp-json\/wp\/v2\/pages\/781\/revisions\/1493"}],"up":[{"embeddable":true,"href":"https:\/\/centreo3.com\/fr\/wp-json\/wp\/v2\/pages\/769"}],"wp:attachment":[{"href":"https:\/\/centreo3.com\/fr\/wp-json\/wp\/v2\/media?parent=781"}],"curies":[{"name":"wp","href":"https:\/\/api.w.org\/{rel}","templated":true}]}}