{"id":777,"date":"2023-10-03T11:26:05","date_gmt":"2023-10-03T15:26:05","guid":{"rendered":"https:\/\/centreo3.com\/?page_id=777"},"modified":"2026-02-10T08:41:53","modified_gmt":"2026-02-10T13:41:53","slug":"camp-musical-harmonie-adulte","status":"publish","type":"page","link":"https:\/\/centreo3.com\/fr\/choisir-sa-session\/camp-musical-harmonie-adulte\/","title":{"rendered":"Camp Harmonie Adulte"},"content":{"rendered":"\t\t<div data-elementor-type=\"wp-page\" data-elementor-id=\"777\" class=\"elementor elementor-777\" data-elementor-post-type=\"page\">\n\t\t\t\t<div class=\"elementor-element elementor-element-4d68b9f e-con-full e-flex e-con e-parent\" data-id=\"4d68b9f\" data-element_type=\"container\" data-e-type=\"container\">\n\t\t\t\t<div class=\"elementor-element elementor-element-0a3f563 elementor-widget elementor-widget-text-editor\" data-id=\"0a3f563\" data-element_type=\"widget\" data-e-type=\"widget\" data-widget_type=\"text-editor.default\">\n\t\t\t\t<div class=\"elementor-widget-container\">\n\t\t\t\t\t\t\t\t\t<p>C\u2019est pour une quatri\u00e8me ann\u00e9e qu\u2019on reconduit le camp pour adultes. Que du bonheur! Ce dont tu r\u00eaves depuis longtemps! Une semaine avec des adultes passionn\u00e9s, comme toi , de musique d\u2019orchestre \u00e0 vent! Un camp ax\u00e9 sur le perfectionnement en musique d\u2019harmonie de tous genres pour adultes. Candidat.e.s cibl\u00e9.e.s: Musicien.ne.s adultes de niveaux interm\u00e9diaires \u00e0 avanc\u00e9s avec un minimum de 2 ans d\u2019exp\u00e9rience dans un orchestre \u00e0 vent et capables de jouer de la musique d\u2019harmonie de grade 3.5 \u00e0 5. Ce camp vous permettra de d\u00e9velopper votre technique instrumentale par des cours de groupe avec des professeurs d\u2019exp\u00e9rience, des pratiques d\u2019ensemble et en grandes sections, ainsi que des petits ensembles de bois, de cuivres, et de percussions. De plus, des activit\u00e9s sociales seront organis\u00e9es en soir\u00e9e.<\/p>\t\t\t\t\t\t\t\t<\/div>\n\t\t\t\t<\/div>\n\t\t<div class=\"elementor-element elementor-element-de320d8 e-con-full e-flex e-con e-child\" data-id=\"de320d8\" data-element_type=\"container\" data-e-type=\"container\">\n\t\t\t\t<div class=\"elementor-element elementor-element-8c33e36 elementor-widget elementor-widget-jet-listing-dynamic-field\" data-id=\"8c33e36\" data-element_type=\"widget\" data-e-type=\"widget\" data-widget_type=\"jet-listing-dynamic-field.default\">\n\t\t\t\t<div class=\"elementor-widget-container\">\n\t\t\t\t\t<div class=\"jet-listing jet-listing-dynamic-field display-inline\"><div class=\"jet-listing-dynamic-field__inline-wrap\"><span class=\"jet-listing-dynamic-field__content\" ><b>Dates<\/b> : Dimanche 26 juillet au <\/span><\/div><\/div>\t\t\t\t<\/div>\n\t\t\t\t<\/div>\n\t\t\t\t<div class=\"elementor-element elementor-element-364cc8c elementor-widget elementor-widget-jet-listing-dynamic-field\" data-id=\"364cc8c\" data-element_type=\"widget\" data-e-type=\"widget\" data-widget_type=\"jet-listing-dynamic-field.default\">\n\t\t\t\t<div class=\"elementor-widget-container\">\n\t\t\t\t\t<div class=\"jet-listing jet-listing-dynamic-field display-inline\"><div class=\"jet-listing-dynamic-field__inline-wrap\"><span class=\"jet-listing-dynamic-field__content\" >31 juillet 2026<\/span><\/div><\/div>\t\t\t\t<\/div>\n\t\t\t\t<\/div>\n\t\t\t\t<\/div>\n\t\t<div class=\"elementor-element elementor-element-ffa47e7 e-flex e-con-boxed e-con e-child\" data-id=\"ffa47e7\" data-element_type=\"container\" data-e-type=\"container\">\n\t\t\t\t\t<div class=\"e-con-inner\">\n\t\t\t\t<div class=\"elementor-element elementor-element-4616f1f elementor-widget elementor-widget-text-editor\" data-id=\"4616f1f\" data-element_type=\"widget\" data-e-type=\"widget\" data-widget_type=\"text-editor.default\">\n\t\t\t\t<div class=\"elementor-widget-container\">\n\t\t\t\t\t\t\t\t\t<p><strong>Tarifs :<\/strong><\/p>\t\t\t\t\t\t\t\t<\/div>\n\t\t\t\t<\/div>\n\t\t\t\t<div class=\"elementor-element elementor-element-bd19080 elementor-widget elementor-widget-jet-listing-dynamic-field\" data-id=\"bd19080\" data-element_type=\"widget\" data-e-type=\"widget\" data-widget_type=\"jet-listing-dynamic-field.default\">\n\t\t\t\t<div class=\"elementor-widget-container\">\n\t\t\t\t\t<div class=\"jet-listing jet-listing-dynamic-field display-inline\"><div class=\"jet-listing-dynamic-field__inline-wrap\"><div class=\"jet-listing-dynamic-field__content\" ><li>Camp de jour : 560$<\/li><\/div><\/div><\/div>\t\t\t\t<\/div>\n\t\t\t\t<\/div>\n\t\t\t\t<div class=\"elementor-element elementor-element-d4f7320 elementor-widget elementor-widget-jet-listing-dynamic-field\" data-id=\"d4f7320\" data-element_type=\"widget\" data-e-type=\"widget\" data-widget_type=\"jet-listing-dynamic-field.default\">\n\t\t\t\t<div class=\"elementor-widget-container\">\n\t\t\t\t\t<div class=\"jet-listing jet-listing-dynamic-field display-inline\"><div class=\"jet-listing-dynamic-field__inline-wrap\"><div class=\"jet-listing-dynamic-field__content\" ><li>Camping : 640$<\/li><\/div><\/div><\/div>\t\t\t\t<\/div>\n\t\t\t\t<\/div>\n\t\t\t\t<div class=\"elementor-element elementor-element-9643844 elementor-widget elementor-widget-jet-listing-dynamic-field\" data-id=\"9643844\" data-element_type=\"widget\" data-e-type=\"widget\" data-widget_type=\"jet-listing-dynamic-field.default\">\n\t\t\t\t<div class=\"elementor-widget-container\">\n\t\t\t\t\t<div class=\"jet-listing jet-listing-dynamic-field display-inline\"><div class=\"jet-listing-dynamic-field__inline-wrap\"><div class=\"jet-listing-dynamic-field__content\" ><li>R\u00e9sidence occupation double : 700$<\/li><\/div><\/div><\/div>\t\t\t\t<\/div>\n\t\t\t\t<\/div>\n\t\t\t\t<div class=\"elementor-element elementor-element-67e6561 elementor-widget elementor-widget-jet-listing-dynamic-field\" data-id=\"67e6561\" data-element_type=\"widget\" data-e-type=\"widget\" data-widget_type=\"jet-listing-dynamic-field.default\">\n\t\t\t\t<div class=\"elementor-widget-container\">\n\t\t\t\t\t<div class=\"jet-listing jet-listing-dynamic-field display-inline\"><div class=\"jet-listing-dynamic-field__inline-wrap\"><div class=\"jet-listing-dynamic-field__content\" ><li>R\u00e9sidence occupation simple : 815$<\/li><\/div><\/div><\/div>\t\t\t\t<\/div>\n\t\t\t\t<\/div>\n\t\t\t\t<div class=\"elementor-element elementor-element-2fc9a0a elementor-widget elementor-widget-jet-listing-dynamic-field\" data-id=\"2fc9a0a\" data-element_type=\"widget\" data-e-type=\"widget\" data-widget_type=\"jet-listing-dynamic-field.default\">\n\t\t\t\t<div class=\"elementor-widget-container\">\n\t\t\t\t\t<div class=\"jet-listing jet-listing-dynamic-field display-inline\"><div class=\"jet-listing-dynamic-field__inline-wrap\"><div class=\"jet-listing-dynamic-field__content\" ><li>H\u00f4tel occupation double : 995$<\/li><\/div><\/div><\/div>\t\t\t\t<\/div>\n\t\t\t\t<\/div>\n\t\t\t\t<div class=\"elementor-element elementor-element-e576b0b elementor-widget elementor-widget-jet-listing-dynamic-field\" data-id=\"e576b0b\" data-element_type=\"widget\" data-e-type=\"widget\" data-widget_type=\"jet-listing-dynamic-field.default\">\n\t\t\t\t<div class=\"elementor-widget-container\">\n\t\t\t\t\t<div class=\"jet-listing jet-listing-dynamic-field display-inline\"><div class=\"jet-listing-dynamic-field__inline-wrap\"><div class=\"jet-listing-dynamic-field__content\" ><li>H\u00f4tel occupation simple : 1 100$<\/li><\/div><\/div><\/div>\t\t\t\t<\/div>\n\t\t\t\t<\/div>\n\t\t\t\t\t<\/div>\n\t\t\t\t<\/div>\n\t\t<div class=\"elementor-element elementor-element-07d6600 e-flex e-con-boxed e-con e-child\" data-id=\"07d6600\" data-element_type=\"container\" data-e-type=\"container\">\n\t\t\t\t\t<div class=\"e-con-inner\">\n\t\t\t\t<div class=\"elementor-element elementor-element-15f5af0 elementor-widget__width-auto elementor-widget elementor-widget-button\" data-id=\"15f5af0\" data-element_type=\"widget\" data-e-type=\"widget\" data-widget_type=\"button.default\">\n\t\t\t\t<div class=\"elementor-widget-container\">\n\t\t\t\t\t\t\t\t\t<div class=\"elementor-button-wrapper\">\n\t\t\t\t\t<a class=\"elementor-button elementor-button-link elementor-size-sm\" href=\"https:\/\/centreo3.com\/fr\/inscription\/\">\n\t\t\t\t\t\t<span class=\"elementor-button-content-wrapper\">\n\t\t\t\t\t\t\t\t\t<span class=\"elementor-button-text\">S'inscrire<\/span>\n\t\t\t\t\t<\/span>\n\t\t\t\t\t<\/a>\n\t\t\t\t<\/div>\n\t\t\t\t\t\t\t\t<\/div>\n\t\t\t\t<\/div>\n\t\t\t\t<div class=\"elementor-element elementor-element-3f123e6 elementor-widget__width-auto elementor-widget elementor-widget-button\" data-id=\"3f123e6\" data-element_type=\"widget\" data-e-type=\"widget\" data-widget_type=\"button.default\">\n\t\t\t\t<div class=\"elementor-widget-container\">\n\t\t\t\t\t\t\t\t\t<div class=\"elementor-button-wrapper\">\n\t\t\t\t\t<a class=\"elementor-button elementor-button-link elementor-size-sm\" href=\"https:\/\/centreo3.com\/fr\/demande-de-bourse\/\">\n\t\t\t\t\t\t<span class=\"elementor-button-content-wrapper\">\n\t\t\t\t\t\t\t\t\t<span class=\"elementor-button-text\">Demande de bourse<\/span>\n\t\t\t\t\t<\/span>\n\t\t\t\t\t<\/a>\n\t\t\t\t<\/div>\n\t\t\t\t\t\t\t\t<\/div>\n\t\t\t\t<\/div>\n\t\t\t\t\t<\/div>\n\t\t\t\t<\/div>\n\t\t<div class=\"elementor-element elementor-element-33b92e3 e-con-full e-flex e-con e-child\" data-id=\"33b92e3\" data-element_type=\"container\" data-e-type=\"container\">\n\t\t\t\t<div class=\"elementor-element elementor-element-e887cc0 elementor-widget elementor-widget-jet-listing-dynamic-field\" data-id=\"e887cc0\" data-element_type=\"widget\" data-e-type=\"widget\" data-widget_type=\"jet-listing-dynamic-field.default\">\n\t\t\t\t<div class=\"elementor-widget-container\">\n\t\t\t\t\t<div class=\"jet-listing jet-listing-dynamic-field display-inline\"><div class=\"jet-listing-dynamic-field__inline-wrap\"><span class=\"jet-listing-dynamic-field__content\" ><b>Dimanche 26 juillet 2026 <\/b><\/span><\/div><\/div>\t\t\t\t<\/div>\n\t\t\t\t<\/div>\n\t\t\t\t<\/div>\n\t\t\t\t<div class=\"elementor-element elementor-element-75ca72d elementor-widget elementor-widget-text-editor\" data-id=\"75ca72d\" data-element_type=\"widget\" data-e-type=\"widget\" data-widget_type=\"text-editor.default\">\n\t\t\t\t<div class=\"elementor-widget-container\">\n\t\t\t\t\t\t\t\t\t<p dir=\"ltr\"><strong>Titre\/th\u00e8me du camp 3:&nbsp;Une gamme d\u2019\u00e9motions<\/strong><\/p>\n<p dir=\"ltr\">DIMANCHE<\/p>\n<p dir=\"ltr\">15h00-17h00 Inscription et installation dans les chambres<\/p>\n<p dir=\"ltr\">17h00-17h30 Rencontre des sections avec leur prof<\/p>\n<p dir=\"ltr\">17h30-19h00 Souper<\/p>\n<p dir=\"ltr\">19h30-21h00 Lecture Grand Ensemble (Diane et Pierre)<\/p>\n<p dir=\"ltr\">21h00 Collation et soir\u00e9e libre<\/p>\n<p dir=\"ltr\">LUNDI \/ MARDI \/ MERCREDI<\/p>\n<p dir=\"ltr\">7h30-8h30 D\u00e9jeuner<\/p>\n<p dir=\"ltr\">8h30-8h50 Stretching (L\u00e9o-Boucher) \/ Chorale (Multi)<\/p>\n<p dir=\"ltr\">9h00-10h15 Sectionnelles avec profs<\/p>\n<p dir=\"ltr\">10h30-12h00 Grand ensemble (Pierre)<\/p>\n<p dir=\"ltr\">12h00-13h30 D\u00eener<\/p>\n<p dir=\"ltr\">13h30-15h00 Pratique personnelle\/Petits ensembles<\/p>\n<p dir=\"ltr\">15h00-15h30 Collation<\/p>\n<p dir=\"ltr\">15h30-17h00 R\u00e9p\u00e9tition en grandes sections (Bois \/ Cuivres-percussions)<\/p>\n<p dir=\"ltr\">17h00-18h30 Souper<\/p>\n<p dir=\"ltr\">19h00-20h30 Grand ensemble (Diane)<\/p>\n<p dir=\"ltr\">20h30 Collation et soir\u00e9e libre \/ activit\u00e9s sociales<\/p>\n<p dir=\"ltr\">JEUDI<\/p>\n<p dir=\"ltr\">7h30-8h30 D\u00e9jeuner<\/p>\n<p dir=\"ltr\">8h30-8h50 Stretching (L\u00e9o-Boucher) \/ Chorale (Multi)<\/p>\n<p dir=\"ltr\">9h00-10h15 Sectionnelles avec profs<\/p>\n<p dir=\"ltr\">10h30-12h00 Grand ensemble (Diane et Pierre)<\/p>\n<p dir=\"ltr\">12h00-13h30 D\u00eener<\/p>\n<p dir=\"ltr\">13h30-15h00 R\u00e9p\u00e9tition en grandes sections (Bois \/ Cuivres-percussions)<\/p>\n<p dir=\"ltr\">15h00-15h30 Collation<\/p>\n<p dir=\"ltr\">15h30-16h30 Pr\u00e9paration du d\u00e9m\u00e9nagement du mat\u00e9riel<\/p>\n<p dir=\"ltr\">16h30-17h00 D\u00e9placement vers la Place de la Travers\u00e9e<\/p>\n<p dir=\"ltr\">17h00-18h00 Souper (Bo\u00eetes \u00e0 lunch)<\/p>\n<p dir=\"ltr\">19h00 Concert de petits ensembles (dur\u00e9e maximale vis\u00e9e : 1h30)<\/p>\n<p dir=\"ltr\">21h00 Retour, collation et soir\u00e9e libre \/ activit\u00e9s sociales<\/p>\n<p dir=\"ltr\">VENDREDI<\/p>\n<p dir=\"ltr\">7h30-8h30 D\u00e9jeuner<\/p>\n<p dir=\"ltr\">8h30-8h50 Stretching (L\u00e9o-Boucher) \/ Chorale (Multi)<\/p>\n<p dir=\"ltr\">9h00-10h00 Libre<\/p>\n<p dir=\"ltr\">10h00-11h30 Sectionnelles avec profs<\/p>\n<p dir=\"ltr\">12h00-13h30 D\u00eener<\/p>\n<p dir=\"ltr\">13h30-15h30 R\u00e9p\u00e9tition g\u00e9n\u00e9rale (Pierre et Diane)<\/p>\n<p dir=\"ltr\">15h30-16h00 Collation<\/p>\n<p dir=\"ltr\">16h00-17h00 Libre<\/p>\n<p dir=\"ltr\">17h00-18h30 Souper<\/p>\n<p dir=\"ltr\">18h30-19h30 Libre, r\u00e9chauffement<\/p>\n<p dir=\"ltr\">19h30-21h30 Concert final<\/p>\n<p><strong>Responsable de session: Fran\u00e7ois Couturier<\/strong><br><strong>Direction Musicale :<\/strong> Diane Caplette et Pierre Thibault<\/p>\n<p><strong>Corps professoral:&nbsp;<\/strong><br>Fl\u00fbte: Karine Saucier<br>Hautbois: Sacha Payette<br>Basson: Karine Breton<br>Clarinette: Martin Gauvreau<br>Saxophone: Edmond Forest<br>Trompette: Nicolas Leblanc<br>Percussions: Chelsea Jaramillo<br>Cor: Bruno Blouin-Robert<br>Trombone: Olivier Lizotte<br>Tuba et euphonium: Guillaume Dupuis<br>Chorale: Bruno Blouin-Robert&nbsp;<\/p>\t\t\t\t\t\t\t\t<\/div>\n\t\t\t\t<\/div>\n\t\t\t\t<\/div>\n\t\t\t\t<\/div>\n\t\t","protected":false},"excerpt":{"rendered":"<p>C\u2019est pour une quatri\u00e8me ann\u00e9e qu\u2019on reconduit le camp pour adultes. Que du bonheur! Ce dont tu r\u00eaves depuis longtemps! Une semaine avec des adultes passionn\u00e9s, comme toi , de musique d\u2019orchestre \u00e0 vent! Un camp ax\u00e9 sur le perfectionnement en musique d\u2019harmonie de tous genres pour adultes. Candidat.e.s cibl\u00e9.e.s: Musicien.ne.s adultes de niveaux interm\u00e9diaires [&hellip;]<\/p>\n","protected":false},"author":1,"featured_media":0,"parent":769,"menu_order":0,"comment_status":"closed","ping_status":"closed","template":"","meta":{"footnotes":""},"class_list":["post-777","page","type-page","status-publish","hentry"],"yoast_head":"<!-- This site is optimized with the Yoast SEO plugin v27.1.1 - https:\/\/yoast.com\/product\/yoast-seo-wordpress\/ -->\n<title>Camp Harmonie Adulte - Camp musical Val-des-Sources<\/title>\n<meta name=\"robots\" content=\"index, follow, max-snippet:-1, max-image-preview:large, max-video-preview:-1\" \/>\n<link rel=\"canonical\" href=\"https:\/\/centreo3.com\/fr\/choisir-sa-session\/camp-musical-harmonie-adulte\/\" \/>\n<meta property=\"og:locale\" content=\"fr_FR\" \/>\n<meta property=\"og:type\" content=\"article\" \/>\n<meta property=\"og:title\" content=\"Camp Harmonie Adulte - Camp musical Val-des-Sources\" \/>\n<meta property=\"og:description\" content=\"C\u2019est pour une quatri\u00e8me ann\u00e9e qu\u2019on reconduit le camp pour adultes. Que du bonheur! Ce dont tu r\u00eaves depuis longtemps! Une semaine avec des adultes passionn\u00e9s, comme toi , de musique d\u2019orchestre \u00e0 vent! Un camp ax\u00e9 sur le perfectionnement en musique d\u2019harmonie de tous genres pour adultes. Candidat.e.s cibl\u00e9.e.s: Musicien.ne.s adultes de niveaux interm\u00e9diaires [&hellip;]\" \/>\n<meta property=\"og:url\" content=\"https:\/\/centreo3.com\/fr\/choisir-sa-session\/camp-musical-harmonie-adulte\/\" \/>\n<meta property=\"og:site_name\" content=\"Centre O3\" \/>\n<meta property=\"article:modified_time\" content=\"2026-02-10T13:41:53+00:00\" \/>\n<meta name=\"twitter:card\" content=\"summary_large_image\" \/>\n<meta name=\"twitter:label1\" content=\"Dur\u00e9e de lecture estim\u00e9e\" \/>\n\t<meta name=\"twitter:data1\" content=\"3 minutes\" \/>\n<script type=\"application\/ld+json\" class=\"yoast-schema-graph\">{\"@context\":\"https:\/\/schema.org\",\"@graph\":[{\"@type\":\"WebPage\",\"@id\":\"https:\/\/centreo3.com\/fr\/choisir-sa-session\/camp-musical-harmonie-adulte\/\",\"url\":\"https:\/\/centreo3.com\/fr\/choisir-sa-session\/camp-musical-harmonie-adulte\/\",\"name\":\"Camp Harmonie Adulte - Camp musical Val-des-Sources\",\"isPartOf\":{\"@id\":\"https:\/\/centreo3.com\/fr\/#website\"},\"datePublished\":\"2023-10-03T15:26:05+00:00\",\"dateModified\":\"2026-02-10T13:41:53+00:00\",\"breadcrumb\":{\"@id\":\"https:\/\/centreo3.com\/fr\/choisir-sa-session\/camp-musical-harmonie-adulte\/#breadcrumb\"},\"inLanguage\":\"fr-FR\",\"potentialAction\":[{\"@type\":\"ReadAction\",\"target\":[\"https:\/\/centreo3.com\/fr\/choisir-sa-session\/camp-musical-harmonie-adulte\/\"]}]},{\"@type\":\"BreadcrumbList\",\"@id\":\"https:\/\/centreo3.com\/fr\/choisir-sa-session\/camp-musical-harmonie-adulte\/#breadcrumb\",\"itemListElement\":[{\"@type\":\"ListItem\",\"position\":1,\"name\":\"Accueil\",\"item\":\"https:\/\/centreo3.com\/fr\/\"},{\"@type\":\"ListItem\",\"position\":2,\"name\":\"Choisir sa session\",\"item\":\"https:\/\/centreo3.com\/fr\/choisir-sa-session\/\"},{\"@type\":\"ListItem\",\"position\":3,\"name\":\"Camp Harmonie Adulte\"}]},{\"@type\":\"WebSite\",\"@id\":\"https:\/\/centreo3.com\/fr\/#website\",\"url\":\"https:\/\/centreo3.com\/fr\/\",\"name\":\"Centre O3\",\"description\":\"Salles de r\u00e9ception et h\u00e9bergements pour \u00e9v\u00e9nements\",\"publisher\":{\"@id\":\"https:\/\/centreo3.com\/fr\/#organization\"},\"potentialAction\":[{\"@type\":\"SearchAction\",\"target\":{\"@type\":\"EntryPoint\",\"urlTemplate\":\"https:\/\/centreo3.com\/fr\/?s={search_term_string}\"},\"query-input\":{\"@type\":\"PropertyValueSpecification\",\"valueRequired\":true,\"valueName\":\"search_term_string\"}}],\"inLanguage\":\"fr-FR\"},{\"@type\":\"Organization\",\"@id\":\"https:\/\/centreo3.com\/fr\/#organization\",\"name\":\"Centre O3\",\"url\":\"https:\/\/centreo3.com\/fr\/\",\"logo\":{\"@type\":\"ImageObject\",\"inLanguage\":\"fr-FR\",\"@id\":\"https:\/\/centreo3.com\/fr\/#\/schema\/logo\/image\/\",\"url\":\"https:\/\/centreo3.com\/wp-content\/uploads\/2023\/09\/centreo3-logo.svg\",\"contentUrl\":\"https:\/\/centreo3.com\/wp-content\/uploads\/2023\/09\/centreo3-logo.svg\",\"width\":257,\"height\":48,\"caption\":\"Centre O3\"},\"image\":{\"@id\":\"https:\/\/centreo3.com\/fr\/#\/schema\/logo\/image\/\"}}]}<\/script>\n<!-- \/ Yoast SEO plugin. -->","yoast_head_json":{"title":"Camp Harmonie Adulte - Camp musical Val-des-Sources","robots":{"index":"index","follow":"follow","max-snippet":"max-snippet:-1","max-image-preview":"max-image-preview:large","max-video-preview":"max-video-preview:-1"},"canonical":"https:\/\/centreo3.com\/fr\/choisir-sa-session\/camp-musical-harmonie-adulte\/","og_locale":"fr_FR","og_type":"article","og_title":"Camp Harmonie Adulte - Camp musical Val-des-Sources","og_description":"C\u2019est pour une quatri\u00e8me ann\u00e9e qu\u2019on reconduit le camp pour adultes. Que du bonheur! Ce dont tu r\u00eaves depuis longtemps! Une semaine avec des adultes passionn\u00e9s, comme toi , de musique d\u2019orchestre \u00e0 vent! Un camp ax\u00e9 sur le perfectionnement en musique d\u2019harmonie de tous genres pour adultes. Candidat.e.s cibl\u00e9.e.s: Musicien.ne.s adultes de niveaux interm\u00e9diaires [&hellip;]","og_url":"https:\/\/centreo3.com\/fr\/choisir-sa-session\/camp-musical-harmonie-adulte\/","og_site_name":"Centre O3","article_modified_time":"2026-02-10T13:41:53+00:00","twitter_card":"summary_large_image","twitter_misc":{"Dur\u00e9e de lecture estim\u00e9e":"3 minutes"},"schema":{"@context":"https:\/\/schema.org","@graph":[{"@type":"WebPage","@id":"https:\/\/centreo3.com\/fr\/choisir-sa-session\/camp-musical-harmonie-adulte\/","url":"https:\/\/centreo3.com\/fr\/choisir-sa-session\/camp-musical-harmonie-adulte\/","name":"Camp Harmonie Adulte - Camp musical Val-des-Sources","isPartOf":{"@id":"https:\/\/centreo3.com\/fr\/#website"},"datePublished":"2023-10-03T15:26:05+00:00","dateModified":"2026-02-10T13:41:53+00:00","breadcrumb":{"@id":"https:\/\/centreo3.com\/fr\/choisir-sa-session\/camp-musical-harmonie-adulte\/#breadcrumb"},"inLanguage":"fr-FR","potentialAction":[{"@type":"ReadAction","target":["https:\/\/centreo3.com\/fr\/choisir-sa-session\/camp-musical-harmonie-adulte\/"]}]},{"@type":"BreadcrumbList","@id":"https:\/\/centreo3.com\/fr\/choisir-sa-session\/camp-musical-harmonie-adulte\/#breadcrumb","itemListElement":[{"@type":"ListItem","position":1,"name":"Accueil","item":"https:\/\/centreo3.com\/fr\/"},{"@type":"ListItem","position":2,"name":"Choisir sa session","item":"https:\/\/centreo3.com\/fr\/choisir-sa-session\/"},{"@type":"ListItem","position":3,"name":"Camp Harmonie Adulte"}]},{"@type":"WebSite","@id":"https:\/\/centreo3.com\/fr\/#website","url":"https:\/\/centreo3.com\/fr\/","name":"Centre O3","description":"Salles de r\u00e9ception et h\u00e9bergements pour \u00e9v\u00e9nements","publisher":{"@id":"https:\/\/centreo3.com\/fr\/#organization"},"potentialAction":[{"@type":"SearchAction","target":{"@type":"EntryPoint","urlTemplate":"https:\/\/centreo3.com\/fr\/?s={search_term_string}"},"query-input":{"@type":"PropertyValueSpecification","valueRequired":true,"valueName":"search_term_string"}}],"inLanguage":"fr-FR"},{"@type":"Organization","@id":"https:\/\/centreo3.com\/fr\/#organization","name":"Centre O3","url":"https:\/\/centreo3.com\/fr\/","logo":{"@type":"ImageObject","inLanguage":"fr-FR","@id":"https:\/\/centreo3.com\/fr\/#\/schema\/logo\/image\/","url":"https:\/\/centreo3.com\/wp-content\/uploads\/2023\/09\/centreo3-logo.svg","contentUrl":"https:\/\/centreo3.com\/wp-content\/uploads\/2023\/09\/centreo3-logo.svg","width":257,"height":48,"caption":"Centre O3"},"image":{"@id":"https:\/\/centreo3.com\/fr\/#\/schema\/logo\/image\/"}}]}},"_links":{"self":[{"href":"https:\/\/centreo3.com\/fr\/wp-json\/wp\/v2\/pages\/777","targetHints":{"allow":["GET"]}}],"collection":[{"href":"https:\/\/centreo3.com\/fr\/wp-json\/wp\/v2\/pages"}],"about":[{"href":"https:\/\/centreo3.com\/fr\/wp-json\/wp\/v2\/types\/page"}],"author":[{"embeddable":true,"href":"https:\/\/centreo3.com\/fr\/wp-json\/wp\/v2\/users\/1"}],"replies":[{"embeddable":true,"href":"https:\/\/centreo3.com\/fr\/wp-json\/wp\/v2\/comments?post=777"}],"version-history":[{"count":87,"href":"https:\/\/centreo3.com\/fr\/wp-json\/wp\/v2\/pages\/777\/revisions"}],"predecessor-version":[{"id":1865,"href":"https:\/\/centreo3.com\/fr\/wp-json\/wp\/v2\/pages\/777\/revisions\/1865"}],"up":[{"embeddable":true,"href":"https:\/\/centreo3.com\/fr\/wp-json\/wp\/v2\/pages\/769"}],"wp:attachment":[{"href":"https:\/\/centreo3.com\/fr\/wp-json\/wp\/v2\/media?parent=777"}],"curies":[{"name":"wp","href":"https:\/\/api.w.org\/{rel}","templated":true}]}}