{"id":775,"date":"2023-10-03T11:25:52","date_gmt":"2023-10-03T15:25:52","guid":{"rendered":"https:\/\/centreo3.com\/?page_id=775"},"modified":"2026-03-11T12:39:39","modified_gmt":"2026-03-11T16:39:39","slug":"session-jazz","status":"publish","type":"page","link":"https:\/\/centreo3.com\/fr\/choisir-sa-session\/session-jazz\/","title":{"rendered":"Camp Jazz"},"content":{"rendered":"\t\t<div data-elementor-type=\"wp-page\" data-elementor-id=\"775\" class=\"elementor elementor-775\" data-elementor-post-type=\"page\">\n\t\t\t\t<div class=\"elementor-element elementor-element-63f08d0 e-flex e-con-boxed e-con e-parent\" data-id=\"63f08d0\" data-element_type=\"container\" data-e-type=\"container\">\n\t\t\t\t\t<div class=\"e-con-inner\">\n\t\t\t\t<div class=\"elementor-element elementor-element-ebd0293 elementor-widget elementor-widget-text-editor\" data-id=\"ebd0293\" data-element_type=\"widget\" data-e-type=\"widget\" data-widget_type=\"text-editor.default\">\n\t\t\t\t<div class=\"elementor-widget-container\">\n\t\t\t\t\t\t\t\t\t<p>Ce camp est ax\u00e9 sur la musique jazz. Il est offert uniquement aux adultes. Chaque jour, un clinicien de la sc\u00e8ne jazz vient donner de la formation et des conseils aux campeurs afin de d\u00e9velopper leurs notions et leurs th\u00e9ories musicales. Les campeurs apprennent une nouvelle pi\u00e8ce chaque jour et la pratiquent selon les notions enseign\u00e9es, et tous les soirs, un concert est offert au public sur place au cours duquel les musiciens pr\u00e9sentent leurs travaux de la journ\u00e9e. Par la suite, le clinicien, accompagn\u00e9 des enseignants de la semaine, livre une performance en direct pour les campeurs et le public. Une l\u00e9gende circule comme quoi une fois la salle ferm\u00e9e au public, les campeurs ainsi que les professeurs se livrent \u00e0 des jam-sessions jusqu\u2019aux petites heures du matin. Pour plus d\u2019informations\u00a0: 1\u00a0888\u00a0834-4342.<\/p>\t\t\t\t\t\t\t\t<\/div>\n\t\t\t\t<\/div>\n\t\t<div class=\"elementor-element elementor-element-a5289c7 e-con-full e-flex e-con e-child\" data-id=\"a5289c7\" data-element_type=\"container\" data-e-type=\"container\">\n\t\t\t\t<div class=\"elementor-element elementor-element-0850b38 elementor-widget elementor-widget-jet-listing-dynamic-field\" data-id=\"0850b38\" data-element_type=\"widget\" data-e-type=\"widget\" data-widget_type=\"jet-listing-dynamic-field.default\">\n\t\t\t\t<div class=\"elementor-widget-container\">\n\t\t\t\t\t<div class=\"jet-listing jet-listing-dynamic-field display-inline\"><div class=\"jet-listing-dynamic-field__inline-wrap\"><span class=\"jet-listing-dynamic-field__content\" ><b>Dates<\/b> : Dimanche 31 mai au <\/span><\/div><\/div>\t\t\t\t<\/div>\n\t\t\t\t<\/div>\n\t\t\t\t<div class=\"elementor-element elementor-element-6d99eb8 elementor-widget elementor-widget-jet-listing-dynamic-field\" data-id=\"6d99eb8\" data-element_type=\"widget\" data-e-type=\"widget\" data-widget_type=\"jet-listing-dynamic-field.default\">\n\t\t\t\t<div class=\"elementor-widget-container\">\n\t\t\t\t\t<div class=\"jet-listing jet-listing-dynamic-field display-inline\"><div class=\"jet-listing-dynamic-field__inline-wrap\"><span class=\"jet-listing-dynamic-field__content\" >5 juin 2026<\/span><\/div><\/div>\t\t\t\t<\/div>\n\t\t\t\t<\/div>\n\t\t\t\t<\/div>\n\t\t\t\t<div class=\"elementor-element elementor-element-d7faca0 elementor-widget elementor-widget-text-editor\" data-id=\"d7faca0\" data-element_type=\"widget\" data-e-type=\"widget\" data-widget_type=\"text-editor.default\">\n\t\t\t\t<div class=\"elementor-widget-container\">\n\t\t\t\t\t\t\t\t\t<p><strong>Candidats\u00a0:<\/strong><\/p><ul><li>Individus\u00a0: De niveau coll\u00e9gial ou l\u2019\u00e9quivalant avec une exp\u00e9rience du jazz ou de la musique populaire.<\/li><li>Groupes\u00a0: Groupe musical d\u00e9j\u00e0 form\u00e9 dont les membres sont inscrits individuellement. Vise tout d\u2019abord l\u2019am\u00e9lioration du groupe.<\/li><li>Enseignants\u00a0: De tous les niveaux qui veulent se perfectionner.<\/li><\/ul>\t\t\t\t\t\t\t\t<\/div>\n\t\t\t\t<\/div>\n\t\t<div class=\"elementor-element elementor-element-7ef4980 e-con-full e-flex e-con e-child\" data-id=\"7ef4980\" data-element_type=\"container\" data-e-type=\"container\">\n\t\t\t\t<div class=\"elementor-element elementor-element-8458572 elementor-widget elementor-widget-text-editor\" data-id=\"8458572\" data-element_type=\"widget\" data-e-type=\"widget\" data-widget_type=\"text-editor.default\">\n\t\t\t\t<div class=\"elementor-widget-container\">\n\t\t\t\t\t\t\t\t\t<p><strong>Tarifs :<\/strong><\/p>\t\t\t\t\t\t\t\t<\/div>\n\t\t\t\t<\/div>\n\t\t\t\t<div class=\"elementor-element elementor-element-3baf366 elementor-widget elementor-widget-jet-listing-dynamic-field\" data-id=\"3baf366\" data-element_type=\"widget\" data-e-type=\"widget\" data-widget_type=\"jet-listing-dynamic-field.default\">\n\t\t\t\t<div class=\"elementor-widget-container\">\n\t\t\t\t\t<div class=\"jet-listing jet-listing-dynamic-field display-inline\"><div class=\"jet-listing-dynamic-field__inline-wrap\"><span class=\"jet-listing-dynamic-field__content\" >\u00c9tudiant : 780$ taxes incluses<\/span><\/div><\/div>\t\t\t\t<\/div>\n\t\t\t\t<\/div>\n\t\t\t\t<div class=\"elementor-element elementor-element-3835a19 elementor-widget elementor-widget-jet-listing-dynamic-field\" data-id=\"3835a19\" data-element_type=\"widget\" data-e-type=\"widget\" data-widget_type=\"jet-listing-dynamic-field.default\">\n\t\t\t\t<div class=\"elementor-widget-container\">\n\t\t\t\t\t<div class=\"jet-listing jet-listing-dynamic-field display-inline\"><div class=\"jet-listing-dynamic-field__inline-wrap\"><span class=\"jet-listing-dynamic-field__content\" >Adulte: 1 000$ taxes incluses<\/span><\/div><\/div>\t\t\t\t<\/div>\n\t\t\t\t<\/div>\n\t\t\t\t<\/div>\n\t\t\t\t<div class=\"elementor-element elementor-element-7952018 elementor-widget elementor-widget-text-editor\" data-id=\"7952018\" data-element_type=\"widget\" data-e-type=\"widget\" data-widget_type=\"text-editor.default\">\n\t\t\t\t<div class=\"elementor-widget-container\">\n\t\t\t\t\t\t\t\t\t<p><strong>\u00c9quipe de Professeurs\u00a02026 :\u00a0<\/strong><\/p><ul><li>Chant : \u00c9lise B\u00e9chard<\/li><li>Contrebasse : David Gelfand<\/li><li>Guitare : Jonathan Geary<\/li><li>Batterie : Simon Bergeron<\/li><li>Piano : Eric Harding et Jonathan Turgeon<\/li><li>Saxophone : Richard Savoie<\/li><li>Vibraphone: Robert Pelletier<\/li><li>Trompette: Aron Doyle<\/li><\/ul>\t\t\t\t\t\t\t\t<\/div>\n\t\t\t\t<\/div>\n\t\t\t\t<div class=\"elementor-element elementor-element-f884846 elementor-widget elementor-widget-text-editor\" data-id=\"f884846\" data-element_type=\"widget\" data-e-type=\"widget\" data-widget_type=\"text-editor.default\">\n\t\t\t\t<div class=\"elementor-widget-container\">\n\t\t\t\t\t\t\t\t\t<p>Responsables de la session : Richard Savoie&nbsp;<br>Pour informations : Richard Savoie courriel: <a href=\"mailto:savoieri@cooptel.qc.ca\">savoieri@cooptel.qc.ca<\/a><\/p>\t\t\t\t\t\t\t\t<\/div>\n\t\t\t\t<\/div>\n\t\t\t\t<div class=\"elementor-element elementor-element-246e4fe elementor-widget elementor-widget-text-editor\" data-id=\"246e4fe\" data-element_type=\"widget\" data-e-type=\"widget\" data-widget_type=\"text-editor.default\">\n\t\t\t\t<div class=\"elementor-widget-container\">\n\t\t\t\t\t\t\t\t\t<p><strong>Cliniciens 2026 :&nbsp;<\/strong><br>Lundi, le 01 juin:&nbsp;<span style=\"color: rgb(34, 34, 34); font-family: &quot;Helvetica Neue&quot;; font-size: 13px; background-color: rgb(255, 255, 255);\">Guillaume Gilbert (guitare)&nbsp;<\/span><br>Mardi, le 02 juin:&nbsp;<span style=\"color: rgb(34, 34, 34); font-family: &quot;Helvetica Neue&quot;; font-size: 13px; background-color: rgb(255, 255, 255);\">Samuel Blais (saxophone)&nbsp;<\/span><br>Mercredi, le 03 juin:&nbsp;<span style=\"color: rgb(34, 34, 34); font-family: &quot;Helvetica Neue&quot;; font-size: 13px; background-color: rgb(255, 255, 255);\">Jim Doxas&nbsp; (batterie)&nbsp;<\/span><br>Jeudi, le 04 juin:&nbsp;<span style=\"color: rgb(34, 34, 34); font-family: &quot;Helvetica Neue&quot;; font-size: 13px; background-color: rgb(255, 255, 255);\">Morgan Moore (contrebasse)&nbsp;<\/span><br>Vendredi, le 05 juin:&nbsp;<span style=\"background-color: rgb(255, 255, 255); color: rgb(34, 34, 34); font-family: &quot;Helvetica Neue&quot;; font-size: 13px;\">Mordy Ferber (guitare)<\/span><\/p>\t\t\t\t\t\t\t\t<\/div>\n\t\t\t\t<\/div>\n\t\t\t\t<div class=\"elementor-element elementor-element-f01fc30 elementor-widget elementor-widget-text-editor\" data-id=\"f01fc30\" data-element_type=\"widget\" data-e-type=\"widget\" data-widget_type=\"text-editor.default\">\n\t\t\t\t<div class=\"elementor-widget-container\">\n\t\t\t\t\t\t\t\t\t<p><strong>Acceptation par ordre de r\u00e9ception selon l\u2019instrument.<\/strong><br \/><strong>Le corps professoral peut changer sans pr\u00e9avis. Nombre de places limit\u00e9.<\/strong><\/p>\t\t\t\t\t\t\t\t<\/div>\n\t\t\t\t<\/div>\n\t\t<div class=\"elementor-element elementor-element-24cd606 e-flex e-con-boxed e-con e-child\" data-id=\"24cd606\" data-element_type=\"container\" data-e-type=\"container\">\n\t\t\t\t\t<div class=\"e-con-inner\">\n\t\t\t\t<div class=\"elementor-element elementor-element-b067ae4 elementor-widget__width-auto elementor-widget elementor-widget-button\" data-id=\"b067ae4\" data-element_type=\"widget\" data-e-type=\"widget\" data-widget_type=\"button.default\">\n\t\t\t\t<div class=\"elementor-widget-container\">\n\t\t\t\t\t\t\t\t\t<div class=\"elementor-button-wrapper\">\n\t\t\t\t\t<a class=\"elementor-button elementor-button-link elementor-size-sm\" href=\"https:\/\/centreo3.com\/fr\/inscription\/\">\n\t\t\t\t\t\t<span class=\"elementor-button-content-wrapper\">\n\t\t\t\t\t\t\t\t\t<span class=\"elementor-button-text\">S'inscrire<\/span>\n\t\t\t\t\t<\/span>\n\t\t\t\t\t<\/a>\n\t\t\t\t<\/div>\n\t\t\t\t\t\t\t\t<\/div>\n\t\t\t\t<\/div>\n\t\t\t\t<div class=\"elementor-element elementor-element-da0a365 elementor-widget__width-auto elementor-widget elementor-widget-button\" data-id=\"da0a365\" data-element_type=\"widget\" data-e-type=\"widget\" data-widget_type=\"button.default\">\n\t\t\t\t<div class=\"elementor-widget-container\">\n\t\t\t\t\t\t\t\t\t<div class=\"elementor-button-wrapper\">\n\t\t\t\t\t<a class=\"elementor-button elementor-button-link elementor-size-sm\" href=\"https:\/\/centreo3.com\/fr\/demande-de-bourse\/\">\n\t\t\t\t\t\t<span class=\"elementor-button-content-wrapper\">\n\t\t\t\t\t\t\t\t\t<span class=\"elementor-button-text\">Demande de bourse<\/span>\n\t\t\t\t\t<\/span>\n\t\t\t\t\t<\/a>\n\t\t\t\t<\/div>\n\t\t\t\t\t\t\t\t<\/div>\n\t\t\t\t<\/div>\n\t\t\t\t\t<\/div>\n\t\t\t\t<\/div>\n\t\t\t\t\t<\/div>\n\t\t\t\t<\/div>\n\t\t\t\t<\/div>\n\t\t","protected":false},"excerpt":{"rendered":"<p>Ce camp est ax\u00e9 sur la musique jazz. Il est offert uniquement aux adultes. Chaque jour, un clinicien de la sc\u00e8ne jazz vient donner de la formation et des conseils aux campeurs afin de d\u00e9velopper leurs notions et leurs th\u00e9ories musicales. Les campeurs apprennent une nouvelle pi\u00e8ce chaque jour et la pratiquent selon les notions [&hellip;]<\/p>\n","protected":false},"author":1,"featured_media":0,"parent":769,"menu_order":0,"comment_status":"closed","ping_status":"closed","template":"","meta":{"footnotes":""},"class_list":["post-775","page","type-page","status-publish","hentry"],"yoast_head":"<!-- This site is optimized with the Yoast SEO plugin v27.1.1 - https:\/\/yoast.com\/product\/yoast-seo-wordpress\/ -->\n<title>Session Jazz - Camp musical Val-des-Sources<\/title>\n<meta name=\"robots\" content=\"index, follow, max-snippet:-1, max-image-preview:large, max-video-preview:-1\" \/>\n<link rel=\"canonical\" href=\"https:\/\/centreo3.com\/fr\/choisir-sa-session\/session-jazz\/\" \/>\n<meta property=\"og:locale\" content=\"fr_FR\" \/>\n<meta property=\"og:type\" content=\"article\" \/>\n<meta property=\"og:title\" content=\"Session Jazz - Camp musical Val-des-Sources\" \/>\n<meta property=\"og:description\" content=\"Ce camp est ax\u00e9 sur la musique jazz. Il est offert uniquement aux adultes. Chaque jour, un clinicien de la sc\u00e8ne jazz vient donner de la formation et des conseils aux campeurs afin de d\u00e9velopper leurs notions et leurs th\u00e9ories musicales. Les campeurs apprennent une nouvelle pi\u00e8ce chaque jour et la pratiquent selon les notions [&hellip;]\" \/>\n<meta property=\"og:url\" content=\"https:\/\/centreo3.com\/fr\/choisir-sa-session\/session-jazz\/\" \/>\n<meta property=\"og:site_name\" content=\"Centre O3\" \/>\n<meta property=\"article:modified_time\" content=\"2026-03-11T16:39:39+00:00\" \/>\n<meta name=\"twitter:card\" content=\"summary_large_image\" \/>\n<meta name=\"twitter:label1\" content=\"Dur\u00e9e de lecture estim\u00e9e\" \/>\n\t<meta name=\"twitter:data1\" content=\"2 minutes\" \/>\n<script type=\"application\/ld+json\" class=\"yoast-schema-graph\">{\"@context\":\"https:\/\/schema.org\",\"@graph\":[{\"@type\":\"WebPage\",\"@id\":\"https:\/\/centreo3.com\/fr\/choisir-sa-session\/session-jazz\/\",\"url\":\"https:\/\/centreo3.com\/fr\/choisir-sa-session\/session-jazz\/\",\"name\":\"Session Jazz - Camp musical Val-des-Sources\",\"isPartOf\":{\"@id\":\"https:\/\/centreo3.com\/fr\/#website\"},\"datePublished\":\"2023-10-03T15:25:52+00:00\",\"dateModified\":\"2026-03-11T16:39:39+00:00\",\"breadcrumb\":{\"@id\":\"https:\/\/centreo3.com\/fr\/choisir-sa-session\/session-jazz\/#breadcrumb\"},\"inLanguage\":\"fr-FR\",\"potentialAction\":[{\"@type\":\"ReadAction\",\"target\":[\"https:\/\/centreo3.com\/fr\/choisir-sa-session\/session-jazz\/\"]}]},{\"@type\":\"BreadcrumbList\",\"@id\":\"https:\/\/centreo3.com\/fr\/choisir-sa-session\/session-jazz\/#breadcrumb\",\"itemListElement\":[{\"@type\":\"ListItem\",\"position\":1,\"name\":\"Accueil\",\"item\":\"https:\/\/centreo3.com\/fr\/\"},{\"@type\":\"ListItem\",\"position\":2,\"name\":\"Choisir sa session\",\"item\":\"https:\/\/centreo3.com\/fr\/choisir-sa-session\/\"},{\"@type\":\"ListItem\",\"position\":3,\"name\":\"Camp Jazz\"}]},{\"@type\":\"WebSite\",\"@id\":\"https:\/\/centreo3.com\/fr\/#website\",\"url\":\"https:\/\/centreo3.com\/fr\/\",\"name\":\"Centre O3\",\"description\":\"Salles de r\u00e9ception et h\u00e9bergements pour \u00e9v\u00e9nements\",\"publisher\":{\"@id\":\"https:\/\/centreo3.com\/fr\/#organization\"},\"potentialAction\":[{\"@type\":\"SearchAction\",\"target\":{\"@type\":\"EntryPoint\",\"urlTemplate\":\"https:\/\/centreo3.com\/fr\/?s={search_term_string}\"},\"query-input\":{\"@type\":\"PropertyValueSpecification\",\"valueRequired\":true,\"valueName\":\"search_term_string\"}}],\"inLanguage\":\"fr-FR\"},{\"@type\":\"Organization\",\"@id\":\"https:\/\/centreo3.com\/fr\/#organization\",\"name\":\"Centre O3\",\"url\":\"https:\/\/centreo3.com\/fr\/\",\"logo\":{\"@type\":\"ImageObject\",\"inLanguage\":\"fr-FR\",\"@id\":\"https:\/\/centreo3.com\/fr\/#\/schema\/logo\/image\/\",\"url\":\"https:\/\/centreo3.com\/wp-content\/uploads\/2023\/09\/centreo3-logo.svg\",\"contentUrl\":\"https:\/\/centreo3.com\/wp-content\/uploads\/2023\/09\/centreo3-logo.svg\",\"width\":257,\"height\":48,\"caption\":\"Centre O3\"},\"image\":{\"@id\":\"https:\/\/centreo3.com\/fr\/#\/schema\/logo\/image\/\"}}]}<\/script>\n<!-- \/ Yoast SEO plugin. -->","yoast_head_json":{"title":"Session Jazz - Camp musical Val-des-Sources","robots":{"index":"index","follow":"follow","max-snippet":"max-snippet:-1","max-image-preview":"max-image-preview:large","max-video-preview":"max-video-preview:-1"},"canonical":"https:\/\/centreo3.com\/fr\/choisir-sa-session\/session-jazz\/","og_locale":"fr_FR","og_type":"article","og_title":"Session Jazz - Camp musical Val-des-Sources","og_description":"Ce camp est ax\u00e9 sur la musique jazz. Il est offert uniquement aux adultes. Chaque jour, un clinicien de la sc\u00e8ne jazz vient donner de la formation et des conseils aux campeurs afin de d\u00e9velopper leurs notions et leurs th\u00e9ories musicales. Les campeurs apprennent une nouvelle pi\u00e8ce chaque jour et la pratiquent selon les notions [&hellip;]","og_url":"https:\/\/centreo3.com\/fr\/choisir-sa-session\/session-jazz\/","og_site_name":"Centre O3","article_modified_time":"2026-03-11T16:39:39+00:00","twitter_card":"summary_large_image","twitter_misc":{"Dur\u00e9e de lecture estim\u00e9e":"2 minutes"},"schema":{"@context":"https:\/\/schema.org","@graph":[{"@type":"WebPage","@id":"https:\/\/centreo3.com\/fr\/choisir-sa-session\/session-jazz\/","url":"https:\/\/centreo3.com\/fr\/choisir-sa-session\/session-jazz\/","name":"Session Jazz - Camp musical Val-des-Sources","isPartOf":{"@id":"https:\/\/centreo3.com\/fr\/#website"},"datePublished":"2023-10-03T15:25:52+00:00","dateModified":"2026-03-11T16:39:39+00:00","breadcrumb":{"@id":"https:\/\/centreo3.com\/fr\/choisir-sa-session\/session-jazz\/#breadcrumb"},"inLanguage":"fr-FR","potentialAction":[{"@type":"ReadAction","target":["https:\/\/centreo3.com\/fr\/choisir-sa-session\/session-jazz\/"]}]},{"@type":"BreadcrumbList","@id":"https:\/\/centreo3.com\/fr\/choisir-sa-session\/session-jazz\/#breadcrumb","itemListElement":[{"@type":"ListItem","position":1,"name":"Accueil","item":"https:\/\/centreo3.com\/fr\/"},{"@type":"ListItem","position":2,"name":"Choisir sa session","item":"https:\/\/centreo3.com\/fr\/choisir-sa-session\/"},{"@type":"ListItem","position":3,"name":"Camp Jazz"}]},{"@type":"WebSite","@id":"https:\/\/centreo3.com\/fr\/#website","url":"https:\/\/centreo3.com\/fr\/","name":"Centre O3","description":"Salles de r\u00e9ception et h\u00e9bergements pour \u00e9v\u00e9nements","publisher":{"@id":"https:\/\/centreo3.com\/fr\/#organization"},"potentialAction":[{"@type":"SearchAction","target":{"@type":"EntryPoint","urlTemplate":"https:\/\/centreo3.com\/fr\/?s={search_term_string}"},"query-input":{"@type":"PropertyValueSpecification","valueRequired":true,"valueName":"search_term_string"}}],"inLanguage":"fr-FR"},{"@type":"Organization","@id":"https:\/\/centreo3.com\/fr\/#organization","name":"Centre O3","url":"https:\/\/centreo3.com\/fr\/","logo":{"@type":"ImageObject","inLanguage":"fr-FR","@id":"https:\/\/centreo3.com\/fr\/#\/schema\/logo\/image\/","url":"https:\/\/centreo3.com\/wp-content\/uploads\/2023\/09\/centreo3-logo.svg","contentUrl":"https:\/\/centreo3.com\/wp-content\/uploads\/2023\/09\/centreo3-logo.svg","width":257,"height":48,"caption":"Centre O3"},"image":{"@id":"https:\/\/centreo3.com\/fr\/#\/schema\/logo\/image\/"}}]}},"_links":{"self":[{"href":"https:\/\/centreo3.com\/fr\/wp-json\/wp\/v2\/pages\/775","targetHints":{"allow":["GET"]}}],"collection":[{"href":"https:\/\/centreo3.com\/fr\/wp-json\/wp\/v2\/pages"}],"about":[{"href":"https:\/\/centreo3.com\/fr\/wp-json\/wp\/v2\/types\/page"}],"author":[{"embeddable":true,"href":"https:\/\/centreo3.com\/fr\/wp-json\/wp\/v2\/users\/1"}],"replies":[{"embeddable":true,"href":"https:\/\/centreo3.com\/fr\/wp-json\/wp\/v2\/comments?post=775"}],"version-history":[{"count":38,"href":"https:\/\/centreo3.com\/fr\/wp-json\/wp\/v2\/pages\/775\/revisions"}],"predecessor-version":[{"id":1887,"href":"https:\/\/centreo3.com\/fr\/wp-json\/wp\/v2\/pages\/775\/revisions\/1887"}],"up":[{"embeddable":true,"href":"https:\/\/centreo3.com\/fr\/wp-json\/wp\/v2\/pages\/769"}],"wp:attachment":[{"href":"https:\/\/centreo3.com\/fr\/wp-json\/wp\/v2\/media?parent=775"}],"curies":[{"name":"wp","href":"https:\/\/api.w.org\/{rel}","templated":true}]}}