{"id":773,"date":"2023-10-03T11:23:33","date_gmt":"2023-10-03T15:23:33","guid":{"rendered":"https:\/\/centreo3.com\/?page_id=773"},"modified":"2026-02-16T13:38:23","modified_gmt":"2026-02-16T18:38:23","slug":"camp-harmonie-3-4-5","status":"publish","type":"page","link":"https:\/\/centreo3.com\/fr\/choisir-sa-session\/camp-harmonie-3-4-5\/","title":{"rendered":"Camp Avanc\u00e9                   (Secondaire 3-4-5)"},"content":{"rendered":"\t\t<div data-elementor-type=\"wp-page\" data-elementor-id=\"773\" class=\"elementor elementor-773\" data-elementor-post-type=\"page\">\n\t\t\t\t<div class=\"elementor-element elementor-element-19655c1 e-flex e-con-boxed e-con e-parent\" data-id=\"19655c1\" data-element_type=\"container\" data-e-type=\"container\">\n\t\t\t\t\t<div class=\"e-con-inner\">\n\t\t\t\t<div class=\"elementor-element elementor-element-b091120 elementor-widget elementor-widget-text-editor\" data-id=\"b091120\" data-element_type=\"widget\" data-e-type=\"widget\" data-widget_type=\"text-editor.default\">\n\t\t\t\t<div class=\"elementor-widget-container\">\n\t\t\t\t\t\t\t\t\t<p>Camp de deux semaines pour les jeunes de la 3e, 4e et 5e secondaire. C\u2019est notre camp le plus avanc\u00e9, avec deux semaines de cours intensifs afin de d\u00e9velopper leurs techniques musicales en vue de leur entr\u00e9e au c\u00e9gep ou simplement pour perfectionner leurs instruments. Nos professeurs sauront les amener plus loin avec des cours priv\u00e9s et des techniques qu\u2019ils pourront partager avec les campeurs. Durant les deux semaines, ils pourront aussi profiter des cours optionnels, comme le stage band et la chorale. De plus, ils auront la chance de s\u2019amuser gr\u00e2ce aux diff\u00e9rentes activit\u00e9s sportives organis\u00e9es sur notre base de plein air. \u00c0 la fin des deux semaines, un concert sera produit pour faire \u00e9couter aux parents et amis les r\u00e9sultats de leurs semaines bien occup\u00e9es. Pour plus d\u2019informations : 1\u00a0888\u00a0834-4342.<\/p>\t\t\t\t\t\t\t\t<\/div>\n\t\t\t\t<\/div>\n\t\t\t\t<div class=\"elementor-element elementor-element-d3070e7 elementor-widget elementor-widget-text-editor\" data-id=\"d3070e7\" data-element_type=\"widget\" data-e-type=\"widget\" data-widget_type=\"text-editor.default\">\n\t\t\t\t<div class=\"elementor-widget-container\">\n\t\t\t\t\t\t\t\t\t<p>Programme de musique pour musiciens avanc\u00e9s de 3e \u00e0 5e secondaire<\/p>\t\t\t\t\t\t\t\t<\/div>\n\t\t\t\t<\/div>\n\t\t<div class=\"elementor-element elementor-element-6cb49b4 e-con-full e-flex e-con e-child\" data-id=\"6cb49b4\" data-element_type=\"container\" data-e-type=\"container\">\n\t\t\t\t<div class=\"elementor-element elementor-element-048ae62 elementor-widget elementor-widget-jet-listing-dynamic-field\" data-id=\"048ae62\" data-element_type=\"widget\" data-e-type=\"widget\" data-widget_type=\"jet-listing-dynamic-field.default\">\n\t\t\t\t<div class=\"elementor-widget-container\">\n\t\t\t\t\t<div class=\"jet-listing jet-listing-dynamic-field display-inline\"><div class=\"jet-listing-dynamic-field__inline-wrap\"><span class=\"jet-listing-dynamic-field__content\" ><b>Dates<\/b> : 12 juillet au <\/span><\/div><\/div>\t\t\t\t<\/div>\n\t\t\t\t<\/div>\n\t\t\t\t<div class=\"elementor-element elementor-element-3e1bd8a elementor-widget elementor-widget-jet-listing-dynamic-field\" data-id=\"3e1bd8a\" data-element_type=\"widget\" data-e-type=\"widget\" data-widget_type=\"jet-listing-dynamic-field.default\">\n\t\t\t\t<div class=\"elementor-widget-container\">\n\t\t\t\t\t<div class=\"jet-listing jet-listing-dynamic-field display-inline\"><div class=\"jet-listing-dynamic-field__inline-wrap\"><span class=\"jet-listing-dynamic-field__content\" >24 juillet 2026<\/span><\/div><\/div>\t\t\t\t<\/div>\n\t\t\t\t<\/div>\n\t\t\t\t<\/div>\n\t\t\t\t<div class=\"elementor-element elementor-element-5ef3819 elementor-widget elementor-widget-text-editor\" data-id=\"5ef3819\" data-element_type=\"widget\" data-e-type=\"widget\" data-widget_type=\"text-editor.default\">\n\t\t\t\t<div class=\"elementor-widget-container\">\n\t\t\t\t\t\t\t\t\t<p><strong>Candidats\u00a0:<\/strong><\/p><ul><li>Musiciens de 3<sup>e<\/sup>, 4<sup>e<\/sup>\u00a0ou 5<sup>e<\/sup>\u00a0secondaire<\/li><li>Harmonie de niveau\u00a05 ou 6<\/li><li><em>Stage band<\/em><\/li><\/ul>\t\t\t\t\t\t\t\t<\/div>\n\t\t\t\t<\/div>\n\t\t<div class=\"elementor-element elementor-element-aecb6b4 e-con-full e-flex e-con e-child\" data-id=\"aecb6b4\" data-element_type=\"container\" data-e-type=\"container\">\n\t\t\t\t<div class=\"elementor-element elementor-element-8aad87c elementor-widget elementor-widget-jet-listing-dynamic-field\" data-id=\"8aad87c\" data-element_type=\"widget\" data-e-type=\"widget\" data-widget_type=\"jet-listing-dynamic-field.default\">\n\t\t\t\t<div class=\"elementor-widget-container\">\n\t\t\t\t\t<div class=\"jet-listing jet-listing-dynamic-field display-inline\"><div class=\"jet-listing-dynamic-field__inline-wrap\"><span class=\"jet-listing-dynamic-field__content\" ><b>Tarif<\/b> : 1 470$ taxes incluses<\/span><\/div><\/div>\t\t\t\t<\/div>\n\t\t\t\t<\/div>\n\t\t\t\t<\/div>\n\t\t\t\t<div class=\"elementor-element elementor-element-2a77e05 elementor-widget elementor-widget-text-editor\" data-id=\"2a77e05\" data-element_type=\"widget\" data-e-type=\"widget\" data-widget_type=\"text-editor.default\">\n\t\t\t\t<div class=\"elementor-widget-container\">\n\t\t\t\t\t\t\t\t\t<p><strong>Co-responsables de la session\u00a0: <\/strong>Catherine Parr et Marie-H\u00e9l\u00e8ne Ayotte<br \/><strong>Pour information : <\/strong>1\u00a0888\u00a0834-4342<br \/>Acceptation par ordre de r\u00e9ception selon l\u2019instrument.<br \/>Le corps professoral peut changer sans pr\u00e9avis.<\/p>\t\t\t\t\t\t\t\t<\/div>\n\t\t\t\t<\/div>\n\t\t\t\t<div class=\"elementor-element elementor-element-2fa0355 elementor-widget elementor-widget-text-editor\" data-id=\"2fa0355\" data-element_type=\"widget\" data-e-type=\"widget\" data-widget_type=\"text-editor.default\">\n\t\t\t\t<div class=\"elementor-widget-container\">\n\t\t\t\t\t\t\t\t\t<p><strong>Enseignants hautement qualifi\u00e9s&nbsp;:&nbsp;<\/strong><strong><br><\/strong><\/p>\n<p>Direction musicale: Patrick Morin et Am\u00e9lie Bois<br>Fl\u00fbte traversi\u00e8re: Julie Blanchet<br>Basson:&nbsp; non \u00e0 venir<br>Hautbois: nom \u00e0 venir<br>Clarinette: nom \u00e0 venir&nbsp;<br>Saxophone: nom \u00e0 venir<br>Trompette: Nicolas Leblanc<br>Cor: \u00c9milie Martel<br>Trombone: nom \u00e0 venir<br>Tuba et&nbsp;euphonium: Guillaume Dupuis<br>Basse, contrebasse: nom \u00e0 venir<br>Percussion: nom \u00e0 venir<br>Piano d\u2019accompagnement: Gabriel Barros-Santiago<br>Chant choral: Pierre Laverdi\u00e8re<br>Stage Band: Karine Gordon<\/p>\n<p><\/p>\t\t\t\t\t\t\t\t<\/div>\n\t\t\t\t<\/div>\n\t\t<div class=\"elementor-element elementor-element-e9adff9 e-flex e-con-boxed e-con e-child\" data-id=\"e9adff9\" data-element_type=\"container\" data-e-type=\"container\">\n\t\t\t\t\t<div class=\"e-con-inner\">\n\t\t\t\t<div class=\"elementor-element elementor-element-04455d0 elementor-widget__width-auto elementor-widget elementor-widget-button\" data-id=\"04455d0\" data-element_type=\"widget\" data-e-type=\"widget\" data-widget_type=\"button.default\">\n\t\t\t\t<div class=\"elementor-widget-container\">\n\t\t\t\t\t\t\t\t\t<div class=\"elementor-button-wrapper\">\n\t\t\t\t\t<a class=\"elementor-button elementor-button-link elementor-size-sm\" href=\"https:\/\/centreo3.com\/fr\/inscription\/\">\n\t\t\t\t\t\t<span class=\"elementor-button-content-wrapper\">\n\t\t\t\t\t\t\t\t\t<span class=\"elementor-button-text\">S'inscrire<\/span>\n\t\t\t\t\t<\/span>\n\t\t\t\t\t<\/a>\n\t\t\t\t<\/div>\n\t\t\t\t\t\t\t\t<\/div>\n\t\t\t\t<\/div>\n\t\t\t\t<div class=\"elementor-element elementor-element-73d763e elementor-widget__width-auto elementor-widget elementor-widget-button\" data-id=\"73d763e\" data-element_type=\"widget\" data-e-type=\"widget\" data-widget_type=\"button.default\">\n\t\t\t\t<div class=\"elementor-widget-container\">\n\t\t\t\t\t\t\t\t\t<div class=\"elementor-button-wrapper\">\n\t\t\t\t\t<a class=\"elementor-button elementor-button-link elementor-size-sm\" href=\"https:\/\/centreo3.com\/fr\/demande-de-bourse\/\">\n\t\t\t\t\t\t<span class=\"elementor-button-content-wrapper\">\n\t\t\t\t\t\t\t\t\t<span class=\"elementor-button-text\">Demande de bourse<\/span>\n\t\t\t\t\t<\/span>\n\t\t\t\t\t<\/a>\n\t\t\t\t<\/div>\n\t\t\t\t\t\t\t\t<\/div>\n\t\t\t\t<\/div>\n\t\t\t\t\t<\/div>\n\t\t\t\t<\/div>\n\t\t\t\t\t<\/div>\n\t\t\t\t<\/div>\n\t\t\t\t<\/div>\n\t\t","protected":false},"excerpt":{"rendered":"<p>Camp de deux semaines pour les jeunes de la 3e, 4e et 5e secondaire. C\u2019est notre camp le plus avanc\u00e9, avec deux semaines de cours intensifs afin de d\u00e9velopper leurs techniques musicales en vue de leur entr\u00e9e au c\u00e9gep ou simplement pour perfectionner leurs instruments. Nos professeurs sauront les amener plus loin avec des cours [&hellip;]<\/p>\n","protected":false},"author":1,"featured_media":0,"parent":769,"menu_order":0,"comment_status":"closed","ping_status":"closed","template":"","meta":{"footnotes":""},"class_list":["post-773","page","type-page","status-publish","hentry"],"yoast_head":"<!-- This site is optimized with the Yoast SEO plugin v27.1.1 - https:\/\/yoast.com\/product\/yoast-seo-wordpress\/ -->\n<title>Camp Avanc\u00e9          (Secondaire 3-4-5)<\/title>\n<meta name=\"robots\" content=\"index, follow, max-snippet:-1, max-image-preview:large, max-video-preview:-1\" \/>\n<link rel=\"canonical\" href=\"https:\/\/centreo3.com\/fr\/choisir-sa-session\/camp-harmonie-3-4-5\/\" \/>\n<meta property=\"og:locale\" content=\"fr_FR\" \/>\n<meta property=\"og:type\" content=\"article\" \/>\n<meta property=\"og:title\" content=\"Camp Avanc\u00e9          (Secondaire 3-4-5)\" \/>\n<meta property=\"og:description\" content=\"Camp de deux semaines pour les jeunes de la 3e, 4e et 5e secondaire. C\u2019est notre camp le plus avanc\u00e9, avec deux semaines de cours intensifs afin de d\u00e9velopper leurs techniques musicales en vue de leur entr\u00e9e au c\u00e9gep ou simplement pour perfectionner leurs instruments. Nos professeurs sauront les amener plus loin avec des cours [&hellip;]\" \/>\n<meta property=\"og:url\" content=\"https:\/\/centreo3.com\/fr\/choisir-sa-session\/camp-harmonie-3-4-5\/\" \/>\n<meta property=\"og:site_name\" content=\"Centre O3\" \/>\n<meta property=\"article:modified_time\" content=\"2026-02-16T18:38:23+00:00\" \/>\n<meta name=\"twitter:card\" content=\"summary_large_image\" \/>\n<meta name=\"twitter:label1\" content=\"Dur\u00e9e de lecture estim\u00e9e\" \/>\n\t<meta name=\"twitter:data1\" content=\"2 minutes\" \/>\n<script type=\"application\/ld+json\" class=\"yoast-schema-graph\">{\"@context\":\"https:\/\/schema.org\",\"@graph\":[{\"@type\":\"WebPage\",\"@id\":\"https:\/\/centreo3.com\/fr\/choisir-sa-session\/camp-harmonie-3-4-5\/\",\"url\":\"https:\/\/centreo3.com\/fr\/choisir-sa-session\/camp-harmonie-3-4-5\/\",\"name\":\"Camp Avanc\u00e9 (Secondaire 3-4-5)\",\"isPartOf\":{\"@id\":\"https:\/\/centreo3.com\/fr\/#website\"},\"datePublished\":\"2023-10-03T15:23:33+00:00\",\"dateModified\":\"2026-02-16T18:38:23+00:00\",\"breadcrumb\":{\"@id\":\"https:\/\/centreo3.com\/fr\/choisir-sa-session\/camp-harmonie-3-4-5\/#breadcrumb\"},\"inLanguage\":\"fr-FR\",\"potentialAction\":[{\"@type\":\"ReadAction\",\"target\":[\"https:\/\/centreo3.com\/fr\/choisir-sa-session\/camp-harmonie-3-4-5\/\"]}]},{\"@type\":\"BreadcrumbList\",\"@id\":\"https:\/\/centreo3.com\/fr\/choisir-sa-session\/camp-harmonie-3-4-5\/#breadcrumb\",\"itemListElement\":[{\"@type\":\"ListItem\",\"position\":1,\"name\":\"Accueil\",\"item\":\"https:\/\/centreo3.com\/fr\/\"},{\"@type\":\"ListItem\",\"position\":2,\"name\":\"Choisir sa session\",\"item\":\"https:\/\/centreo3.com\/fr\/choisir-sa-session\/\"},{\"@type\":\"ListItem\",\"position\":3,\"name\":\"Camp Avanc\u00e9 (Secondaire 3-4-5)\"}]},{\"@type\":\"WebSite\",\"@id\":\"https:\/\/centreo3.com\/fr\/#website\",\"url\":\"https:\/\/centreo3.com\/fr\/\",\"name\":\"Centre O3\",\"description\":\"Salles de r\u00e9ception et h\u00e9bergements pour \u00e9v\u00e9nements\",\"publisher\":{\"@id\":\"https:\/\/centreo3.com\/fr\/#organization\"},\"potentialAction\":[{\"@type\":\"SearchAction\",\"target\":{\"@type\":\"EntryPoint\",\"urlTemplate\":\"https:\/\/centreo3.com\/fr\/?s={search_term_string}\"},\"query-input\":{\"@type\":\"PropertyValueSpecification\",\"valueRequired\":true,\"valueName\":\"search_term_string\"}}],\"inLanguage\":\"fr-FR\"},{\"@type\":\"Organization\",\"@id\":\"https:\/\/centreo3.com\/fr\/#organization\",\"name\":\"Centre O3\",\"url\":\"https:\/\/centreo3.com\/fr\/\",\"logo\":{\"@type\":\"ImageObject\",\"inLanguage\":\"fr-FR\",\"@id\":\"https:\/\/centreo3.com\/fr\/#\/schema\/logo\/image\/\",\"url\":\"https:\/\/centreo3.com\/wp-content\/uploads\/2023\/09\/centreo3-logo.svg\",\"contentUrl\":\"https:\/\/centreo3.com\/wp-content\/uploads\/2023\/09\/centreo3-logo.svg\",\"width\":257,\"height\":48,\"caption\":\"Centre O3\"},\"image\":{\"@id\":\"https:\/\/centreo3.com\/fr\/#\/schema\/logo\/image\/\"}}]}<\/script>\n<!-- \/ Yoast SEO plugin. -->","yoast_head_json":{"title":"Camp Avanc\u00e9          (Secondaire 3-4-5)","robots":{"index":"index","follow":"follow","max-snippet":"max-snippet:-1","max-image-preview":"max-image-preview:large","max-video-preview":"max-video-preview:-1"},"canonical":"https:\/\/centreo3.com\/fr\/choisir-sa-session\/camp-harmonie-3-4-5\/","og_locale":"fr_FR","og_type":"article","og_title":"Camp Avanc\u00e9          (Secondaire 3-4-5)","og_description":"Camp de deux semaines pour les jeunes de la 3e, 4e et 5e secondaire. C\u2019est notre camp le plus avanc\u00e9, avec deux semaines de cours intensifs afin de d\u00e9velopper leurs techniques musicales en vue de leur entr\u00e9e au c\u00e9gep ou simplement pour perfectionner leurs instruments. Nos professeurs sauront les amener plus loin avec des cours [&hellip;]","og_url":"https:\/\/centreo3.com\/fr\/choisir-sa-session\/camp-harmonie-3-4-5\/","og_site_name":"Centre O3","article_modified_time":"2026-02-16T18:38:23+00:00","twitter_card":"summary_large_image","twitter_misc":{"Dur\u00e9e de lecture estim\u00e9e":"2 minutes"},"schema":{"@context":"https:\/\/schema.org","@graph":[{"@type":"WebPage","@id":"https:\/\/centreo3.com\/fr\/choisir-sa-session\/camp-harmonie-3-4-5\/","url":"https:\/\/centreo3.com\/fr\/choisir-sa-session\/camp-harmonie-3-4-5\/","name":"Camp Avanc\u00e9 (Secondaire 3-4-5)","isPartOf":{"@id":"https:\/\/centreo3.com\/fr\/#website"},"datePublished":"2023-10-03T15:23:33+00:00","dateModified":"2026-02-16T18:38:23+00:00","breadcrumb":{"@id":"https:\/\/centreo3.com\/fr\/choisir-sa-session\/camp-harmonie-3-4-5\/#breadcrumb"},"inLanguage":"fr-FR","potentialAction":[{"@type":"ReadAction","target":["https:\/\/centreo3.com\/fr\/choisir-sa-session\/camp-harmonie-3-4-5\/"]}]},{"@type":"BreadcrumbList","@id":"https:\/\/centreo3.com\/fr\/choisir-sa-session\/camp-harmonie-3-4-5\/#breadcrumb","itemListElement":[{"@type":"ListItem","position":1,"name":"Accueil","item":"https:\/\/centreo3.com\/fr\/"},{"@type":"ListItem","position":2,"name":"Choisir sa session","item":"https:\/\/centreo3.com\/fr\/choisir-sa-session\/"},{"@type":"ListItem","position":3,"name":"Camp Avanc\u00e9 (Secondaire 3-4-5)"}]},{"@type":"WebSite","@id":"https:\/\/centreo3.com\/fr\/#website","url":"https:\/\/centreo3.com\/fr\/","name":"Centre O3","description":"Salles de r\u00e9ception et h\u00e9bergements pour \u00e9v\u00e9nements","publisher":{"@id":"https:\/\/centreo3.com\/fr\/#organization"},"potentialAction":[{"@type":"SearchAction","target":{"@type":"EntryPoint","urlTemplate":"https:\/\/centreo3.com\/fr\/?s={search_term_string}"},"query-input":{"@type":"PropertyValueSpecification","valueRequired":true,"valueName":"search_term_string"}}],"inLanguage":"fr-FR"},{"@type":"Organization","@id":"https:\/\/centreo3.com\/fr\/#organization","name":"Centre O3","url":"https:\/\/centreo3.com\/fr\/","logo":{"@type":"ImageObject","inLanguage":"fr-FR","@id":"https:\/\/centreo3.com\/fr\/#\/schema\/logo\/image\/","url":"https:\/\/centreo3.com\/wp-content\/uploads\/2023\/09\/centreo3-logo.svg","contentUrl":"https:\/\/centreo3.com\/wp-content\/uploads\/2023\/09\/centreo3-logo.svg","width":257,"height":48,"caption":"Centre O3"},"image":{"@id":"https:\/\/centreo3.com\/fr\/#\/schema\/logo\/image\/"}}]}},"_links":{"self":[{"href":"https:\/\/centreo3.com\/fr\/wp-json\/wp\/v2\/pages\/773","targetHints":{"allow":["GET"]}}],"collection":[{"href":"https:\/\/centreo3.com\/fr\/wp-json\/wp\/v2\/pages"}],"about":[{"href":"https:\/\/centreo3.com\/fr\/wp-json\/wp\/v2\/types\/page"}],"author":[{"embeddable":true,"href":"https:\/\/centreo3.com\/fr\/wp-json\/wp\/v2\/users\/1"}],"replies":[{"embeddable":true,"href":"https:\/\/centreo3.com\/fr\/wp-json\/wp\/v2\/comments?post=773"}],"version-history":[{"count":43,"href":"https:\/\/centreo3.com\/fr\/wp-json\/wp\/v2\/pages\/773\/revisions"}],"predecessor-version":[{"id":1875,"href":"https:\/\/centreo3.com\/fr\/wp-json\/wp\/v2\/pages\/773\/revisions\/1875"}],"up":[{"embeddable":true,"href":"https:\/\/centreo3.com\/fr\/wp-json\/wp\/v2\/pages\/769"}],"wp:attachment":[{"href":"https:\/\/centreo3.com\/fr\/wp-json\/wp\/v2\/media?parent=773"}],"curies":[{"name":"wp","href":"https:\/\/api.w.org\/{rel}","templated":true}]}}