{"id":771,"date":"2023-10-03T11:22:56","date_gmt":"2023-10-03T15:22:56","guid":{"rendered":"https:\/\/centreo3.com\/?page_id=771"},"modified":"2026-02-11T13:26:03","modified_gmt":"2026-02-11T18:26:03","slug":"camp-harmonie-1-2-3","status":"publish","type":"page","link":"https:\/\/centreo3.com\/fr\/choisir-sa-session\/camp-harmonie-1-2-3\/","title":{"rendered":"Camp Interm\u00e9diaire (Secondaire 1-2-3)"},"content":{"rendered":"\t\t<div data-elementor-type=\"wp-page\" data-elementor-id=\"771\" class=\"elementor elementor-771\" data-elementor-post-type=\"page\">\n\t\t\t\t<div class=\"elementor-element elementor-element-232f5db e-flex e-con-boxed e-con e-parent\" data-id=\"232f5db\" data-element_type=\"container\" data-e-type=\"container\">\n\t\t\t\t\t<div class=\"e-con-inner\">\n\t\t\t\t<div class=\"elementor-element elementor-element-4faa8e2 elementor-widget elementor-widget-text-editor\" data-id=\"4faa8e2\" data-element_type=\"widget\" data-e-type=\"widget\" data-widget_type=\"text-editor.default\">\n\t\t\t\t<div class=\"elementor-widget-container\">\n\t\t\t\t\t\t\t\t\t<p>Camp de deux semaines pour les jeunes de la 1re, 2e et 3e secondaire. Camp ax\u00e9 sur le d\u00e9veloppement de votre instrument avec des cours priv\u00e9s offerts par un enseignant sp\u00e9cialis\u00e9 dans l\u2019instrument choisi. Lors des deux semaines, les campeurs feront de la chorale et de la pratique d\u2019ensemble. Tout au long du s\u00e9jour, ils pourront aussi s\u2019inscrire \u00e0 des activit\u00e9s optionnelles, comme le stage band ou la chorale. Un total de six heures de musique par jour est offert aux jeunes, sans les cours optionnels. De plus, nous avons des activit\u00e9s sportives en apr\u00e8s-midi et en soir\u00e9e. Deux semaines bien occup\u00e9es qui sauront les faire progresser sur leurs instruments tout en profitant de l\u2019\u00e9t\u00e9 et de notre base de plein air. \u00c0 la fin des deux semaines, un concert est offert aux parents et amis afin de voir le r\u00e9sultat de leurs efforts. Pour plus d&rsquo;informations : 1 888 834-4342.<\/p>\t\t\t\t\t\t\t\t<\/div>\n\t\t\t\t<\/div>\n\t\t\t\t<div class=\"elementor-element elementor-element-bd6d602 elementor-widget elementor-widget-text-editor\" data-id=\"bd6d602\" data-element_type=\"widget\" data-e-type=\"widget\" data-widget_type=\"text-editor.default\">\n\t\t\t\t<div class=\"elementor-widget-container\">\n\t\t\t\t\t\t\t\t\t<p>Programme de musique pour musiciens de 1re \u00e0 3e secondaire avec peu ou beaucoup d\u2019exp\u00e9rience<\/p>\t\t\t\t\t\t\t\t<\/div>\n\t\t\t\t<\/div>\n\t\t<div class=\"elementor-element elementor-element-7185d5d e-con-full e-flex e-con e-child\" data-id=\"7185d5d\" data-element_type=\"container\" data-e-type=\"container\">\n\t\t\t\t<div class=\"elementor-element elementor-element-1de0046 elementor-widget elementor-widget-jet-listing-dynamic-field\" data-id=\"1de0046\" data-element_type=\"widget\" data-e-type=\"widget\" data-widget_type=\"jet-listing-dynamic-field.default\">\n\t\t\t\t<div class=\"elementor-widget-container\">\n\t\t\t\t\t<div class=\"jet-listing jet-listing-dynamic-field display-inline\"><div class=\"jet-listing-dynamic-field__inline-wrap\"><span class=\"jet-listing-dynamic-field__content\" ><b>Dates<\/b> : 28 juin au <\/span><\/div><\/div>\t\t\t\t<\/div>\n\t\t\t\t<\/div>\n\t\t\t\t<div class=\"elementor-element elementor-element-8b79ae0 elementor-widget elementor-widget-jet-listing-dynamic-field\" data-id=\"8b79ae0\" data-element_type=\"widget\" data-e-type=\"widget\" data-widget_type=\"jet-listing-dynamic-field.default\">\n\t\t\t\t<div class=\"elementor-widget-container\">\n\t\t\t\t\t<div class=\"jet-listing jet-listing-dynamic-field display-inline\"><div class=\"jet-listing-dynamic-field__inline-wrap\"><span class=\"jet-listing-dynamic-field__content\" >10 juillet 2026<\/span><\/div><\/div>\t\t\t\t<\/div>\n\t\t\t\t<\/div>\n\t\t\t\t<\/div>\n\t\t\t\t<div class=\"elementor-element elementor-element-1dfcb53 elementor-widget elementor-widget-text-editor\" data-id=\"1dfcb53\" data-element_type=\"widget\" data-e-type=\"widget\" data-widget_type=\"text-editor.default\">\n\t\t\t\t<div class=\"elementor-widget-container\">\n\t\t\t\t\t\t\t\t\t<p><strong>Candidats\u00a0:<\/strong><\/p><ul><li>Musiciens de 1<sup>re<\/sup>, 2<sup>e<\/sup>\u00a0ou 3<sup>e<\/sup>\u00a0secondaire<\/li><li>Harmonie de niveau\u00a02, 3 ou 4<\/li><li><em>Stage band<\/em><\/li><\/ul>\t\t\t\t\t\t\t\t<\/div>\n\t\t\t\t<\/div>\n\t\t<div class=\"elementor-element elementor-element-82a32da e-con-full e-flex e-con e-child\" data-id=\"82a32da\" data-element_type=\"container\" data-e-type=\"container\">\n\t\t\t\t<div class=\"elementor-element elementor-element-972c714 elementor-widget elementor-widget-jet-listing-dynamic-field\" data-id=\"972c714\" data-element_type=\"widget\" data-e-type=\"widget\" data-widget_type=\"jet-listing-dynamic-field.default\">\n\t\t\t\t<div class=\"elementor-widget-container\">\n\t\t\t\t\t<div class=\"jet-listing jet-listing-dynamic-field display-inline\"><div class=\"jet-listing-dynamic-field__inline-wrap\"><span class=\"jet-listing-dynamic-field__content\" ><b>Tarif<\/b> : 1 470$ taxes incluses<\/span><\/div><\/div>\t\t\t\t<\/div>\n\t\t\t\t<\/div>\n\t\t\t\t<\/div>\n\t\t\t\t<div class=\"elementor-element elementor-element-5d6848c elementor-widget elementor-widget-text-editor\" data-id=\"5d6848c\" data-element_type=\"widget\" data-e-type=\"widget\" data-widget_type=\"text-editor.default\">\n\t\t\t\t<div class=\"elementor-widget-container\">\n\t\t\t\t\t\t\t\t\t<p><strong>Co-responsables de la session :\u00a0<\/strong>Maryse C\u00f4t\u00e9 et Maryka Talbot<br \/><strong>Pour information : <\/strong>1\u00a0888\u00a0834-4342<br \/>Acceptation par ordre de r\u00e9ception selon l\u2019instrument.<br \/>Le corps professoral peut changer sans pr\u00e9avis.<\/p>\t\t\t\t\t\t\t\t<\/div>\n\t\t\t\t<\/div>\n\t\t\t\t<div class=\"elementor-element elementor-element-ea71c6a elementor-widget elementor-widget-text-editor\" data-id=\"ea71c6a\" data-element_type=\"widget\" data-e-type=\"widget\" data-widget_type=\"text-editor.default\">\n\t\t\t\t<div class=\"elementor-widget-container\">\n\t\t\t\t\t\t\t\t\t<p><strong>Enseignants hautement qualifi\u00e9s :&nbsp;<\/strong><strong><br><\/strong><\/p>\n<p>Direction musicale: Jonathan Dagenais et S\u00e9bastien Roux<br>Fl\u00fbte traversi\u00e8re: M\u00e9lanie H\u00e9bert<br>Clarinette: Vincent Dodier<br>Hautbois: Sacha Payette<br>Basson: Myriam Blouin<br>Saxophone: Julie Bellavance<br>Trompette: Marie-Pier Desc\u00f4teaux<br>Trombone: Julie Patenaude<br>Tuba: Guillaume Dupuis<br>Euphonium: Julie Patenaude<br>Cor: Jessica Duranleau&nbsp;<br>Basse, contrebasse: Benoit Marquis<br>Percussions: Jean-Michel Lemire<br>Piano d\u2019accompagnement: \u00e0 venir<br>Piano: Diego Ruffolo<br>Chant choral: Bruno Blouin-Robert<\/p>\t\t\t\t\t\t\t\t<\/div>\n\t\t\t\t<\/div>\n\t\t<div class=\"elementor-element elementor-element-77965ab e-flex e-con-boxed e-con e-child\" data-id=\"77965ab\" data-element_type=\"container\" data-e-type=\"container\">\n\t\t\t\t\t<div class=\"e-con-inner\">\n\t\t\t\t<div class=\"elementor-element elementor-element-c5d96c4 elementor-widget__width-auto elementor-widget elementor-widget-button\" data-id=\"c5d96c4\" data-element_type=\"widget\" data-e-type=\"widget\" data-widget_type=\"button.default\">\n\t\t\t\t<div class=\"elementor-widget-container\">\n\t\t\t\t\t\t\t\t\t<div class=\"elementor-button-wrapper\">\n\t\t\t\t\t<a class=\"elementor-button elementor-button-link elementor-size-sm\" href=\"https:\/\/centreo3.com\/fr\/inscription\/\">\n\t\t\t\t\t\t<span class=\"elementor-button-content-wrapper\">\n\t\t\t\t\t\t\t\t\t<span class=\"elementor-button-text\">S'inscrire<\/span>\n\t\t\t\t\t<\/span>\n\t\t\t\t\t<\/a>\n\t\t\t\t<\/div>\n\t\t\t\t\t\t\t\t<\/div>\n\t\t\t\t<\/div>\n\t\t\t\t<div class=\"elementor-element elementor-element-2340053 elementor-widget__width-auto elementor-widget elementor-widget-button\" data-id=\"2340053\" data-element_type=\"widget\" data-e-type=\"widget\" data-widget_type=\"button.default\">\n\t\t\t\t<div class=\"elementor-widget-container\">\n\t\t\t\t\t\t\t\t\t<div class=\"elementor-button-wrapper\">\n\t\t\t\t\t<a class=\"elementor-button elementor-button-link elementor-size-sm\" href=\"https:\/\/centreo3.com\/fr\/demande-de-bourse\/\">\n\t\t\t\t\t\t<span class=\"elementor-button-content-wrapper\">\n\t\t\t\t\t\t\t\t\t<span class=\"elementor-button-text\">Demande de bourse<\/span>\n\t\t\t\t\t<\/span>\n\t\t\t\t\t<\/a>\n\t\t\t\t<\/div>\n\t\t\t\t\t\t\t\t<\/div>\n\t\t\t\t<\/div>\n\t\t\t\t\t<\/div>\n\t\t\t\t<\/div>\n\t\t\t\t\t<\/div>\n\t\t\t\t<\/div>\n\t\t\t\t<\/div>\n\t\t","protected":false},"excerpt":{"rendered":"<p>Camp de deux semaines pour les jeunes de la 1re, 2e et 3e secondaire. Camp ax\u00e9 sur le d\u00e9veloppement de votre instrument avec des cours priv\u00e9s offerts par un enseignant sp\u00e9cialis\u00e9 dans l\u2019instrument choisi. Lors des deux semaines, les campeurs feront de la chorale et de la pratique d\u2019ensemble. Tout au long du s\u00e9jour, ils [&hellip;]<\/p>\n","protected":false},"author":1,"featured_media":0,"parent":769,"menu_order":0,"comment_status":"closed","ping_status":"closed","template":"","meta":{"footnotes":""},"class_list":["post-771","page","type-page","status-publish","hentry"],"yoast_head":"<!-- This site is optimized with the Yoast SEO plugin v27.1.1 - https:\/\/yoast.com\/product\/yoast-seo-wordpress\/ -->\n<title>Camp Interm\u00e9diaire (Secondaire 1-2-3)<\/title>\n<meta name=\"robots\" content=\"index, follow, max-snippet:-1, max-image-preview:large, max-video-preview:-1\" \/>\n<link rel=\"canonical\" href=\"https:\/\/centreo3.com\/fr\/choisir-sa-session\/camp-harmonie-1-2-3\/\" \/>\n<meta property=\"og:locale\" content=\"fr_FR\" \/>\n<meta property=\"og:type\" content=\"article\" \/>\n<meta property=\"og:title\" content=\"Camp Interm\u00e9diaire (Secondaire 1-2-3)\" \/>\n<meta property=\"og:description\" content=\"Camp de deux semaines pour les jeunes de la 1re, 2e et 3e secondaire. Camp ax\u00e9 sur le d\u00e9veloppement de votre instrument avec des cours priv\u00e9s offerts par un enseignant sp\u00e9cialis\u00e9 dans l\u2019instrument choisi. Lors des deux semaines, les campeurs feront de la chorale et de la pratique d\u2019ensemble. Tout au long du s\u00e9jour, ils [&hellip;]\" \/>\n<meta property=\"og:url\" content=\"https:\/\/centreo3.com\/fr\/choisir-sa-session\/camp-harmonie-1-2-3\/\" \/>\n<meta property=\"og:site_name\" content=\"Centre O3\" \/>\n<meta property=\"article:modified_time\" content=\"2026-02-11T18:26:03+00:00\" \/>\n<meta name=\"twitter:card\" content=\"summary_large_image\" \/>\n<meta name=\"twitter:label1\" content=\"Dur\u00e9e de lecture estim\u00e9e\" \/>\n\t<meta name=\"twitter:data1\" content=\"2 minutes\" \/>\n<script type=\"application\/ld+json\" class=\"yoast-schema-graph\">{\"@context\":\"https:\/\/schema.org\",\"@graph\":[{\"@type\":\"WebPage\",\"@id\":\"https:\/\/centreo3.com\/fr\/choisir-sa-session\/camp-harmonie-1-2-3\/\",\"url\":\"https:\/\/centreo3.com\/fr\/choisir-sa-session\/camp-harmonie-1-2-3\/\",\"name\":\"Camp Interm\u00e9diaire (Secondaire 1-2-3)\",\"isPartOf\":{\"@id\":\"https:\/\/centreo3.com\/fr\/#website\"},\"datePublished\":\"2023-10-03T15:22:56+00:00\",\"dateModified\":\"2026-02-11T18:26:03+00:00\",\"breadcrumb\":{\"@id\":\"https:\/\/centreo3.com\/fr\/choisir-sa-session\/camp-harmonie-1-2-3\/#breadcrumb\"},\"inLanguage\":\"fr-FR\",\"potentialAction\":[{\"@type\":\"ReadAction\",\"target\":[\"https:\/\/centreo3.com\/fr\/choisir-sa-session\/camp-harmonie-1-2-3\/\"]}]},{\"@type\":\"BreadcrumbList\",\"@id\":\"https:\/\/centreo3.com\/fr\/choisir-sa-session\/camp-harmonie-1-2-3\/#breadcrumb\",\"itemListElement\":[{\"@type\":\"ListItem\",\"position\":1,\"name\":\"Accueil\",\"item\":\"https:\/\/centreo3.com\/fr\/\"},{\"@type\":\"ListItem\",\"position\":2,\"name\":\"Choisir sa session\",\"item\":\"https:\/\/centreo3.com\/fr\/choisir-sa-session\/\"},{\"@type\":\"ListItem\",\"position\":3,\"name\":\"Camp Interm\u00e9diaire (Secondaire 1-2-3)\"}]},{\"@type\":\"WebSite\",\"@id\":\"https:\/\/centreo3.com\/fr\/#website\",\"url\":\"https:\/\/centreo3.com\/fr\/\",\"name\":\"Centre O3\",\"description\":\"Salles de r\u00e9ception et h\u00e9bergements pour \u00e9v\u00e9nements\",\"publisher\":{\"@id\":\"https:\/\/centreo3.com\/fr\/#organization\"},\"potentialAction\":[{\"@type\":\"SearchAction\",\"target\":{\"@type\":\"EntryPoint\",\"urlTemplate\":\"https:\/\/centreo3.com\/fr\/?s={search_term_string}\"},\"query-input\":{\"@type\":\"PropertyValueSpecification\",\"valueRequired\":true,\"valueName\":\"search_term_string\"}}],\"inLanguage\":\"fr-FR\"},{\"@type\":\"Organization\",\"@id\":\"https:\/\/centreo3.com\/fr\/#organization\",\"name\":\"Centre O3\",\"url\":\"https:\/\/centreo3.com\/fr\/\",\"logo\":{\"@type\":\"ImageObject\",\"inLanguage\":\"fr-FR\",\"@id\":\"https:\/\/centreo3.com\/fr\/#\/schema\/logo\/image\/\",\"url\":\"https:\/\/centreo3.com\/wp-content\/uploads\/2023\/09\/centreo3-logo.svg\",\"contentUrl\":\"https:\/\/centreo3.com\/wp-content\/uploads\/2023\/09\/centreo3-logo.svg\",\"width\":257,\"height\":48,\"caption\":\"Centre O3\"},\"image\":{\"@id\":\"https:\/\/centreo3.com\/fr\/#\/schema\/logo\/image\/\"}}]}<\/script>\n<!-- \/ Yoast SEO plugin. -->","yoast_head_json":{"title":"Camp Interm\u00e9diaire (Secondaire 1-2-3)","robots":{"index":"index","follow":"follow","max-snippet":"max-snippet:-1","max-image-preview":"max-image-preview:large","max-video-preview":"max-video-preview:-1"},"canonical":"https:\/\/centreo3.com\/fr\/choisir-sa-session\/camp-harmonie-1-2-3\/","og_locale":"fr_FR","og_type":"article","og_title":"Camp Interm\u00e9diaire (Secondaire 1-2-3)","og_description":"Camp de deux semaines pour les jeunes de la 1re, 2e et 3e secondaire. Camp ax\u00e9 sur le d\u00e9veloppement de votre instrument avec des cours priv\u00e9s offerts par un enseignant sp\u00e9cialis\u00e9 dans l\u2019instrument choisi. Lors des deux semaines, les campeurs feront de la chorale et de la pratique d\u2019ensemble. Tout au long du s\u00e9jour, ils [&hellip;]","og_url":"https:\/\/centreo3.com\/fr\/choisir-sa-session\/camp-harmonie-1-2-3\/","og_site_name":"Centre O3","article_modified_time":"2026-02-11T18:26:03+00:00","twitter_card":"summary_large_image","twitter_misc":{"Dur\u00e9e de lecture estim\u00e9e":"2 minutes"},"schema":{"@context":"https:\/\/schema.org","@graph":[{"@type":"WebPage","@id":"https:\/\/centreo3.com\/fr\/choisir-sa-session\/camp-harmonie-1-2-3\/","url":"https:\/\/centreo3.com\/fr\/choisir-sa-session\/camp-harmonie-1-2-3\/","name":"Camp Interm\u00e9diaire (Secondaire 1-2-3)","isPartOf":{"@id":"https:\/\/centreo3.com\/fr\/#website"},"datePublished":"2023-10-03T15:22:56+00:00","dateModified":"2026-02-11T18:26:03+00:00","breadcrumb":{"@id":"https:\/\/centreo3.com\/fr\/choisir-sa-session\/camp-harmonie-1-2-3\/#breadcrumb"},"inLanguage":"fr-FR","potentialAction":[{"@type":"ReadAction","target":["https:\/\/centreo3.com\/fr\/choisir-sa-session\/camp-harmonie-1-2-3\/"]}]},{"@type":"BreadcrumbList","@id":"https:\/\/centreo3.com\/fr\/choisir-sa-session\/camp-harmonie-1-2-3\/#breadcrumb","itemListElement":[{"@type":"ListItem","position":1,"name":"Accueil","item":"https:\/\/centreo3.com\/fr\/"},{"@type":"ListItem","position":2,"name":"Choisir sa session","item":"https:\/\/centreo3.com\/fr\/choisir-sa-session\/"},{"@type":"ListItem","position":3,"name":"Camp Interm\u00e9diaire (Secondaire 1-2-3)"}]},{"@type":"WebSite","@id":"https:\/\/centreo3.com\/fr\/#website","url":"https:\/\/centreo3.com\/fr\/","name":"Centre O3","description":"Salles de r\u00e9ception et h\u00e9bergements pour \u00e9v\u00e9nements","publisher":{"@id":"https:\/\/centreo3.com\/fr\/#organization"},"potentialAction":[{"@type":"SearchAction","target":{"@type":"EntryPoint","urlTemplate":"https:\/\/centreo3.com\/fr\/?s={search_term_string}"},"query-input":{"@type":"PropertyValueSpecification","valueRequired":true,"valueName":"search_term_string"}}],"inLanguage":"fr-FR"},{"@type":"Organization","@id":"https:\/\/centreo3.com\/fr\/#organization","name":"Centre O3","url":"https:\/\/centreo3.com\/fr\/","logo":{"@type":"ImageObject","inLanguage":"fr-FR","@id":"https:\/\/centreo3.com\/fr\/#\/schema\/logo\/image\/","url":"https:\/\/centreo3.com\/wp-content\/uploads\/2023\/09\/centreo3-logo.svg","contentUrl":"https:\/\/centreo3.com\/wp-content\/uploads\/2023\/09\/centreo3-logo.svg","width":257,"height":48,"caption":"Centre O3"},"image":{"@id":"https:\/\/centreo3.com\/fr\/#\/schema\/logo\/image\/"}}]}},"_links":{"self":[{"href":"https:\/\/centreo3.com\/fr\/wp-json\/wp\/v2\/pages\/771","targetHints":{"allow":["GET"]}}],"collection":[{"href":"https:\/\/centreo3.com\/fr\/wp-json\/wp\/v2\/pages"}],"about":[{"href":"https:\/\/centreo3.com\/fr\/wp-json\/wp\/v2\/types\/page"}],"author":[{"embeddable":true,"href":"https:\/\/centreo3.com\/fr\/wp-json\/wp\/v2\/users\/1"}],"replies":[{"embeddable":true,"href":"https:\/\/centreo3.com\/fr\/wp-json\/wp\/v2\/comments?post=771"}],"version-history":[{"count":77,"href":"https:\/\/centreo3.com\/fr\/wp-json\/wp\/v2\/pages\/771\/revisions"}],"predecessor-version":[{"id":1869,"href":"https:\/\/centreo3.com\/fr\/wp-json\/wp\/v2\/pages\/771\/revisions\/1869"}],"up":[{"embeddable":true,"href":"https:\/\/centreo3.com\/fr\/wp-json\/wp\/v2\/pages\/769"}],"wp:attachment":[{"href":"https:\/\/centreo3.com\/fr\/wp-json\/wp\/v2\/media?parent=771"}],"curies":[{"name":"wp","href":"https:\/\/api.w.org\/{rel}","templated":true}]}}