{"id":77,"date":"2023-09-26T10:42:22","date_gmt":"2023-09-26T14:42:22","guid":{"rendered":"https:\/\/centreo3.com\/?page_id=77"},"modified":"2023-09-29T15:05:24","modified_gmt":"2023-09-29T19:05:24","slug":"quoi-faire","status":"publish","type":"page","link":"https:\/\/centreo3.com\/fr\/quoi-faire\/","title":{"rendered":"Quoi faire"},"content":{"rendered":"\t\t<div data-elementor-type=\"wp-page\" data-elementor-id=\"77\" class=\"elementor elementor-77\" data-elementor-post-type=\"page\">\n\t\t\t\t<div class=\"elementor-element elementor-element-9f4532d e-flex e-con-boxed e-con e-parent\" data-id=\"9f4532d\" data-element_type=\"container\" data-e-type=\"container\">\n\t\t\t\t\t<div class=\"e-con-inner\">\n\t\t\t\t<div class=\"elementor-element elementor-element-ec6d8f9 elementor-widget elementor-widget-text-editor\" data-id=\"ec6d8f9\" data-element_type=\"widget\" data-e-type=\"widget\" data-widget_type=\"text-editor.default\">\n\t\t\t\t<div class=\"elementor-widget-container\">\n\t\t\t\t\t\t\t\t\t<ol><li aria-level=\"1\">Aux abords du Centre O3, vous avez le lac Trois-Lacs, avec une plage municipale et une descente de bateau sur le site. Lac r\u00e9cr\u00e9atif pour plaisanciers et p\u00eacheurs.<\/li><li aria-level=\"1\">Location de paddleboards par FLOAT. Cette entreprise livre directement sur place. Une belle activit\u00e9 \u00e0 faire sur les lacs du territoire.<\/li><li aria-level=\"1\">Observatoire de la Mine, place de la Travers\u00e9e\u00a0: le site d\u2019observation de la plus grande mine \u00e0 ciel ouvert en Am\u00e9rique du Nord.\u00a0<\/li><li aria-level=\"1\">March\u00e9 public Val-des-Sources : situ\u00e9 \u00e0 la place de la Travers\u00e9e, il offre une vue imprenable sur le puits minier.\u00a0<\/li><li aria-level=\"1\">La Microbrasserie Moulin 7, l\u2019endroit parfait pour explorer de nouvelles saveurs dans le monde de la bi\u00e8re.<\/li><li aria-level=\"1\">Le Parc r\u00e9gional du Mont-Ham, c\u2019est 360o de d\u00e9couvertes!\u00a0<\/li><li aria-level=\"1\">Le P\u2019tit Bonheur de Saint-Camille : un espace de diffusion culturelle pour tous.\u00a0<\/li><li aria-level=\"1\">Le Festival des Gourmands : spectacles et gourmandise au rendez-vous!<\/li><li aria-level=\"1\">Club de Golf Royal Estrie : un parcours d\u2019une grande richesse et d\u2019une beaut\u00e9 remarquable.<\/li><li aria-level=\"1\">Club de ski de fond Val-des-Sources : 15 km de ski de fond classique et plus de 7 km de sentier pour les amateurs de raquette.\u00a0<\/li><\/ol><p>\u00a0<\/p><p>Pour l\u2019agrotourisme ou pour de l\u2019information plus sp\u00e9cifique, nous vous invitons \u00e0 suivre Tourisme des Sources \u00e0 l\u2019adresse\u00a0<a href=\"https:\/\/tourismedessources.com\/\" target=\"_blank\" rel=\"noopener\">https:\/\/tourismedessources.com.<\/a><\/p>\t\t\t\t\t\t\t\t<\/div>\n\t\t\t\t<\/div>\n\t\t\t\t\t<\/div>\n\t\t\t\t<\/div>\n\t\t\t\t<\/div>\n\t\t","protected":false},"excerpt":{"rendered":"<p>Aux abords du Centre O3, vous avez le lac Trois-Lacs, avec une plage municipale et une descente de bateau sur le site. Lac r\u00e9cr\u00e9atif pour plaisanciers et p\u00eacheurs. Location de paddleboards par FLOAT. Cette entreprise livre directement sur place. Une belle activit\u00e9 \u00e0 faire sur les lacs du territoire. Observatoire de la Mine, place de [&hellip;]<\/p>\n","protected":false},"author":1,"featured_media":0,"parent":0,"menu_order":0,"comment_status":"closed","ping_status":"closed","template":"","meta":{"footnotes":""},"class_list":["post-77","page","type-page","status-publish","hentry"],"yoast_head":"<!-- This site is optimized with the Yoast SEO plugin v27.1.1 - https:\/\/yoast.com\/product\/yoast-seo-wordpress\/ -->\n<title>Quoi faire - Centre O3<\/title>\n<meta name=\"robots\" content=\"index, follow, max-snippet:-1, max-image-preview:large, max-video-preview:-1\" \/>\n<link rel=\"canonical\" href=\"https:\/\/centreo3.com\/fr\/quoi-faire\/\" \/>\n<meta property=\"og:locale\" content=\"fr_FR\" \/>\n<meta property=\"og:type\" content=\"article\" \/>\n<meta property=\"og:title\" content=\"Quoi faire - Centre O3\" \/>\n<meta property=\"og:description\" content=\"Aux abords du Centre O3, vous avez le lac Trois-Lacs, avec une plage municipale et une descente de bateau sur le site. Lac r\u00e9cr\u00e9atif pour plaisanciers et p\u00eacheurs. Location de paddleboards par FLOAT. Cette entreprise livre directement sur place. Une belle activit\u00e9 \u00e0 faire sur les lacs du territoire. Observatoire de la Mine, place de [&hellip;]\" \/>\n<meta property=\"og:url\" content=\"https:\/\/centreo3.com\/fr\/quoi-faire\/\" \/>\n<meta property=\"og:site_name\" content=\"Centre O3\" \/>\n<meta property=\"article:modified_time\" content=\"2023-09-29T19:05:24+00:00\" \/>\n<meta name=\"twitter:card\" content=\"summary_large_image\" \/>\n<meta name=\"twitter:label1\" content=\"Dur\u00e9e de lecture estim\u00e9e\" \/>\n\t<meta name=\"twitter:data1\" content=\"1 minute\" \/>\n<script type=\"application\/ld+json\" class=\"yoast-schema-graph\">{\"@context\":\"https:\/\/schema.org\",\"@graph\":[{\"@type\":\"WebPage\",\"@id\":\"https:\/\/centreo3.com\/fr\/quoi-faire\/\",\"url\":\"https:\/\/centreo3.com\/fr\/quoi-faire\/\",\"name\":\"Quoi faire - Centre O3\",\"isPartOf\":{\"@id\":\"https:\/\/centreo3.com\/fr\/#website\"},\"datePublished\":\"2023-09-26T14:42:22+00:00\",\"dateModified\":\"2023-09-29T19:05:24+00:00\",\"breadcrumb\":{\"@id\":\"https:\/\/centreo3.com\/fr\/quoi-faire\/#breadcrumb\"},\"inLanguage\":\"fr-FR\",\"potentialAction\":[{\"@type\":\"ReadAction\",\"target\":[\"https:\/\/centreo3.com\/fr\/quoi-faire\/\"]}]},{\"@type\":\"BreadcrumbList\",\"@id\":\"https:\/\/centreo3.com\/fr\/quoi-faire\/#breadcrumb\",\"itemListElement\":[{\"@type\":\"ListItem\",\"position\":1,\"name\":\"Accueil\",\"item\":\"https:\/\/centreo3.com\/fr\/\"},{\"@type\":\"ListItem\",\"position\":2,\"name\":\"Quoi faire\"}]},{\"@type\":\"WebSite\",\"@id\":\"https:\/\/centreo3.com\/fr\/#website\",\"url\":\"https:\/\/centreo3.com\/fr\/\",\"name\":\"Centre O3\",\"description\":\"Salles de r\u00e9ception et h\u00e9bergements pour \u00e9v\u00e9nements\",\"publisher\":{\"@id\":\"https:\/\/centreo3.com\/fr\/#organization\"},\"potentialAction\":[{\"@type\":\"SearchAction\",\"target\":{\"@type\":\"EntryPoint\",\"urlTemplate\":\"https:\/\/centreo3.com\/fr\/?s={search_term_string}\"},\"query-input\":{\"@type\":\"PropertyValueSpecification\",\"valueRequired\":true,\"valueName\":\"search_term_string\"}}],\"inLanguage\":\"fr-FR\"},{\"@type\":\"Organization\",\"@id\":\"https:\/\/centreo3.com\/fr\/#organization\",\"name\":\"Centre O3\",\"url\":\"https:\/\/centreo3.com\/fr\/\",\"logo\":{\"@type\":\"ImageObject\",\"inLanguage\":\"fr-FR\",\"@id\":\"https:\/\/centreo3.com\/fr\/#\/schema\/logo\/image\/\",\"url\":\"https:\/\/centreo3.com\/wp-content\/uploads\/2023\/09\/centreo3-logo.svg\",\"contentUrl\":\"https:\/\/centreo3.com\/wp-content\/uploads\/2023\/09\/centreo3-logo.svg\",\"width\":257,\"height\":48,\"caption\":\"Centre O3\"},\"image\":{\"@id\":\"https:\/\/centreo3.com\/fr\/#\/schema\/logo\/image\/\"}}]}<\/script>\n<!-- \/ Yoast SEO plugin. -->","yoast_head_json":{"title":"Quoi faire - Centre O3","robots":{"index":"index","follow":"follow","max-snippet":"max-snippet:-1","max-image-preview":"max-image-preview:large","max-video-preview":"max-video-preview:-1"},"canonical":"https:\/\/centreo3.com\/fr\/quoi-faire\/","og_locale":"fr_FR","og_type":"article","og_title":"Quoi faire - Centre O3","og_description":"Aux abords du Centre O3, vous avez le lac Trois-Lacs, avec une plage municipale et une descente de bateau sur le site. Lac r\u00e9cr\u00e9atif pour plaisanciers et p\u00eacheurs. Location de paddleboards par FLOAT. Cette entreprise livre directement sur place. Une belle activit\u00e9 \u00e0 faire sur les lacs du territoire. Observatoire de la Mine, place de [&hellip;]","og_url":"https:\/\/centreo3.com\/fr\/quoi-faire\/","og_site_name":"Centre O3","article_modified_time":"2023-09-29T19:05:24+00:00","twitter_card":"summary_large_image","twitter_misc":{"Dur\u00e9e de lecture estim\u00e9e":"1 minute"},"schema":{"@context":"https:\/\/schema.org","@graph":[{"@type":"WebPage","@id":"https:\/\/centreo3.com\/fr\/quoi-faire\/","url":"https:\/\/centreo3.com\/fr\/quoi-faire\/","name":"Quoi faire - Centre O3","isPartOf":{"@id":"https:\/\/centreo3.com\/fr\/#website"},"datePublished":"2023-09-26T14:42:22+00:00","dateModified":"2023-09-29T19:05:24+00:00","breadcrumb":{"@id":"https:\/\/centreo3.com\/fr\/quoi-faire\/#breadcrumb"},"inLanguage":"fr-FR","potentialAction":[{"@type":"ReadAction","target":["https:\/\/centreo3.com\/fr\/quoi-faire\/"]}]},{"@type":"BreadcrumbList","@id":"https:\/\/centreo3.com\/fr\/quoi-faire\/#breadcrumb","itemListElement":[{"@type":"ListItem","position":1,"name":"Accueil","item":"https:\/\/centreo3.com\/fr\/"},{"@type":"ListItem","position":2,"name":"Quoi faire"}]},{"@type":"WebSite","@id":"https:\/\/centreo3.com\/fr\/#website","url":"https:\/\/centreo3.com\/fr\/","name":"Centre O3","description":"Salles de r\u00e9ception et h\u00e9bergements pour \u00e9v\u00e9nements","publisher":{"@id":"https:\/\/centreo3.com\/fr\/#organization"},"potentialAction":[{"@type":"SearchAction","target":{"@type":"EntryPoint","urlTemplate":"https:\/\/centreo3.com\/fr\/?s={search_term_string}"},"query-input":{"@type":"PropertyValueSpecification","valueRequired":true,"valueName":"search_term_string"}}],"inLanguage":"fr-FR"},{"@type":"Organization","@id":"https:\/\/centreo3.com\/fr\/#organization","name":"Centre O3","url":"https:\/\/centreo3.com\/fr\/","logo":{"@type":"ImageObject","inLanguage":"fr-FR","@id":"https:\/\/centreo3.com\/fr\/#\/schema\/logo\/image\/","url":"https:\/\/centreo3.com\/wp-content\/uploads\/2023\/09\/centreo3-logo.svg","contentUrl":"https:\/\/centreo3.com\/wp-content\/uploads\/2023\/09\/centreo3-logo.svg","width":257,"height":48,"caption":"Centre O3"},"image":{"@id":"https:\/\/centreo3.com\/fr\/#\/schema\/logo\/image\/"}}]}},"_links":{"self":[{"href":"https:\/\/centreo3.com\/fr\/wp-json\/wp\/v2\/pages\/77","targetHints":{"allow":["GET"]}}],"collection":[{"href":"https:\/\/centreo3.com\/fr\/wp-json\/wp\/v2\/pages"}],"about":[{"href":"https:\/\/centreo3.com\/fr\/wp-json\/wp\/v2\/types\/page"}],"author":[{"embeddable":true,"href":"https:\/\/centreo3.com\/fr\/wp-json\/wp\/v2\/users\/1"}],"replies":[{"embeddable":true,"href":"https:\/\/centreo3.com\/fr\/wp-json\/wp\/v2\/comments?post=77"}],"version-history":[{"count":4,"href":"https:\/\/centreo3.com\/fr\/wp-json\/wp\/v2\/pages\/77\/revisions"}],"predecessor-version":[{"id":451,"href":"https:\/\/centreo3.com\/fr\/wp-json\/wp\/v2\/pages\/77\/revisions\/451"}],"wp:attachment":[{"href":"https:\/\/centreo3.com\/fr\/wp-json\/wp\/v2\/media?parent=77"}],"curies":[{"name":"wp","href":"https:\/\/api.w.org\/{rel}","templated":true}]}}