{"id":767,"date":"2023-10-03T11:22:07","date_gmt":"2023-10-03T15:22:07","guid":{"rendered":"https:\/\/centreo3.com\/?page_id=767"},"modified":"2023-10-03T16:39:16","modified_gmt":"2023-10-03T20:39:16","slug":"le-camp","status":"publish","type":"page","link":"https:\/\/centreo3.com\/fr\/le-camp\/","title":{"rendered":"\u00c0 propos du camp musical"},"content":{"rendered":"\t\t<div data-elementor-type=\"wp-page\" data-elementor-id=\"767\" class=\"elementor elementor-767\" data-elementor-post-type=\"page\">\n\t\t\t\t<div class=\"elementor-element elementor-element-3dfa7d5 e-flex e-con-boxed e-con e-parent\" data-id=\"3dfa7d5\" data-element_type=\"container\" data-e-type=\"container\">\n\t\t\t\t\t<div class=\"e-con-inner\">\n\t\t\t\t<div class=\"elementor-element elementor-element-5710706 elementor-widget elementor-widget-heading\" data-id=\"5710706\" data-element_type=\"widget\" data-e-type=\"widget\" data-widget_type=\"heading.default\">\n\t\t\t\t<div class=\"elementor-widget-container\">\n\t\t\t\t\t<h2 class=\"elementor-heading-title elementor-size-default\">Un camp musical parmi les plus reconnus au Qu\u00e9bec<\/h2>\t\t\t\t<\/div>\n\t\t\t\t<\/div>\n\t\t\t\t<div class=\"elementor-element elementor-element-fa18257 elementor-widget elementor-widget-text-editor\" data-id=\"fa18257\" data-element_type=\"widget\" data-e-type=\"widget\" data-widget_type=\"text-editor.default\">\n\t\t\t\t<div class=\"elementor-widget-container\">\n\t\t\t\t\t\t\t\t\t<p>Le Camp Musical Val-des-Sources a \u00e9t\u00e9 fond\u00e9 en 1961 par l\u2019Harmonie d\u2019Asbestos. Sa mission est de rendre la musique accessible aux jeunes. Il y a quelques ann\u00e9es, une fondation a \u00e9t\u00e9 mise sur pied afin d\u2019augmenter encore la port\u00e9e de la mission du Camp\u2009; la Fondation du Camp Musical Val-des-Sources offre des bourses \u00e0 de jeunes musiciens de partout au Qu\u00e9bec afin de leur donner acc\u00e8s \u00e0 des formations professionnelles dispens\u00e9es par des enseignants passionn\u00e9s.<\/p><p>Nous offrons durant la saison estivale des camps d\u2019une \u00e0 deux semaines sp\u00e9cialis\u00e9s en musique d\u2019harmonie. Nos nombreux enseignants, qui sont souvent des collaborateurs de longue date, ainsi que notre personnel professionnel et accueillant assurent aux campeurs un s\u00e9jour \u00e9ducatif et dynamique. Notre piscine creus\u00e9e ainsi que nos nombreux terrains de sport sauront rappeler \u00e0 nos campeurs qu\u2019ils sont quand m\u00eame en p\u00e9riode de cong\u00e9 scolaire\u2009! D\u2019ailleurs, gr\u00e2ce \u00e0 notre emplacement en pleine nature aux abords des Trois-Lacs, nous pouvons nous targuer d\u2019offrir \u00e0 nos campeurs un environnement sain et propice autant aux apprentissages qu\u2019\u00e0 la d\u00e9tente.<\/p><p>Nous sommes toujours tr\u00e8s heureux de voir les liens qui se cr\u00e9ent entre les campeurs durant leur s\u00e9jour au camp musical\u00a0: des campeurs qui au d\u00e9part \u00e9taient r\u00e9ticents \u00e0 l\u2019id\u00e9e de passer les 2\u00a0prochaines semaines avec des inconnus ont finalement quitt\u00e9 le camp les larmes aux yeux au moment de dire au revoir \u00e0 leurs nouveaux amis\u2009! Vivement l\u2019\u00e9t\u00e9 prochain pour pratiquer ensemble et au grand air leurs instruments respectifs\u2009!<\/p><p>Depuis 1961, le Camp Musical Val-des-Sources forme la jeunesse musicale du Qu\u00e9bec. Beaucoup d\u2019anciens campeurs maintenant adultes inscrivent aujourd\u2019hui leurs enfants pour leur donner la chance de vivre aussi ce qui a \u00e9t\u00e9 l\u2019un de leurs plus beaux souvenirs de jeunesse.<\/p>\t\t\t\t\t\t\t\t<\/div>\n\t\t\t\t<\/div>\n\t\t\t\t<div class=\"elementor-element elementor-element-30ac339 elementor-widget elementor-widget-heading\" data-id=\"30ac339\" data-element_type=\"widget\" data-e-type=\"widget\" data-widget_type=\"heading.default\">\n\t\t\t\t<div class=\"elementor-widget-container\">\n\t\t\t\t\t<h2 class=\"elementor-heading-title elementor-size-default\">Concept et \u00e9quipe<\/h2>\t\t\t\t<\/div>\n\t\t\t\t<\/div>\n\t\t\t\t<div class=\"elementor-element elementor-element-cf5dc5c elementor-widget elementor-widget-text-editor\" data-id=\"cf5dc5c\" data-element_type=\"widget\" data-e-type=\"widget\" data-widget_type=\"text-editor.default\">\n\t\t\t\t<div class=\"elementor-widget-container\">\n\t\t\t\t\t\t\t\t\t<p>Nos camps sont ax\u00e9s sur la pratique et la technique et les campeurs sont accompagn\u00e9s par des professeurs sp\u00e9cialis\u00e9s selon leur instrument. Ce qui nous distingue des autres camps, ce sont nos s\u00e9jours de 2 semaines : selon l\u2019exp\u00e9rience que nous avons acquise au fil du temps, cette dur\u00e9e permet la meilleure qualit\u00e9 d\u2019apprentissage possible. Le campeur a le temps de connecter avec son instrument et d\u2019assimiler plus de mati\u00e8re. Cette dur\u00e9e rend aussi possible la tenue d\u2019un concert de 2 heures \u00e0 la fin du camp.<\/p><p>Les campeurs ont 6 heures de musique par jour et un horaire tr\u00e8s charg\u00e9. Au programme : le matin, chant choral pour former l\u2019oreille musicale, pratique d\u2019ensemble avec l\u2019harmonie enti\u00e8re et pratique individuelle, en sectionnelle ou en cours priv\u00e9\u2009; en apr\u00e8s-midi, s\u00e9ance de sport ou de d\u00e9tente sur la base de plein air\u2009; en soir\u00e9e, pratique d\u2019ensemble dans la grande salle de concert afin de consolider les acquis de la journ\u00e9e et autre temps de d\u00e9tente avec activit\u00e9s organis\u00e9es par le professeur de sport pour favoriser les liens entre les campeurs.<\/p><p>Notre \u00e9quipe est constitu\u00e9e d\u2019enseignants du niveau primaire au niveau universitaire. Les enseignants r\u00e9sident sur place tout au long du camp et, puisque l\u2019aspect familial est de mise chez nous, ils sont souvent accompagn\u00e9s de leurs familles. La plupart sont avec nous depuis tr\u00e8s longtemps, ce qui explique les forts liens entre tous et l\u2019ambiance chaleureuse qui caract\u00e9rise le camp.<\/p><p>Nous avons aussi la chance de compter sur une \u00e9quipe formidable de moniteurs qui suit les campeurs tout au long de leur s\u00e9jour. La totalit\u00e9 des moniteurs sont d\u2019anciens campeurs, ce qui leur permet de bien conna\u00eetre le d\u00e9roulement et les r\u00e8glements du camp.<\/p><p>Pour orchestrer le tout, l\u2019\u00e9quipe de direction du Camp s\u2019assure de la propret\u00e9 des lieux ainsi que de la communication entre les divers acteurs pendant le s\u00e9jour. Notre \u00e9quipe souriante et dynamique est tr\u00e8s heureuse d\u2019\u00eatre baign\u00e9e de musique de toutes parts et de voir les campeurs \u00e9voluer au fil du temps.<\/p>\t\t\t\t\t\t\t\t<\/div>\n\t\t\t\t<\/div>\n\t\t\t\t\t<\/div>\n\t\t\t\t<\/div>\n\t\t\t\t<\/div>\n\t\t","protected":false},"excerpt":{"rendered":"<p>Un camp musical parmi les plus reconnus au Qu\u00e9bec Le Camp Musical Val-des-Sources a \u00e9t\u00e9 fond\u00e9 en 1961 par l\u2019Harmonie d\u2019Asbestos. Sa mission est de rendre la musique accessible aux jeunes. Il y a quelques ann\u00e9es, une fondation a \u00e9t\u00e9 mise sur pied afin d\u2019augmenter encore la port\u00e9e de la mission du Camp\u2009; la Fondation [&hellip;]<\/p>\n","protected":false},"author":1,"featured_media":0,"parent":0,"menu_order":0,"comment_status":"closed","ping_status":"closed","template":"","meta":{"footnotes":""},"class_list":["post-767","page","type-page","status-publish","hentry"],"yoast_head":"<!-- This site is optimized with the Yoast SEO plugin v27.1.1 - https:\/\/yoast.com\/product\/yoast-seo-wordpress\/ -->\n<title>\u00c0 propos du camp musical - Camp musical Val-des-Sources<\/title>\n<meta name=\"robots\" content=\"index, follow, max-snippet:-1, max-image-preview:large, max-video-preview:-1\" \/>\n<link rel=\"canonical\" href=\"https:\/\/centreo3.com\/fr\/le-camp\/\" \/>\n<meta property=\"og:locale\" content=\"fr_FR\" \/>\n<meta property=\"og:type\" content=\"article\" \/>\n<meta property=\"og:title\" content=\"\u00c0 propos du camp musical - Camp musical Val-des-Sources\" \/>\n<meta property=\"og:description\" content=\"Un camp musical parmi les plus reconnus au Qu\u00e9bec Le Camp Musical Val-des-Sources a \u00e9t\u00e9 fond\u00e9 en 1961 par l\u2019Harmonie d\u2019Asbestos. Sa mission est de rendre la musique accessible aux jeunes. Il y a quelques ann\u00e9es, une fondation a \u00e9t\u00e9 mise sur pied afin d\u2019augmenter encore la port\u00e9e de la mission du Camp\u2009; la Fondation [&hellip;]\" \/>\n<meta property=\"og:url\" content=\"https:\/\/centreo3.com\/fr\/le-camp\/\" \/>\n<meta property=\"og:site_name\" content=\"Centre O3\" \/>\n<meta property=\"article:modified_time\" content=\"2023-10-03T20:39:16+00:00\" \/>\n<meta name=\"twitter:card\" content=\"summary_large_image\" \/>\n<meta name=\"twitter:label1\" content=\"Dur\u00e9e de lecture estim\u00e9e\" \/>\n\t<meta name=\"twitter:data1\" content=\"4 minutes\" \/>\n<script type=\"application\/ld+json\" class=\"yoast-schema-graph\">{\"@context\":\"https:\/\/schema.org\",\"@graph\":[{\"@type\":\"WebPage\",\"@id\":\"https:\/\/centreo3.com\/fr\/le-camp\/\",\"url\":\"https:\/\/centreo3.com\/fr\/le-camp\/\",\"name\":\"\u00c0 propos du camp musical - Camp musical Val-des-Sources\",\"isPartOf\":{\"@id\":\"https:\/\/centreo3.com\/fr\/#website\"},\"datePublished\":\"2023-10-03T15:22:07+00:00\",\"dateModified\":\"2023-10-03T20:39:16+00:00\",\"breadcrumb\":{\"@id\":\"https:\/\/centreo3.com\/fr\/le-camp\/#breadcrumb\"},\"inLanguage\":\"fr-FR\",\"potentialAction\":[{\"@type\":\"ReadAction\",\"target\":[\"https:\/\/centreo3.com\/fr\/le-camp\/\"]}]},{\"@type\":\"BreadcrumbList\",\"@id\":\"https:\/\/centreo3.com\/fr\/le-camp\/#breadcrumb\",\"itemListElement\":[{\"@type\":\"ListItem\",\"position\":1,\"name\":\"Accueil\",\"item\":\"https:\/\/centreo3.com\/fr\/\"},{\"@type\":\"ListItem\",\"position\":2,\"name\":\"\u00c0 propos du camp musical\"}]},{\"@type\":\"WebSite\",\"@id\":\"https:\/\/centreo3.com\/fr\/#website\",\"url\":\"https:\/\/centreo3.com\/fr\/\",\"name\":\"Centre O3\",\"description\":\"Salles de r\u00e9ception et h\u00e9bergements pour \u00e9v\u00e9nements\",\"publisher\":{\"@id\":\"https:\/\/centreo3.com\/fr\/#organization\"},\"potentialAction\":[{\"@type\":\"SearchAction\",\"target\":{\"@type\":\"EntryPoint\",\"urlTemplate\":\"https:\/\/centreo3.com\/fr\/?s={search_term_string}\"},\"query-input\":{\"@type\":\"PropertyValueSpecification\",\"valueRequired\":true,\"valueName\":\"search_term_string\"}}],\"inLanguage\":\"fr-FR\"},{\"@type\":\"Organization\",\"@id\":\"https:\/\/centreo3.com\/fr\/#organization\",\"name\":\"Centre O3\",\"url\":\"https:\/\/centreo3.com\/fr\/\",\"logo\":{\"@type\":\"ImageObject\",\"inLanguage\":\"fr-FR\",\"@id\":\"https:\/\/centreo3.com\/fr\/#\/schema\/logo\/image\/\",\"url\":\"https:\/\/centreo3.com\/wp-content\/uploads\/2023\/09\/centreo3-logo.svg\",\"contentUrl\":\"https:\/\/centreo3.com\/wp-content\/uploads\/2023\/09\/centreo3-logo.svg\",\"width\":257,\"height\":48,\"caption\":\"Centre O3\"},\"image\":{\"@id\":\"https:\/\/centreo3.com\/fr\/#\/schema\/logo\/image\/\"}}]}<\/script>\n<!-- \/ Yoast SEO plugin. -->","yoast_head_json":{"title":"\u00c0 propos du camp musical - Camp musical Val-des-Sources","robots":{"index":"index","follow":"follow","max-snippet":"max-snippet:-1","max-image-preview":"max-image-preview:large","max-video-preview":"max-video-preview:-1"},"canonical":"https:\/\/centreo3.com\/fr\/le-camp\/","og_locale":"fr_FR","og_type":"article","og_title":"\u00c0 propos du camp musical - Camp musical Val-des-Sources","og_description":"Un camp musical parmi les plus reconnus au Qu\u00e9bec Le Camp Musical Val-des-Sources a \u00e9t\u00e9 fond\u00e9 en 1961 par l\u2019Harmonie d\u2019Asbestos. Sa mission est de rendre la musique accessible aux jeunes. Il y a quelques ann\u00e9es, une fondation a \u00e9t\u00e9 mise sur pied afin d\u2019augmenter encore la port\u00e9e de la mission du Camp\u2009; la Fondation [&hellip;]","og_url":"https:\/\/centreo3.com\/fr\/le-camp\/","og_site_name":"Centre O3","article_modified_time":"2023-10-03T20:39:16+00:00","twitter_card":"summary_large_image","twitter_misc":{"Dur\u00e9e de lecture estim\u00e9e":"4 minutes"},"schema":{"@context":"https:\/\/schema.org","@graph":[{"@type":"WebPage","@id":"https:\/\/centreo3.com\/fr\/le-camp\/","url":"https:\/\/centreo3.com\/fr\/le-camp\/","name":"\u00c0 propos du camp musical - Camp musical Val-des-Sources","isPartOf":{"@id":"https:\/\/centreo3.com\/fr\/#website"},"datePublished":"2023-10-03T15:22:07+00:00","dateModified":"2023-10-03T20:39:16+00:00","breadcrumb":{"@id":"https:\/\/centreo3.com\/fr\/le-camp\/#breadcrumb"},"inLanguage":"fr-FR","potentialAction":[{"@type":"ReadAction","target":["https:\/\/centreo3.com\/fr\/le-camp\/"]}]},{"@type":"BreadcrumbList","@id":"https:\/\/centreo3.com\/fr\/le-camp\/#breadcrumb","itemListElement":[{"@type":"ListItem","position":1,"name":"Accueil","item":"https:\/\/centreo3.com\/fr\/"},{"@type":"ListItem","position":2,"name":"\u00c0 propos du camp musical"}]},{"@type":"WebSite","@id":"https:\/\/centreo3.com\/fr\/#website","url":"https:\/\/centreo3.com\/fr\/","name":"Centre O3","description":"Salles de r\u00e9ception et h\u00e9bergements pour \u00e9v\u00e9nements","publisher":{"@id":"https:\/\/centreo3.com\/fr\/#organization"},"potentialAction":[{"@type":"SearchAction","target":{"@type":"EntryPoint","urlTemplate":"https:\/\/centreo3.com\/fr\/?s={search_term_string}"},"query-input":{"@type":"PropertyValueSpecification","valueRequired":true,"valueName":"search_term_string"}}],"inLanguage":"fr-FR"},{"@type":"Organization","@id":"https:\/\/centreo3.com\/fr\/#organization","name":"Centre O3","url":"https:\/\/centreo3.com\/fr\/","logo":{"@type":"ImageObject","inLanguage":"fr-FR","@id":"https:\/\/centreo3.com\/fr\/#\/schema\/logo\/image\/","url":"https:\/\/centreo3.com\/wp-content\/uploads\/2023\/09\/centreo3-logo.svg","contentUrl":"https:\/\/centreo3.com\/wp-content\/uploads\/2023\/09\/centreo3-logo.svg","width":257,"height":48,"caption":"Centre O3"},"image":{"@id":"https:\/\/centreo3.com\/fr\/#\/schema\/logo\/image\/"}}]}},"_links":{"self":[{"href":"https:\/\/centreo3.com\/fr\/wp-json\/wp\/v2\/pages\/767","targetHints":{"allow":["GET"]}}],"collection":[{"href":"https:\/\/centreo3.com\/fr\/wp-json\/wp\/v2\/pages"}],"about":[{"href":"https:\/\/centreo3.com\/fr\/wp-json\/wp\/v2\/types\/page"}],"author":[{"embeddable":true,"href":"https:\/\/centreo3.com\/fr\/wp-json\/wp\/v2\/users\/1"}],"replies":[{"embeddable":true,"href":"https:\/\/centreo3.com\/fr\/wp-json\/wp\/v2\/comments?post=767"}],"version-history":[{"count":6,"href":"https:\/\/centreo3.com\/fr\/wp-json\/wp\/v2\/pages\/767\/revisions"}],"predecessor-version":[{"id":1072,"href":"https:\/\/centreo3.com\/fr\/wp-json\/wp\/v2\/pages\/767\/revisions\/1072"}],"wp:attachment":[{"href":"https:\/\/centreo3.com\/fr\/wp-json\/wp\/v2\/media?parent=767"}],"curies":[{"name":"wp","href":"https:\/\/api.w.org\/{rel}","templated":true}]}}