{"id":75,"date":"2023-09-26T10:42:02","date_gmt":"2023-09-26T14:42:02","guid":{"rendered":"https:\/\/centreo3.com\/?page_id=75"},"modified":"2023-09-29T15:02:16","modified_gmt":"2023-09-29T19:02:16","slug":"location-materiel-specialise-audiovisuel","status":"publish","type":"page","link":"https:\/\/centreo3.com\/fr\/services\/location-materiel-specialise-audiovisuel\/","title":{"rendered":"Location de mat\u00e9riel sp\u00e9cialis\u00e9 et audiovisuel"},"content":{"rendered":"\t\t<div data-elementor-type=\"wp-page\" data-elementor-id=\"75\" class=\"elementor elementor-75\" data-elementor-post-type=\"page\">\n\t\t\t\t<div class=\"elementor-element elementor-element-bcb5793 e-flex e-con-boxed e-con e-parent\" data-id=\"bcb5793\" data-element_type=\"container\" data-e-type=\"container\">\n\t\t\t\t\t<div class=\"e-con-inner\">\n\t\t\t\t<div class=\"elementor-element elementor-element-9b5535b elementor-widget elementor-widget-text-editor\" data-id=\"9b5535b\" data-element_type=\"widget\" data-e-type=\"widget\" data-widget_type=\"text-editor.default\">\n\t\t\t\t<div class=\"elementor-widget-container\">\n\t\t\t\t\t\t\t\t\t<p>\u00c9tant donn\u00e9 l\u2019\u00e9ventail d\u2019\u00e9v\u00e9nements que nous accueillons chaque ann\u00e9e au sein de nos infrastructures, nous avons constitu\u00e9 un stock impressionnant de mat\u00e9riel sp\u00e9cialis\u00e9 que nous louons aussi pour les \u00e9v\u00e9nements qui se d\u00e9roulent \u00e0 l\u2019ext\u00e9rieur de notre site. Que ce soit pour transformer une usine en salle de r\u00e9ception ou un terrain en espace de r\u00e9ception ext\u00e9rieur, nous avons tout pour r\u00e9aliser les projets les plus fous. De la vaisselle aux tapis rouges, des rideaux aux voiturettes de golf, des tables rondes aux sc\u00e8ne de spectacle, nous poss\u00e9dons beaucoup de mat\u00e9riel sp\u00e9cialis\u00e9 \u00e0 louer pouvant faire de votre \u00e9v\u00e9nement un r\u00e9el succ\u00e8s.<\/p>\t\t\t\t\t\t\t\t<\/div>\n\t\t\t\t<\/div>\n\t\t\t\t<div class=\"elementor-element elementor-element-1a060be elementor-widget elementor-widget-heading\" data-id=\"1a060be\" data-element_type=\"widget\" data-e-type=\"widget\" data-widget_type=\"heading.default\">\n\t\t\t\t<div class=\"elementor-widget-container\">\n\t\t\t\t\t<h2 class=\"elementor-heading-title elementor-size-default\">Location de mat\u00e9riel audiovisuel<\/h2>\t\t\t\t<\/div>\n\t\t\t\t<\/div>\n\t\t\t\t<div class=\"elementor-element elementor-element-df109db elementor-widget elementor-widget-text-editor\" data-id=\"df109db\" data-element_type=\"widget\" data-e-type=\"widget\" data-widget_type=\"text-editor.default\">\n\t\t\t\t<div class=\"elementor-widget-container\">\n\t\t\t\t\t\t\t\t\t<p>Nous faisons aussi la location de mat\u00e9riel audiovisuel. Nous avons tout l\u2019\u00e9quipement n\u00e9cessaire pour pr\u00e9senter des concerts tant ext\u00e9rieurs qu\u2019int\u00e9rieurs\u00a0: syst\u00e8mes de sonorisation, moniteurs pr\u00e9amplifi\u00e9s, microphones de toutes sortes, etc. Pour vous simplifier la vie, nous offrons aussi le service de livraison et d\u2019installation. Encore une fois, il est impossible pour nous de fournir la liste compl\u00e8te de nos \u00e9quipements audiovisuels et services; le meilleur moyen d\u2019avoir r\u00e9ponse \u00e0 vos questions est d\u2019entrer en contact avec nous ou de demander une soumission en ligne.<\/p>\t\t\t\t\t\t\t\t<\/div>\n\t\t\t\t<\/div>\n\t\t\t\t\t<\/div>\n\t\t\t\t<\/div>\n\t\t\t\t<\/div>\n\t\t","protected":false},"excerpt":{"rendered":"<p>\u00c9tant donn\u00e9 l\u2019\u00e9ventail d\u2019\u00e9v\u00e9nements que nous accueillons chaque ann\u00e9e au sein de nos infrastructures, nous avons constitu\u00e9 un stock impressionnant de mat\u00e9riel sp\u00e9cialis\u00e9 que nous louons aussi pour les \u00e9v\u00e9nements qui se d\u00e9roulent \u00e0 l\u2019ext\u00e9rieur de notre site. Que ce soit pour transformer une usine en salle de r\u00e9ception ou un terrain en espace de [&hellip;]<\/p>\n","protected":false},"author":1,"featured_media":0,"parent":71,"menu_order":0,"comment_status":"closed","ping_status":"closed","template":"","meta":{"footnotes":""},"class_list":["post-75","page","type-page","status-publish","hentry"],"yoast_head":"<!-- This site is optimized with the Yoast SEO plugin v27.1.1 - https:\/\/yoast.com\/product\/yoast-seo-wordpress\/ -->\n<title>Location de mat\u00e9riel sp\u00e9cialis\u00e9 et audiovisuel - Centre O3<\/title>\n<meta name=\"robots\" content=\"index, follow, max-snippet:-1, max-image-preview:large, max-video-preview:-1\" \/>\n<link rel=\"canonical\" href=\"https:\/\/centreo3.com\/fr\/services\/location-materiel-specialise-audiovisuel\/\" \/>\n<meta property=\"og:locale\" content=\"fr_FR\" \/>\n<meta property=\"og:type\" content=\"article\" \/>\n<meta property=\"og:title\" content=\"Location de mat\u00e9riel sp\u00e9cialis\u00e9 et audiovisuel - Centre O3\" \/>\n<meta property=\"og:description\" content=\"\u00c9tant donn\u00e9 l\u2019\u00e9ventail d\u2019\u00e9v\u00e9nements que nous accueillons chaque ann\u00e9e au sein de nos infrastructures, nous avons constitu\u00e9 un stock impressionnant de mat\u00e9riel sp\u00e9cialis\u00e9 que nous louons aussi pour les \u00e9v\u00e9nements qui se d\u00e9roulent \u00e0 l\u2019ext\u00e9rieur de notre site. Que ce soit pour transformer une usine en salle de r\u00e9ception ou un terrain en espace de [&hellip;]\" \/>\n<meta property=\"og:url\" content=\"https:\/\/centreo3.com\/fr\/services\/location-materiel-specialise-audiovisuel\/\" \/>\n<meta property=\"og:site_name\" content=\"Centre O3\" \/>\n<meta property=\"article:modified_time\" content=\"2023-09-29T19:02:16+00:00\" \/>\n<meta name=\"twitter:card\" content=\"summary_large_image\" \/>\n<meta name=\"twitter:label1\" content=\"Dur\u00e9e de lecture estim\u00e9e\" \/>\n\t<meta name=\"twitter:data1\" content=\"1 minute\" \/>\n<script type=\"application\/ld+json\" class=\"yoast-schema-graph\">{\"@context\":\"https:\/\/schema.org\",\"@graph\":[{\"@type\":\"WebPage\",\"@id\":\"https:\/\/centreo3.com\/fr\/services\/location-materiel-specialise-audiovisuel\/\",\"url\":\"https:\/\/centreo3.com\/fr\/services\/location-materiel-specialise-audiovisuel\/\",\"name\":\"Location de mat\u00e9riel sp\u00e9cialis\u00e9 et audiovisuel - Centre O3\",\"isPartOf\":{\"@id\":\"https:\/\/centreo3.com\/fr\/#website\"},\"datePublished\":\"2023-09-26T14:42:02+00:00\",\"dateModified\":\"2023-09-29T19:02:16+00:00\",\"breadcrumb\":{\"@id\":\"https:\/\/centreo3.com\/fr\/services\/location-materiel-specialise-audiovisuel\/#breadcrumb\"},\"inLanguage\":\"fr-FR\",\"potentialAction\":[{\"@type\":\"ReadAction\",\"target\":[\"https:\/\/centreo3.com\/fr\/services\/location-materiel-specialise-audiovisuel\/\"]}]},{\"@type\":\"BreadcrumbList\",\"@id\":\"https:\/\/centreo3.com\/fr\/services\/location-materiel-specialise-audiovisuel\/#breadcrumb\",\"itemListElement\":[{\"@type\":\"ListItem\",\"position\":1,\"name\":\"Accueil\",\"item\":\"https:\/\/centreo3.com\/fr\/\"},{\"@type\":\"ListItem\",\"position\":2,\"name\":\"Services\",\"item\":\"https:\/\/centreo3.com\/fr\/services\/\"},{\"@type\":\"ListItem\",\"position\":3,\"name\":\"Location de mat\u00e9riel sp\u00e9cialis\u00e9 et audiovisuel\"}]},{\"@type\":\"WebSite\",\"@id\":\"https:\/\/centreo3.com\/fr\/#website\",\"url\":\"https:\/\/centreo3.com\/fr\/\",\"name\":\"Centre O3\",\"description\":\"Salles de r\u00e9ception et h\u00e9bergements pour \u00e9v\u00e9nements\",\"publisher\":{\"@id\":\"https:\/\/centreo3.com\/fr\/#organization\"},\"potentialAction\":[{\"@type\":\"SearchAction\",\"target\":{\"@type\":\"EntryPoint\",\"urlTemplate\":\"https:\/\/centreo3.com\/fr\/?s={search_term_string}\"},\"query-input\":{\"@type\":\"PropertyValueSpecification\",\"valueRequired\":true,\"valueName\":\"search_term_string\"}}],\"inLanguage\":\"fr-FR\"},{\"@type\":\"Organization\",\"@id\":\"https:\/\/centreo3.com\/fr\/#organization\",\"name\":\"Centre O3\",\"url\":\"https:\/\/centreo3.com\/fr\/\",\"logo\":{\"@type\":\"ImageObject\",\"inLanguage\":\"fr-FR\",\"@id\":\"https:\/\/centreo3.com\/fr\/#\/schema\/logo\/image\/\",\"url\":\"https:\/\/centreo3.com\/wp-content\/uploads\/2023\/09\/centreo3-logo.svg\",\"contentUrl\":\"https:\/\/centreo3.com\/wp-content\/uploads\/2023\/09\/centreo3-logo.svg\",\"width\":257,\"height\":48,\"caption\":\"Centre O3\"},\"image\":{\"@id\":\"https:\/\/centreo3.com\/fr\/#\/schema\/logo\/image\/\"}}]}<\/script>\n<!-- \/ Yoast SEO plugin. -->","yoast_head_json":{"title":"Location de mat\u00e9riel sp\u00e9cialis\u00e9 et audiovisuel - Centre O3","robots":{"index":"index","follow":"follow","max-snippet":"max-snippet:-1","max-image-preview":"max-image-preview:large","max-video-preview":"max-video-preview:-1"},"canonical":"https:\/\/centreo3.com\/fr\/services\/location-materiel-specialise-audiovisuel\/","og_locale":"fr_FR","og_type":"article","og_title":"Location de mat\u00e9riel sp\u00e9cialis\u00e9 et audiovisuel - Centre O3","og_description":"\u00c9tant donn\u00e9 l\u2019\u00e9ventail d\u2019\u00e9v\u00e9nements que nous accueillons chaque ann\u00e9e au sein de nos infrastructures, nous avons constitu\u00e9 un stock impressionnant de mat\u00e9riel sp\u00e9cialis\u00e9 que nous louons aussi pour les \u00e9v\u00e9nements qui se d\u00e9roulent \u00e0 l\u2019ext\u00e9rieur de notre site. Que ce soit pour transformer une usine en salle de r\u00e9ception ou un terrain en espace de [&hellip;]","og_url":"https:\/\/centreo3.com\/fr\/services\/location-materiel-specialise-audiovisuel\/","og_site_name":"Centre O3","article_modified_time":"2023-09-29T19:02:16+00:00","twitter_card":"summary_large_image","twitter_misc":{"Dur\u00e9e de lecture estim\u00e9e":"1 minute"},"schema":{"@context":"https:\/\/schema.org","@graph":[{"@type":"WebPage","@id":"https:\/\/centreo3.com\/fr\/services\/location-materiel-specialise-audiovisuel\/","url":"https:\/\/centreo3.com\/fr\/services\/location-materiel-specialise-audiovisuel\/","name":"Location de mat\u00e9riel sp\u00e9cialis\u00e9 et audiovisuel - Centre O3","isPartOf":{"@id":"https:\/\/centreo3.com\/fr\/#website"},"datePublished":"2023-09-26T14:42:02+00:00","dateModified":"2023-09-29T19:02:16+00:00","breadcrumb":{"@id":"https:\/\/centreo3.com\/fr\/services\/location-materiel-specialise-audiovisuel\/#breadcrumb"},"inLanguage":"fr-FR","potentialAction":[{"@type":"ReadAction","target":["https:\/\/centreo3.com\/fr\/services\/location-materiel-specialise-audiovisuel\/"]}]},{"@type":"BreadcrumbList","@id":"https:\/\/centreo3.com\/fr\/services\/location-materiel-specialise-audiovisuel\/#breadcrumb","itemListElement":[{"@type":"ListItem","position":1,"name":"Accueil","item":"https:\/\/centreo3.com\/fr\/"},{"@type":"ListItem","position":2,"name":"Services","item":"https:\/\/centreo3.com\/fr\/services\/"},{"@type":"ListItem","position":3,"name":"Location de mat\u00e9riel sp\u00e9cialis\u00e9 et audiovisuel"}]},{"@type":"WebSite","@id":"https:\/\/centreo3.com\/fr\/#website","url":"https:\/\/centreo3.com\/fr\/","name":"Centre O3","description":"Salles de r\u00e9ception et h\u00e9bergements pour \u00e9v\u00e9nements","publisher":{"@id":"https:\/\/centreo3.com\/fr\/#organization"},"potentialAction":[{"@type":"SearchAction","target":{"@type":"EntryPoint","urlTemplate":"https:\/\/centreo3.com\/fr\/?s={search_term_string}"},"query-input":{"@type":"PropertyValueSpecification","valueRequired":true,"valueName":"search_term_string"}}],"inLanguage":"fr-FR"},{"@type":"Organization","@id":"https:\/\/centreo3.com\/fr\/#organization","name":"Centre O3","url":"https:\/\/centreo3.com\/fr\/","logo":{"@type":"ImageObject","inLanguage":"fr-FR","@id":"https:\/\/centreo3.com\/fr\/#\/schema\/logo\/image\/","url":"https:\/\/centreo3.com\/wp-content\/uploads\/2023\/09\/centreo3-logo.svg","contentUrl":"https:\/\/centreo3.com\/wp-content\/uploads\/2023\/09\/centreo3-logo.svg","width":257,"height":48,"caption":"Centre O3"},"image":{"@id":"https:\/\/centreo3.com\/fr\/#\/schema\/logo\/image\/"}}]}},"_links":{"self":[{"href":"https:\/\/centreo3.com\/fr\/wp-json\/wp\/v2\/pages\/75","targetHints":{"allow":["GET"]}}],"collection":[{"href":"https:\/\/centreo3.com\/fr\/wp-json\/wp\/v2\/pages"}],"about":[{"href":"https:\/\/centreo3.com\/fr\/wp-json\/wp\/v2\/types\/page"}],"author":[{"embeddable":true,"href":"https:\/\/centreo3.com\/fr\/wp-json\/wp\/v2\/users\/1"}],"replies":[{"embeddable":true,"href":"https:\/\/centreo3.com\/fr\/wp-json\/wp\/v2\/comments?post=75"}],"version-history":[{"count":4,"href":"https:\/\/centreo3.com\/fr\/wp-json\/wp\/v2\/pages\/75\/revisions"}],"predecessor-version":[{"id":448,"href":"https:\/\/centreo3.com\/fr\/wp-json\/wp\/v2\/pages\/75\/revisions\/448"}],"up":[{"embeddable":true,"href":"https:\/\/centreo3.com\/fr\/wp-json\/wp\/v2\/pages\/71"}],"wp:attachment":[{"href":"https:\/\/centreo3.com\/fr\/wp-json\/wp\/v2\/media?parent=75"}],"curies":[{"name":"wp","href":"https:\/\/api.w.org\/{rel}","templated":true}]}}