{"id":73,"date":"2023-09-26T10:41:35","date_gmt":"2023-09-26T14:41:35","guid":{"rendered":"https:\/\/centreo3.com\/?page_id=73"},"modified":"2023-10-03T17:32:23","modified_gmt":"2023-10-03T21:32:23","slug":"traiteur-salle-de-reception","status":"publish","type":"page","link":"https:\/\/centreo3.com\/fr\/services\/traiteur-salle-de-reception\/","title":{"rendered":"Salle de r\u00e9ception avec services de traiteur"},"content":{"rendered":"\t\t<div data-elementor-type=\"wp-page\" data-elementor-id=\"73\" class=\"elementor elementor-73\" data-elementor-post-type=\"page\">\n\t\t\t\t<div class=\"elementor-element elementor-element-b3e94d3 e-con-full e-flex e-con e-parent\" data-id=\"b3e94d3\" data-element_type=\"container\" data-e-type=\"container\">\n\t\t<div class=\"elementor-element elementor-element-d912829 e-con-full e-flex e-con e-child\" data-id=\"d912829\" data-element_type=\"container\" data-e-type=\"container\">\n\t\t\t\t<div class=\"elementor-element elementor-element-de5e12f elementor-widget elementor-widget-image\" data-id=\"de5e12f\" data-element_type=\"widget\" data-e-type=\"widget\" data-widget_type=\"image.default\">\n\t\t\t\t<div class=\"elementor-widget-container\">\n\t\t\t\t\t\t\t\t\t\t\t\t\t\t\t<img fetchpriority=\"high\" decoding=\"async\" width=\"600\" height=\"400\" src=\"https:\/\/centreo3.com\/wp-content\/uploads\/2023\/09\/traiteur.jpg\" class=\"attachment-large size-large wp-image-440\" alt=\"\" srcset=\"https:\/\/centreo3.com\/wp-content\/uploads\/2023\/09\/traiteur.jpg 600w, https:\/\/centreo3.com\/wp-content\/uploads\/2023\/09\/traiteur-300x200.jpg 300w\" sizes=\"(max-width: 600px) 100vw, 600px\" \/>\t\t\t\t\t\t\t\t\t\t\t\t\t\t\t<\/div>\n\t\t\t\t<\/div>\n\t\t\t\t<\/div>\n\t\t<div class=\"elementor-element elementor-element-e7b0811 e-con-full e-flex e-con e-child\" data-id=\"e7b0811\" data-element_type=\"container\" data-e-type=\"container\">\n\t\t\t\t<div class=\"elementor-element elementor-element-595d301 elementor-widget elementor-widget-text-editor\" data-id=\"595d301\" data-element_type=\"widget\" data-e-type=\"widget\" data-widget_type=\"text-editor.default\">\n\t\t\t\t<div class=\"elementor-widget-container\">\n\t\t\t\t\t\t\t\t\t<p>Le Centre O3 poss\u00e8de son propre service traiteur pour alimenter ses salles de r\u00e9ception. Avec l\u2019achalandage g\u00e9n\u00e9r\u00e9 par nos 5\u00a0salles de r\u00e9ception, nous nourrissons chaque semaine entre 100 et 500\u00a0personnes. Que ce soit en service de caf\u00e9t\u00e9ria dans notre b\u00e2timent central ou en service de traiteur directement dans les salles, nous saurons trouver la formule qui convient \u00e0 vos besoins. Nous proposons un menu d\u00e9j\u00e0 bien \u00e9tabli allant du repas pour enfant au souper 5\u00a0services, mais travaillons aussi de pair avec nos clients afin de cibler leurs go\u00fbts et leurs attentes particuli\u00e8res. Nous favorisons l\u2019achat local et sommes tr\u00e8s heureux d\u2019entretenir des partenariats avec les producteurs de la r\u00e9gion. Nous vous invitons \u00e0 communiquer avec nous pour discuter des mille et une possibilit\u00e9s qui s\u2019offrent \u00e0 vous.<\/p>\t\t\t\t\t\t\t\t<\/div>\n\t\t\t\t<\/div>\n\t\t\t\t<\/div>\n\t\t\t\t<\/div>\n\t\t\t\t<\/div>\n\t\t","protected":false},"excerpt":{"rendered":"<p>Le Centre O3 poss\u00e8de son propre service traiteur pour alimenter ses salles de r\u00e9ception. Avec l\u2019achalandage g\u00e9n\u00e9r\u00e9 par nos 5\u00a0salles de r\u00e9ception, nous nourrissons chaque semaine entre 100 et 500\u00a0personnes. Que ce soit en service de caf\u00e9t\u00e9ria dans notre b\u00e2timent central ou en service de traiteur directement dans les salles, nous saurons trouver la formule [&hellip;]<\/p>\n","protected":false},"author":1,"featured_media":0,"parent":71,"menu_order":0,"comment_status":"closed","ping_status":"closed","template":"","meta":{"footnotes":""},"class_list":["post-73","page","type-page","status-publish","hentry"],"yoast_head":"<!-- This site is optimized with the Yoast SEO plugin v27.1.1 - https:\/\/yoast.com\/product\/yoast-seo-wordpress\/ -->\n<title>Salle de r\u00e9ception avec traiteur - Centre O3<\/title>\n<meta name=\"robots\" content=\"index, follow, max-snippet:-1, max-image-preview:large, max-video-preview:-1\" \/>\n<link rel=\"canonical\" href=\"https:\/\/centreo3.com\/fr\/services\/traiteur-salle-de-reception\/\" \/>\n<meta property=\"og:locale\" content=\"fr_FR\" \/>\n<meta property=\"og:type\" content=\"article\" \/>\n<meta property=\"og:title\" content=\"Salle de r\u00e9ception avec traiteur - Centre O3\" \/>\n<meta property=\"og:description\" content=\"Le Centre O3 poss\u00e8de son propre service traiteur pour alimenter ses salles de r\u00e9ception. Avec l\u2019achalandage g\u00e9n\u00e9r\u00e9 par nos 5\u00a0salles de r\u00e9ception, nous nourrissons chaque semaine entre 100 et 500\u00a0personnes. Que ce soit en service de caf\u00e9t\u00e9ria dans notre b\u00e2timent central ou en service de traiteur directement dans les salles, nous saurons trouver la formule [&hellip;]\" \/>\n<meta property=\"og:url\" content=\"https:\/\/centreo3.com\/fr\/services\/traiteur-salle-de-reception\/\" \/>\n<meta property=\"og:site_name\" content=\"Centre O3\" \/>\n<meta property=\"article:modified_time\" content=\"2023-10-03T21:32:23+00:00\" \/>\n<meta property=\"og:image\" content=\"https:\/\/centreo3.com\/wp-content\/uploads\/2023\/09\/traiteur.jpg\" \/>\n<meta name=\"twitter:card\" content=\"summary_large_image\" \/>\n<meta name=\"twitter:label1\" content=\"Dur\u00e9e de lecture estim\u00e9e\" \/>\n\t<meta name=\"twitter:data1\" content=\"1 minute\" \/>\n<script type=\"application\/ld+json\" class=\"yoast-schema-graph\">{\"@context\":\"https:\/\/schema.org\",\"@graph\":[{\"@type\":\"WebPage\",\"@id\":\"https:\/\/centreo3.com\/fr\/services\/traiteur-salle-de-reception\/\",\"url\":\"https:\/\/centreo3.com\/fr\/services\/traiteur-salle-de-reception\/\",\"name\":\"Salle de r\u00e9ception avec traiteur - Centre O3\",\"isPartOf\":{\"@id\":\"https:\/\/centreo3.com\/fr\/#website\"},\"primaryImageOfPage\":{\"@id\":\"https:\/\/centreo3.com\/fr\/services\/traiteur-salle-de-reception\/#primaryimage\"},\"image\":{\"@id\":\"https:\/\/centreo3.com\/fr\/services\/traiteur-salle-de-reception\/#primaryimage\"},\"thumbnailUrl\":\"https:\/\/centreo3.com\/wp-content\/uploads\/2023\/09\/traiteur.jpg\",\"datePublished\":\"2023-09-26T14:41:35+00:00\",\"dateModified\":\"2023-10-03T21:32:23+00:00\",\"breadcrumb\":{\"@id\":\"https:\/\/centreo3.com\/fr\/services\/traiteur-salle-de-reception\/#breadcrumb\"},\"inLanguage\":\"fr-FR\",\"potentialAction\":[{\"@type\":\"ReadAction\",\"target\":[\"https:\/\/centreo3.com\/fr\/services\/traiteur-salle-de-reception\/\"]}]},{\"@type\":\"ImageObject\",\"inLanguage\":\"fr-FR\",\"@id\":\"https:\/\/centreo3.com\/fr\/services\/traiteur-salle-de-reception\/#primaryimage\",\"url\":\"https:\/\/centreo3.com\/wp-content\/uploads\/2023\/09\/traiteur.jpg\",\"contentUrl\":\"https:\/\/centreo3.com\/wp-content\/uploads\/2023\/09\/traiteur.jpg\"},{\"@type\":\"BreadcrumbList\",\"@id\":\"https:\/\/centreo3.com\/fr\/services\/traiteur-salle-de-reception\/#breadcrumb\",\"itemListElement\":[{\"@type\":\"ListItem\",\"position\":1,\"name\":\"Accueil\",\"item\":\"https:\/\/centreo3.com\/fr\/\"},{\"@type\":\"ListItem\",\"position\":2,\"name\":\"Services\",\"item\":\"https:\/\/centreo3.com\/fr\/services\/\"},{\"@type\":\"ListItem\",\"position\":3,\"name\":\"Salle de r\u00e9ception avec services de traiteur\"}]},{\"@type\":\"WebSite\",\"@id\":\"https:\/\/centreo3.com\/fr\/#website\",\"url\":\"https:\/\/centreo3.com\/fr\/\",\"name\":\"Centre O3\",\"description\":\"Salles de r\u00e9ception et h\u00e9bergements pour \u00e9v\u00e9nements\",\"publisher\":{\"@id\":\"https:\/\/centreo3.com\/fr\/#organization\"},\"potentialAction\":[{\"@type\":\"SearchAction\",\"target\":{\"@type\":\"EntryPoint\",\"urlTemplate\":\"https:\/\/centreo3.com\/fr\/?s={search_term_string}\"},\"query-input\":{\"@type\":\"PropertyValueSpecification\",\"valueRequired\":true,\"valueName\":\"search_term_string\"}}],\"inLanguage\":\"fr-FR\"},{\"@type\":\"Organization\",\"@id\":\"https:\/\/centreo3.com\/fr\/#organization\",\"name\":\"Centre O3\",\"url\":\"https:\/\/centreo3.com\/fr\/\",\"logo\":{\"@type\":\"ImageObject\",\"inLanguage\":\"fr-FR\",\"@id\":\"https:\/\/centreo3.com\/fr\/#\/schema\/logo\/image\/\",\"url\":\"https:\/\/centreo3.com\/wp-content\/uploads\/2023\/09\/centreo3-logo.svg\",\"contentUrl\":\"https:\/\/centreo3.com\/wp-content\/uploads\/2023\/09\/centreo3-logo.svg\",\"width\":257,\"height\":48,\"caption\":\"Centre O3\"},\"image\":{\"@id\":\"https:\/\/centreo3.com\/fr\/#\/schema\/logo\/image\/\"}}]}<\/script>\n<!-- \/ Yoast SEO plugin. -->","yoast_head_json":{"title":"Salle de r\u00e9ception avec traiteur - Centre O3","robots":{"index":"index","follow":"follow","max-snippet":"max-snippet:-1","max-image-preview":"max-image-preview:large","max-video-preview":"max-video-preview:-1"},"canonical":"https:\/\/centreo3.com\/fr\/services\/traiteur-salle-de-reception\/","og_locale":"fr_FR","og_type":"article","og_title":"Salle de r\u00e9ception avec traiteur - Centre O3","og_description":"Le Centre O3 poss\u00e8de son propre service traiteur pour alimenter ses salles de r\u00e9ception. Avec l\u2019achalandage g\u00e9n\u00e9r\u00e9 par nos 5\u00a0salles de r\u00e9ception, nous nourrissons chaque semaine entre 100 et 500\u00a0personnes. Que ce soit en service de caf\u00e9t\u00e9ria dans notre b\u00e2timent central ou en service de traiteur directement dans les salles, nous saurons trouver la formule [&hellip;]","og_url":"https:\/\/centreo3.com\/fr\/services\/traiteur-salle-de-reception\/","og_site_name":"Centre O3","article_modified_time":"2023-10-03T21:32:23+00:00","og_image":[{"url":"https:\/\/centreo3.com\/wp-content\/uploads\/2023\/09\/traiteur.jpg","type":"","width":"","height":""}],"twitter_card":"summary_large_image","twitter_misc":{"Dur\u00e9e de lecture estim\u00e9e":"1 minute"},"schema":{"@context":"https:\/\/schema.org","@graph":[{"@type":"WebPage","@id":"https:\/\/centreo3.com\/fr\/services\/traiteur-salle-de-reception\/","url":"https:\/\/centreo3.com\/fr\/services\/traiteur-salle-de-reception\/","name":"Salle de r\u00e9ception avec traiteur - Centre O3","isPartOf":{"@id":"https:\/\/centreo3.com\/fr\/#website"},"primaryImageOfPage":{"@id":"https:\/\/centreo3.com\/fr\/services\/traiteur-salle-de-reception\/#primaryimage"},"image":{"@id":"https:\/\/centreo3.com\/fr\/services\/traiteur-salle-de-reception\/#primaryimage"},"thumbnailUrl":"https:\/\/centreo3.com\/wp-content\/uploads\/2023\/09\/traiteur.jpg","datePublished":"2023-09-26T14:41:35+00:00","dateModified":"2023-10-03T21:32:23+00:00","breadcrumb":{"@id":"https:\/\/centreo3.com\/fr\/services\/traiteur-salle-de-reception\/#breadcrumb"},"inLanguage":"fr-FR","potentialAction":[{"@type":"ReadAction","target":["https:\/\/centreo3.com\/fr\/services\/traiteur-salle-de-reception\/"]}]},{"@type":"ImageObject","inLanguage":"fr-FR","@id":"https:\/\/centreo3.com\/fr\/services\/traiteur-salle-de-reception\/#primaryimage","url":"https:\/\/centreo3.com\/wp-content\/uploads\/2023\/09\/traiteur.jpg","contentUrl":"https:\/\/centreo3.com\/wp-content\/uploads\/2023\/09\/traiteur.jpg"},{"@type":"BreadcrumbList","@id":"https:\/\/centreo3.com\/fr\/services\/traiteur-salle-de-reception\/#breadcrumb","itemListElement":[{"@type":"ListItem","position":1,"name":"Accueil","item":"https:\/\/centreo3.com\/fr\/"},{"@type":"ListItem","position":2,"name":"Services","item":"https:\/\/centreo3.com\/fr\/services\/"},{"@type":"ListItem","position":3,"name":"Salle de r\u00e9ception avec services de traiteur"}]},{"@type":"WebSite","@id":"https:\/\/centreo3.com\/fr\/#website","url":"https:\/\/centreo3.com\/fr\/","name":"Centre O3","description":"Salles de r\u00e9ception et h\u00e9bergements pour \u00e9v\u00e9nements","publisher":{"@id":"https:\/\/centreo3.com\/fr\/#organization"},"potentialAction":[{"@type":"SearchAction","target":{"@type":"EntryPoint","urlTemplate":"https:\/\/centreo3.com\/fr\/?s={search_term_string}"},"query-input":{"@type":"PropertyValueSpecification","valueRequired":true,"valueName":"search_term_string"}}],"inLanguage":"fr-FR"},{"@type":"Organization","@id":"https:\/\/centreo3.com\/fr\/#organization","name":"Centre O3","url":"https:\/\/centreo3.com\/fr\/","logo":{"@type":"ImageObject","inLanguage":"fr-FR","@id":"https:\/\/centreo3.com\/fr\/#\/schema\/logo\/image\/","url":"https:\/\/centreo3.com\/wp-content\/uploads\/2023\/09\/centreo3-logo.svg","contentUrl":"https:\/\/centreo3.com\/wp-content\/uploads\/2023\/09\/centreo3-logo.svg","width":257,"height":48,"caption":"Centre O3"},"image":{"@id":"https:\/\/centreo3.com\/fr\/#\/schema\/logo\/image\/"}}]}},"_links":{"self":[{"href":"https:\/\/centreo3.com\/fr\/wp-json\/wp\/v2\/pages\/73","targetHints":{"allow":["GET"]}}],"collection":[{"href":"https:\/\/centreo3.com\/fr\/wp-json\/wp\/v2\/pages"}],"about":[{"href":"https:\/\/centreo3.com\/fr\/wp-json\/wp\/v2\/types\/page"}],"author":[{"embeddable":true,"href":"https:\/\/centreo3.com\/fr\/wp-json\/wp\/v2\/users\/1"}],"replies":[{"embeddable":true,"href":"https:\/\/centreo3.com\/fr\/wp-json\/wp\/v2\/comments?post=73"}],"version-history":[{"count":5,"href":"https:\/\/centreo3.com\/fr\/wp-json\/wp\/v2\/pages\/73\/revisions"}],"predecessor-version":[{"id":1130,"href":"https:\/\/centreo3.com\/fr\/wp-json\/wp\/v2\/pages\/73\/revisions\/1130"}],"up":[{"embeddable":true,"href":"https:\/\/centreo3.com\/fr\/wp-json\/wp\/v2\/pages\/71"}],"wp:attachment":[{"href":"https:\/\/centreo3.com\/fr\/wp-json\/wp\/v2\/media?parent=73"}],"curies":[{"name":"wp","href":"https:\/\/api.w.org\/{rel}","templated":true}]}}