{"id":59,"date":"2023-09-26T10:37:33","date_gmt":"2023-09-26T14:37:33","guid":{"rendered":"https:\/\/centreo3.com\/?page_id=59"},"modified":"2023-10-03T17:29:05","modified_gmt":"2023-10-03T21:29:05","slug":"sejour-artistique-musical","status":"publish","type":"page","link":"https:\/\/centreo3.com\/fr\/evenements\/sejour-artistique-musical\/","title":{"rendered":"S\u00e9jour artistique et s\u00e9jour musical"},"content":{"rendered":"\t\t<div data-elementor-type=\"wp-page\" data-elementor-id=\"59\" class=\"elementor elementor-59\" data-elementor-post-type=\"page\">\n\t\t\t\t<div class=\"elementor-element elementor-element-8bfd34a e-flex e-con-boxed e-con e-parent\" data-id=\"8bfd34a\" data-element_type=\"container\" data-e-type=\"container\">\n\t\t\t\t\t<div class=\"e-con-inner\">\n\t\t\t\t<div class=\"elementor-element elementor-element-3db91d3 elementor-widget elementor-widget-text-editor\" data-id=\"3db91d3\" data-element_type=\"widget\" data-e-type=\"widget\" data-widget_type=\"text-editor.default\">\n\t\t\t\t<div class=\"elementor-widget-container\">\n\t\t\t\t\t\t\t\t\t<p>Tout le monde a besoin de loisirs dans sa vie. Certains loisirs se pratiquent seuls, mais sont tellement plus agr\u00e9ables en groupe\u2009! Le Centre O3 vous offre plusieurs forfaits sur mesure pour venir pratiquer vos loisirs chez nous lors de s\u00e9jours artistiques ou s\u00e9jours musicaux. Nous avons d\u00e9j\u00e0 accueilli des groupes de\u00a0<em>scrapbooking<\/em>\u00a0et d\u2019artisanats traditionnels et d\u2019autres \u0153uvrant dans les arts visuels, la danse ou le chant. Gr\u00e2ce \u00e0 nos s\u00e9jours artistiques et s\u00e9jours musicaux cl\u00e9s en main incluant les repas, l\u2019h\u00e9bergement et les salles de rencontre, vous aurez tout le temps qu\u2019il vous faut pour vaquer \u00e0 vos loisirs. Le contact avec la nature ainsi que les paysages environnants sublimeront votre s\u00e9jour et, nous l\u2019esp\u00e9rons, stimuleront votre cr\u00e9ativit\u00e9\u2009!<\/p>\t\t\t\t\t\t\t\t<\/div>\n\t\t\t\t<\/div>\n\t\t\t\t\t<\/div>\n\t\t\t\t<\/div>\n\t\t\t\t<\/div>\n\t\t","protected":false},"excerpt":{"rendered":"<p>Tout le monde a besoin de loisirs dans sa vie. Certains loisirs se pratiquent seuls, mais sont tellement plus agr\u00e9ables en groupe\u2009! Le Centre O3 vous offre plusieurs forfaits sur mesure pour venir pratiquer vos loisirs chez nous lors de s\u00e9jours artistiques ou s\u00e9jours musicaux. Nous avons d\u00e9j\u00e0 accueilli des groupes de\u00a0scrapbooking\u00a0et d\u2019artisanats traditionnels et [&hellip;]<\/p>\n","protected":false},"author":1,"featured_media":0,"parent":38,"menu_order":0,"comment_status":"closed","ping_status":"closed","template":"","meta":{"footnotes":""},"class_list":["post-59","page","type-page","status-publish","hentry"],"yoast_head":"<!-- This site is optimized with the Yoast SEO plugin v27.1.1 - https:\/\/yoast.com\/product\/yoast-seo-wordpress\/ -->\n<title>Centre adapt\u00e9 aux s\u00e9jours artistiques et musicaux - Centre O3<\/title>\n<meta name=\"robots\" content=\"index, follow, max-snippet:-1, max-image-preview:large, max-video-preview:-1\" \/>\n<link rel=\"canonical\" href=\"https:\/\/centreo3.com\/fr\/evenements\/sejour-artistique-musical\/\" \/>\n<meta property=\"og:locale\" content=\"fr_FR\" \/>\n<meta property=\"og:type\" content=\"article\" \/>\n<meta property=\"og:title\" content=\"Centre adapt\u00e9 aux s\u00e9jours artistiques et musicaux - Centre O3\" \/>\n<meta property=\"og:description\" content=\"Tout le monde a besoin de loisirs dans sa vie. Certains loisirs se pratiquent seuls, mais sont tellement plus agr\u00e9ables en groupe\u2009! Le Centre O3 vous offre plusieurs forfaits sur mesure pour venir pratiquer vos loisirs chez nous lors de s\u00e9jours artistiques ou s\u00e9jours musicaux. Nous avons d\u00e9j\u00e0 accueilli des groupes de\u00a0scrapbooking\u00a0et d\u2019artisanats traditionnels et [&hellip;]\" \/>\n<meta property=\"og:url\" content=\"https:\/\/centreo3.com\/fr\/evenements\/sejour-artistique-musical\/\" \/>\n<meta property=\"og:site_name\" content=\"Centre O3\" \/>\n<meta property=\"article:modified_time\" content=\"2023-10-03T21:29:05+00:00\" \/>\n<meta name=\"twitter:card\" content=\"summary_large_image\" \/>\n<meta name=\"twitter:label1\" content=\"Dur\u00e9e de lecture estim\u00e9e\" \/>\n\t<meta name=\"twitter:data1\" content=\"1 minute\" \/>\n<script type=\"application\/ld+json\" class=\"yoast-schema-graph\">{\"@context\":\"https:\/\/schema.org\",\"@graph\":[{\"@type\":\"WebPage\",\"@id\":\"https:\/\/centreo3.com\/fr\/evenements\/sejour-artistique-musical\/\",\"url\":\"https:\/\/centreo3.com\/fr\/evenements\/sejour-artistique-musical\/\",\"name\":\"Centre adapt\u00e9 aux s\u00e9jours artistiques et musicaux - Centre O3\",\"isPartOf\":{\"@id\":\"https:\/\/centreo3.com\/fr\/#website\"},\"datePublished\":\"2023-09-26T14:37:33+00:00\",\"dateModified\":\"2023-10-03T21:29:05+00:00\",\"breadcrumb\":{\"@id\":\"https:\/\/centreo3.com\/fr\/evenements\/sejour-artistique-musical\/#breadcrumb\"},\"inLanguage\":\"fr-FR\",\"potentialAction\":[{\"@type\":\"ReadAction\",\"target\":[\"https:\/\/centreo3.com\/fr\/evenements\/sejour-artistique-musical\/\"]}]},{\"@type\":\"BreadcrumbList\",\"@id\":\"https:\/\/centreo3.com\/fr\/evenements\/sejour-artistique-musical\/#breadcrumb\",\"itemListElement\":[{\"@type\":\"ListItem\",\"position\":1,\"name\":\"Accueil\",\"item\":\"https:\/\/centreo3.com\/fr\/\"},{\"@type\":\"ListItem\",\"position\":2,\"name\":\"\u00c9v\u00e9nements sur mesure\",\"item\":\"https:\/\/centreo3.com\/fr\/evenements\/\"},{\"@type\":\"ListItem\",\"position\":3,\"name\":\"S\u00e9jour artistique et s\u00e9jour musical\"}]},{\"@type\":\"WebSite\",\"@id\":\"https:\/\/centreo3.com\/fr\/#website\",\"url\":\"https:\/\/centreo3.com\/fr\/\",\"name\":\"Centre O3\",\"description\":\"Salles de r\u00e9ception et h\u00e9bergements pour \u00e9v\u00e9nements\",\"publisher\":{\"@id\":\"https:\/\/centreo3.com\/fr\/#organization\"},\"potentialAction\":[{\"@type\":\"SearchAction\",\"target\":{\"@type\":\"EntryPoint\",\"urlTemplate\":\"https:\/\/centreo3.com\/fr\/?s={search_term_string}\"},\"query-input\":{\"@type\":\"PropertyValueSpecification\",\"valueRequired\":true,\"valueName\":\"search_term_string\"}}],\"inLanguage\":\"fr-FR\"},{\"@type\":\"Organization\",\"@id\":\"https:\/\/centreo3.com\/fr\/#organization\",\"name\":\"Centre O3\",\"url\":\"https:\/\/centreo3.com\/fr\/\",\"logo\":{\"@type\":\"ImageObject\",\"inLanguage\":\"fr-FR\",\"@id\":\"https:\/\/centreo3.com\/fr\/#\/schema\/logo\/image\/\",\"url\":\"https:\/\/centreo3.com\/wp-content\/uploads\/2023\/09\/centreo3-logo.svg\",\"contentUrl\":\"https:\/\/centreo3.com\/wp-content\/uploads\/2023\/09\/centreo3-logo.svg\",\"width\":257,\"height\":48,\"caption\":\"Centre O3\"},\"image\":{\"@id\":\"https:\/\/centreo3.com\/fr\/#\/schema\/logo\/image\/\"}}]}<\/script>\n<!-- \/ Yoast SEO plugin. -->","yoast_head_json":{"title":"Centre adapt\u00e9 aux s\u00e9jours artistiques et musicaux - Centre O3","robots":{"index":"index","follow":"follow","max-snippet":"max-snippet:-1","max-image-preview":"max-image-preview:large","max-video-preview":"max-video-preview:-1"},"canonical":"https:\/\/centreo3.com\/fr\/evenements\/sejour-artistique-musical\/","og_locale":"fr_FR","og_type":"article","og_title":"Centre adapt\u00e9 aux s\u00e9jours artistiques et musicaux - Centre O3","og_description":"Tout le monde a besoin de loisirs dans sa vie. Certains loisirs se pratiquent seuls, mais sont tellement plus agr\u00e9ables en groupe\u2009! Le Centre O3 vous offre plusieurs forfaits sur mesure pour venir pratiquer vos loisirs chez nous lors de s\u00e9jours artistiques ou s\u00e9jours musicaux. Nous avons d\u00e9j\u00e0 accueilli des groupes de\u00a0scrapbooking\u00a0et d\u2019artisanats traditionnels et [&hellip;]","og_url":"https:\/\/centreo3.com\/fr\/evenements\/sejour-artistique-musical\/","og_site_name":"Centre O3","article_modified_time":"2023-10-03T21:29:05+00:00","twitter_card":"summary_large_image","twitter_misc":{"Dur\u00e9e de lecture estim\u00e9e":"1 minute"},"schema":{"@context":"https:\/\/schema.org","@graph":[{"@type":"WebPage","@id":"https:\/\/centreo3.com\/fr\/evenements\/sejour-artistique-musical\/","url":"https:\/\/centreo3.com\/fr\/evenements\/sejour-artistique-musical\/","name":"Centre adapt\u00e9 aux s\u00e9jours artistiques et musicaux - Centre O3","isPartOf":{"@id":"https:\/\/centreo3.com\/fr\/#website"},"datePublished":"2023-09-26T14:37:33+00:00","dateModified":"2023-10-03T21:29:05+00:00","breadcrumb":{"@id":"https:\/\/centreo3.com\/fr\/evenements\/sejour-artistique-musical\/#breadcrumb"},"inLanguage":"fr-FR","potentialAction":[{"@type":"ReadAction","target":["https:\/\/centreo3.com\/fr\/evenements\/sejour-artistique-musical\/"]}]},{"@type":"BreadcrumbList","@id":"https:\/\/centreo3.com\/fr\/evenements\/sejour-artistique-musical\/#breadcrumb","itemListElement":[{"@type":"ListItem","position":1,"name":"Accueil","item":"https:\/\/centreo3.com\/fr\/"},{"@type":"ListItem","position":2,"name":"\u00c9v\u00e9nements sur mesure","item":"https:\/\/centreo3.com\/fr\/evenements\/"},{"@type":"ListItem","position":3,"name":"S\u00e9jour artistique et s\u00e9jour musical"}]},{"@type":"WebSite","@id":"https:\/\/centreo3.com\/fr\/#website","url":"https:\/\/centreo3.com\/fr\/","name":"Centre O3","description":"Salles de r\u00e9ception et h\u00e9bergements pour \u00e9v\u00e9nements","publisher":{"@id":"https:\/\/centreo3.com\/fr\/#organization"},"potentialAction":[{"@type":"SearchAction","target":{"@type":"EntryPoint","urlTemplate":"https:\/\/centreo3.com\/fr\/?s={search_term_string}"},"query-input":{"@type":"PropertyValueSpecification","valueRequired":true,"valueName":"search_term_string"}}],"inLanguage":"fr-FR"},{"@type":"Organization","@id":"https:\/\/centreo3.com\/fr\/#organization","name":"Centre O3","url":"https:\/\/centreo3.com\/fr\/","logo":{"@type":"ImageObject","inLanguage":"fr-FR","@id":"https:\/\/centreo3.com\/fr\/#\/schema\/logo\/image\/","url":"https:\/\/centreo3.com\/wp-content\/uploads\/2023\/09\/centreo3-logo.svg","contentUrl":"https:\/\/centreo3.com\/wp-content\/uploads\/2023\/09\/centreo3-logo.svg","width":257,"height":48,"caption":"Centre O3"},"image":{"@id":"https:\/\/centreo3.com\/fr\/#\/schema\/logo\/image\/"}}]}},"_links":{"self":[{"href":"https:\/\/centreo3.com\/fr\/wp-json\/wp\/v2\/pages\/59","targetHints":{"allow":["GET"]}}],"collection":[{"href":"https:\/\/centreo3.com\/fr\/wp-json\/wp\/v2\/pages"}],"about":[{"href":"https:\/\/centreo3.com\/fr\/wp-json\/wp\/v2\/types\/page"}],"author":[{"embeddable":true,"href":"https:\/\/centreo3.com\/fr\/wp-json\/wp\/v2\/users\/1"}],"replies":[{"embeddable":true,"href":"https:\/\/centreo3.com\/fr\/wp-json\/wp\/v2\/comments?post=59"}],"version-history":[{"count":5,"href":"https:\/\/centreo3.com\/fr\/wp-json\/wp\/v2\/pages\/59\/revisions"}],"predecessor-version":[{"id":1127,"href":"https:\/\/centreo3.com\/fr\/wp-json\/wp\/v2\/pages\/59\/revisions\/1127"}],"up":[{"embeddable":true,"href":"https:\/\/centreo3.com\/fr\/wp-json\/wp\/v2\/pages\/38"}],"wp:attachment":[{"href":"https:\/\/centreo3.com\/fr\/wp-json\/wp\/v2\/media?parent=59"}],"curies":[{"name":"wp","href":"https:\/\/api.w.org\/{rel}","templated":true}]}}