{"id":57,"date":"2023-09-26T10:36:51","date_gmt":"2023-09-26T14:36:51","guid":{"rendered":"https:\/\/centreo3.com\/?page_id=57"},"modified":"2023-10-03T17:28:17","modified_gmt":"2023-10-03T21:28:17","slug":"sejour-en-famille","status":"publish","type":"page","link":"https:\/\/centreo3.com\/fr\/evenements\/sejour-en-famille\/","title":{"rendered":"S\u00e9jour en famille"},"content":{"rendered":"\t\t<div data-elementor-type=\"wp-page\" data-elementor-id=\"57\" class=\"elementor elementor-57\" data-elementor-post-type=\"page\">\n\t\t\t\t<div class=\"elementor-element elementor-element-f6a66ed e-flex e-con-boxed e-con e-parent\" data-id=\"f6a66ed\" data-element_type=\"container\" data-e-type=\"container\">\n\t\t\t\t\t<div class=\"e-con-inner\">\n\t\t\t\t<div class=\"elementor-element elementor-element-b6f49bb elementor-widget elementor-widget-heading\" data-id=\"b6f49bb\" data-element_type=\"widget\" data-e-type=\"widget\" data-widget_type=\"heading.default\">\n\t\t\t\t<div class=\"elementor-widget-container\">\n\t\t\t\t\t<h2 class=\"elementor-heading-title elementor-size-default\">Lieu de r\u00e9ception pour s\u00e9jour en famille, adapt\u00e9 aux f\u00eates de famille et amis<\/h2>\t\t\t\t<\/div>\n\t\t\t\t<\/div>\n\t\t\t\t<div class=\"elementor-element elementor-element-e541c25 elementor-widget elementor-widget-text-editor\" data-id=\"e541c25\" data-element_type=\"widget\" data-e-type=\"widget\" data-widget_type=\"text-editor.default\">\n\t\t\t\t<div class=\"elementor-widget-container\">\n\t\t\t\t\t\t\t\t\t<p>Votre famille ne cesse de s\u2019agrandir\u2009? Le Centre\u00a0O<sup>3<\/sup>\u00a0est l\u2019endroit par excellence pour vos rencontres familiales. Tout au long de l\u2019ann\u00e9e ainsi que pour le temps des F\u00eates, nous proposons des forfaits sur mesure selon vos besoins. Le b\u00e2timent\u00a0D est le plus appr\u00e9ci\u00e9 des familles avec ses 10\u00a0chambres comportant chacune 2\u00a0lits Queen et communiquant par un couloir int\u00e9rieur ainsi que sa salle de r\u00e9ception situ\u00e9e \u00e0 une des extr\u00e9mit\u00e9s du b\u00e2timent. Avec notre service de traiteur pouvant livrer les repas directement dans la salle, il ne vous reste qu\u2019\u00e0 apporter vos consommations et \u00e0 profiter des beaux moments familiaux que vous offre la vie. Le soir, un feu de camp sous les \u00e9toiles vous permettra de d\u00e9crocher de la routine et de profiter du grand air pendant votre s\u00e9jour en famille.<\/p>\t\t\t\t\t\t\t\t<\/div>\n\t\t\t\t<\/div>\n\t\t\t\t\t<\/div>\n\t\t\t\t<\/div>\n\t\t\t\t<\/div>\n\t\t","protected":false},"excerpt":{"rendered":"<p>Lieu de r\u00e9ception pour s\u00e9jour en famille, adapt\u00e9 aux f\u00eates de famille et amis Votre famille ne cesse de s\u2019agrandir\u2009? Le Centre\u00a0O3\u00a0est l\u2019endroit par excellence pour vos rencontres familiales. Tout au long de l\u2019ann\u00e9e ainsi que pour le temps des F\u00eates, nous proposons des forfaits sur mesure selon vos besoins. Le b\u00e2timent\u00a0D est le plus [&hellip;]<\/p>\n","protected":false},"author":1,"featured_media":0,"parent":38,"menu_order":0,"comment_status":"closed","ping_status":"closed","template":"","meta":{"footnotes":""},"class_list":["post-57","page","type-page","status-publish","hentry"],"yoast_head":"<!-- This site is optimized with the Yoast SEO plugin v27.1.1 - https:\/\/yoast.com\/product\/yoast-seo-wordpress\/ -->\n<title>Lieu adapt\u00e9 pour s\u00e9jour en famille - Centre O3<\/title>\n<meta name=\"robots\" content=\"index, follow, max-snippet:-1, max-image-preview:large, max-video-preview:-1\" \/>\n<link rel=\"canonical\" href=\"https:\/\/centreo3.com\/fr\/evenements\/sejour-en-famille\/\" \/>\n<meta property=\"og:locale\" content=\"fr_FR\" \/>\n<meta property=\"og:type\" content=\"article\" \/>\n<meta property=\"og:title\" content=\"Lieu adapt\u00e9 pour s\u00e9jour en famille - Centre O3\" \/>\n<meta property=\"og:description\" content=\"Lieu de r\u00e9ception pour s\u00e9jour en famille, adapt\u00e9 aux f\u00eates de famille et amis Votre famille ne cesse de s\u2019agrandir\u2009? Le Centre\u00a0O3\u00a0est l\u2019endroit par excellence pour vos rencontres familiales. Tout au long de l\u2019ann\u00e9e ainsi que pour le temps des F\u00eates, nous proposons des forfaits sur mesure selon vos besoins. Le b\u00e2timent\u00a0D est le plus [&hellip;]\" \/>\n<meta property=\"og:url\" content=\"https:\/\/centreo3.com\/fr\/evenements\/sejour-en-famille\/\" \/>\n<meta property=\"og:site_name\" content=\"Centre O3\" \/>\n<meta property=\"article:modified_time\" content=\"2023-10-03T21:28:17+00:00\" \/>\n<meta name=\"twitter:card\" content=\"summary_large_image\" \/>\n<meta name=\"twitter:label1\" content=\"Dur\u00e9e de lecture estim\u00e9e\" \/>\n\t<meta name=\"twitter:data1\" content=\"1 minute\" \/>\n<script type=\"application\/ld+json\" class=\"yoast-schema-graph\">{\"@context\":\"https:\/\/schema.org\",\"@graph\":[{\"@type\":\"WebPage\",\"@id\":\"https:\/\/centreo3.com\/fr\/evenements\/sejour-en-famille\/\",\"url\":\"https:\/\/centreo3.com\/fr\/evenements\/sejour-en-famille\/\",\"name\":\"Lieu adapt\u00e9 pour s\u00e9jour en famille - Centre O3\",\"isPartOf\":{\"@id\":\"https:\/\/centreo3.com\/fr\/#website\"},\"datePublished\":\"2023-09-26T14:36:51+00:00\",\"dateModified\":\"2023-10-03T21:28:17+00:00\",\"breadcrumb\":{\"@id\":\"https:\/\/centreo3.com\/fr\/evenements\/sejour-en-famille\/#breadcrumb\"},\"inLanguage\":\"fr-FR\",\"potentialAction\":[{\"@type\":\"ReadAction\",\"target\":[\"https:\/\/centreo3.com\/fr\/evenements\/sejour-en-famille\/\"]}]},{\"@type\":\"BreadcrumbList\",\"@id\":\"https:\/\/centreo3.com\/fr\/evenements\/sejour-en-famille\/#breadcrumb\",\"itemListElement\":[{\"@type\":\"ListItem\",\"position\":1,\"name\":\"Accueil\",\"item\":\"https:\/\/centreo3.com\/fr\/\"},{\"@type\":\"ListItem\",\"position\":2,\"name\":\"\u00c9v\u00e9nements sur mesure\",\"item\":\"https:\/\/centreo3.com\/fr\/evenements\/\"},{\"@type\":\"ListItem\",\"position\":3,\"name\":\"S\u00e9jour en famille\"}]},{\"@type\":\"WebSite\",\"@id\":\"https:\/\/centreo3.com\/fr\/#website\",\"url\":\"https:\/\/centreo3.com\/fr\/\",\"name\":\"Centre O3\",\"description\":\"Salles de r\u00e9ception et h\u00e9bergements pour \u00e9v\u00e9nements\",\"publisher\":{\"@id\":\"https:\/\/centreo3.com\/fr\/#organization\"},\"potentialAction\":[{\"@type\":\"SearchAction\",\"target\":{\"@type\":\"EntryPoint\",\"urlTemplate\":\"https:\/\/centreo3.com\/fr\/?s={search_term_string}\"},\"query-input\":{\"@type\":\"PropertyValueSpecification\",\"valueRequired\":true,\"valueName\":\"search_term_string\"}}],\"inLanguage\":\"fr-FR\"},{\"@type\":\"Organization\",\"@id\":\"https:\/\/centreo3.com\/fr\/#organization\",\"name\":\"Centre O3\",\"url\":\"https:\/\/centreo3.com\/fr\/\",\"logo\":{\"@type\":\"ImageObject\",\"inLanguage\":\"fr-FR\",\"@id\":\"https:\/\/centreo3.com\/fr\/#\/schema\/logo\/image\/\",\"url\":\"https:\/\/centreo3.com\/wp-content\/uploads\/2023\/09\/centreo3-logo.svg\",\"contentUrl\":\"https:\/\/centreo3.com\/wp-content\/uploads\/2023\/09\/centreo3-logo.svg\",\"width\":257,\"height\":48,\"caption\":\"Centre O3\"},\"image\":{\"@id\":\"https:\/\/centreo3.com\/fr\/#\/schema\/logo\/image\/\"}}]}<\/script>\n<!-- \/ Yoast SEO plugin. -->","yoast_head_json":{"title":"Lieu adapt\u00e9 pour s\u00e9jour en famille - Centre O3","robots":{"index":"index","follow":"follow","max-snippet":"max-snippet:-1","max-image-preview":"max-image-preview:large","max-video-preview":"max-video-preview:-1"},"canonical":"https:\/\/centreo3.com\/fr\/evenements\/sejour-en-famille\/","og_locale":"fr_FR","og_type":"article","og_title":"Lieu adapt\u00e9 pour s\u00e9jour en famille - Centre O3","og_description":"Lieu de r\u00e9ception pour s\u00e9jour en famille, adapt\u00e9 aux f\u00eates de famille et amis Votre famille ne cesse de s\u2019agrandir\u2009? Le Centre\u00a0O3\u00a0est l\u2019endroit par excellence pour vos rencontres familiales. Tout au long de l\u2019ann\u00e9e ainsi que pour le temps des F\u00eates, nous proposons des forfaits sur mesure selon vos besoins. Le b\u00e2timent\u00a0D est le plus [&hellip;]","og_url":"https:\/\/centreo3.com\/fr\/evenements\/sejour-en-famille\/","og_site_name":"Centre O3","article_modified_time":"2023-10-03T21:28:17+00:00","twitter_card":"summary_large_image","twitter_misc":{"Dur\u00e9e de lecture estim\u00e9e":"1 minute"},"schema":{"@context":"https:\/\/schema.org","@graph":[{"@type":"WebPage","@id":"https:\/\/centreo3.com\/fr\/evenements\/sejour-en-famille\/","url":"https:\/\/centreo3.com\/fr\/evenements\/sejour-en-famille\/","name":"Lieu adapt\u00e9 pour s\u00e9jour en famille - Centre O3","isPartOf":{"@id":"https:\/\/centreo3.com\/fr\/#website"},"datePublished":"2023-09-26T14:36:51+00:00","dateModified":"2023-10-03T21:28:17+00:00","breadcrumb":{"@id":"https:\/\/centreo3.com\/fr\/evenements\/sejour-en-famille\/#breadcrumb"},"inLanguage":"fr-FR","potentialAction":[{"@type":"ReadAction","target":["https:\/\/centreo3.com\/fr\/evenements\/sejour-en-famille\/"]}]},{"@type":"BreadcrumbList","@id":"https:\/\/centreo3.com\/fr\/evenements\/sejour-en-famille\/#breadcrumb","itemListElement":[{"@type":"ListItem","position":1,"name":"Accueil","item":"https:\/\/centreo3.com\/fr\/"},{"@type":"ListItem","position":2,"name":"\u00c9v\u00e9nements sur mesure","item":"https:\/\/centreo3.com\/fr\/evenements\/"},{"@type":"ListItem","position":3,"name":"S\u00e9jour en famille"}]},{"@type":"WebSite","@id":"https:\/\/centreo3.com\/fr\/#website","url":"https:\/\/centreo3.com\/fr\/","name":"Centre O3","description":"Salles de r\u00e9ception et h\u00e9bergements pour \u00e9v\u00e9nements","publisher":{"@id":"https:\/\/centreo3.com\/fr\/#organization"},"potentialAction":[{"@type":"SearchAction","target":{"@type":"EntryPoint","urlTemplate":"https:\/\/centreo3.com\/fr\/?s={search_term_string}"},"query-input":{"@type":"PropertyValueSpecification","valueRequired":true,"valueName":"search_term_string"}}],"inLanguage":"fr-FR"},{"@type":"Organization","@id":"https:\/\/centreo3.com\/fr\/#organization","name":"Centre O3","url":"https:\/\/centreo3.com\/fr\/","logo":{"@type":"ImageObject","inLanguage":"fr-FR","@id":"https:\/\/centreo3.com\/fr\/#\/schema\/logo\/image\/","url":"https:\/\/centreo3.com\/wp-content\/uploads\/2023\/09\/centreo3-logo.svg","contentUrl":"https:\/\/centreo3.com\/wp-content\/uploads\/2023\/09\/centreo3-logo.svg","width":257,"height":48,"caption":"Centre O3"},"image":{"@id":"https:\/\/centreo3.com\/fr\/#\/schema\/logo\/image\/"}}]}},"_links":{"self":[{"href":"https:\/\/centreo3.com\/fr\/wp-json\/wp\/v2\/pages\/57","targetHints":{"allow":["GET"]}}],"collection":[{"href":"https:\/\/centreo3.com\/fr\/wp-json\/wp\/v2\/pages"}],"about":[{"href":"https:\/\/centreo3.com\/fr\/wp-json\/wp\/v2\/types\/page"}],"author":[{"embeddable":true,"href":"https:\/\/centreo3.com\/fr\/wp-json\/wp\/v2\/users\/1"}],"replies":[{"embeddable":true,"href":"https:\/\/centreo3.com\/fr\/wp-json\/wp\/v2\/comments?post=57"}],"version-history":[{"count":5,"href":"https:\/\/centreo3.com\/fr\/wp-json\/wp\/v2\/pages\/57\/revisions"}],"predecessor-version":[{"id":1126,"href":"https:\/\/centreo3.com\/fr\/wp-json\/wp\/v2\/pages\/57\/revisions\/1126"}],"up":[{"embeddable":true,"href":"https:\/\/centreo3.com\/fr\/wp-json\/wp\/v2\/pages\/38"}],"wp:attachment":[{"href":"https:\/\/centreo3.com\/fr\/wp-json\/wp\/v2\/media?parent=57"}],"curies":[{"name":"wp","href":"https:\/\/api.w.org\/{rel}","templated":true}]}}