{"id":53,"date":"2023-09-26T10:35:40","date_gmt":"2023-09-26T14:35:40","guid":{"rendered":"https:\/\/centreo3.com\/?page_id=53"},"modified":"2023-10-03T17:27:00","modified_gmt":"2023-10-03T21:27:00","slug":"lieu-seminaire-entreprise","status":"publish","type":"page","link":"https:\/\/centreo3.com\/fr\/evenements\/lieu-seminaire-entreprise\/","title":{"rendered":"S\u00e9jours de formation et s\u00e9minaires d&rsquo;entreprise"},"content":{"rendered":"\t\t<div data-elementor-type=\"wp-page\" data-elementor-id=\"53\" class=\"elementor elementor-53\" data-elementor-post-type=\"page\">\n\t\t\t\t<div class=\"elementor-element elementor-element-53a4e51 e-flex e-con-boxed e-con e-parent\" data-id=\"53a4e51\" data-element_type=\"container\" data-e-type=\"container\">\n\t\t\t\t\t<div class=\"e-con-inner\">\n\t\t\t\t<div class=\"elementor-element elementor-element-108b674 elementor-widget elementor-widget-text-editor\" data-id=\"108b674\" data-element_type=\"widget\" data-e-type=\"widget\" data-widget_type=\"text-editor.default\">\n\t\t\t\t<div class=\"elementor-widget-container\">\n\t\t\t\t\t\t\t\t\t<p>Que ce soit pour organiser un s\u00e9minaire d&rsquo;entreprise, une formation, un lac-\u00e0-l\u2019\u00e9paule ou un s\u00e9jour de team building, nous avons tout sur place pour assurer \u00e0 votre \u00e9quipe un s\u00e9jour agr\u00e9able et sans souci. Nos salles de conf\u00e9rence sont dot\u00e9es d\u2019\u00e9quipements audiovisuels qui vous permettront de dynamiser vos pr\u00e9sentations. Gr\u00e2ce aux diff\u00e9rents types d\u2019h\u00e9bergement offerts, une sortie corporative n\u2019aura jamais \u00e9t\u00e9 aussi simple\u2009! Le service de traiteur sur place vous propose un grand choix de collations sant\u00e9 et de repas faits maison qui peuvent \u00eatre livr\u00e9s directement dans votre salle de rencontre ou servis \u00e0 notre caf\u00e9t\u00e9ria strat\u00e9giquement situ\u00e9e. Lors des pauses, les participants pourront profiter de la nature et du site, aux abords des Trois Lacs, pour se d\u00e9gourdir ou relaxer et surtout faire le plein d\u2019\u00e9nergie pour le reste de la journ\u00e9e.<\/p>\t\t\t\t\t\t\t\t<\/div>\n\t\t\t\t<\/div>\n\t\t\t\t\t<\/div>\n\t\t\t\t<\/div>\n\t\t\t\t<\/div>\n\t\t","protected":false},"excerpt":{"rendered":"<p>Que ce soit pour organiser un s\u00e9minaire d&rsquo;entreprise, une formation, un lac-\u00e0-l\u2019\u00e9paule ou un s\u00e9jour de team building, nous avons tout sur place pour assurer \u00e0 votre \u00e9quipe un s\u00e9jour agr\u00e9able et sans souci. Nos salles de conf\u00e9rence sont dot\u00e9es d\u2019\u00e9quipements audiovisuels qui vous permettront de dynamiser vos pr\u00e9sentations. Gr\u00e2ce aux diff\u00e9rents types d\u2019h\u00e9bergement offerts, [&hellip;]<\/p>\n","protected":false},"author":1,"featured_media":0,"parent":38,"menu_order":0,"comment_status":"closed","ping_status":"closed","template":"","meta":{"footnotes":""},"class_list":["post-53","page","type-page","status-publish","hentry"],"yoast_head":"<!-- This site is optimized with the Yoast SEO plugin v27.1.1 - https:\/\/yoast.com\/product\/yoast-seo-wordpress\/ -->\n<title>Lieu de s\u00e9minaire d&#039;entreprise et s\u00e9jour de formation - Centre O3<\/title>\n<meta name=\"robots\" content=\"index, follow, max-snippet:-1, max-image-preview:large, max-video-preview:-1\" \/>\n<link rel=\"canonical\" href=\"https:\/\/centreo3.com\/fr\/evenements\/lieu-seminaire-entreprise\/\" \/>\n<meta property=\"og:locale\" content=\"fr_FR\" \/>\n<meta property=\"og:type\" content=\"article\" \/>\n<meta property=\"og:title\" content=\"Lieu de s\u00e9minaire d&#039;entreprise et s\u00e9jour de formation - Centre O3\" \/>\n<meta property=\"og:description\" content=\"Que ce soit pour organiser un s\u00e9minaire d&rsquo;entreprise, une formation, un lac-\u00e0-l\u2019\u00e9paule ou un s\u00e9jour de team building, nous avons tout sur place pour assurer \u00e0 votre \u00e9quipe un s\u00e9jour agr\u00e9able et sans souci. Nos salles de conf\u00e9rence sont dot\u00e9es d\u2019\u00e9quipements audiovisuels qui vous permettront de dynamiser vos pr\u00e9sentations. Gr\u00e2ce aux diff\u00e9rents types d\u2019h\u00e9bergement offerts, [&hellip;]\" \/>\n<meta property=\"og:url\" content=\"https:\/\/centreo3.com\/fr\/evenements\/lieu-seminaire-entreprise\/\" \/>\n<meta property=\"og:site_name\" content=\"Centre O3\" \/>\n<meta property=\"article:modified_time\" content=\"2023-10-03T21:27:00+00:00\" \/>\n<meta name=\"twitter:card\" content=\"summary_large_image\" \/>\n<meta name=\"twitter:label1\" content=\"Dur\u00e9e de lecture estim\u00e9e\" \/>\n\t<meta name=\"twitter:data1\" content=\"1 minute\" \/>\n<script type=\"application\/ld+json\" class=\"yoast-schema-graph\">{\"@context\":\"https:\/\/schema.org\",\"@graph\":[{\"@type\":\"WebPage\",\"@id\":\"https:\/\/centreo3.com\/fr\/evenements\/lieu-seminaire-entreprise\/\",\"url\":\"https:\/\/centreo3.com\/fr\/evenements\/lieu-seminaire-entreprise\/\",\"name\":\"Lieu de s\u00e9minaire d'entreprise et s\u00e9jour de formation - Centre O3\",\"isPartOf\":{\"@id\":\"https:\/\/centreo3.com\/fr\/#website\"},\"datePublished\":\"2023-09-26T14:35:40+00:00\",\"dateModified\":\"2023-10-03T21:27:00+00:00\",\"breadcrumb\":{\"@id\":\"https:\/\/centreo3.com\/fr\/evenements\/lieu-seminaire-entreprise\/#breadcrumb\"},\"inLanguage\":\"fr-FR\",\"potentialAction\":[{\"@type\":\"ReadAction\",\"target\":[\"https:\/\/centreo3.com\/fr\/evenements\/lieu-seminaire-entreprise\/\"]}]},{\"@type\":\"BreadcrumbList\",\"@id\":\"https:\/\/centreo3.com\/fr\/evenements\/lieu-seminaire-entreprise\/#breadcrumb\",\"itemListElement\":[{\"@type\":\"ListItem\",\"position\":1,\"name\":\"Accueil\",\"item\":\"https:\/\/centreo3.com\/fr\/\"},{\"@type\":\"ListItem\",\"position\":2,\"name\":\"\u00c9v\u00e9nements sur mesure\",\"item\":\"https:\/\/centreo3.com\/fr\/evenements\/\"},{\"@type\":\"ListItem\",\"position\":3,\"name\":\"S\u00e9jours de formation et s\u00e9minaires d&rsquo;entreprise\"}]},{\"@type\":\"WebSite\",\"@id\":\"https:\/\/centreo3.com\/fr\/#website\",\"url\":\"https:\/\/centreo3.com\/fr\/\",\"name\":\"Centre O3\",\"description\":\"Salles de r\u00e9ception et h\u00e9bergements pour \u00e9v\u00e9nements\",\"publisher\":{\"@id\":\"https:\/\/centreo3.com\/fr\/#organization\"},\"potentialAction\":[{\"@type\":\"SearchAction\",\"target\":{\"@type\":\"EntryPoint\",\"urlTemplate\":\"https:\/\/centreo3.com\/fr\/?s={search_term_string}\"},\"query-input\":{\"@type\":\"PropertyValueSpecification\",\"valueRequired\":true,\"valueName\":\"search_term_string\"}}],\"inLanguage\":\"fr-FR\"},{\"@type\":\"Organization\",\"@id\":\"https:\/\/centreo3.com\/fr\/#organization\",\"name\":\"Centre O3\",\"url\":\"https:\/\/centreo3.com\/fr\/\",\"logo\":{\"@type\":\"ImageObject\",\"inLanguage\":\"fr-FR\",\"@id\":\"https:\/\/centreo3.com\/fr\/#\/schema\/logo\/image\/\",\"url\":\"https:\/\/centreo3.com\/wp-content\/uploads\/2023\/09\/centreo3-logo.svg\",\"contentUrl\":\"https:\/\/centreo3.com\/wp-content\/uploads\/2023\/09\/centreo3-logo.svg\",\"width\":257,\"height\":48,\"caption\":\"Centre O3\"},\"image\":{\"@id\":\"https:\/\/centreo3.com\/fr\/#\/schema\/logo\/image\/\"}}]}<\/script>\n<!-- \/ Yoast SEO plugin. -->","yoast_head_json":{"title":"Lieu de s\u00e9minaire d'entreprise et s\u00e9jour de formation - Centre O3","robots":{"index":"index","follow":"follow","max-snippet":"max-snippet:-1","max-image-preview":"max-image-preview:large","max-video-preview":"max-video-preview:-1"},"canonical":"https:\/\/centreo3.com\/fr\/evenements\/lieu-seminaire-entreprise\/","og_locale":"fr_FR","og_type":"article","og_title":"Lieu de s\u00e9minaire d'entreprise et s\u00e9jour de formation - Centre O3","og_description":"Que ce soit pour organiser un s\u00e9minaire d&rsquo;entreprise, une formation, un lac-\u00e0-l\u2019\u00e9paule ou un s\u00e9jour de team building, nous avons tout sur place pour assurer \u00e0 votre \u00e9quipe un s\u00e9jour agr\u00e9able et sans souci. Nos salles de conf\u00e9rence sont dot\u00e9es d\u2019\u00e9quipements audiovisuels qui vous permettront de dynamiser vos pr\u00e9sentations. Gr\u00e2ce aux diff\u00e9rents types d\u2019h\u00e9bergement offerts, [&hellip;]","og_url":"https:\/\/centreo3.com\/fr\/evenements\/lieu-seminaire-entreprise\/","og_site_name":"Centre O3","article_modified_time":"2023-10-03T21:27:00+00:00","twitter_card":"summary_large_image","twitter_misc":{"Dur\u00e9e de lecture estim\u00e9e":"1 minute"},"schema":{"@context":"https:\/\/schema.org","@graph":[{"@type":"WebPage","@id":"https:\/\/centreo3.com\/fr\/evenements\/lieu-seminaire-entreprise\/","url":"https:\/\/centreo3.com\/fr\/evenements\/lieu-seminaire-entreprise\/","name":"Lieu de s\u00e9minaire d'entreprise et s\u00e9jour de formation - Centre O3","isPartOf":{"@id":"https:\/\/centreo3.com\/fr\/#website"},"datePublished":"2023-09-26T14:35:40+00:00","dateModified":"2023-10-03T21:27:00+00:00","breadcrumb":{"@id":"https:\/\/centreo3.com\/fr\/evenements\/lieu-seminaire-entreprise\/#breadcrumb"},"inLanguage":"fr-FR","potentialAction":[{"@type":"ReadAction","target":["https:\/\/centreo3.com\/fr\/evenements\/lieu-seminaire-entreprise\/"]}]},{"@type":"BreadcrumbList","@id":"https:\/\/centreo3.com\/fr\/evenements\/lieu-seminaire-entreprise\/#breadcrumb","itemListElement":[{"@type":"ListItem","position":1,"name":"Accueil","item":"https:\/\/centreo3.com\/fr\/"},{"@type":"ListItem","position":2,"name":"\u00c9v\u00e9nements sur mesure","item":"https:\/\/centreo3.com\/fr\/evenements\/"},{"@type":"ListItem","position":3,"name":"S\u00e9jours de formation et s\u00e9minaires d&rsquo;entreprise"}]},{"@type":"WebSite","@id":"https:\/\/centreo3.com\/fr\/#website","url":"https:\/\/centreo3.com\/fr\/","name":"Centre O3","description":"Salles de r\u00e9ception et h\u00e9bergements pour \u00e9v\u00e9nements","publisher":{"@id":"https:\/\/centreo3.com\/fr\/#organization"},"potentialAction":[{"@type":"SearchAction","target":{"@type":"EntryPoint","urlTemplate":"https:\/\/centreo3.com\/fr\/?s={search_term_string}"},"query-input":{"@type":"PropertyValueSpecification","valueRequired":true,"valueName":"search_term_string"}}],"inLanguage":"fr-FR"},{"@type":"Organization","@id":"https:\/\/centreo3.com\/fr\/#organization","name":"Centre O3","url":"https:\/\/centreo3.com\/fr\/","logo":{"@type":"ImageObject","inLanguage":"fr-FR","@id":"https:\/\/centreo3.com\/fr\/#\/schema\/logo\/image\/","url":"https:\/\/centreo3.com\/wp-content\/uploads\/2023\/09\/centreo3-logo.svg","contentUrl":"https:\/\/centreo3.com\/wp-content\/uploads\/2023\/09\/centreo3-logo.svg","width":257,"height":48,"caption":"Centre O3"},"image":{"@id":"https:\/\/centreo3.com\/fr\/#\/schema\/logo\/image\/"}}]}},"_links":{"self":[{"href":"https:\/\/centreo3.com\/fr\/wp-json\/wp\/v2\/pages\/53","targetHints":{"allow":["GET"]}}],"collection":[{"href":"https:\/\/centreo3.com\/fr\/wp-json\/wp\/v2\/pages"}],"about":[{"href":"https:\/\/centreo3.com\/fr\/wp-json\/wp\/v2\/types\/page"}],"author":[{"embeddable":true,"href":"https:\/\/centreo3.com\/fr\/wp-json\/wp\/v2\/users\/1"}],"replies":[{"embeddable":true,"href":"https:\/\/centreo3.com\/fr\/wp-json\/wp\/v2\/comments?post=53"}],"version-history":[{"count":5,"href":"https:\/\/centreo3.com\/fr\/wp-json\/wp\/v2\/pages\/53\/revisions"}],"predecessor-version":[{"id":1124,"href":"https:\/\/centreo3.com\/fr\/wp-json\/wp\/v2\/pages\/53\/revisions\/1124"}],"up":[{"embeddable":true,"href":"https:\/\/centreo3.com\/fr\/wp-json\/wp\/v2\/pages\/38"}],"wp:attachment":[{"href":"https:\/\/centreo3.com\/fr\/wp-json\/wp\/v2\/media?parent=53"}],"curies":[{"name":"wp","href":"https:\/\/api.w.org\/{rel}","templated":true}]}}