{"id":51,"date":"2023-09-26T10:35:11","date_gmt":"2023-09-26T14:35:11","guid":{"rendered":"https:\/\/centreo3.com\/?page_id=51"},"modified":"2023-09-29T15:22:54","modified_gmt":"2023-09-29T19:22:54","slug":"location-salle-de-conference","status":"publish","type":"page","link":"https:\/\/centreo3.com\/fr\/evenements\/location-salle-de-conference\/","title":{"rendered":"Location de salles de conf\u00e9rence"},"content":{"rendered":"\t\t<div data-elementor-type=\"wp-page\" data-elementor-id=\"51\" class=\"elementor elementor-51\" data-elementor-post-type=\"page\">\n\t\t\t\t<div class=\"elementor-element elementor-element-bd24b89 e-flex e-con-boxed e-con e-parent\" data-id=\"bd24b89\" data-element_type=\"container\" data-e-type=\"container\">\n\t\t\t\t\t<div class=\"e-con-inner\">\n\t\t\t\t<div class=\"elementor-element elementor-element-38537f8 elementor-widget elementor-widget-heading\" data-id=\"38537f8\" data-element_type=\"widget\" data-e-type=\"widget\" data-widget_type=\"heading.default\">\n\t\t\t\t<div class=\"elementor-widget-container\">\n\t\t\t\t\t<h2 class=\"elementor-heading-title elementor-size-default\">Location de salles de conf\u00e9rence pour colloques et r\u00e9unions<\/h2>\t\t\t\t<\/div>\n\t\t\t\t<\/div>\n\t\t\t\t<div class=\"elementor-element elementor-element-c6f4109 elementor-widget elementor-widget-text-editor\" data-id=\"c6f4109\" data-element_type=\"widget\" data-e-type=\"widget\" data-widget_type=\"text-editor.default\">\n\t\t\t\t<div class=\"elementor-widget-container\">\n\t\t\t\t\t\t\t\t\t<p>Avec ses nombreuses salles de conf\u00e9rence, le Centre\u00a0O<sup>3<\/sup>\u00a0est tout indiqu\u00e9 pour la tenue de colloques et de r\u00e9unions. Les salles de conf\u00e9rence \u00e0 louer sont toutes \u00e0 proximit\u00e9 les unes des autres, ce qui permet un transfert facile et efficace si votre \u00e9v\u00e9nement comporte diff\u00e9rents ateliers ou formations. Notre service de traiteur peut g\u00e9rer les collations, le caf\u00e9 et les repas. Par ailleurs, nos \u00e9quipements audiovisuels et notre r\u00e9seau haute vitesse sans fil vous offrent les conditions optimales pour vos pr\u00e9sentations. Des tables rondes peuvent \u00eatre dispos\u00e9es dans les salles de conf\u00e9rence pour les \u00e9changes en groupes et un syst\u00e8me de rideaux autoportants permet de diviser les salles afin de former des kiosques pour des exposants. Bref, le Centre\u00a0O<sup>3<\/sup>\u00a0a tout sur place pour simplifier l\u2019organisation mat\u00e9rielle de votre \u00e9v\u00e9nement et ainsi vous permettre de vous concentrer sur son contenu.<\/p>\t\t\t\t\t\t\t\t<\/div>\n\t\t\t\t<\/div>\n\t\t\t\t\t<\/div>\n\t\t\t\t<\/div>\n\t\t\t\t<\/div>\n\t\t","protected":false},"excerpt":{"rendered":"<p>Location de salles de conf\u00e9rence pour colloques et r\u00e9unions Avec ses nombreuses salles de conf\u00e9rence, le Centre\u00a0O3\u00a0est tout indiqu\u00e9 pour la tenue de colloques et de r\u00e9unions. Les salles de conf\u00e9rence \u00e0 louer sont toutes \u00e0 proximit\u00e9 les unes des autres, ce qui permet un transfert facile et efficace si votre \u00e9v\u00e9nement comporte diff\u00e9rents ateliers [&hellip;]<\/p>\n","protected":false},"author":1,"featured_media":0,"parent":38,"menu_order":0,"comment_status":"closed","ping_status":"closed","template":"","meta":{"footnotes":""},"class_list":["post-51","page","type-page","status-publish","hentry"],"yoast_head":"<!-- This site is optimized with the Yoast SEO plugin v27.1.1 - https:\/\/yoast.com\/product\/yoast-seo-wordpress\/ -->\n<title>Location de salles de conf\u00e9rence - Centre O3<\/title>\n<meta name=\"robots\" content=\"index, follow, max-snippet:-1, max-image-preview:large, max-video-preview:-1\" \/>\n<link rel=\"canonical\" href=\"https:\/\/centreo3.com\/fr\/evenements\/location-salle-de-conference\/\" \/>\n<meta property=\"og:locale\" content=\"fr_FR\" \/>\n<meta property=\"og:type\" content=\"article\" \/>\n<meta property=\"og:title\" content=\"Location de salles de conf\u00e9rence - Centre O3\" \/>\n<meta property=\"og:description\" content=\"Location de salles de conf\u00e9rence pour colloques et r\u00e9unions Avec ses nombreuses salles de conf\u00e9rence, le Centre\u00a0O3\u00a0est tout indiqu\u00e9 pour la tenue de colloques et de r\u00e9unions. Les salles de conf\u00e9rence \u00e0 louer sont toutes \u00e0 proximit\u00e9 les unes des autres, ce qui permet un transfert facile et efficace si votre \u00e9v\u00e9nement comporte diff\u00e9rents ateliers [&hellip;]\" \/>\n<meta property=\"og:url\" content=\"https:\/\/centreo3.com\/fr\/evenements\/location-salle-de-conference\/\" \/>\n<meta property=\"og:site_name\" content=\"Centre O3\" \/>\n<meta property=\"article:modified_time\" content=\"2023-09-29T19:22:54+00:00\" \/>\n<meta name=\"twitter:card\" content=\"summary_large_image\" \/>\n<meta name=\"twitter:label1\" content=\"Dur\u00e9e de lecture estim\u00e9e\" \/>\n\t<meta name=\"twitter:data1\" content=\"1 minute\" \/>\n<script type=\"application\/ld+json\" class=\"yoast-schema-graph\">{\"@context\":\"https:\/\/schema.org\",\"@graph\":[{\"@type\":\"WebPage\",\"@id\":\"https:\/\/centreo3.com\/fr\/evenements\/location-salle-de-conference\/\",\"url\":\"https:\/\/centreo3.com\/fr\/evenements\/location-salle-de-conference\/\",\"name\":\"Location de salles de conf\u00e9rence - Centre O3\",\"isPartOf\":{\"@id\":\"https:\/\/centreo3.com\/fr\/#website\"},\"datePublished\":\"2023-09-26T14:35:11+00:00\",\"dateModified\":\"2023-09-29T19:22:54+00:00\",\"breadcrumb\":{\"@id\":\"https:\/\/centreo3.com\/fr\/evenements\/location-salle-de-conference\/#breadcrumb\"},\"inLanguage\":\"fr-FR\",\"potentialAction\":[{\"@type\":\"ReadAction\",\"target\":[\"https:\/\/centreo3.com\/fr\/evenements\/location-salle-de-conference\/\"]}]},{\"@type\":\"BreadcrumbList\",\"@id\":\"https:\/\/centreo3.com\/fr\/evenements\/location-salle-de-conference\/#breadcrumb\",\"itemListElement\":[{\"@type\":\"ListItem\",\"position\":1,\"name\":\"Accueil\",\"item\":\"https:\/\/centreo3.com\/fr\/\"},{\"@type\":\"ListItem\",\"position\":2,\"name\":\"\u00c9v\u00e9nements sur mesure\",\"item\":\"https:\/\/centreo3.com\/fr\/evenements\/\"},{\"@type\":\"ListItem\",\"position\":3,\"name\":\"Location de salles de conf\u00e9rence\"}]},{\"@type\":\"WebSite\",\"@id\":\"https:\/\/centreo3.com\/fr\/#website\",\"url\":\"https:\/\/centreo3.com\/fr\/\",\"name\":\"Centre O3\",\"description\":\"Salles de r\u00e9ception et h\u00e9bergements pour \u00e9v\u00e9nements\",\"publisher\":{\"@id\":\"https:\/\/centreo3.com\/fr\/#organization\"},\"potentialAction\":[{\"@type\":\"SearchAction\",\"target\":{\"@type\":\"EntryPoint\",\"urlTemplate\":\"https:\/\/centreo3.com\/fr\/?s={search_term_string}\"},\"query-input\":{\"@type\":\"PropertyValueSpecification\",\"valueRequired\":true,\"valueName\":\"search_term_string\"}}],\"inLanguage\":\"fr-FR\"},{\"@type\":\"Organization\",\"@id\":\"https:\/\/centreo3.com\/fr\/#organization\",\"name\":\"Centre O3\",\"url\":\"https:\/\/centreo3.com\/fr\/\",\"logo\":{\"@type\":\"ImageObject\",\"inLanguage\":\"fr-FR\",\"@id\":\"https:\/\/centreo3.com\/fr\/#\/schema\/logo\/image\/\",\"url\":\"https:\/\/centreo3.com\/wp-content\/uploads\/2023\/09\/centreo3-logo.svg\",\"contentUrl\":\"https:\/\/centreo3.com\/wp-content\/uploads\/2023\/09\/centreo3-logo.svg\",\"width\":257,\"height\":48,\"caption\":\"Centre O3\"},\"image\":{\"@id\":\"https:\/\/centreo3.com\/fr\/#\/schema\/logo\/image\/\"}}]}<\/script>\n<!-- \/ Yoast SEO plugin. -->","yoast_head_json":{"title":"Location de salles de conf\u00e9rence - Centre O3","robots":{"index":"index","follow":"follow","max-snippet":"max-snippet:-1","max-image-preview":"max-image-preview:large","max-video-preview":"max-video-preview:-1"},"canonical":"https:\/\/centreo3.com\/fr\/evenements\/location-salle-de-conference\/","og_locale":"fr_FR","og_type":"article","og_title":"Location de salles de conf\u00e9rence - Centre O3","og_description":"Location de salles de conf\u00e9rence pour colloques et r\u00e9unions Avec ses nombreuses salles de conf\u00e9rence, le Centre\u00a0O3\u00a0est tout indiqu\u00e9 pour la tenue de colloques et de r\u00e9unions. Les salles de conf\u00e9rence \u00e0 louer sont toutes \u00e0 proximit\u00e9 les unes des autres, ce qui permet un transfert facile et efficace si votre \u00e9v\u00e9nement comporte diff\u00e9rents ateliers [&hellip;]","og_url":"https:\/\/centreo3.com\/fr\/evenements\/location-salle-de-conference\/","og_site_name":"Centre O3","article_modified_time":"2023-09-29T19:22:54+00:00","twitter_card":"summary_large_image","twitter_misc":{"Dur\u00e9e de lecture estim\u00e9e":"1 minute"},"schema":{"@context":"https:\/\/schema.org","@graph":[{"@type":"WebPage","@id":"https:\/\/centreo3.com\/fr\/evenements\/location-salle-de-conference\/","url":"https:\/\/centreo3.com\/fr\/evenements\/location-salle-de-conference\/","name":"Location de salles de conf\u00e9rence - Centre O3","isPartOf":{"@id":"https:\/\/centreo3.com\/fr\/#website"},"datePublished":"2023-09-26T14:35:11+00:00","dateModified":"2023-09-29T19:22:54+00:00","breadcrumb":{"@id":"https:\/\/centreo3.com\/fr\/evenements\/location-salle-de-conference\/#breadcrumb"},"inLanguage":"fr-FR","potentialAction":[{"@type":"ReadAction","target":["https:\/\/centreo3.com\/fr\/evenements\/location-salle-de-conference\/"]}]},{"@type":"BreadcrumbList","@id":"https:\/\/centreo3.com\/fr\/evenements\/location-salle-de-conference\/#breadcrumb","itemListElement":[{"@type":"ListItem","position":1,"name":"Accueil","item":"https:\/\/centreo3.com\/fr\/"},{"@type":"ListItem","position":2,"name":"\u00c9v\u00e9nements sur mesure","item":"https:\/\/centreo3.com\/fr\/evenements\/"},{"@type":"ListItem","position":3,"name":"Location de salles de conf\u00e9rence"}]},{"@type":"WebSite","@id":"https:\/\/centreo3.com\/fr\/#website","url":"https:\/\/centreo3.com\/fr\/","name":"Centre O3","description":"Salles de r\u00e9ception et h\u00e9bergements pour \u00e9v\u00e9nements","publisher":{"@id":"https:\/\/centreo3.com\/fr\/#organization"},"potentialAction":[{"@type":"SearchAction","target":{"@type":"EntryPoint","urlTemplate":"https:\/\/centreo3.com\/fr\/?s={search_term_string}"},"query-input":{"@type":"PropertyValueSpecification","valueRequired":true,"valueName":"search_term_string"}}],"inLanguage":"fr-FR"},{"@type":"Organization","@id":"https:\/\/centreo3.com\/fr\/#organization","name":"Centre O3","url":"https:\/\/centreo3.com\/fr\/","logo":{"@type":"ImageObject","inLanguage":"fr-FR","@id":"https:\/\/centreo3.com\/fr\/#\/schema\/logo\/image\/","url":"https:\/\/centreo3.com\/wp-content\/uploads\/2023\/09\/centreo3-logo.svg","contentUrl":"https:\/\/centreo3.com\/wp-content\/uploads\/2023\/09\/centreo3-logo.svg","width":257,"height":48,"caption":"Centre O3"},"image":{"@id":"https:\/\/centreo3.com\/fr\/#\/schema\/logo\/image\/"}}]}},"_links":{"self":[{"href":"https:\/\/centreo3.com\/fr\/wp-json\/wp\/v2\/pages\/51","targetHints":{"allow":["GET"]}}],"collection":[{"href":"https:\/\/centreo3.com\/fr\/wp-json\/wp\/v2\/pages"}],"about":[{"href":"https:\/\/centreo3.com\/fr\/wp-json\/wp\/v2\/types\/page"}],"author":[{"embeddable":true,"href":"https:\/\/centreo3.com\/fr\/wp-json\/wp\/v2\/users\/1"}],"replies":[{"embeddable":true,"href":"https:\/\/centreo3.com\/fr\/wp-json\/wp\/v2\/comments?post=51"}],"version-history":[{"count":4,"href":"https:\/\/centreo3.com\/fr\/wp-json\/wp\/v2\/pages\/51\/revisions"}],"predecessor-version":[{"id":472,"href":"https:\/\/centreo3.com\/fr\/wp-json\/wp\/v2\/pages\/51\/revisions\/472"}],"up":[{"embeddable":true,"href":"https:\/\/centreo3.com\/fr\/wp-json\/wp\/v2\/pages\/38"}],"wp:attachment":[{"href":"https:\/\/centreo3.com\/fr\/wp-json\/wp\/v2\/media?parent=51"}],"curies":[{"name":"wp","href":"https:\/\/api.w.org\/{rel}","templated":true}]}}