{"id":49,"date":"2023-09-26T10:34:38","date_gmt":"2023-09-26T14:34:38","guid":{"rendered":"https:\/\/centreo3.com\/?page_id=49"},"modified":"2023-10-03T17:25:52","modified_gmt":"2023-10-03T21:25:52","slug":"location-salle-de-spectacle","status":"publish","type":"page","link":"https:\/\/centreo3.com\/fr\/evenements\/location-salle-de-spectacle\/","title":{"rendered":"Location salle de spectacle"},"content":{"rendered":"\t\t<div data-elementor-type=\"wp-page\" data-elementor-id=\"49\" class=\"elementor elementor-49\" data-elementor-post-type=\"page\">\n\t\t\t\t<div class=\"elementor-element elementor-element-0a2f26a e-flex e-con-boxed e-con e-parent\" data-id=\"0a2f26a\" data-element_type=\"container\" data-e-type=\"container\">\n\t\t\t\t\t<div class=\"e-con-inner\">\n\t\t\t\t<div class=\"elementor-element elementor-element-73c39b8 elementor-widget elementor-widget-heading\" data-id=\"73c39b8\" data-element_type=\"widget\" data-e-type=\"widget\" data-widget_type=\"heading.default\">\n\t\t\t\t<div class=\"elementor-widget-container\">\n\t\t\t\t\t<h2 class=\"elementor-heading-title elementor-size-default\">Facilitez l'organisation de votre spectacle avec la location d'une salle enti\u00e8rement \u00e9quip\u00e9e<\/h2>\t\t\t\t<\/div>\n\t\t\t\t<\/div>\n\t\t\t\t<div class=\"elementor-element elementor-element-904b3ef elementor-widget elementor-widget-text-editor\" data-id=\"904b3ef\" data-element_type=\"widget\" data-e-type=\"widget\" data-widget_type=\"text-editor.default\">\n\t\t\t\t<div class=\"elementor-widget-container\">\n\t\t\t\t\t\t\t\t\t<p>Le Centre\u00a0O<sup>3<\/sup>\u00a0a \u00e9t\u00e9 cr\u00e9\u00e9 par le Camp Musical d\u2019Asbestos dont la vocation premi\u00e8re est, \u00e9videmment, de favoriser la pratique de la musique. Cela nous permet donc d\u2019avoir sur place tout le mat\u00e9riel n\u00e9cessaire pour de grands spectacles. Sur le plan de la sonorisation, nous poss\u00e9dons 2\u00a0syst\u00e8mes de 10\u2009000\u00a0watts pour des spectacles int\u00e9rieurs comme ext\u00e9rieurs. Pour ce qui est de l\u2019\u00e9clairage, nous sommes \u00e9quip\u00e9s de D.E.L., de Lecko et de Fresnel et notre salle multifonctionnelle est dot\u00e9e de 4\u00a0barres d\u2019\u00e9clairage au plafond ainsi que de projecteurs de sc\u00e8ne. Cette salle de spectacle comporte aussi une sc\u00e8ne de 50 pieds de largeur par 30 pieds de profondeur pouvant accueillir ais\u00e9ment les groupes nombreux, les chorales et les pi\u00e8ces de th\u00e9\u00e2tre. Nous louons fr\u00e9quemment des \u00e9quipements de sonorisation tels que moniteurs, microphones, consoles, c\u00e2bles, etc. Que ce soit pour un souper-spectacle, des repr\u00e9sentations de danse ou de th\u00e9\u00e2tre ou un spectacle rock, tout est en place pour une organisation des plus ais\u00e9es lors de la location de notre salle de spectacle.<\/p>\t\t\t\t\t\t\t\t<\/div>\n\t\t\t\t<\/div>\n\t\t\t\t\t<\/div>\n\t\t\t\t<\/div>\n\t\t\t\t<\/div>\n\t\t","protected":false},"excerpt":{"rendered":"<p>Facilitez l&rsquo;organisation de votre spectacle avec la location d&rsquo;une salle enti\u00e8rement \u00e9quip\u00e9e Le Centre\u00a0O3\u00a0a \u00e9t\u00e9 cr\u00e9\u00e9 par le Camp Musical d\u2019Asbestos dont la vocation premi\u00e8re est, \u00e9videmment, de favoriser la pratique de la musique. Cela nous permet donc d\u2019avoir sur place tout le mat\u00e9riel n\u00e9cessaire pour de grands spectacles. Sur le plan de la sonorisation, [&hellip;]<\/p>\n","protected":false},"author":1,"featured_media":0,"parent":38,"menu_order":0,"comment_status":"closed","ping_status":"closed","template":"","meta":{"footnotes":""},"class_list":["post-49","page","type-page","status-publish","hentry"],"yoast_head":"<!-- This site is optimized with the Yoast SEO plugin v27.1.1 - https:\/\/yoast.com\/product\/yoast-seo-wordpress\/ -->\n<title>Location salle de spectacle multifonctionnelle - Centre O3<\/title>\n<meta name=\"robots\" content=\"index, follow, max-snippet:-1, max-image-preview:large, max-video-preview:-1\" \/>\n<link rel=\"canonical\" href=\"https:\/\/centreo3.com\/fr\/evenements\/location-salle-de-spectacle\/\" \/>\n<meta property=\"og:locale\" content=\"fr_FR\" \/>\n<meta property=\"og:type\" content=\"article\" \/>\n<meta property=\"og:title\" content=\"Location salle de spectacle multifonctionnelle - Centre O3\" \/>\n<meta property=\"og:description\" content=\"Facilitez l&rsquo;organisation de votre spectacle avec la location d&rsquo;une salle enti\u00e8rement \u00e9quip\u00e9e Le Centre\u00a0O3\u00a0a \u00e9t\u00e9 cr\u00e9\u00e9 par le Camp Musical d\u2019Asbestos dont la vocation premi\u00e8re est, \u00e9videmment, de favoriser la pratique de la musique. Cela nous permet donc d\u2019avoir sur place tout le mat\u00e9riel n\u00e9cessaire pour de grands spectacles. Sur le plan de la sonorisation, [&hellip;]\" \/>\n<meta property=\"og:url\" content=\"https:\/\/centreo3.com\/fr\/evenements\/location-salle-de-spectacle\/\" \/>\n<meta property=\"og:site_name\" content=\"Centre O3\" \/>\n<meta property=\"article:modified_time\" content=\"2023-10-03T21:25:52+00:00\" \/>\n<meta name=\"twitter:card\" content=\"summary_large_image\" \/>\n<meta name=\"twitter:label1\" content=\"Dur\u00e9e de lecture estim\u00e9e\" \/>\n\t<meta name=\"twitter:data1\" content=\"1 minute\" \/>\n<script type=\"application\/ld+json\" class=\"yoast-schema-graph\">{\"@context\":\"https:\/\/schema.org\",\"@graph\":[{\"@type\":\"WebPage\",\"@id\":\"https:\/\/centreo3.com\/fr\/evenements\/location-salle-de-spectacle\/\",\"url\":\"https:\/\/centreo3.com\/fr\/evenements\/location-salle-de-spectacle\/\",\"name\":\"Location salle de spectacle multifonctionnelle - Centre O3\",\"isPartOf\":{\"@id\":\"https:\/\/centreo3.com\/fr\/#website\"},\"datePublished\":\"2023-09-26T14:34:38+00:00\",\"dateModified\":\"2023-10-03T21:25:52+00:00\",\"breadcrumb\":{\"@id\":\"https:\/\/centreo3.com\/fr\/evenements\/location-salle-de-spectacle\/#breadcrumb\"},\"inLanguage\":\"fr-FR\",\"potentialAction\":[{\"@type\":\"ReadAction\",\"target\":[\"https:\/\/centreo3.com\/fr\/evenements\/location-salle-de-spectacle\/\"]}]},{\"@type\":\"BreadcrumbList\",\"@id\":\"https:\/\/centreo3.com\/fr\/evenements\/location-salle-de-spectacle\/#breadcrumb\",\"itemListElement\":[{\"@type\":\"ListItem\",\"position\":1,\"name\":\"Accueil\",\"item\":\"https:\/\/centreo3.com\/fr\/\"},{\"@type\":\"ListItem\",\"position\":2,\"name\":\"\u00c9v\u00e9nements sur mesure\",\"item\":\"https:\/\/centreo3.com\/fr\/evenements\/\"},{\"@type\":\"ListItem\",\"position\":3,\"name\":\"Location salle de spectacle\"}]},{\"@type\":\"WebSite\",\"@id\":\"https:\/\/centreo3.com\/fr\/#website\",\"url\":\"https:\/\/centreo3.com\/fr\/\",\"name\":\"Centre O3\",\"description\":\"Salles de r\u00e9ception et h\u00e9bergements pour \u00e9v\u00e9nements\",\"publisher\":{\"@id\":\"https:\/\/centreo3.com\/fr\/#organization\"},\"potentialAction\":[{\"@type\":\"SearchAction\",\"target\":{\"@type\":\"EntryPoint\",\"urlTemplate\":\"https:\/\/centreo3.com\/fr\/?s={search_term_string}\"},\"query-input\":{\"@type\":\"PropertyValueSpecification\",\"valueRequired\":true,\"valueName\":\"search_term_string\"}}],\"inLanguage\":\"fr-FR\"},{\"@type\":\"Organization\",\"@id\":\"https:\/\/centreo3.com\/fr\/#organization\",\"name\":\"Centre O3\",\"url\":\"https:\/\/centreo3.com\/fr\/\",\"logo\":{\"@type\":\"ImageObject\",\"inLanguage\":\"fr-FR\",\"@id\":\"https:\/\/centreo3.com\/fr\/#\/schema\/logo\/image\/\",\"url\":\"https:\/\/centreo3.com\/wp-content\/uploads\/2023\/09\/centreo3-logo.svg\",\"contentUrl\":\"https:\/\/centreo3.com\/wp-content\/uploads\/2023\/09\/centreo3-logo.svg\",\"width\":257,\"height\":48,\"caption\":\"Centre O3\"},\"image\":{\"@id\":\"https:\/\/centreo3.com\/fr\/#\/schema\/logo\/image\/\"}}]}<\/script>\n<!-- \/ Yoast SEO plugin. -->","yoast_head_json":{"title":"Location salle de spectacle multifonctionnelle - Centre O3","robots":{"index":"index","follow":"follow","max-snippet":"max-snippet:-1","max-image-preview":"max-image-preview:large","max-video-preview":"max-video-preview:-1"},"canonical":"https:\/\/centreo3.com\/fr\/evenements\/location-salle-de-spectacle\/","og_locale":"fr_FR","og_type":"article","og_title":"Location salle de spectacle multifonctionnelle - Centre O3","og_description":"Facilitez l&rsquo;organisation de votre spectacle avec la location d&rsquo;une salle enti\u00e8rement \u00e9quip\u00e9e Le Centre\u00a0O3\u00a0a \u00e9t\u00e9 cr\u00e9\u00e9 par le Camp Musical d\u2019Asbestos dont la vocation premi\u00e8re est, \u00e9videmment, de favoriser la pratique de la musique. Cela nous permet donc d\u2019avoir sur place tout le mat\u00e9riel n\u00e9cessaire pour de grands spectacles. Sur le plan de la sonorisation, [&hellip;]","og_url":"https:\/\/centreo3.com\/fr\/evenements\/location-salle-de-spectacle\/","og_site_name":"Centre O3","article_modified_time":"2023-10-03T21:25:52+00:00","twitter_card":"summary_large_image","twitter_misc":{"Dur\u00e9e de lecture estim\u00e9e":"1 minute"},"schema":{"@context":"https:\/\/schema.org","@graph":[{"@type":"WebPage","@id":"https:\/\/centreo3.com\/fr\/evenements\/location-salle-de-spectacle\/","url":"https:\/\/centreo3.com\/fr\/evenements\/location-salle-de-spectacle\/","name":"Location salle de spectacle multifonctionnelle - Centre O3","isPartOf":{"@id":"https:\/\/centreo3.com\/fr\/#website"},"datePublished":"2023-09-26T14:34:38+00:00","dateModified":"2023-10-03T21:25:52+00:00","breadcrumb":{"@id":"https:\/\/centreo3.com\/fr\/evenements\/location-salle-de-spectacle\/#breadcrumb"},"inLanguage":"fr-FR","potentialAction":[{"@type":"ReadAction","target":["https:\/\/centreo3.com\/fr\/evenements\/location-salle-de-spectacle\/"]}]},{"@type":"BreadcrumbList","@id":"https:\/\/centreo3.com\/fr\/evenements\/location-salle-de-spectacle\/#breadcrumb","itemListElement":[{"@type":"ListItem","position":1,"name":"Accueil","item":"https:\/\/centreo3.com\/fr\/"},{"@type":"ListItem","position":2,"name":"\u00c9v\u00e9nements sur mesure","item":"https:\/\/centreo3.com\/fr\/evenements\/"},{"@type":"ListItem","position":3,"name":"Location salle de spectacle"}]},{"@type":"WebSite","@id":"https:\/\/centreo3.com\/fr\/#website","url":"https:\/\/centreo3.com\/fr\/","name":"Centre O3","description":"Salles de r\u00e9ception et h\u00e9bergements pour \u00e9v\u00e9nements","publisher":{"@id":"https:\/\/centreo3.com\/fr\/#organization"},"potentialAction":[{"@type":"SearchAction","target":{"@type":"EntryPoint","urlTemplate":"https:\/\/centreo3.com\/fr\/?s={search_term_string}"},"query-input":{"@type":"PropertyValueSpecification","valueRequired":true,"valueName":"search_term_string"}}],"inLanguage":"fr-FR"},{"@type":"Organization","@id":"https:\/\/centreo3.com\/fr\/#organization","name":"Centre O3","url":"https:\/\/centreo3.com\/fr\/","logo":{"@type":"ImageObject","inLanguage":"fr-FR","@id":"https:\/\/centreo3.com\/fr\/#\/schema\/logo\/image\/","url":"https:\/\/centreo3.com\/wp-content\/uploads\/2023\/09\/centreo3-logo.svg","contentUrl":"https:\/\/centreo3.com\/wp-content\/uploads\/2023\/09\/centreo3-logo.svg","width":257,"height":48,"caption":"Centre O3"},"image":{"@id":"https:\/\/centreo3.com\/fr\/#\/schema\/logo\/image\/"}}]}},"_links":{"self":[{"href":"https:\/\/centreo3.com\/fr\/wp-json\/wp\/v2\/pages\/49","targetHints":{"allow":["GET"]}}],"collection":[{"href":"https:\/\/centreo3.com\/fr\/wp-json\/wp\/v2\/pages"}],"about":[{"href":"https:\/\/centreo3.com\/fr\/wp-json\/wp\/v2\/types\/page"}],"author":[{"embeddable":true,"href":"https:\/\/centreo3.com\/fr\/wp-json\/wp\/v2\/users\/1"}],"replies":[{"embeddable":true,"href":"https:\/\/centreo3.com\/fr\/wp-json\/wp\/v2\/comments?post=49"}],"version-history":[{"count":5,"href":"https:\/\/centreo3.com\/fr\/wp-json\/wp\/v2\/pages\/49\/revisions"}],"predecessor-version":[{"id":1123,"href":"https:\/\/centreo3.com\/fr\/wp-json\/wp\/v2\/pages\/49\/revisions\/1123"}],"up":[{"embeddable":true,"href":"https:\/\/centreo3.com\/fr\/wp-json\/wp\/v2\/pages\/38"}],"wp:attachment":[{"href":"https:\/\/centreo3.com\/fr\/wp-json\/wp\/v2\/media?parent=49"}],"curies":[{"name":"wp","href":"https:\/\/api.w.org\/{rel}","templated":true}]}}