{"id":45,"date":"2023-09-26T10:32:08","date_gmt":"2023-09-26T14:32:08","guid":{"rendered":"https:\/\/centreo3.com\/?page_id=45"},"modified":"2023-10-03T17:24:39","modified_gmt":"2023-10-03T21:24:39","slug":"salle-reception-mariage-hebergement","status":"publish","type":"page","link":"https:\/\/centreo3.com\/fr\/evenements\/salle-reception-mariage-hebergement\/","title":{"rendered":"Salle de r\u00e9ception de mariage"},"content":{"rendered":"\t\t<div data-elementor-type=\"wp-page\" data-elementor-id=\"45\" class=\"elementor elementor-45\" data-elementor-post-type=\"page\">\n\t\t\t\t<div class=\"elementor-element elementor-element-8aded2c e-flex e-con-boxed e-con e-parent\" data-id=\"8aded2c\" data-element_type=\"container\" data-e-type=\"container\">\n\t\t\t\t\t<div class=\"e-con-inner\">\n\t\t\t\t<div class=\"elementor-element elementor-element-639bf88 elementor-widget elementor-widget-heading\" data-id=\"639bf88\" data-element_type=\"widget\" data-e-type=\"widget\" data-widget_type=\"heading.default\">\n\t\t\t\t<div class=\"elementor-widget-container\">\n\t\t\t\t\t<h2 class=\"elementor-heading-title elementor-size-default\">Un lieu de r\u00e9ception unique avec h\u00e9bergement pour votre mariage<\/h2>\t\t\t\t<\/div>\n\t\t\t\t<\/div>\n\t\t\t\t<div class=\"elementor-element elementor-element-a12091a elementor-widget elementor-widget-text-editor\" data-id=\"a12091a\" data-element_type=\"widget\" data-e-type=\"widget\" data-widget_type=\"text-editor.default\">\n\t\t\t\t<div class=\"elementor-widget-container\">\n\t\t\t\t\t\t\t\t\t<p>Le mariage est un \u00e9v\u00e9nement unique\u00a0: l\u2019union de deux\u00a0personnes cr\u00e9e un contexte o\u00f9 \u00e9motion et magie sont au rendez-vous. L\u2019\u00e9quipe du Centre\u00a0O<sup>3<\/sup>\u00a0comprend l\u2019importance de cette grande journ\u00e9e, c\u2019est pourquoi nous travaillons fort pour qu\u2019elle soit m\u00e9morable. Chaque grand \u00e9v\u00e9nement implique en amont une grande planification, mais en choisissant le Centre O<sup>3<\/sup>\u00a0comme lieu de r\u00e9ception de votre mariage, vous vous simplifierez la vie et pourrez ainsi vous concentrer sur votre journ\u00e9e. Nos salles de r\u00e9ception de mariage pouvant accueillir de 50 \u00e0 400 personnes offriront un d\u00e9cor adapt\u00e9 au nombre de vos convives. Nous avons sur place des \u00e9l\u00e9ments de d\u00e9cor et des jeux d\u2019\u00e9clairage pour magnifier nos salles. Nos 30\u00a0chambres d\u2019h\u00f4tel sont sans contredit un atout majeur pour parents et amis qui profiteront de la soir\u00e9e jusqu\u2019aux petites heures du matin. Notre service de traiteur saura aussi vous offrir le menu id\u00e9al pour cet \u00e9v\u00e9nement sp\u00e9cial. Chaque ann\u00e9e, plus de 15\u00a0couples nous font confiance pour vivre chez nous cette journ\u00e9e exceptionnelle et nous en sommes tr\u00e8s fiers.<\/p>\t\t\t\t\t\t\t\t<\/div>\n\t\t\t\t<\/div>\n\t\t\t\t\t<\/div>\n\t\t\t\t<\/div>\n\t\t\t\t<\/div>\n\t\t","protected":false},"excerpt":{"rendered":"<p>Un lieu de r\u00e9ception unique avec h\u00e9bergement pour votre mariage Le mariage est un \u00e9v\u00e9nement unique\u00a0: l\u2019union de deux\u00a0personnes cr\u00e9e un contexte o\u00f9 \u00e9motion et magie sont au rendez-vous. L\u2019\u00e9quipe du Centre\u00a0O3\u00a0comprend l\u2019importance de cette grande journ\u00e9e, c\u2019est pourquoi nous travaillons fort pour qu\u2019elle soit m\u00e9morable. Chaque grand \u00e9v\u00e9nement implique en amont une grande planification, [&hellip;]<\/p>\n","protected":false},"author":1,"featured_media":0,"parent":38,"menu_order":0,"comment_status":"closed","ping_status":"closed","template":"","meta":{"footnotes":""},"class_list":["post-45","page","type-page","status-publish","hentry"],"yoast_head":"<!-- This site is optimized with the Yoast SEO plugin v27.1.1 - https:\/\/yoast.com\/product\/yoast-seo-wordpress\/ -->\n<title>Salle de r\u00e9ception de mariage avec h\u00e9bergement - Centre O3<\/title>\n<meta name=\"robots\" content=\"index, follow, max-snippet:-1, max-image-preview:large, max-video-preview:-1\" \/>\n<link rel=\"canonical\" href=\"https:\/\/centreo3.com\/fr\/evenements\/salle-reception-mariage-hebergement\/\" \/>\n<meta property=\"og:locale\" content=\"fr_FR\" \/>\n<meta property=\"og:type\" content=\"article\" \/>\n<meta property=\"og:title\" content=\"Salle de r\u00e9ception de mariage avec h\u00e9bergement - Centre O3\" \/>\n<meta property=\"og:description\" content=\"Un lieu de r\u00e9ception unique avec h\u00e9bergement pour votre mariage Le mariage est un \u00e9v\u00e9nement unique\u00a0: l\u2019union de deux\u00a0personnes cr\u00e9e un contexte o\u00f9 \u00e9motion et magie sont au rendez-vous. L\u2019\u00e9quipe du Centre\u00a0O3\u00a0comprend l\u2019importance de cette grande journ\u00e9e, c\u2019est pourquoi nous travaillons fort pour qu\u2019elle soit m\u00e9morable. Chaque grand \u00e9v\u00e9nement implique en amont une grande planification, [&hellip;]\" \/>\n<meta property=\"og:url\" content=\"https:\/\/centreo3.com\/fr\/evenements\/salle-reception-mariage-hebergement\/\" \/>\n<meta property=\"og:site_name\" content=\"Centre O3\" \/>\n<meta property=\"article:modified_time\" content=\"2023-10-03T21:24:39+00:00\" \/>\n<meta name=\"twitter:card\" content=\"summary_large_image\" \/>\n<meta name=\"twitter:label1\" content=\"Dur\u00e9e de lecture estim\u00e9e\" \/>\n\t<meta name=\"twitter:data1\" content=\"1 minute\" \/>\n<script type=\"application\/ld+json\" class=\"yoast-schema-graph\">{\"@context\":\"https:\/\/schema.org\",\"@graph\":[{\"@type\":\"WebPage\",\"@id\":\"https:\/\/centreo3.com\/fr\/evenements\/salle-reception-mariage-hebergement\/\",\"url\":\"https:\/\/centreo3.com\/fr\/evenements\/salle-reception-mariage-hebergement\/\",\"name\":\"Salle de r\u00e9ception de mariage avec h\u00e9bergement - Centre O3\",\"isPartOf\":{\"@id\":\"https:\/\/centreo3.com\/fr\/#website\"},\"datePublished\":\"2023-09-26T14:32:08+00:00\",\"dateModified\":\"2023-10-03T21:24:39+00:00\",\"breadcrumb\":{\"@id\":\"https:\/\/centreo3.com\/fr\/evenements\/salle-reception-mariage-hebergement\/#breadcrumb\"},\"inLanguage\":\"fr-FR\",\"potentialAction\":[{\"@type\":\"ReadAction\",\"target\":[\"https:\/\/centreo3.com\/fr\/evenements\/salle-reception-mariage-hebergement\/\"]}]},{\"@type\":\"BreadcrumbList\",\"@id\":\"https:\/\/centreo3.com\/fr\/evenements\/salle-reception-mariage-hebergement\/#breadcrumb\",\"itemListElement\":[{\"@type\":\"ListItem\",\"position\":1,\"name\":\"Accueil\",\"item\":\"https:\/\/centreo3.com\/fr\/\"},{\"@type\":\"ListItem\",\"position\":2,\"name\":\"\u00c9v\u00e9nements sur mesure\",\"item\":\"https:\/\/centreo3.com\/fr\/evenements\/\"},{\"@type\":\"ListItem\",\"position\":3,\"name\":\"Salle de r\u00e9ception de mariage\"}]},{\"@type\":\"WebSite\",\"@id\":\"https:\/\/centreo3.com\/fr\/#website\",\"url\":\"https:\/\/centreo3.com\/fr\/\",\"name\":\"Centre O3\",\"description\":\"Salles de r\u00e9ception et h\u00e9bergements pour \u00e9v\u00e9nements\",\"publisher\":{\"@id\":\"https:\/\/centreo3.com\/fr\/#organization\"},\"potentialAction\":[{\"@type\":\"SearchAction\",\"target\":{\"@type\":\"EntryPoint\",\"urlTemplate\":\"https:\/\/centreo3.com\/fr\/?s={search_term_string}\"},\"query-input\":{\"@type\":\"PropertyValueSpecification\",\"valueRequired\":true,\"valueName\":\"search_term_string\"}}],\"inLanguage\":\"fr-FR\"},{\"@type\":\"Organization\",\"@id\":\"https:\/\/centreo3.com\/fr\/#organization\",\"name\":\"Centre O3\",\"url\":\"https:\/\/centreo3.com\/fr\/\",\"logo\":{\"@type\":\"ImageObject\",\"inLanguage\":\"fr-FR\",\"@id\":\"https:\/\/centreo3.com\/fr\/#\/schema\/logo\/image\/\",\"url\":\"https:\/\/centreo3.com\/wp-content\/uploads\/2023\/09\/centreo3-logo.svg\",\"contentUrl\":\"https:\/\/centreo3.com\/wp-content\/uploads\/2023\/09\/centreo3-logo.svg\",\"width\":257,\"height\":48,\"caption\":\"Centre O3\"},\"image\":{\"@id\":\"https:\/\/centreo3.com\/fr\/#\/schema\/logo\/image\/\"}}]}<\/script>\n<!-- \/ Yoast SEO plugin. -->","yoast_head_json":{"title":"Salle de r\u00e9ception de mariage avec h\u00e9bergement - Centre O3","robots":{"index":"index","follow":"follow","max-snippet":"max-snippet:-1","max-image-preview":"max-image-preview:large","max-video-preview":"max-video-preview:-1"},"canonical":"https:\/\/centreo3.com\/fr\/evenements\/salle-reception-mariage-hebergement\/","og_locale":"fr_FR","og_type":"article","og_title":"Salle de r\u00e9ception de mariage avec h\u00e9bergement - Centre O3","og_description":"Un lieu de r\u00e9ception unique avec h\u00e9bergement pour votre mariage Le mariage est un \u00e9v\u00e9nement unique\u00a0: l\u2019union de deux\u00a0personnes cr\u00e9e un contexte o\u00f9 \u00e9motion et magie sont au rendez-vous. L\u2019\u00e9quipe du Centre\u00a0O3\u00a0comprend l\u2019importance de cette grande journ\u00e9e, c\u2019est pourquoi nous travaillons fort pour qu\u2019elle soit m\u00e9morable. Chaque grand \u00e9v\u00e9nement implique en amont une grande planification, [&hellip;]","og_url":"https:\/\/centreo3.com\/fr\/evenements\/salle-reception-mariage-hebergement\/","og_site_name":"Centre O3","article_modified_time":"2023-10-03T21:24:39+00:00","twitter_card":"summary_large_image","twitter_misc":{"Dur\u00e9e de lecture estim\u00e9e":"1 minute"},"schema":{"@context":"https:\/\/schema.org","@graph":[{"@type":"WebPage","@id":"https:\/\/centreo3.com\/fr\/evenements\/salle-reception-mariage-hebergement\/","url":"https:\/\/centreo3.com\/fr\/evenements\/salle-reception-mariage-hebergement\/","name":"Salle de r\u00e9ception de mariage avec h\u00e9bergement - Centre O3","isPartOf":{"@id":"https:\/\/centreo3.com\/fr\/#website"},"datePublished":"2023-09-26T14:32:08+00:00","dateModified":"2023-10-03T21:24:39+00:00","breadcrumb":{"@id":"https:\/\/centreo3.com\/fr\/evenements\/salle-reception-mariage-hebergement\/#breadcrumb"},"inLanguage":"fr-FR","potentialAction":[{"@type":"ReadAction","target":["https:\/\/centreo3.com\/fr\/evenements\/salle-reception-mariage-hebergement\/"]}]},{"@type":"BreadcrumbList","@id":"https:\/\/centreo3.com\/fr\/evenements\/salle-reception-mariage-hebergement\/#breadcrumb","itemListElement":[{"@type":"ListItem","position":1,"name":"Accueil","item":"https:\/\/centreo3.com\/fr\/"},{"@type":"ListItem","position":2,"name":"\u00c9v\u00e9nements sur mesure","item":"https:\/\/centreo3.com\/fr\/evenements\/"},{"@type":"ListItem","position":3,"name":"Salle de r\u00e9ception de mariage"}]},{"@type":"WebSite","@id":"https:\/\/centreo3.com\/fr\/#website","url":"https:\/\/centreo3.com\/fr\/","name":"Centre O3","description":"Salles de r\u00e9ception et h\u00e9bergements pour \u00e9v\u00e9nements","publisher":{"@id":"https:\/\/centreo3.com\/fr\/#organization"},"potentialAction":[{"@type":"SearchAction","target":{"@type":"EntryPoint","urlTemplate":"https:\/\/centreo3.com\/fr\/?s={search_term_string}"},"query-input":{"@type":"PropertyValueSpecification","valueRequired":true,"valueName":"search_term_string"}}],"inLanguage":"fr-FR"},{"@type":"Organization","@id":"https:\/\/centreo3.com\/fr\/#organization","name":"Centre O3","url":"https:\/\/centreo3.com\/fr\/","logo":{"@type":"ImageObject","inLanguage":"fr-FR","@id":"https:\/\/centreo3.com\/fr\/#\/schema\/logo\/image\/","url":"https:\/\/centreo3.com\/wp-content\/uploads\/2023\/09\/centreo3-logo.svg","contentUrl":"https:\/\/centreo3.com\/wp-content\/uploads\/2023\/09\/centreo3-logo.svg","width":257,"height":48,"caption":"Centre O3"},"image":{"@id":"https:\/\/centreo3.com\/fr\/#\/schema\/logo\/image\/"}}]}},"_links":{"self":[{"href":"https:\/\/centreo3.com\/fr\/wp-json\/wp\/v2\/pages\/45","targetHints":{"allow":["GET"]}}],"collection":[{"href":"https:\/\/centreo3.com\/fr\/wp-json\/wp\/v2\/pages"}],"about":[{"href":"https:\/\/centreo3.com\/fr\/wp-json\/wp\/v2\/types\/page"}],"author":[{"embeddable":true,"href":"https:\/\/centreo3.com\/fr\/wp-json\/wp\/v2\/users\/1"}],"replies":[{"embeddable":true,"href":"https:\/\/centreo3.com\/fr\/wp-json\/wp\/v2\/comments?post=45"}],"version-history":[{"count":5,"href":"https:\/\/centreo3.com\/fr\/wp-json\/wp\/v2\/pages\/45\/revisions"}],"predecessor-version":[{"id":1122,"href":"https:\/\/centreo3.com\/fr\/wp-json\/wp\/v2\/pages\/45\/revisions\/1122"}],"up":[{"embeddable":true,"href":"https:\/\/centreo3.com\/fr\/wp-json\/wp\/v2\/pages\/38"}],"wp:attachment":[{"href":"https:\/\/centreo3.com\/fr\/wp-json\/wp\/v2\/media?parent=45"}],"curies":[{"name":"wp","href":"https:\/\/api.w.org\/{rel}","templated":true}]}}