{"id":43,"date":"2023-09-26T10:31:40","date_gmt":"2023-09-26T14:31:40","guid":{"rendered":"https:\/\/centreo3.com\/?page_id=43"},"modified":"2023-10-03T17:23:51","modified_gmt":"2023-10-03T21:23:51","slug":"location-salle-evenements-corporatifs","status":"publish","type":"page","link":"https:\/\/centreo3.com\/fr\/evenements\/location-salle-evenements-corporatifs\/","title":{"rendered":"\u00c9v\u00e9nements corporatifs"},"content":{"rendered":"\t\t<div data-elementor-type=\"wp-page\" data-elementor-id=\"43\" class=\"elementor elementor-43\" data-elementor-post-type=\"page\">\n\t\t\t\t<div class=\"elementor-element elementor-element-aa23d2d e-flex e-con-boxed e-con e-parent\" data-id=\"aa23d2d\" data-element_type=\"container\" data-e-type=\"container\">\n\t\t\t\t\t<div class=\"e-con-inner\">\n\t\t\t\t<div class=\"elementor-element elementor-element-bd87114 elementor-widget elementor-widget-heading\" data-id=\"bd87114\" data-element_type=\"widget\" data-e-type=\"widget\" data-widget_type=\"heading.default\">\n\t\t\t\t<div class=\"elementor-widget-container\">\n\t\t\t\t\t<h2 class=\"elementor-heading-title elementor-size-default\">Location de salles de r\u00e9ception pour \u00e9v\u00e8nements corporatifs<\/h2>\t\t\t\t<\/div>\n\t\t\t\t<\/div>\n\t\t\t\t<div class=\"elementor-element elementor-element-7d60152 elementor-widget elementor-widget-text-editor\" data-id=\"7d60152\" data-element_type=\"widget\" data-e-type=\"widget\" data-widget_type=\"text-editor.default\">\n\t\t\t\t<div class=\"elementor-widget-container\">\n\t\t\t\t\t\t\t\t\t<p>Vous cherchez un endroit pour recevoir vos employ\u00e9s ou vos clients \u00e0 l&rsquo;occasion d&rsquo;un \u00e9v\u00e8nement corporatif? Le Centre O3 met \u00e0 votre disposition des salles de r\u00e9ception pouvant accueillir de 20 \u00e0 400 personnes, d\u00e9cor\u00e9es au go\u00fbt du jour et dot\u00e9es d\u2019\u00e9quipements audiovisuels. Que ce soit pour un souper, un spectacle ou une soir\u00e9e, notre \u00e9quipe saura cibler vos besoins et attentes afin de simplifier l\u2019organisation de votre \u00e9v\u00e9nement corporatif. Notre service de traiteur offre des repas complets, des cocktails d\u00eenatoires mettant \u00e0 l\u2019honneur des produits locaux, des d\u00e9jeuners-conf\u00e9rences et bien plus encore. Nos 30\u00a0chambres d\u2019h\u00f4tel peuvent loger vos invit\u00e9s venant de l\u2019ext\u00e9rieur. Nous avons mille et une combinaisons de services \u00e0 vous offrir, c\u2019est pourquoi nous vous invitons \u00e0 communiquer avec nous pour plus d\u2019information.<\/p>\t\t\t\t\t\t\t\t<\/div>\n\t\t\t\t<\/div>\n\t\t\t\t\t<\/div>\n\t\t\t\t<\/div>\n\t\t\t\t<\/div>\n\t\t","protected":false},"excerpt":{"rendered":"<p>Location de salles de r\u00e9ception pour \u00e9v\u00e8nements corporatifs Vous cherchez un endroit pour recevoir vos employ\u00e9s ou vos clients \u00e0 l&rsquo;occasion d&rsquo;un \u00e9v\u00e8nement corporatif? Le Centre O3 met \u00e0 votre disposition des salles de r\u00e9ception pouvant accueillir de 20 \u00e0 400 personnes, d\u00e9cor\u00e9es au go\u00fbt du jour et dot\u00e9es d\u2019\u00e9quipements audiovisuels. Que ce soit pour [&hellip;]<\/p>\n","protected":false},"author":1,"featured_media":0,"parent":38,"menu_order":0,"comment_status":"closed","ping_status":"closed","template":"","meta":{"footnotes":""},"class_list":["post-43","page","type-page","status-publish","hentry"],"yoast_head":"<!-- This site is optimized with the Yoast SEO plugin v27.1.1 - https:\/\/yoast.com\/product\/yoast-seo-wordpress\/ -->\n<title>Location de salles de r\u00e9ception pour \u00e9v\u00e8nements corporatifs - Centre O3<\/title>\n<meta name=\"robots\" content=\"index, follow, max-snippet:-1, max-image-preview:large, max-video-preview:-1\" \/>\n<link rel=\"canonical\" href=\"https:\/\/centreo3.com\/fr\/evenements\/location-salle-evenements-corporatifs\/\" \/>\n<meta property=\"og:locale\" content=\"fr_FR\" \/>\n<meta property=\"og:type\" content=\"article\" \/>\n<meta property=\"og:title\" content=\"Location de salles de r\u00e9ception pour \u00e9v\u00e8nements corporatifs - Centre O3\" \/>\n<meta property=\"og:description\" content=\"Location de salles de r\u00e9ception pour \u00e9v\u00e8nements corporatifs Vous cherchez un endroit pour recevoir vos employ\u00e9s ou vos clients \u00e0 l&rsquo;occasion d&rsquo;un \u00e9v\u00e8nement corporatif? Le Centre O3 met \u00e0 votre disposition des salles de r\u00e9ception pouvant accueillir de 20 \u00e0 400 personnes, d\u00e9cor\u00e9es au go\u00fbt du jour et dot\u00e9es d\u2019\u00e9quipements audiovisuels. Que ce soit pour [&hellip;]\" \/>\n<meta property=\"og:url\" content=\"https:\/\/centreo3.com\/fr\/evenements\/location-salle-evenements-corporatifs\/\" \/>\n<meta property=\"og:site_name\" content=\"Centre O3\" \/>\n<meta property=\"article:modified_time\" content=\"2023-10-03T21:23:51+00:00\" \/>\n<meta name=\"twitter:card\" content=\"summary_large_image\" \/>\n<meta name=\"twitter:label1\" content=\"Dur\u00e9e de lecture estim\u00e9e\" \/>\n\t<meta name=\"twitter:data1\" content=\"1 minute\" \/>\n<script type=\"application\/ld+json\" class=\"yoast-schema-graph\">{\"@context\":\"https:\/\/schema.org\",\"@graph\":[{\"@type\":\"WebPage\",\"@id\":\"https:\/\/centreo3.com\/fr\/evenements\/location-salle-evenements-corporatifs\/\",\"url\":\"https:\/\/centreo3.com\/fr\/evenements\/location-salle-evenements-corporatifs\/\",\"name\":\"Location de salles de r\u00e9ception pour \u00e9v\u00e8nements corporatifs - Centre O3\",\"isPartOf\":{\"@id\":\"https:\/\/centreo3.com\/fr\/#website\"},\"datePublished\":\"2023-09-26T14:31:40+00:00\",\"dateModified\":\"2023-10-03T21:23:51+00:00\",\"breadcrumb\":{\"@id\":\"https:\/\/centreo3.com\/fr\/evenements\/location-salle-evenements-corporatifs\/#breadcrumb\"},\"inLanguage\":\"fr-FR\",\"potentialAction\":[{\"@type\":\"ReadAction\",\"target\":[\"https:\/\/centreo3.com\/fr\/evenements\/location-salle-evenements-corporatifs\/\"]}]},{\"@type\":\"BreadcrumbList\",\"@id\":\"https:\/\/centreo3.com\/fr\/evenements\/location-salle-evenements-corporatifs\/#breadcrumb\",\"itemListElement\":[{\"@type\":\"ListItem\",\"position\":1,\"name\":\"Accueil\",\"item\":\"https:\/\/centreo3.com\/fr\/\"},{\"@type\":\"ListItem\",\"position\":2,\"name\":\"\u00c9v\u00e9nements sur mesure\",\"item\":\"https:\/\/centreo3.com\/fr\/evenements\/\"},{\"@type\":\"ListItem\",\"position\":3,\"name\":\"\u00c9v\u00e9nements corporatifs\"}]},{\"@type\":\"WebSite\",\"@id\":\"https:\/\/centreo3.com\/fr\/#website\",\"url\":\"https:\/\/centreo3.com\/fr\/\",\"name\":\"Centre O3\",\"description\":\"Salles de r\u00e9ception et h\u00e9bergements pour \u00e9v\u00e9nements\",\"publisher\":{\"@id\":\"https:\/\/centreo3.com\/fr\/#organization\"},\"potentialAction\":[{\"@type\":\"SearchAction\",\"target\":{\"@type\":\"EntryPoint\",\"urlTemplate\":\"https:\/\/centreo3.com\/fr\/?s={search_term_string}\"},\"query-input\":{\"@type\":\"PropertyValueSpecification\",\"valueRequired\":true,\"valueName\":\"search_term_string\"}}],\"inLanguage\":\"fr-FR\"},{\"@type\":\"Organization\",\"@id\":\"https:\/\/centreo3.com\/fr\/#organization\",\"name\":\"Centre O3\",\"url\":\"https:\/\/centreo3.com\/fr\/\",\"logo\":{\"@type\":\"ImageObject\",\"inLanguage\":\"fr-FR\",\"@id\":\"https:\/\/centreo3.com\/fr\/#\/schema\/logo\/image\/\",\"url\":\"https:\/\/centreo3.com\/wp-content\/uploads\/2023\/09\/centreo3-logo.svg\",\"contentUrl\":\"https:\/\/centreo3.com\/wp-content\/uploads\/2023\/09\/centreo3-logo.svg\",\"width\":257,\"height\":48,\"caption\":\"Centre O3\"},\"image\":{\"@id\":\"https:\/\/centreo3.com\/fr\/#\/schema\/logo\/image\/\"}}]}<\/script>\n<!-- \/ Yoast SEO plugin. -->","yoast_head_json":{"title":"Location de salles de r\u00e9ception pour \u00e9v\u00e8nements corporatifs - Centre O3","robots":{"index":"index","follow":"follow","max-snippet":"max-snippet:-1","max-image-preview":"max-image-preview:large","max-video-preview":"max-video-preview:-1"},"canonical":"https:\/\/centreo3.com\/fr\/evenements\/location-salle-evenements-corporatifs\/","og_locale":"fr_FR","og_type":"article","og_title":"Location de salles de r\u00e9ception pour \u00e9v\u00e8nements corporatifs - Centre O3","og_description":"Location de salles de r\u00e9ception pour \u00e9v\u00e8nements corporatifs Vous cherchez un endroit pour recevoir vos employ\u00e9s ou vos clients \u00e0 l&rsquo;occasion d&rsquo;un \u00e9v\u00e8nement corporatif? Le Centre O3 met \u00e0 votre disposition des salles de r\u00e9ception pouvant accueillir de 20 \u00e0 400 personnes, d\u00e9cor\u00e9es au go\u00fbt du jour et dot\u00e9es d\u2019\u00e9quipements audiovisuels. Que ce soit pour [&hellip;]","og_url":"https:\/\/centreo3.com\/fr\/evenements\/location-salle-evenements-corporatifs\/","og_site_name":"Centre O3","article_modified_time":"2023-10-03T21:23:51+00:00","twitter_card":"summary_large_image","twitter_misc":{"Dur\u00e9e de lecture estim\u00e9e":"1 minute"},"schema":{"@context":"https:\/\/schema.org","@graph":[{"@type":"WebPage","@id":"https:\/\/centreo3.com\/fr\/evenements\/location-salle-evenements-corporatifs\/","url":"https:\/\/centreo3.com\/fr\/evenements\/location-salle-evenements-corporatifs\/","name":"Location de salles de r\u00e9ception pour \u00e9v\u00e8nements corporatifs - Centre O3","isPartOf":{"@id":"https:\/\/centreo3.com\/fr\/#website"},"datePublished":"2023-09-26T14:31:40+00:00","dateModified":"2023-10-03T21:23:51+00:00","breadcrumb":{"@id":"https:\/\/centreo3.com\/fr\/evenements\/location-salle-evenements-corporatifs\/#breadcrumb"},"inLanguage":"fr-FR","potentialAction":[{"@type":"ReadAction","target":["https:\/\/centreo3.com\/fr\/evenements\/location-salle-evenements-corporatifs\/"]}]},{"@type":"BreadcrumbList","@id":"https:\/\/centreo3.com\/fr\/evenements\/location-salle-evenements-corporatifs\/#breadcrumb","itemListElement":[{"@type":"ListItem","position":1,"name":"Accueil","item":"https:\/\/centreo3.com\/fr\/"},{"@type":"ListItem","position":2,"name":"\u00c9v\u00e9nements sur mesure","item":"https:\/\/centreo3.com\/fr\/evenements\/"},{"@type":"ListItem","position":3,"name":"\u00c9v\u00e9nements corporatifs"}]},{"@type":"WebSite","@id":"https:\/\/centreo3.com\/fr\/#website","url":"https:\/\/centreo3.com\/fr\/","name":"Centre O3","description":"Salles de r\u00e9ception et h\u00e9bergements pour \u00e9v\u00e9nements","publisher":{"@id":"https:\/\/centreo3.com\/fr\/#organization"},"potentialAction":[{"@type":"SearchAction","target":{"@type":"EntryPoint","urlTemplate":"https:\/\/centreo3.com\/fr\/?s={search_term_string}"},"query-input":{"@type":"PropertyValueSpecification","valueRequired":true,"valueName":"search_term_string"}}],"inLanguage":"fr-FR"},{"@type":"Organization","@id":"https:\/\/centreo3.com\/fr\/#organization","name":"Centre O3","url":"https:\/\/centreo3.com\/fr\/","logo":{"@type":"ImageObject","inLanguage":"fr-FR","@id":"https:\/\/centreo3.com\/fr\/#\/schema\/logo\/image\/","url":"https:\/\/centreo3.com\/wp-content\/uploads\/2023\/09\/centreo3-logo.svg","contentUrl":"https:\/\/centreo3.com\/wp-content\/uploads\/2023\/09\/centreo3-logo.svg","width":257,"height":48,"caption":"Centre O3"},"image":{"@id":"https:\/\/centreo3.com\/fr\/#\/schema\/logo\/image\/"}}]}},"_links":{"self":[{"href":"https:\/\/centreo3.com\/fr\/wp-json\/wp\/v2\/pages\/43","targetHints":{"allow":["GET"]}}],"collection":[{"href":"https:\/\/centreo3.com\/fr\/wp-json\/wp\/v2\/pages"}],"about":[{"href":"https:\/\/centreo3.com\/fr\/wp-json\/wp\/v2\/types\/page"}],"author":[{"embeddable":true,"href":"https:\/\/centreo3.com\/fr\/wp-json\/wp\/v2\/users\/1"}],"replies":[{"embeddable":true,"href":"https:\/\/centreo3.com\/fr\/wp-json\/wp\/v2\/comments?post=43"}],"version-history":[{"count":5,"href":"https:\/\/centreo3.com\/fr\/wp-json\/wp\/v2\/pages\/43\/revisions"}],"predecessor-version":[{"id":1121,"href":"https:\/\/centreo3.com\/fr\/wp-json\/wp\/v2\/pages\/43\/revisions\/1121"}],"up":[{"embeddable":true,"href":"https:\/\/centreo3.com\/fr\/wp-json\/wp\/v2\/pages\/38"}],"wp:attachment":[{"href":"https:\/\/centreo3.com\/fr\/wp-json\/wp\/v2\/media?parent=43"}],"curies":[{"name":"wp","href":"https:\/\/api.w.org\/{rel}","templated":true}]}}