{"id":41,"date":"2023-09-26T10:31:10","date_gmt":"2023-09-26T14:31:10","guid":{"rendered":"https:\/\/centreo3.com\/?page_id=41"},"modified":"2023-09-29T15:25:19","modified_gmt":"2023-09-29T19:25:19","slug":"organisation-evenement-sur-mesure","status":"publish","type":"page","link":"https:\/\/centreo3.com\/fr\/evenements\/organisation-evenement-sur-mesure\/","title":{"rendered":"\u00c9v\u00e9nements sur mesure"},"content":{"rendered":"\t\t<div data-elementor-type=\"wp-page\" data-elementor-id=\"41\" class=\"elementor elementor-41\" data-elementor-post-type=\"page\">\n\t\t\t\t<div class=\"elementor-element elementor-element-d3d5a55 e-flex e-con-boxed e-con e-parent\" data-id=\"d3d5a55\" data-element_type=\"container\" data-e-type=\"container\">\n\t\t\t\t\t<div class=\"e-con-inner\">\n\t\t\t\t<div class=\"elementor-element elementor-element-b914c51 elementor-widget elementor-widget-heading\" data-id=\"b914c51\" data-element_type=\"widget\" data-e-type=\"widget\" data-widget_type=\"heading.default\">\n\t\t\t\t<div class=\"elementor-widget-container\">\n\t\t\t\t\t<h2 class=\"elementor-heading-title elementor-size-default\">Organiser un \u00e9v\u00e8nement sur mesure au centre O3<\/h2>\t\t\t\t<\/div>\n\t\t\t\t<\/div>\n\t\t\t\t<div class=\"elementor-element elementor-element-9584604 elementor-widget elementor-widget-text-editor\" data-id=\"9584604\" data-element_type=\"widget\" data-e-type=\"widget\" data-widget_type=\"text-editor.default\">\n\t\t\t\t<div class=\"elementor-widget-container\">\n\t\t\t\t\t\t\t\t\t<p>Gr\u00e2ce aux nombreux \u00e9v\u00e9nements qui se d\u00e9roulent chaque ann\u00e9e au Centre O3, nous avons d\u00e9velopp\u00e9 une expertise pour accompagner nos clients dans l\u2019organisation d\u2019\u00e9v\u00e9nements sur mesure de toutes sortes. Que ce soit un souper corporatif ou un mariage, organiser un \u00e9v\u00e9nement sur mesure n\u2019aura jamais \u00e9t\u00e9 aussi simple avec le Centre O3. Notre personnel poss\u00e8de une connaissance parfaite des salles ainsi que du mat\u00e9riel professionnel disponible sur place. N\u2019h\u00e9sitez pas \u00e0 entrer en contact avec nous pour plus d\u2019information, nous avons s\u00fbrement la r\u00e9ponse \u00e0 toutes vos questions\u2026 et \u00e0 tous vos besoins\u2009!<\/p>\t\t\t\t\t\t\t\t<\/div>\n\t\t\t\t<\/div>\n\t\t\t\t\t<\/div>\n\t\t\t\t<\/div>\n\t\t\t\t<\/div>\n\t\t","protected":false},"excerpt":{"rendered":"<p>Organiser un \u00e9v\u00e8nement sur mesure au centre O3 Gr\u00e2ce aux nombreux \u00e9v\u00e9nements qui se d\u00e9roulent chaque ann\u00e9e au Centre O3, nous avons d\u00e9velopp\u00e9 une expertise pour accompagner nos clients dans l\u2019organisation d\u2019\u00e9v\u00e9nements sur mesure de toutes sortes. Que ce soit un souper corporatif ou un mariage, organiser un \u00e9v\u00e9nement sur mesure n\u2019aura jamais \u00e9t\u00e9 aussi [&hellip;]<\/p>\n","protected":false},"author":1,"featured_media":0,"parent":38,"menu_order":0,"comment_status":"closed","ping_status":"closed","template":"","meta":{"footnotes":""},"class_list":["post-41","page","type-page","status-publish","hentry"],"yoast_head":"<!-- This site is optimized with the Yoast SEO plugin v27.1.1 - https:\/\/yoast.com\/product\/yoast-seo-wordpress\/ -->\n<title>\u00c9v\u00e9nements sur mesure - Centre O3<\/title>\n<meta name=\"robots\" content=\"index, follow, max-snippet:-1, max-image-preview:large, max-video-preview:-1\" \/>\n<link rel=\"canonical\" href=\"https:\/\/centreo3.com\/fr\/evenements\/organisation-evenement-sur-mesure\/\" \/>\n<meta property=\"og:locale\" content=\"fr_FR\" \/>\n<meta property=\"og:type\" content=\"article\" \/>\n<meta property=\"og:title\" content=\"\u00c9v\u00e9nements sur mesure - Centre O3\" \/>\n<meta property=\"og:description\" content=\"Organiser un \u00e9v\u00e8nement sur mesure au centre O3 Gr\u00e2ce aux nombreux \u00e9v\u00e9nements qui se d\u00e9roulent chaque ann\u00e9e au Centre O3, nous avons d\u00e9velopp\u00e9 une expertise pour accompagner nos clients dans l\u2019organisation d\u2019\u00e9v\u00e9nements sur mesure de toutes sortes. Que ce soit un souper corporatif ou un mariage, organiser un \u00e9v\u00e9nement sur mesure n\u2019aura jamais \u00e9t\u00e9 aussi [&hellip;]\" \/>\n<meta property=\"og:url\" content=\"https:\/\/centreo3.com\/fr\/evenements\/organisation-evenement-sur-mesure\/\" \/>\n<meta property=\"og:site_name\" content=\"Centre O3\" \/>\n<meta property=\"article:modified_time\" content=\"2023-09-29T19:25:19+00:00\" \/>\n<meta name=\"twitter:card\" content=\"summary_large_image\" \/>\n<meta name=\"twitter:label1\" content=\"Dur\u00e9e de lecture estim\u00e9e\" \/>\n\t<meta name=\"twitter:data1\" content=\"1 minute\" \/>\n<script type=\"application\/ld+json\" class=\"yoast-schema-graph\">{\"@context\":\"https:\/\/schema.org\",\"@graph\":[{\"@type\":\"WebPage\",\"@id\":\"https:\/\/centreo3.com\/fr\/evenements\/organisation-evenement-sur-mesure\/\",\"url\":\"https:\/\/centreo3.com\/fr\/evenements\/organisation-evenement-sur-mesure\/\",\"name\":\"\u00c9v\u00e9nements sur mesure - Centre O3\",\"isPartOf\":{\"@id\":\"https:\/\/centreo3.com\/fr\/#website\"},\"datePublished\":\"2023-09-26T14:31:10+00:00\",\"dateModified\":\"2023-09-29T19:25:19+00:00\",\"breadcrumb\":{\"@id\":\"https:\/\/centreo3.com\/fr\/evenements\/organisation-evenement-sur-mesure\/#breadcrumb\"},\"inLanguage\":\"fr-FR\",\"potentialAction\":[{\"@type\":\"ReadAction\",\"target\":[\"https:\/\/centreo3.com\/fr\/evenements\/organisation-evenement-sur-mesure\/\"]}]},{\"@type\":\"BreadcrumbList\",\"@id\":\"https:\/\/centreo3.com\/fr\/evenements\/organisation-evenement-sur-mesure\/#breadcrumb\",\"itemListElement\":[{\"@type\":\"ListItem\",\"position\":1,\"name\":\"Accueil\",\"item\":\"https:\/\/centreo3.com\/fr\/\"},{\"@type\":\"ListItem\",\"position\":2,\"name\":\"\u00c9v\u00e9nements sur mesure\",\"item\":\"https:\/\/centreo3.com\/fr\/evenements\/\"},{\"@type\":\"ListItem\",\"position\":3,\"name\":\"\u00c9v\u00e9nements sur mesure\"}]},{\"@type\":\"WebSite\",\"@id\":\"https:\/\/centreo3.com\/fr\/#website\",\"url\":\"https:\/\/centreo3.com\/fr\/\",\"name\":\"Centre O3\",\"description\":\"Salles de r\u00e9ception et h\u00e9bergements pour \u00e9v\u00e9nements\",\"publisher\":{\"@id\":\"https:\/\/centreo3.com\/fr\/#organization\"},\"potentialAction\":[{\"@type\":\"SearchAction\",\"target\":{\"@type\":\"EntryPoint\",\"urlTemplate\":\"https:\/\/centreo3.com\/fr\/?s={search_term_string}\"},\"query-input\":{\"@type\":\"PropertyValueSpecification\",\"valueRequired\":true,\"valueName\":\"search_term_string\"}}],\"inLanguage\":\"fr-FR\"},{\"@type\":\"Organization\",\"@id\":\"https:\/\/centreo3.com\/fr\/#organization\",\"name\":\"Centre O3\",\"url\":\"https:\/\/centreo3.com\/fr\/\",\"logo\":{\"@type\":\"ImageObject\",\"inLanguage\":\"fr-FR\",\"@id\":\"https:\/\/centreo3.com\/fr\/#\/schema\/logo\/image\/\",\"url\":\"https:\/\/centreo3.com\/wp-content\/uploads\/2023\/09\/centreo3-logo.svg\",\"contentUrl\":\"https:\/\/centreo3.com\/wp-content\/uploads\/2023\/09\/centreo3-logo.svg\",\"width\":257,\"height\":48,\"caption\":\"Centre O3\"},\"image\":{\"@id\":\"https:\/\/centreo3.com\/fr\/#\/schema\/logo\/image\/\"}}]}<\/script>\n<!-- \/ Yoast SEO plugin. -->","yoast_head_json":{"title":"\u00c9v\u00e9nements sur mesure - Centre O3","robots":{"index":"index","follow":"follow","max-snippet":"max-snippet:-1","max-image-preview":"max-image-preview:large","max-video-preview":"max-video-preview:-1"},"canonical":"https:\/\/centreo3.com\/fr\/evenements\/organisation-evenement-sur-mesure\/","og_locale":"fr_FR","og_type":"article","og_title":"\u00c9v\u00e9nements sur mesure - Centre O3","og_description":"Organiser un \u00e9v\u00e8nement sur mesure au centre O3 Gr\u00e2ce aux nombreux \u00e9v\u00e9nements qui se d\u00e9roulent chaque ann\u00e9e au Centre O3, nous avons d\u00e9velopp\u00e9 une expertise pour accompagner nos clients dans l\u2019organisation d\u2019\u00e9v\u00e9nements sur mesure de toutes sortes. Que ce soit un souper corporatif ou un mariage, organiser un \u00e9v\u00e9nement sur mesure n\u2019aura jamais \u00e9t\u00e9 aussi [&hellip;]","og_url":"https:\/\/centreo3.com\/fr\/evenements\/organisation-evenement-sur-mesure\/","og_site_name":"Centre O3","article_modified_time":"2023-09-29T19:25:19+00:00","twitter_card":"summary_large_image","twitter_misc":{"Dur\u00e9e de lecture estim\u00e9e":"1 minute"},"schema":{"@context":"https:\/\/schema.org","@graph":[{"@type":"WebPage","@id":"https:\/\/centreo3.com\/fr\/evenements\/organisation-evenement-sur-mesure\/","url":"https:\/\/centreo3.com\/fr\/evenements\/organisation-evenement-sur-mesure\/","name":"\u00c9v\u00e9nements sur mesure - Centre O3","isPartOf":{"@id":"https:\/\/centreo3.com\/fr\/#website"},"datePublished":"2023-09-26T14:31:10+00:00","dateModified":"2023-09-29T19:25:19+00:00","breadcrumb":{"@id":"https:\/\/centreo3.com\/fr\/evenements\/organisation-evenement-sur-mesure\/#breadcrumb"},"inLanguage":"fr-FR","potentialAction":[{"@type":"ReadAction","target":["https:\/\/centreo3.com\/fr\/evenements\/organisation-evenement-sur-mesure\/"]}]},{"@type":"BreadcrumbList","@id":"https:\/\/centreo3.com\/fr\/evenements\/organisation-evenement-sur-mesure\/#breadcrumb","itemListElement":[{"@type":"ListItem","position":1,"name":"Accueil","item":"https:\/\/centreo3.com\/fr\/"},{"@type":"ListItem","position":2,"name":"\u00c9v\u00e9nements sur mesure","item":"https:\/\/centreo3.com\/fr\/evenements\/"},{"@type":"ListItem","position":3,"name":"\u00c9v\u00e9nements sur mesure"}]},{"@type":"WebSite","@id":"https:\/\/centreo3.com\/fr\/#website","url":"https:\/\/centreo3.com\/fr\/","name":"Centre O3","description":"Salles de r\u00e9ception et h\u00e9bergements pour \u00e9v\u00e9nements","publisher":{"@id":"https:\/\/centreo3.com\/fr\/#organization"},"potentialAction":[{"@type":"SearchAction","target":{"@type":"EntryPoint","urlTemplate":"https:\/\/centreo3.com\/fr\/?s={search_term_string}"},"query-input":{"@type":"PropertyValueSpecification","valueRequired":true,"valueName":"search_term_string"}}],"inLanguage":"fr-FR"},{"@type":"Organization","@id":"https:\/\/centreo3.com\/fr\/#organization","name":"Centre O3","url":"https:\/\/centreo3.com\/fr\/","logo":{"@type":"ImageObject","inLanguage":"fr-FR","@id":"https:\/\/centreo3.com\/fr\/#\/schema\/logo\/image\/","url":"https:\/\/centreo3.com\/wp-content\/uploads\/2023\/09\/centreo3-logo.svg","contentUrl":"https:\/\/centreo3.com\/wp-content\/uploads\/2023\/09\/centreo3-logo.svg","width":257,"height":48,"caption":"Centre O3"},"image":{"@id":"https:\/\/centreo3.com\/fr\/#\/schema\/logo\/image\/"}}]}},"_links":{"self":[{"href":"https:\/\/centreo3.com\/fr\/wp-json\/wp\/v2\/pages\/41","targetHints":{"allow":["GET"]}}],"collection":[{"href":"https:\/\/centreo3.com\/fr\/wp-json\/wp\/v2\/pages"}],"about":[{"href":"https:\/\/centreo3.com\/fr\/wp-json\/wp\/v2\/types\/page"}],"author":[{"embeddable":true,"href":"https:\/\/centreo3.com\/fr\/wp-json\/wp\/v2\/users\/1"}],"replies":[{"embeddable":true,"href":"https:\/\/centreo3.com\/fr\/wp-json\/wp\/v2\/comments?post=41"}],"version-history":[{"count":4,"href":"https:\/\/centreo3.com\/fr\/wp-json\/wp\/v2\/pages\/41\/revisions"}],"predecessor-version":[{"id":487,"href":"https:\/\/centreo3.com\/fr\/wp-json\/wp\/v2\/pages\/41\/revisions\/487"}],"up":[{"embeddable":true,"href":"https:\/\/centreo3.com\/fr\/wp-json\/wp\/v2\/pages\/38"}],"wp:attachment":[{"href":"https:\/\/centreo3.com\/fr\/wp-json\/wp\/v2\/media?parent=41"}],"curies":[{"name":"wp","href":"https:\/\/api.w.org\/{rel}","templated":true}]}}