{"id":1739,"date":"2025-10-28T15:42:22","date_gmt":"2025-10-28T19:42:22","guid":{"rendered":"https:\/\/centreo3.com\/?page_id=1739"},"modified":"2025-12-09T13:24:46","modified_gmt":"2025-12-09T18:24:46","slug":"camp-harmonie-adulte-prestige","status":"publish","type":"page","link":"https:\/\/centreo3.com\/fr\/choisir-sa-session\/camp-harmonie-adulte-prestige\/","title":{"rendered":"Camp Harmonie Adulte Prestige"},"content":{"rendered":"\t\t<div data-elementor-type=\"wp-page\" data-elementor-id=\"1739\" class=\"elementor elementor-1739\" data-elementor-post-type=\"page\">\n\t\t\t\t<div class=\"elementor-element elementor-element-13ded8a e-con-full e-flex e-con e-parent\" data-id=\"13ded8a\" data-element_type=\"container\" data-e-type=\"container\">\n\t\t\t\t<div class=\"elementor-element elementor-element-75f4b67 elementor-widget elementor-widget-text-editor\" data-id=\"75f4b67\" data-element_type=\"widget\" data-e-type=\"widget\" data-widget_type=\"text-editor.default\">\n\t\t\t\t<div class=\"elementor-widget-container\">\n\t\t\t\t\t\t\t\t\t<div><div><strong>Dates: 2 au 7 ao\u00fbt 2026<\/strong><\/div><div>\u00a0<\/div><div>Quand le raffinement devient un plaisir partag\u00e9 !<br \/><br \/>Une semaine immersive con\u00e7ue pour les musicien\u00b7ne\u00b7s adultes amateurs avanc\u00e9\u00b7e\u00b7s d\u00e9sirant explorer un niveau sup\u00e9rieur de raffinement musical, dans une atmosph\u00e8re conviviale et inspirante.<br \/>La session Prestige met l\u2019accent sur la pr\u00e9cision du jeu d\u2019ensemble, la richesse de l\u2019interpr\u00e9tation et la coh\u00e9sion musicale, \u00e0 travers un travail minutieux et stimulant sur des \u0153uvres de niveaux 4 \u00e0 5+.<br \/><br \/>Dirig\u00e9e par Jonathan Dagenais et encadr\u00e9e par une \u00e9quipe de musicien\u00b7ne\u00b7s professionnel\u00b7le\u00b7s reconnu\u00b7e\u00b7s, cette session offre un encadrement rigoureux et bienveillant, favorisant le d\u00e9veloppement d\u2019une \u00e9coute approfondie, d\u2019une grande sensibilit\u00e9 artistique et d\u2019un plaisir collectif renouvel\u00e9.<br \/><br \/>Le tout se d\u00e9roule dans un environnement chaleureux et motivant, o\u00f9 la passion, la camaraderie et le plaisir de faire de la musique s\u2019allient naturellement \u00e0 quelques moments festifs inoubliables.<br \/>Parce qu\u2019au-del\u00e0 des notes, la musique est aussi une exp\u00e9rience humaine, joyeuse et profond\u00e9ment rassembleuse.<\/div><\/div><div>\u00a0<\/div><div>La session Harmonie Adulte Prestige &#8211; Le raffinement musical, dans le plaisir de jouer ensemble !<\/div><div>\u00a0<\/div><div>\u00a0<\/div>\t\t\t\t\t\t\t\t<\/div>\n\t\t\t\t<\/div>\n\t\t\t\t<div class=\"elementor-element elementor-element-fd3da33 elementor-widget elementor-widget-text-editor\" data-id=\"fd3da33\" data-element_type=\"widget\" data-e-type=\"widget\" data-widget_type=\"text-editor.default\">\n\t\t\t\t<div class=\"elementor-widget-container\">\n\t\t\t\t\t\t\t\t\t<p><strong>Tarifs\u00a0:<\/strong><\/p><ul><li>Camp de jour : 560$\/ personne (3 repas )<\/li><li>Camping : 640$\/ personne (3 repas)<em><br \/><\/em><\/li><li>R\u00e9sidence occupation double : 700$<\/li><li>R\u00e9sidence occupation simple : 815$<\/li><li>H\u00f4tel occupation double : 995$<\/li><li>H\u00f4tel occupation simple : 1100$<\/li><\/ul>\t\t\t\t\t\t\t\t<\/div>\n\t\t\t\t<\/div>\n\t\t<div class=\"elementor-element elementor-element-fad632e e-flex e-con-boxed e-con e-child\" data-id=\"fad632e\" data-element_type=\"container\" data-e-type=\"container\">\n\t\t\t\t\t<div class=\"e-con-inner\">\n\t\t\t\t<div class=\"elementor-element elementor-element-81b94f0 elementor-widget__width-auto elementor-widget elementor-widget-button\" data-id=\"81b94f0\" data-element_type=\"widget\" data-e-type=\"widget\" data-widget_type=\"button.default\">\n\t\t\t\t<div class=\"elementor-widget-container\">\n\t\t\t\t\t\t\t\t\t<div class=\"elementor-button-wrapper\">\n\t\t\t\t\t<a class=\"elementor-button elementor-button-link elementor-size-sm\" href=\"https:\/\/centreo3.com\/fr\/inscription\/\">\n\t\t\t\t\t\t<span class=\"elementor-button-content-wrapper\">\n\t\t\t\t\t\t\t\t\t<span class=\"elementor-button-text\">S'inscrire<\/span>\n\t\t\t\t\t<\/span>\n\t\t\t\t\t<\/a>\n\t\t\t\t<\/div>\n\t\t\t\t\t\t\t\t<\/div>\n\t\t\t\t<\/div>\n\t\t\t\t<div class=\"elementor-element elementor-element-2a1a48a elementor-widget__width-auto elementor-widget elementor-widget-button\" data-id=\"2a1a48a\" data-element_type=\"widget\" data-e-type=\"widget\" data-widget_type=\"button.default\">\n\t\t\t\t<div class=\"elementor-widget-container\">\n\t\t\t\t\t\t\t\t\t<div class=\"elementor-button-wrapper\">\n\t\t\t\t\t<a class=\"elementor-button elementor-button-link elementor-size-sm\" href=\"https:\/\/centreo3.com\/fr\/demande-de-bourse\/\">\n\t\t\t\t\t\t<span class=\"elementor-button-content-wrapper\">\n\t\t\t\t\t\t\t\t\t<span class=\"elementor-button-text\">Demande de bourse<\/span>\n\t\t\t\t\t<\/span>\n\t\t\t\t\t<\/a>\n\t\t\t\t<\/div>\n\t\t\t\t\t\t\t\t<\/div>\n\t\t\t\t<\/div>\n\t\t\t\t\t<\/div>\n\t\t\t\t<\/div>\n\t\t\t\t<div class=\"elementor-element elementor-element-530613f elementor-widget elementor-widget-text-editor\" data-id=\"530613f\" data-element_type=\"widget\" data-e-type=\"widget\" data-widget_type=\"text-editor.default\">\n\t\t\t\t<div class=\"elementor-widget-container\">\n\t\t\t\t\t\t\t\t\t<p><strong>Responsable de session: nom \u00e0 venir<\/strong><br \/><strong>Direction Musicale :<\/strong> Jonathan Dagenais<\/p><p><strong>Corps professoral: noms \u00e0 venir<\/strong><br \/>Bois:\u00a0<\/p><p>Cuivres:\u00a0<\/p><p>Percussions:<\/p><p>Chorale:<\/p><p>Animation sociale et sportive:<\/p>\t\t\t\t\t\t\t\t<\/div>\n\t\t\t\t<\/div>\n\t\t\t\t<\/div>\n\t\t\t\t<\/div>\n\t\t","protected":false},"excerpt":{"rendered":"<p>Dates: 2 au 7 ao\u00fbt 2026\u00a0Quand le raffinement devient un plaisir partag\u00e9 ! Une semaine immersive con\u00e7ue pour les musicien\u00b7ne\u00b7s adultes amateurs avanc\u00e9\u00b7e\u00b7s d\u00e9sirant explorer un niveau sup\u00e9rieur de raffinement musical, dans une atmosph\u00e8re conviviale et inspirante.La session Prestige met l\u2019accent sur la pr\u00e9cision du jeu d\u2019ensemble, la richesse de l\u2019interpr\u00e9tation et la coh\u00e9sion musicale, [&hellip;]<\/p>\n","protected":false},"author":1,"featured_media":0,"parent":769,"menu_order":0,"comment_status":"closed","ping_status":"closed","template":"","meta":{"footnotes":""},"class_list":["post-1739","page","type-page","status-publish","hentry"],"yoast_head":"<!-- This site is optimized with the Yoast SEO plugin v27.1.1 - https:\/\/yoast.com\/product\/yoast-seo-wordpress\/ -->\n<title>Camp Harmonie Adulte Prestige - Centre O3<\/title>\n<meta name=\"robots\" content=\"index, follow, max-snippet:-1, max-image-preview:large, max-video-preview:-1\" \/>\n<link rel=\"canonical\" href=\"https:\/\/centreo3.com\/fr\/choisir-sa-session\/camp-harmonie-adulte-prestige\/\" \/>\n<meta property=\"og:locale\" content=\"fr_FR\" \/>\n<meta property=\"og:type\" content=\"article\" \/>\n<meta property=\"og:title\" content=\"Camp Harmonie Adulte Prestige - Centre O3\" \/>\n<meta property=\"og:description\" content=\"Dates: 2 au 7 ao\u00fbt 2026\u00a0Quand le raffinement devient un plaisir partag\u00e9 ! Une semaine immersive con\u00e7ue pour les musicien\u00b7ne\u00b7s adultes amateurs avanc\u00e9\u00b7e\u00b7s d\u00e9sirant explorer un niveau sup\u00e9rieur de raffinement musical, dans une atmosph\u00e8re conviviale et inspirante.La session Prestige met l\u2019accent sur la pr\u00e9cision du jeu d\u2019ensemble, la richesse de l\u2019interpr\u00e9tation et la coh\u00e9sion musicale, [&hellip;]\" \/>\n<meta property=\"og:url\" content=\"https:\/\/centreo3.com\/fr\/choisir-sa-session\/camp-harmonie-adulte-prestige\/\" \/>\n<meta property=\"og:site_name\" content=\"Centre O3\" \/>\n<meta property=\"article:modified_time\" content=\"2025-12-09T18:24:46+00:00\" \/>\n<meta name=\"twitter:card\" content=\"summary_large_image\" \/>\n<meta name=\"twitter:label1\" content=\"Dur\u00e9e de lecture estim\u00e9e\" \/>\n\t<meta name=\"twitter:data1\" content=\"2 minutes\" \/>\n<script type=\"application\/ld+json\" class=\"yoast-schema-graph\">{\"@context\":\"https:\/\/schema.org\",\"@graph\":[{\"@type\":\"WebPage\",\"@id\":\"https:\/\/centreo3.com\/fr\/choisir-sa-session\/camp-harmonie-adulte-prestige\/\",\"url\":\"https:\/\/centreo3.com\/fr\/choisir-sa-session\/camp-harmonie-adulte-prestige\/\",\"name\":\"Camp Harmonie Adulte Prestige - Centre O3\",\"isPartOf\":{\"@id\":\"https:\/\/centreo3.com\/fr\/#website\"},\"datePublished\":\"2025-10-28T19:42:22+00:00\",\"dateModified\":\"2025-12-09T18:24:46+00:00\",\"breadcrumb\":{\"@id\":\"https:\/\/centreo3.com\/fr\/choisir-sa-session\/camp-harmonie-adulte-prestige\/#breadcrumb\"},\"inLanguage\":\"fr-FR\",\"potentialAction\":[{\"@type\":\"ReadAction\",\"target\":[\"https:\/\/centreo3.com\/fr\/choisir-sa-session\/camp-harmonie-adulte-prestige\/\"]}]},{\"@type\":\"BreadcrumbList\",\"@id\":\"https:\/\/centreo3.com\/fr\/choisir-sa-session\/camp-harmonie-adulte-prestige\/#breadcrumb\",\"itemListElement\":[{\"@type\":\"ListItem\",\"position\":1,\"name\":\"Accueil\",\"item\":\"https:\/\/centreo3.com\/fr\/\"},{\"@type\":\"ListItem\",\"position\":2,\"name\":\"Choisir sa session\",\"item\":\"https:\/\/centreo3.com\/fr\/choisir-sa-session\/\"},{\"@type\":\"ListItem\",\"position\":3,\"name\":\"Camp Harmonie Adulte Prestige\"}]},{\"@type\":\"WebSite\",\"@id\":\"https:\/\/centreo3.com\/fr\/#website\",\"url\":\"https:\/\/centreo3.com\/fr\/\",\"name\":\"Centre O3\",\"description\":\"Salles de r\u00e9ception et h\u00e9bergements pour \u00e9v\u00e9nements\",\"publisher\":{\"@id\":\"https:\/\/centreo3.com\/fr\/#organization\"},\"potentialAction\":[{\"@type\":\"SearchAction\",\"target\":{\"@type\":\"EntryPoint\",\"urlTemplate\":\"https:\/\/centreo3.com\/fr\/?s={search_term_string}\"},\"query-input\":{\"@type\":\"PropertyValueSpecification\",\"valueRequired\":true,\"valueName\":\"search_term_string\"}}],\"inLanguage\":\"fr-FR\"},{\"@type\":\"Organization\",\"@id\":\"https:\/\/centreo3.com\/fr\/#organization\",\"name\":\"Centre O3\",\"url\":\"https:\/\/centreo3.com\/fr\/\",\"logo\":{\"@type\":\"ImageObject\",\"inLanguage\":\"fr-FR\",\"@id\":\"https:\/\/centreo3.com\/fr\/#\/schema\/logo\/image\/\",\"url\":\"https:\/\/centreo3.com\/wp-content\/uploads\/2023\/09\/centreo3-logo.svg\",\"contentUrl\":\"https:\/\/centreo3.com\/wp-content\/uploads\/2023\/09\/centreo3-logo.svg\",\"width\":257,\"height\":48,\"caption\":\"Centre O3\"},\"image\":{\"@id\":\"https:\/\/centreo3.com\/fr\/#\/schema\/logo\/image\/\"}}]}<\/script>\n<!-- \/ Yoast SEO plugin. -->","yoast_head_json":{"title":"Camp Harmonie Adulte Prestige - Centre O3","robots":{"index":"index","follow":"follow","max-snippet":"max-snippet:-1","max-image-preview":"max-image-preview:large","max-video-preview":"max-video-preview:-1"},"canonical":"https:\/\/centreo3.com\/fr\/choisir-sa-session\/camp-harmonie-adulte-prestige\/","og_locale":"fr_FR","og_type":"article","og_title":"Camp Harmonie Adulte Prestige - Centre O3","og_description":"Dates: 2 au 7 ao\u00fbt 2026\u00a0Quand le raffinement devient un plaisir partag\u00e9 ! Une semaine immersive con\u00e7ue pour les musicien\u00b7ne\u00b7s adultes amateurs avanc\u00e9\u00b7e\u00b7s d\u00e9sirant explorer un niveau sup\u00e9rieur de raffinement musical, dans une atmosph\u00e8re conviviale et inspirante.La session Prestige met l\u2019accent sur la pr\u00e9cision du jeu d\u2019ensemble, la richesse de l\u2019interpr\u00e9tation et la coh\u00e9sion musicale, [&hellip;]","og_url":"https:\/\/centreo3.com\/fr\/choisir-sa-session\/camp-harmonie-adulte-prestige\/","og_site_name":"Centre O3","article_modified_time":"2025-12-09T18:24:46+00:00","twitter_card":"summary_large_image","twitter_misc":{"Dur\u00e9e de lecture estim\u00e9e":"2 minutes"},"schema":{"@context":"https:\/\/schema.org","@graph":[{"@type":"WebPage","@id":"https:\/\/centreo3.com\/fr\/choisir-sa-session\/camp-harmonie-adulte-prestige\/","url":"https:\/\/centreo3.com\/fr\/choisir-sa-session\/camp-harmonie-adulte-prestige\/","name":"Camp Harmonie Adulte Prestige - Centre O3","isPartOf":{"@id":"https:\/\/centreo3.com\/fr\/#website"},"datePublished":"2025-10-28T19:42:22+00:00","dateModified":"2025-12-09T18:24:46+00:00","breadcrumb":{"@id":"https:\/\/centreo3.com\/fr\/choisir-sa-session\/camp-harmonie-adulte-prestige\/#breadcrumb"},"inLanguage":"fr-FR","potentialAction":[{"@type":"ReadAction","target":["https:\/\/centreo3.com\/fr\/choisir-sa-session\/camp-harmonie-adulte-prestige\/"]}]},{"@type":"BreadcrumbList","@id":"https:\/\/centreo3.com\/fr\/choisir-sa-session\/camp-harmonie-adulte-prestige\/#breadcrumb","itemListElement":[{"@type":"ListItem","position":1,"name":"Accueil","item":"https:\/\/centreo3.com\/fr\/"},{"@type":"ListItem","position":2,"name":"Choisir sa session","item":"https:\/\/centreo3.com\/fr\/choisir-sa-session\/"},{"@type":"ListItem","position":3,"name":"Camp Harmonie Adulte Prestige"}]},{"@type":"WebSite","@id":"https:\/\/centreo3.com\/fr\/#website","url":"https:\/\/centreo3.com\/fr\/","name":"Centre O3","description":"Salles de r\u00e9ception et h\u00e9bergements pour \u00e9v\u00e9nements","publisher":{"@id":"https:\/\/centreo3.com\/fr\/#organization"},"potentialAction":[{"@type":"SearchAction","target":{"@type":"EntryPoint","urlTemplate":"https:\/\/centreo3.com\/fr\/?s={search_term_string}"},"query-input":{"@type":"PropertyValueSpecification","valueRequired":true,"valueName":"search_term_string"}}],"inLanguage":"fr-FR"},{"@type":"Organization","@id":"https:\/\/centreo3.com\/fr\/#organization","name":"Centre O3","url":"https:\/\/centreo3.com\/fr\/","logo":{"@type":"ImageObject","inLanguage":"fr-FR","@id":"https:\/\/centreo3.com\/fr\/#\/schema\/logo\/image\/","url":"https:\/\/centreo3.com\/wp-content\/uploads\/2023\/09\/centreo3-logo.svg","contentUrl":"https:\/\/centreo3.com\/wp-content\/uploads\/2023\/09\/centreo3-logo.svg","width":257,"height":48,"caption":"Centre O3"},"image":{"@id":"https:\/\/centreo3.com\/fr\/#\/schema\/logo\/image\/"}}]}},"_links":{"self":[{"href":"https:\/\/centreo3.com\/fr\/wp-json\/wp\/v2\/pages\/1739","targetHints":{"allow":["GET"]}}],"collection":[{"href":"https:\/\/centreo3.com\/fr\/wp-json\/wp\/v2\/pages"}],"about":[{"href":"https:\/\/centreo3.com\/fr\/wp-json\/wp\/v2\/types\/page"}],"author":[{"embeddable":true,"href":"https:\/\/centreo3.com\/fr\/wp-json\/wp\/v2\/users\/1"}],"replies":[{"embeddable":true,"href":"https:\/\/centreo3.com\/fr\/wp-json\/wp\/v2\/comments?post=1739"}],"version-history":[{"count":10,"href":"https:\/\/centreo3.com\/fr\/wp-json\/wp\/v2\/pages\/1739\/revisions"}],"predecessor-version":[{"id":1849,"href":"https:\/\/centreo3.com\/fr\/wp-json\/wp\/v2\/pages\/1739\/revisions\/1849"}],"up":[{"embeddable":true,"href":"https:\/\/centreo3.com\/fr\/wp-json\/wp\/v2\/pages\/769"}],"wp:attachment":[{"href":"https:\/\/centreo3.com\/fr\/wp-json\/wp\/v2\/media?parent=1739"}],"curies":[{"name":"wp","href":"https:\/\/api.w.org\/{rel}","templated":true}]}}