{"id":1637,"date":"2025-05-26T14:17:37","date_gmt":"2025-05-26T18:17:37","guid":{"rendered":"https:\/\/centreo3.com\/?page_id=1637"},"modified":"2026-05-05T13:18:08","modified_gmt":"2026-05-05T17:18:08","slug":"concerts","status":"publish","type":"page","link":"https:\/\/centreo3.com\/fr\/concerts\/","title":{"rendered":"Concerts"},"content":{"rendered":"\t\t<div data-elementor-type=\"wp-page\" data-elementor-id=\"1637\" class=\"elementor elementor-1637\" data-elementor-post-type=\"page\">\n\t\t\t\t<div class=\"elementor-element elementor-element-2cd7012 e-flex e-con-boxed e-con e-parent\" data-id=\"2cd7012\" data-element_type=\"container\" data-e-type=\"container\">\n\t\t\t\t\t<div class=\"e-con-inner\">\n\t\t\t\t<div class=\"elementor-element elementor-element-1636283 elementor-widget elementor-widget-text-editor\" data-id=\"1636283\" data-element_type=\"widget\" data-e-type=\"widget\" data-widget_type=\"text-editor.default\">\n\t\t\t\t<div class=\"elementor-widget-container\">\n\t\t\t\t\t\t\t\t\t<p>1 juin \u00e0 20h00 : Concert Jazz&nbsp; Guillaume Gilbert, guitare<\/p>\n<p>2 juin \u00e0 20h00 : Concert Jazz&nbsp; Samuel Blais, saxophone<\/p>\n<p>3 juin \u00e0 20h00 : Concert Jazz&nbsp; Jim Doxas, batterie<\/p>\n<p>4 juin \u00e0 20h00 : Concert Jazz&nbsp; Morgan Moore, contrebasse<\/p>\n<p>5 juin \u00e0 20h00 : Concert Jazz&nbsp; Mordy Ferber, guitare<\/p>\n<p>* 5 juillet \u00e0 11h30 : Concert Staff<\/p>\n<p>*8 juillet \u00e0 20h00 : Concert Solistes et musique de chambre<\/p>\n<p>*9 juillet \u00e0 20h00 : Concert Stage Band et ensemble vocal<\/p>\n<p>10 juillet \u00e0 19h00 : Concert fin Camp Interm\u00e9diaire 1-2-3<\/p>\n<p>*19 juillet \u00e0 11h30 : Concert Staff (\u00c0 CONFIRMER)<\/p>\n<p>*22 juillet \u00e0 20h30 : Concert Solistes et musique de chambre (\u00c0 CONFIRMER)<\/p>\n<p>*23 juillet \u00e0 20h30 : Concert Stage Band (\u00c0 CONFIRMER)<\/p>\n<p>24 juillet \u00e0 19h00 : Concert fin Camp avanc\u00e9 3-4-5&nbsp;<\/p>\n<p>*30 juillet \u00e0 20h00 : Petits ensembles Camp Harmonie Adulte (Place de la Travers\u00e9e)<\/p>\n<p>31 juillet \u00e0 19h00 : Concert fin Camp Harmonie Adulte<\/p>\n<p>14 ao\u00fbt \u00e0 19h00 : Concert fin Camp Primaire Initiation aux arts<\/p>\n<p>* Concert gratuit<\/p>\n<p>Pr\u00e9sent\u00e9 \u00e0 la Salle Multifonctionnelle du Camp Musical Val-des-Sources&nbsp;&nbsp;<\/p>\t\t\t\t\t\t\t\t<\/div>\n\t\t\t\t<\/div>\n\t\t\t\t\t<\/div>\n\t\t\t\t<\/div>\n\t\t\t\t<\/div>\n\t\t","protected":false},"excerpt":{"rendered":"<p>1 juin \u00e0 20h00 : Concert Jazz&nbsp; Guillaume Gilbert, guitare 2 juin \u00e0 20h00 : Concert Jazz&nbsp; Samuel Blais, saxophone 3 juin \u00e0 20h00 : Concert Jazz&nbsp; Jim Doxas, batterie 4 juin \u00e0 20h00 : Concert Jazz&nbsp; Morgan Moore, contrebasse 5 juin \u00e0 20h00 : Concert Jazz&nbsp; Mordy Ferber, guitare * 5 juillet \u00e0 11h30 [&hellip;]<\/p>\n","protected":false},"author":1,"featured_media":0,"parent":0,"menu_order":0,"comment_status":"closed","ping_status":"closed","template":"","meta":{"footnotes":""},"class_list":["post-1637","page","type-page","status-publish","hentry"],"yoast_head":"<!-- This site is optimized with the Yoast SEO plugin v27.1.1 - https:\/\/yoast.com\/product\/yoast-seo-wordpress\/ -->\n<title>Concerts - Centre O3<\/title>\n<meta name=\"robots\" content=\"index, follow, max-snippet:-1, max-image-preview:large, max-video-preview:-1\" \/>\n<link rel=\"canonical\" href=\"https:\/\/centreo3.com\/fr\/concerts\/\" \/>\n<meta property=\"og:locale\" content=\"fr_FR\" \/>\n<meta property=\"og:type\" content=\"article\" \/>\n<meta property=\"og:title\" content=\"Concerts - Centre O3\" \/>\n<meta property=\"og:description\" content=\"1 juin \u00e0 20h00 : Concert Jazz&nbsp; Guillaume Gilbert, guitare 2 juin \u00e0 20h00 : Concert Jazz&nbsp; Samuel Blais, saxophone 3 juin \u00e0 20h00 : Concert Jazz&nbsp; Jim Doxas, batterie 4 juin \u00e0 20h00 : Concert Jazz&nbsp; Morgan Moore, contrebasse 5 juin \u00e0 20h00 : Concert Jazz&nbsp; Mordy Ferber, guitare * 5 juillet \u00e0 11h30 [&hellip;]\" \/>\n<meta property=\"og:url\" content=\"https:\/\/centreo3.com\/fr\/concerts\/\" \/>\n<meta property=\"og:site_name\" content=\"Centre O3\" \/>\n<meta property=\"article:modified_time\" content=\"2026-05-05T17:18:08+00:00\" \/>\n<meta name=\"twitter:card\" content=\"summary_large_image\" \/>\n<meta name=\"twitter:label1\" content=\"Dur\u00e9e de lecture estim\u00e9e\" \/>\n\t<meta name=\"twitter:data1\" content=\"1 minute\" \/>\n<script type=\"application\/ld+json\" class=\"yoast-schema-graph\">{\"@context\":\"https:\/\/schema.org\",\"@graph\":[{\"@type\":\"WebPage\",\"@id\":\"https:\/\/centreo3.com\/fr\/concerts\/\",\"url\":\"https:\/\/centreo3.com\/fr\/concerts\/\",\"name\":\"Concerts - Centre O3\",\"isPartOf\":{\"@id\":\"https:\/\/centreo3.com\/fr\/#website\"},\"datePublished\":\"2025-05-26T18:17:37+00:00\",\"dateModified\":\"2026-05-05T17:18:08+00:00\",\"breadcrumb\":{\"@id\":\"https:\/\/centreo3.com\/fr\/concerts\/#breadcrumb\"},\"inLanguage\":\"fr-FR\",\"potentialAction\":[{\"@type\":\"ReadAction\",\"target\":[\"https:\/\/centreo3.com\/fr\/concerts\/\"]}]},{\"@type\":\"BreadcrumbList\",\"@id\":\"https:\/\/centreo3.com\/fr\/concerts\/#breadcrumb\",\"itemListElement\":[{\"@type\":\"ListItem\",\"position\":1,\"name\":\"Accueil\",\"item\":\"https:\/\/centreo3.com\/fr\/\"},{\"@type\":\"ListItem\",\"position\":2,\"name\":\"Concerts\"}]},{\"@type\":\"WebSite\",\"@id\":\"https:\/\/centreo3.com\/fr\/#website\",\"url\":\"https:\/\/centreo3.com\/fr\/\",\"name\":\"Centre O3\",\"description\":\"Salles de r\u00e9ception et h\u00e9bergements pour \u00e9v\u00e9nements\",\"publisher\":{\"@id\":\"https:\/\/centreo3.com\/fr\/#organization\"},\"potentialAction\":[{\"@type\":\"SearchAction\",\"target\":{\"@type\":\"EntryPoint\",\"urlTemplate\":\"https:\/\/centreo3.com\/fr\/?s={search_term_string}\"},\"query-input\":{\"@type\":\"PropertyValueSpecification\",\"valueRequired\":true,\"valueName\":\"search_term_string\"}}],\"inLanguage\":\"fr-FR\"},{\"@type\":\"Organization\",\"@id\":\"https:\/\/centreo3.com\/fr\/#organization\",\"name\":\"Centre O3\",\"url\":\"https:\/\/centreo3.com\/fr\/\",\"logo\":{\"@type\":\"ImageObject\",\"inLanguage\":\"fr-FR\",\"@id\":\"https:\/\/centreo3.com\/fr\/#\/schema\/logo\/image\/\",\"url\":\"https:\/\/centreo3.com\/wp-content\/uploads\/2023\/09\/centreo3-logo.svg\",\"contentUrl\":\"https:\/\/centreo3.com\/wp-content\/uploads\/2023\/09\/centreo3-logo.svg\",\"width\":257,\"height\":48,\"caption\":\"Centre O3\"},\"image\":{\"@id\":\"https:\/\/centreo3.com\/fr\/#\/schema\/logo\/image\/\"}}]}<\/script>\n<!-- \/ Yoast SEO plugin. -->","yoast_head_json":{"title":"Concerts - Centre O3","robots":{"index":"index","follow":"follow","max-snippet":"max-snippet:-1","max-image-preview":"max-image-preview:large","max-video-preview":"max-video-preview:-1"},"canonical":"https:\/\/centreo3.com\/fr\/concerts\/","og_locale":"fr_FR","og_type":"article","og_title":"Concerts - Centre O3","og_description":"1 juin \u00e0 20h00 : Concert Jazz&nbsp; Guillaume Gilbert, guitare 2 juin \u00e0 20h00 : Concert Jazz&nbsp; Samuel Blais, saxophone 3 juin \u00e0 20h00 : Concert Jazz&nbsp; Jim Doxas, batterie 4 juin \u00e0 20h00 : Concert Jazz&nbsp; Morgan Moore, contrebasse 5 juin \u00e0 20h00 : Concert Jazz&nbsp; Mordy Ferber, guitare * 5 juillet \u00e0 11h30 [&hellip;]","og_url":"https:\/\/centreo3.com\/fr\/concerts\/","og_site_name":"Centre O3","article_modified_time":"2026-05-05T17:18:08+00:00","twitter_card":"summary_large_image","twitter_misc":{"Dur\u00e9e de lecture estim\u00e9e":"1 minute"},"schema":{"@context":"https:\/\/schema.org","@graph":[{"@type":"WebPage","@id":"https:\/\/centreo3.com\/fr\/concerts\/","url":"https:\/\/centreo3.com\/fr\/concerts\/","name":"Concerts - Centre O3","isPartOf":{"@id":"https:\/\/centreo3.com\/fr\/#website"},"datePublished":"2025-05-26T18:17:37+00:00","dateModified":"2026-05-05T17:18:08+00:00","breadcrumb":{"@id":"https:\/\/centreo3.com\/fr\/concerts\/#breadcrumb"},"inLanguage":"fr-FR","potentialAction":[{"@type":"ReadAction","target":["https:\/\/centreo3.com\/fr\/concerts\/"]}]},{"@type":"BreadcrumbList","@id":"https:\/\/centreo3.com\/fr\/concerts\/#breadcrumb","itemListElement":[{"@type":"ListItem","position":1,"name":"Accueil","item":"https:\/\/centreo3.com\/fr\/"},{"@type":"ListItem","position":2,"name":"Concerts"}]},{"@type":"WebSite","@id":"https:\/\/centreo3.com\/fr\/#website","url":"https:\/\/centreo3.com\/fr\/","name":"Centre O3","description":"Salles de r\u00e9ception et h\u00e9bergements pour \u00e9v\u00e9nements","publisher":{"@id":"https:\/\/centreo3.com\/fr\/#organization"},"potentialAction":[{"@type":"SearchAction","target":{"@type":"EntryPoint","urlTemplate":"https:\/\/centreo3.com\/fr\/?s={search_term_string}"},"query-input":{"@type":"PropertyValueSpecification","valueRequired":true,"valueName":"search_term_string"}}],"inLanguage":"fr-FR"},{"@type":"Organization","@id":"https:\/\/centreo3.com\/fr\/#organization","name":"Centre O3","url":"https:\/\/centreo3.com\/fr\/","logo":{"@type":"ImageObject","inLanguage":"fr-FR","@id":"https:\/\/centreo3.com\/fr\/#\/schema\/logo\/image\/","url":"https:\/\/centreo3.com\/wp-content\/uploads\/2023\/09\/centreo3-logo.svg","contentUrl":"https:\/\/centreo3.com\/wp-content\/uploads\/2023\/09\/centreo3-logo.svg","width":257,"height":48,"caption":"Centre O3"},"image":{"@id":"https:\/\/centreo3.com\/fr\/#\/schema\/logo\/image\/"}}]}},"_links":{"self":[{"href":"https:\/\/centreo3.com\/fr\/wp-json\/wp\/v2\/pages\/1637","targetHints":{"allow":["GET"]}}],"collection":[{"href":"https:\/\/centreo3.com\/fr\/wp-json\/wp\/v2\/pages"}],"about":[{"href":"https:\/\/centreo3.com\/fr\/wp-json\/wp\/v2\/types\/page"}],"author":[{"embeddable":true,"href":"https:\/\/centreo3.com\/fr\/wp-json\/wp\/v2\/users\/1"}],"replies":[{"embeddable":true,"href":"https:\/\/centreo3.com\/fr\/wp-json\/wp\/v2\/comments?post=1637"}],"version-history":[{"count":22,"href":"https:\/\/centreo3.com\/fr\/wp-json\/wp\/v2\/pages\/1637\/revisions"}],"predecessor-version":[{"id":1895,"href":"https:\/\/centreo3.com\/fr\/wp-json\/wp\/v2\/pages\/1637\/revisions\/1895"}],"wp:attachment":[{"href":"https:\/\/centreo3.com\/fr\/wp-json\/wp\/v2\/media?parent=1637"}],"curies":[{"name":"wp","href":"https:\/\/api.w.org\/{rel}","templated":true}]}}