{"id":14,"date":"2023-09-26T14:04:21","date_gmt":"2023-09-26T14:04:21","guid":{"rendered":"https:\/\/centreo3.com\/?page_id=14"},"modified":"2023-10-03T17:22:44","modified_gmt":"2023-10-03T21:22:44","slug":"accueil","status":"publish","type":"page","link":"https:\/\/centreo3.com\/fr\/","title":{"rendered":"Accueil"},"content":{"rendered":"\t\t<div data-elementor-type=\"wp-page\" data-elementor-id=\"14\" class=\"elementor elementor-14\" data-elementor-post-type=\"page\">\n\t\t\t\t<div class=\"elementor-element elementor-element-0528348 e-con-full e-flex e-con e-parent\" data-id=\"0528348\" data-element_type=\"container\" data-e-type=\"container\" data-settings=\"{&quot;background_background&quot;:&quot;classic&quot;}\">\n\t\t<div class=\"elementor-element elementor-element-b2360b5 e-con-full animated-slow e-flex e-con e-child\" data-id=\"b2360b5\" data-element_type=\"container\" data-e-type=\"container\" data-settings=\"{&quot;background_background&quot;:&quot;classic&quot;,&quot;animation&quot;:&quot;none&quot;}\">\n\t\t<div class=\"elementor-element elementor-element-16a63f4 e-con-full animated-slow e-flex elementor-invisible e-con e-child\" data-id=\"16a63f4\" data-element_type=\"container\" data-e-type=\"container\" data-settings=\"{&quot;animation&quot;:&quot;fadeInLeft&quot;}\">\n\t\t\t\t<div class=\"elementor-element elementor-element-5b3ce2b animated-slow elementor-widget elementor-widget-heading\" data-id=\"5b3ce2b\" data-element_type=\"widget\" data-e-type=\"widget\" data-settings=\"{&quot;_animation&quot;:&quot;none&quot;}\" data-widget_type=\"heading.default\">\n\t\t\t\t<div class=\"elementor-widget-container\">\n\t\t\t\t\t<h2 class=\"elementor-heading-title elementor-size-default\">\u00c9v\u00e9nements et<\/h2>\t\t\t\t<\/div>\n\t\t\t\t<\/div>\n\t\t\t\t<div class=\"elementor-element elementor-element-1f846fa elementor-widget elementor-widget-heading\" data-id=\"1f846fa\" data-element_type=\"widget\" data-e-type=\"widget\" data-widget_type=\"heading.default\">\n\t\t\t\t<div class=\"elementor-widget-container\">\n\t\t\t\t\t<h2 class=\"elementor-heading-title elementor-size-default\">s\u00e9jours sur mesure<\/h2>\t\t\t\t<\/div>\n\t\t\t\t<\/div>\n\t\t\t\t<div class=\"elementor-element elementor-element-25a77e0 elementor-hidden-mobile elementor-widget elementor-widget-button\" data-id=\"25a77e0\" data-element_type=\"widget\" data-e-type=\"widget\" data-widget_type=\"button.default\">\n\t\t\t\t<div class=\"elementor-widget-container\">\n\t\t\t\t\t\t\t\t\t<div class=\"elementor-button-wrapper\">\n\t\t\t\t\t<a class=\"elementor-button elementor-button-link elementor-size-sm\" href=\"https:\/\/centreo3.com\/fr\/hebergement\/\">\n\t\t\t\t\t\t<span class=\"elementor-button-content-wrapper\">\n\t\t\t\t\t\t\t\t\t<span class=\"elementor-button-text\">H\u00e9bergement<\/span>\n\t\t\t\t\t<\/span>\n\t\t\t\t\t<\/a>\n\t\t\t\t<\/div>\n\t\t\t\t\t\t\t\t<\/div>\n\t\t\t\t<\/div>\n\t\t\t\t<div class=\"elementor-element elementor-element-382b7c0 elementor-hidden-mobile elementor-widget elementor-widget-button\" data-id=\"382b7c0\" data-element_type=\"widget\" data-e-type=\"widget\" data-widget_type=\"button.default\">\n\t\t\t\t<div class=\"elementor-widget-container\">\n\t\t\t\t\t\t\t\t\t<div class=\"elementor-button-wrapper\">\n\t\t\t\t\t<a class=\"elementor-button elementor-button-link elementor-size-sm\" href=\"https:\/\/centreo3.com\/fr\/location-salle-de-reception\/\">\n\t\t\t\t\t\t<span class=\"elementor-button-content-wrapper\">\n\t\t\t\t\t\t\t\t\t<span class=\"elementor-button-text\">Location de salle<\/span>\n\t\t\t\t\t<\/span>\n\t\t\t\t\t<\/a>\n\t\t\t\t<\/div>\n\t\t\t\t\t\t\t\t<\/div>\n\t\t\t\t<\/div>\n\t\t\t\t<div class=\"elementor-element elementor-element-2d1218d elementor-hidden-mobile elementor-widget elementor-widget-image\" data-id=\"2d1218d\" data-element_type=\"widget\" data-e-type=\"widget\" data-widget_type=\"image.default\">\n\t\t\t\t<div class=\"elementor-widget-container\">\n\t\t\t\t\t\t\t\t\t\t\t\t\t\t\t<img decoding=\"async\" width=\"91\" height=\"40\" src=\"https:\/\/centreo3.com\/wp-content\/uploads\/2023\/09\/Centre-o3-vague-grege.svg\" class=\"attachment-large size-large wp-image-156\" alt=\"\" \/>\t\t\t\t\t\t\t\t\t\t\t\t\t\t\t<\/div>\n\t\t\t\t<\/div>\n\t\t\t\t<\/div>\n\t\t\t\t<\/div>\n\t\t\t\t<\/div>\n\t\t<div class=\"elementor-element elementor-element-a45bca2 e-con-full e-flex e-con e-parent\" data-id=\"a45bca2\" data-element_type=\"container\" data-e-type=\"container\" data-settings=\"{&quot;background_background&quot;:&quot;classic&quot;}\">\n\t\t<div class=\"elementor-element elementor-element-98c8e53 e-flex e-con-boxed e-con e-child\" data-id=\"98c8e53\" data-element_type=\"container\" data-e-type=\"container\">\n\t\t\t\t\t<div class=\"e-con-inner\">\n\t\t\t\t<div class=\"elementor-element elementor-element-3583150 elementor-widget__width-initial elementor-widget elementor-widget-heading\" data-id=\"3583150\" data-element_type=\"widget\" data-e-type=\"widget\" data-widget_type=\"heading.default\">\n\t\t\t\t<div class=\"elementor-widget-container\">\n\t\t\t\t\t<h2 class=\"elementor-heading-title elementor-size-default\">Des forfaits sur mesure qui sauront rendre l\u2019utile \u00e0 l\u2019agr\u00e9able.<\/h2>\t\t\t\t<\/div>\n\t\t\t\t<\/div>\n\t\t\t\t<div class=\"elementor-element elementor-element-1e85971 elementor-widget elementor-widget-button\" data-id=\"1e85971\" data-element_type=\"widget\" data-e-type=\"widget\" data-widget_type=\"button.default\">\n\t\t\t\t<div class=\"elementor-widget-container\">\n\t\t\t\t\t\t\t\t\t<div class=\"elementor-button-wrapper\">\n\t\t\t\t\t<a class=\"elementor-button elementor-button-link elementor-size-sm\" href=\"https:\/\/centreo3.com\/fr\/demander-une-soumission\/\">\n\t\t\t\t\t\t<span class=\"elementor-button-content-wrapper\">\n\t\t\t\t\t\t\t\t\t<span class=\"elementor-button-text\">Obtenir une soumission<\/span>\n\t\t\t\t\t<\/span>\n\t\t\t\t\t<\/a>\n\t\t\t\t<\/div>\n\t\t\t\t\t\t\t\t<\/div>\n\t\t\t\t<\/div>\n\t\t\t\t\t<\/div>\n\t\t\t\t<\/div>\n\t\t\t\t<\/div>\n\t\t<div class=\"elementor-element elementor-element-1684461 e-flex e-con-boxed e-con e-parent\" data-id=\"1684461\" data-element_type=\"container\" data-e-type=\"container\" data-settings=\"{&quot;background_background&quot;:&quot;classic&quot;}\">\n\t\t\t\t\t<div class=\"e-con-inner\">\n\t\t<div class=\"elementor-element elementor-element-4523dd1 e-flex e-con-boxed e-con e-child\" data-id=\"4523dd1\" data-element_type=\"container\" data-e-type=\"container\">\n\t\t\t\t\t<div class=\"e-con-inner\">\n\t\t\t\t<div class=\"elementor-element elementor-element-5b315a9 elementor-widget elementor-widget-image\" data-id=\"5b315a9\" data-element_type=\"widget\" data-e-type=\"widget\" data-widget_type=\"image.default\">\n\t\t\t\t<div class=\"elementor-widget-container\">\n\t\t\t\t\t\t\t\t\t\t\t\t\t\t\t<img fetchpriority=\"high\" decoding=\"async\" width=\"983\" height=\"399\" src=\"https:\/\/centreo3.com\/wp-content\/uploads\/2023\/09\/MA_4665.jpg\" class=\"attachment-full size-full wp-image-171\" alt=\"\" srcset=\"https:\/\/centreo3.com\/wp-content\/uploads\/2023\/09\/MA_4665.jpg 983w, https:\/\/centreo3.com\/wp-content\/uploads\/2023\/09\/MA_4665-300x122.jpg 300w, https:\/\/centreo3.com\/wp-content\/uploads\/2023\/09\/MA_4665-768x312.jpg 768w\" sizes=\"(max-width: 983px) 100vw, 983px\" \/>\t\t\t\t\t\t\t\t\t\t\t\t\t\t\t<\/div>\n\t\t\t\t<\/div>\n\t\t<div class=\"elementor-element elementor-element-69e796e e-con-full e-flex e-con e-child\" data-id=\"69e796e\" data-element_type=\"container\" data-e-type=\"container\" data-settings=\"{&quot;background_background&quot;:&quot;gradient&quot;}\">\n\t\t\t\t<\/div>\n\t\t\t\t\t<\/div>\n\t\t\t\t<\/div>\n\t\t<div class=\"elementor-element elementor-element-c30e13d e-con-full animated-slow e-flex elementor-invisible e-con e-child\" data-id=\"c30e13d\" data-element_type=\"container\" data-e-type=\"container\" data-settings=\"{&quot;animation&quot;:&quot;fadeInLeft&quot;}\">\n\t\t\t\t<div class=\"elementor-element elementor-element-df70446 elementor-widget elementor-widget-heading\" data-id=\"df70446\" data-element_type=\"widget\" data-e-type=\"widget\" data-widget_type=\"heading.default\">\n\t\t\t\t<div class=\"elementor-widget-container\">\n\t\t\t\t\t<h2 class=\"elementor-heading-title elementor-size-default\">30 chambres d\u2019h\u00f4tel disponibles<\/h2>\t\t\t\t<\/div>\n\t\t\t\t<\/div>\n\t\t\t\t<div class=\"elementor-element elementor-element-d7ff4f4 elementor-view-default elementor-widget elementor-widget-icon\" data-id=\"d7ff4f4\" data-element_type=\"widget\" data-e-type=\"widget\" data-widget_type=\"icon.default\">\n\t\t\t\t<div class=\"elementor-widget-container\">\n\t\t\t\t\t\t\t<div class=\"elementor-icon-wrapper\">\n\t\t\t<div class=\"elementor-icon\">\n\t\t\t<svg xmlns=\"http:\/\/www.w3.org\/2000\/svg\" xmlns:xlink=\"http:\/\/www.w3.org\/1999\/xlink\" id=\"Calque_1\" x=\"0px\" y=\"0px\" viewBox=\"0 0 91.2 40.8\" style=\"enable-background:new 0 0 91.2 40.8;\" xml:space=\"preserve\"><style type=\"text\/css\">\t.st0{fill:#6197AD;}<\/style><path class=\"st0\" d=\"M69.5,6.1c-3.2,1.8-4.6,2.6-8.7,2.6s-5.6-0.8-8.7-2.6C47.6,3.5,41.5,0,30.4,0S13.2,3.5,8.7,6.1 C5.6,7.9,4.1,8.7,0,8.7v32.1c11.1,0,17.2-3.5,21.7-6.1c3.2-1.8,4.6-2.6,8.7-2.6s5.6,0.8,8.7,2.6c4.5,2.6,10.6,6.1,21.7,6.1 s17.2-3.5,21.7-6.1c3.2-1.8,4.6-2.6,8.7-2.6V0C80.1,0,74,3.5,69.5,6.1z\"><\/path><\/svg>\t\t\t<\/div>\n\t\t<\/div>\n\t\t\t\t\t\t<\/div>\n\t\t\t\t<\/div>\n\t\t\t\t<\/div>\n\t\t<div class=\"elementor-element elementor-element-9aadada e-con-full elementor-hidden-mobile e-flex e-con e-child\" data-id=\"9aadada\" data-element_type=\"container\" data-e-type=\"container\">\n\t\t\t\t<div class=\"elementor-element elementor-element-009a40c elementor-align-center elementor-widget elementor-widget-button\" data-id=\"009a40c\" data-element_type=\"widget\" data-e-type=\"widget\" data-widget_type=\"button.default\">\n\t\t\t\t<div class=\"elementor-widget-container\">\n\t\t\t\t\t\t\t\t\t<div class=\"elementor-button-wrapper\">\n\t\t\t\t\t<a class=\"elementor-button elementor-button-link elementor-size-sm\" href=\"https:\/\/centreo3.com\/fr\/hebergement\/\">\n\t\t\t\t\t\t<span class=\"elementor-button-content-wrapper\">\n\t\t\t\t\t\t\t\t\t<span class=\"elementor-button-text\">En savoir plus<\/span>\n\t\t\t\t\t<\/span>\n\t\t\t\t\t<\/a>\n\t\t\t\t<\/div>\n\t\t\t\t\t\t\t\t<\/div>\n\t\t\t\t<\/div>\n\t\t\t\t<\/div>\n\t\t\t\t\t<\/div>\n\t\t\t\t<\/div>\n\t\t<div class=\"elementor-element elementor-element-3c86d01 e-flex e-con-boxed e-con e-parent\" data-id=\"3c86d01\" data-element_type=\"container\" data-e-type=\"container\" data-settings=\"{&quot;background_background&quot;:&quot;classic&quot;}\">\n\t\t\t\t\t<div class=\"e-con-inner\">\n\t\t<div class=\"elementor-element elementor-element-cc996a9 e-con-full e-flex e-con e-child\" data-id=\"cc996a9\" data-element_type=\"container\" data-e-type=\"container\">\n\t\t\t\t<div class=\"elementor-element elementor-element-fbad393 elementor-widget elementor-widget-image\" data-id=\"fbad393\" data-element_type=\"widget\" data-e-type=\"widget\" data-widget_type=\"image.default\">\n\t\t\t\t<div class=\"elementor-widget-container\">\n\t\t\t\t\t\t\t\t\t\t\t\t\t\t\t<img decoding=\"async\" width=\"524\" height=\"618\" src=\"https:\/\/centreo3.com\/wp-content\/uploads\/2023\/09\/image-accueil.png\" class=\"attachment-full size-full wp-image-177\" alt=\"\" srcset=\"https:\/\/centreo3.com\/wp-content\/uploads\/2023\/09\/image-accueil.png 524w, https:\/\/centreo3.com\/wp-content\/uploads\/2023\/09\/image-accueil-254x300.png 254w\" sizes=\"(max-width: 524px) 100vw, 524px\" \/>\t\t\t\t\t\t\t\t\t\t\t\t\t\t\t<\/div>\n\t\t\t\t<\/div>\n\t\t\t\t<\/div>\n\t\t<div class=\"elementor-element elementor-element-b341fc8 e-con-full e-flex e-con e-child\" data-id=\"b341fc8\" data-element_type=\"container\" data-e-type=\"container\">\n\t\t\t\t<div class=\"elementor-element elementor-element-75b0583 elementor-widget elementor-widget-heading\" data-id=\"75b0583\" data-element_type=\"widget\" data-e-type=\"widget\" data-widget_type=\"heading.default\">\n\t\t\t\t<div class=\"elementor-widget-container\">\n\t\t\t\t\t<h2 class=\"elementor-heading-title elementor-size-default\">L\u2019harmonisation de deux vocations pour mieux faire valoir nos installations<\/h2>\t\t\t\t<\/div>\n\t\t\t\t<\/div>\n\t\t\t\t<div class=\"elementor-element elementor-element-b52d4b7 elementor-widget elementor-widget-text-editor\" data-id=\"b52d4b7\" data-element_type=\"widget\" data-e-type=\"widget\" data-widget_type=\"text-editor.default\">\n\t\t\t\t<div class=\"elementor-widget-container\">\n\t\t\t\t\t\t\t\t\t<p>Dans une perspective de d\u00e9veloppement \u00e0 long terme, le Camp Musical d\u2019Asbestos inc. fait peau neuve et d\u00e9veloppe une nouvelle image de marque, Le Centre O3, qui met \u00e0 disposition salles de r\u00e9ception et h\u00e9bergement. Face \u00e0 une client\u00e8le r\u00e9solument corporative et \u00e9v\u00e9nementielle, nous voulons une image qui refl\u00e8te la qualit\u00e9 de nos infrastructures, aussi bien nos salles de r\u00e9ception que notre capacit\u00e9 d\u2019h\u00e9bergement. Nous n\u2019abandonnons pas pour autant notre vocation de camp d\u2019\u00e9t\u00e9, sur laquelle s\u2019est b\u00e2tie notre grande r\u00e9putation. Ainsi, le Camp Musical d\u2019Asbestos poursuivra ses activit\u00e9s, mais uniquement durant la saison estivale.<\/p><p>Apr\u00e8s 57 ans d\u2019existence, le Camp Musical d\u2019Asbestos ne dispara\u00eet pas : ses racines bien ancr\u00e9es s\u2019allient \u00e0 l\u2019audace et \u00e0 la vivacit\u00e9 du Centre O<sup>3<\/sup>\u00a0pour atteindre une nouvelle cime.<\/p>\t\t\t\t\t\t\t\t<\/div>\n\t\t\t\t<\/div>\n\t\t\t\t<div class=\"elementor-element elementor-element-b68c76d elementor-widget elementor-widget-button\" data-id=\"b68c76d\" data-element_type=\"widget\" data-e-type=\"widget\" data-widget_type=\"button.default\">\n\t\t\t\t<div class=\"elementor-widget-container\">\n\t\t\t\t\t\t\t\t\t<div class=\"elementor-button-wrapper\">\n\t\t\t\t\t<a class=\"elementor-button elementor-button-link elementor-size-sm\" href=\"https:\/\/centreo3.com\/fr\/centre-de-villegiature\/\">\n\t\t\t\t\t\t<span class=\"elementor-button-content-wrapper\">\n\t\t\t\t\t\t\t\t\t<span class=\"elementor-button-text\">Le centre<\/span>\n\t\t\t\t\t<\/span>\n\t\t\t\t\t<\/a>\n\t\t\t\t<\/div>\n\t\t\t\t\t\t\t\t<\/div>\n\t\t\t\t<\/div>\n\t\t\t\t<\/div>\n\t\t\t\t\t<\/div>\n\t\t\t\t<\/div>\n\t\t\t\t<\/div>\n\t\t","protected":false},"excerpt":{"rendered":"<p>\u00c9v\u00e9nements et s\u00e9jours sur mesure H\u00e9bergement Location de salle Des forfaits sur mesure qui sauront rendre l\u2019utile \u00e0 l\u2019agr\u00e9able. Obtenir une soumission 30 chambres d\u2019h\u00f4tel disponibles En savoir plus L\u2019harmonisation de deux vocations pour mieux faire valoir nos installations Dans une perspective de d\u00e9veloppement \u00e0 long terme, le Camp Musical d\u2019Asbestos inc. fait peau neuve [&hellip;]<\/p>\n","protected":false},"author":1,"featured_media":0,"parent":0,"menu_order":0,"comment_status":"closed","ping_status":"closed","template":"","meta":{"footnotes":""},"class_list":["post-14","page","type-page","status-publish","hentry"],"yoast_head":"<!-- This site is optimized with the Yoast SEO plugin v27.1.1 - https:\/\/yoast.com\/product\/yoast-seo-wordpress\/ -->\n<title>Centre O3 - Salles de r\u00e9ception et h\u00e9bergements pour \u00e9v\u00e8nements<\/title>\n<meta name=\"description\" content=\"Le centre O3 offre des salles de r\u00e9ception et de l&#039;h\u00e9bergement pour l&#039;organisation d&#039;\u00e9venements corporatifs, scolaires et pour particuliers.Contactez-nous!\" \/>\n<meta name=\"robots\" content=\"index, follow, max-snippet:-1, max-image-preview:large, max-video-preview:-1\" \/>\n<link rel=\"canonical\" href=\"https:\/\/centreo3.com\/fr\/\" \/>\n<meta property=\"og:locale\" content=\"fr_FR\" \/>\n<meta property=\"og:type\" content=\"article\" \/>\n<meta property=\"og:title\" content=\"Centre O3 - Salles de r\u00e9ception et h\u00e9bergements pour \u00e9v\u00e8nements\" \/>\n<meta property=\"og:description\" content=\"Le centre O3 offre des salles de r\u00e9ception et de l&#039;h\u00e9bergement pour l&#039;organisation d&#039;\u00e9venements corporatifs, scolaires et pour particuliers.Contactez-nous!\" \/>\n<meta property=\"og:url\" content=\"https:\/\/centreo3.com\/fr\/\" \/>\n<meta property=\"og:site_name\" content=\"Centre O3\" \/>\n<meta property=\"article:modified_time\" content=\"2023-10-03T21:22:44+00:00\" \/>\n<meta property=\"og:image\" content=\"https:\/\/centreo3.com\/wp-content\/uploads\/2023\/09\/Centre-o3-vague-grege.svg\" \/>\n<meta name=\"twitter:card\" content=\"summary_large_image\" \/>\n<meta name=\"twitter:label1\" content=\"Dur\u00e9e de lecture estim\u00e9e\" \/>\n\t<meta name=\"twitter:data1\" content=\"2 minutes\" \/>\n<script type=\"application\/ld+json\" class=\"yoast-schema-graph\">{\"@context\":\"https:\/\/schema.org\",\"@graph\":[{\"@type\":\"WebPage\",\"@id\":\"https:\/\/centreo3.com\/fr\/\",\"url\":\"https:\/\/centreo3.com\/fr\/\",\"name\":\"Centre O3 - Salles de r\u00e9ception et h\u00e9bergements pour \u00e9v\u00e8nements\",\"isPartOf\":{\"@id\":\"https:\/\/centreo3.com\/fr\/#website\"},\"primaryImageOfPage\":{\"@id\":\"https:\/\/centreo3.com\/fr\/#primaryimage\"},\"image\":{\"@id\":\"https:\/\/centreo3.com\/fr\/#primaryimage\"},\"thumbnailUrl\":\"https:\/\/centreo3.com\/wp-content\/uploads\/2023\/09\/Centre-o3-vague-grege.svg\",\"datePublished\":\"2023-09-26T14:04:21+00:00\",\"dateModified\":\"2023-10-03T21:22:44+00:00\",\"description\":\"Le centre O3 offre des salles de r\u00e9ception et de l'h\u00e9bergement pour l'organisation d'\u00e9venements corporatifs, scolaires et pour particuliers.Contactez-nous!\",\"breadcrumb\":{\"@id\":\"https:\/\/centreo3.com\/fr\/#breadcrumb\"},\"inLanguage\":\"fr-FR\",\"potentialAction\":[{\"@type\":\"ReadAction\",\"target\":[\"https:\/\/centreo3.com\/fr\/\"]}]},{\"@type\":\"ImageObject\",\"inLanguage\":\"fr-FR\",\"@id\":\"https:\/\/centreo3.com\/fr\/#primaryimage\",\"url\":\"https:\/\/centreo3.com\/wp-content\/uploads\/2023\/09\/Centre-o3-vague-grege.svg\",\"contentUrl\":\"https:\/\/centreo3.com\/wp-content\/uploads\/2023\/09\/Centre-o3-vague-grege.svg\"},{\"@type\":\"BreadcrumbList\",\"@id\":\"https:\/\/centreo3.com\/fr\/#breadcrumb\",\"itemListElement\":[{\"@type\":\"ListItem\",\"position\":1,\"name\":\"Accueil\",\"item\":\"https:\/\/centreo3.com\/fr\/\"},{\"@type\":\"ListItem\",\"position\":2,\"name\":\"Accueil\"}]},{\"@type\":\"WebSite\",\"@id\":\"https:\/\/centreo3.com\/fr\/#website\",\"url\":\"https:\/\/centreo3.com\/fr\/\",\"name\":\"Centre O3\",\"description\":\"Salles de r\u00e9ception et h\u00e9bergements pour \u00e9v\u00e9nements\",\"publisher\":{\"@id\":\"https:\/\/centreo3.com\/fr\/#organization\"},\"potentialAction\":[{\"@type\":\"SearchAction\",\"target\":{\"@type\":\"EntryPoint\",\"urlTemplate\":\"https:\/\/centreo3.com\/fr\/?s={search_term_string}\"},\"query-input\":{\"@type\":\"PropertyValueSpecification\",\"valueRequired\":true,\"valueName\":\"search_term_string\"}}],\"inLanguage\":\"fr-FR\"},{\"@type\":\"Organization\",\"@id\":\"https:\/\/centreo3.com\/fr\/#organization\",\"name\":\"Centre O3\",\"url\":\"https:\/\/centreo3.com\/fr\/\",\"logo\":{\"@type\":\"ImageObject\",\"inLanguage\":\"fr-FR\",\"@id\":\"https:\/\/centreo3.com\/fr\/#\/schema\/logo\/image\/\",\"url\":\"https:\/\/centreo3.com\/wp-content\/uploads\/2023\/09\/centreo3-logo.svg\",\"contentUrl\":\"https:\/\/centreo3.com\/wp-content\/uploads\/2023\/09\/centreo3-logo.svg\",\"width\":257,\"height\":48,\"caption\":\"Centre O3\"},\"image\":{\"@id\":\"https:\/\/centreo3.com\/fr\/#\/schema\/logo\/image\/\"}}]}<\/script>\n<!-- \/ Yoast SEO plugin. -->","yoast_head_json":{"title":"Centre O3 - Salles de r\u00e9ception et h\u00e9bergements pour \u00e9v\u00e8nements","description":"Le centre O3 offre des salles de r\u00e9ception et de l'h\u00e9bergement pour l'organisation d'\u00e9venements corporatifs, scolaires et pour particuliers.Contactez-nous!","robots":{"index":"index","follow":"follow","max-snippet":"max-snippet:-1","max-image-preview":"max-image-preview:large","max-video-preview":"max-video-preview:-1"},"canonical":"https:\/\/centreo3.com\/fr\/","og_locale":"fr_FR","og_type":"article","og_title":"Centre O3 - Salles de r\u00e9ception et h\u00e9bergements pour \u00e9v\u00e8nements","og_description":"Le centre O3 offre des salles de r\u00e9ception et de l'h\u00e9bergement pour l'organisation d'\u00e9venements corporatifs, scolaires et pour particuliers.Contactez-nous!","og_url":"https:\/\/centreo3.com\/fr\/","og_site_name":"Centre O3","article_modified_time":"2023-10-03T21:22:44+00:00","og_image":[{"url":"https:\/\/centreo3.com\/wp-content\/uploads\/2023\/09\/Centre-o3-vague-grege.svg","type":"","width":"","height":""}],"twitter_card":"summary_large_image","twitter_misc":{"Dur\u00e9e de lecture estim\u00e9e":"2 minutes"},"schema":{"@context":"https:\/\/schema.org","@graph":[{"@type":"WebPage","@id":"https:\/\/centreo3.com\/fr\/","url":"https:\/\/centreo3.com\/fr\/","name":"Centre O3 - Salles de r\u00e9ception et h\u00e9bergements pour \u00e9v\u00e8nements","isPartOf":{"@id":"https:\/\/centreo3.com\/fr\/#website"},"primaryImageOfPage":{"@id":"https:\/\/centreo3.com\/fr\/#primaryimage"},"image":{"@id":"https:\/\/centreo3.com\/fr\/#primaryimage"},"thumbnailUrl":"https:\/\/centreo3.com\/wp-content\/uploads\/2023\/09\/Centre-o3-vague-grege.svg","datePublished":"2023-09-26T14:04:21+00:00","dateModified":"2023-10-03T21:22:44+00:00","description":"Le centre O3 offre des salles de r\u00e9ception et de l'h\u00e9bergement pour l'organisation d'\u00e9venements corporatifs, scolaires et pour particuliers.Contactez-nous!","breadcrumb":{"@id":"https:\/\/centreo3.com\/fr\/#breadcrumb"},"inLanguage":"fr-FR","potentialAction":[{"@type":"ReadAction","target":["https:\/\/centreo3.com\/fr\/"]}]},{"@type":"ImageObject","inLanguage":"fr-FR","@id":"https:\/\/centreo3.com\/fr\/#primaryimage","url":"https:\/\/centreo3.com\/wp-content\/uploads\/2023\/09\/Centre-o3-vague-grege.svg","contentUrl":"https:\/\/centreo3.com\/wp-content\/uploads\/2023\/09\/Centre-o3-vague-grege.svg"},{"@type":"BreadcrumbList","@id":"https:\/\/centreo3.com\/fr\/#breadcrumb","itemListElement":[{"@type":"ListItem","position":1,"name":"Accueil","item":"https:\/\/centreo3.com\/fr\/"},{"@type":"ListItem","position":2,"name":"Accueil"}]},{"@type":"WebSite","@id":"https:\/\/centreo3.com\/fr\/#website","url":"https:\/\/centreo3.com\/fr\/","name":"Centre O3","description":"Salles de r\u00e9ception et h\u00e9bergements pour \u00e9v\u00e9nements","publisher":{"@id":"https:\/\/centreo3.com\/fr\/#organization"},"potentialAction":[{"@type":"SearchAction","target":{"@type":"EntryPoint","urlTemplate":"https:\/\/centreo3.com\/fr\/?s={search_term_string}"},"query-input":{"@type":"PropertyValueSpecification","valueRequired":true,"valueName":"search_term_string"}}],"inLanguage":"fr-FR"},{"@type":"Organization","@id":"https:\/\/centreo3.com\/fr\/#organization","name":"Centre O3","url":"https:\/\/centreo3.com\/fr\/","logo":{"@type":"ImageObject","inLanguage":"fr-FR","@id":"https:\/\/centreo3.com\/fr\/#\/schema\/logo\/image\/","url":"https:\/\/centreo3.com\/wp-content\/uploads\/2023\/09\/centreo3-logo.svg","contentUrl":"https:\/\/centreo3.com\/wp-content\/uploads\/2023\/09\/centreo3-logo.svg","width":257,"height":48,"caption":"Centre O3"},"image":{"@id":"https:\/\/centreo3.com\/fr\/#\/schema\/logo\/image\/"}}]}},"_links":{"self":[{"href":"https:\/\/centreo3.com\/fr\/wp-json\/wp\/v2\/pages\/14","targetHints":{"allow":["GET"]}}],"collection":[{"href":"https:\/\/centreo3.com\/fr\/wp-json\/wp\/v2\/pages"}],"about":[{"href":"https:\/\/centreo3.com\/fr\/wp-json\/wp\/v2\/types\/page"}],"author":[{"embeddable":true,"href":"https:\/\/centreo3.com\/fr\/wp-json\/wp\/v2\/users\/1"}],"replies":[{"embeddable":true,"href":"https:\/\/centreo3.com\/fr\/wp-json\/wp\/v2\/comments?post=14"}],"version-history":[{"count":185,"href":"https:\/\/centreo3.com\/fr\/wp-json\/wp\/v2\/pages\/14\/revisions"}],"predecessor-version":[{"id":1120,"href":"https:\/\/centreo3.com\/fr\/wp-json\/wp\/v2\/pages\/14\/revisions\/1120"}],"wp:attachment":[{"href":"https:\/\/centreo3.com\/fr\/wp-json\/wp\/v2\/media?parent=14"}],"curies":[{"name":"wp","href":"https:\/\/api.w.org\/{rel}","templated":true}]}}