{"id":1192,"date":"2023-10-23T22:44:31","date_gmt":"2023-10-24T02:44:31","guid":{"rendered":"https:\/\/centreo3.com\/?page_id=1192"},"modified":"2024-01-09T12:11:39","modified_gmt":"2024-01-09T17:11:39","slug":"politique-de-confidentialite","status":"publish","type":"page","link":"https:\/\/centreo3.com\/fr\/politique-de-confidentialite\/","title":{"rendered":"Politique de confidentialit\u00e9"},"content":{"rendered":"\t\t<div data-elementor-type=\"wp-page\" data-elementor-id=\"1192\" class=\"elementor elementor-1192\" data-elementor-post-type=\"page\">\n\t\t\t\t<div class=\"elementor-element elementor-element-619da08 e-flex e-con-boxed e-con e-parent\" data-id=\"619da08\" data-element_type=\"container\" data-e-type=\"container\">\n\t\t\t\t\t<div class=\"e-con-inner\">\n\t\t\t\t<div class=\"elementor-element elementor-element-3d6d20f elementor-widget elementor-widget-text-editor\" data-id=\"3d6d20f\" data-element_type=\"widget\" data-e-type=\"widget\" data-widget_type=\"text-editor.default\">\n\t\t\t\t<div class=\"elementor-widget-container\">\n\t\t\t\t\t\t\t\t\t<p>Derni\u00e8re mise \u00e0 jour : 23-oct.-2023<\/p><p>Effective le : 23-oct.-2023<\/p><p>Cette politique de confidentialit\u00e9 d\u00e9crit les politiques du Centre O3, 100, rue des M\u00e9sanges, Val-des-Sources (Qu\u00e9bec) J1T 3M9, Canada, courriel : <a href=\"mailto:info@centreo3.com\">info@centreo3.com<\/a>, sur la collecte, l&rsquo;utilisation et la divulgation des informations que nous recueillons lorsque vous utilisez notre site Web (<a href=\"https:\/\/centreo3.com\">https:\/\/centreo3.com<\/a>) (\u00ab\u00a0le Service\u00a0\u00bb). En acc\u00e9dant ou en utilisant le Service, vous consentez \u00e0 la collecte, \u00e0 l&rsquo;utilisation et \u00e0 la divulgation de vos informations conform\u00e9ment \u00e0 la pr\u00e9sente Politique de confidentialit\u00e9. Si vous n\u2019y consentez pas, veuillez ne pas acc\u00e9der ni utiliser le Service. Nous pouvons modifier cette politique de confidentialit\u00e9 \u00e0 tout moment sans pr\u00e9avis et publierons la politique de confidentialit\u00e9 r\u00e9vis\u00e9e sur le service.<\/p><h4>Les informations que nous collectons :<\/h4><p>Nous collecterons et traiterons les informations personnelles suivantes vous concernant :<\/p><p>\u25a0 Nom et pr\u00e9nom<br \/>\u25a0 Adresse<br \/>\u25a0 T\u00e9l\u00e9phone<br \/>\u25a0 Courriel<br \/>\u25a0 Date de naissance<br \/>\u25a0 Sexe<br \/>\u25a0 Scolarit\u00e9<br \/>\u25a0 Param\u00e8tres de navigation<\/p><h4>Comment nous utilisons vos informations :<\/h4><p>Les informations recueillies seront utilis\u00e9es aux fins suivantes :<\/p><p>1. Fins commerciales<br \/>2. Service \u00e0 la client\u00e8le<br \/>3. Statistiques de fr\u00e9quentation<\/p><p>Si nous souhaitons utiliser ces informations \u00e0 d&rsquo;autres fins, nous vous demanderons votre consentement et utiliserons vos informations uniquement apr\u00e8s avoir re\u00e7u votre consentement et ensuite, uniquement aux fins pour lesquelles vous nous accordez votre consentement, \u00e0 moins que la loi ne nous oblige \u00e0 faire autrement.<\/p><h4>Conservation de vos informations :<\/h4><p>Nous conserverons vos informations personnelles chez nous jusqu&rsquo;\u00e0 2 ans apr\u00e8s l&rsquo;inactivit\u00e9 d&rsquo;un compte utilisateur ou aussi longtemps que nous en aurons besoin pour atteindre les objectifs pour lesquels elles ont \u00e9t\u00e9 collect\u00e9es, comme d\u00e9taill\u00e9 dans la pr\u00e9sente politique de confidentialit\u00e9. Nous pouvons avoir besoin de conserver certaines informations pendant des p\u00e9riodes plus longues, telles que la tenue de dossiers\/le reporting conform\u00e9ment \u00e0 la loi applicable ou pour d&rsquo;autres raisons l\u00e9gitimes telles que l&rsquo;application des droits l\u00e9gaux, la pr\u00e9vention de la fraude, etc. Les informations anonymes r\u00e9siduelles et informations globales, dont aucune ne vous identifie (directement ou indirectement), peuvent \u00eatre conserv\u00e9es ind\u00e9finiment.<\/p><h4>Vos droits :<\/h4><p>Selon la loi applicable, vous pouvez avoir un droit d&rsquo;acc\u00e8s et de rectification ou d&rsquo;effacement de vos donn\u00e9es personnelles ou recevoir une copie de vos donn\u00e9es personnelles, restreindre ou vous opposer au traitement actif de vos donn\u00e9es, nous demander de partager (porter) vos donn\u00e9es personnelles \u00e0 une autre entit\u00e9, retirer tout consentement que vous nous avez fourni pour traiter vos donn\u00e9es, le droit de d\u00e9poser une plainte aupr\u00e8s d&rsquo;une autorit\u00e9 statutaire et tout autre droit qui peut \u00eatre pertinent en vertu des lois applicables. Pour exercer ces droits, vous pouvez nous \u00e9crire \u00e0 la personne responsable des renseignements personnels, Christine Cayer, adjointe \u00e0 la direction, au courriel suivant : <a href=\"mailto:info@campmusicalinc.com\">info@campmusicalinc.com<\/a>. Nous r\u00e9pondrons \u00e0 votre demande conform\u00e9ment \u00e0 la loi applicable.<\/p><p>Veuillez noter que si vous ne nous autorisez pas \u00e0 collecter ou \u00e0 traiter les informations personnelles requises ou si vous retirez le consentement \u00e0 leur traitement aux fins requises, vous ne pourrez peut-\u00eatre pas acc\u00e9der ou utiliser les services pour lesquels vos informations ont \u00e9t\u00e9 recherch\u00e9es.<\/p><h4>Cookies, etc. :<\/h4><p>Pour en savoir plus sur la mani\u00e8re dont nous les utilisons et sur vos choix concernant ces technologies de suivi, veuillez vous r\u00e9f\u00e9rer \u00e0 notre <a href=\"https:\/\/centreo3.com\/politique-relative-aux-cookies\/\">Politique en mati\u00e8re de cookies<\/a>.<\/p><h4>S\u00e9curit\u00e9 :<\/h4><p>La s\u00e9curit\u00e9 de vos informations est importante pour nous et nous utiliserons des mesures de s\u00e9curit\u00e9 raisonnables pour emp\u00eacher la perte, l&rsquo;utilisation abusive ou la modification non autoris\u00e9e de vos informations sous notre contr\u00f4le. Cependant, compte tenu des risques inh\u00e9rents, nous ne pouvons garantir une s\u00e9curit\u00e9 absolue et, par cons\u00e9quent, nous ne pouvons assurer ou garantir la s\u00e9curit\u00e9 des informations que vous nous transmettez et vous le faites \u00e0 vos propres risques.<\/p><h4>Liens tiers et utilisation de vos informations :<\/h4><p>Notre Service peut contenir des liens vers d&rsquo;autres sites Web qui ne sont pas exploit\u00e9s par nous. Cette politique de confidentialit\u00e9 ne traite pas de la politique de confidentialit\u00e9 et d&rsquo;autres pratiques de tiers, y compris de tout tiers exploitant un site Web ou un service pouvant \u00eatre accessible via un lien sur le Service. Nous vous conseillons fortement de consulter la politique de confidentialit\u00e9 de chaque site que vous visitez. Nous n&rsquo;avons aucun contr\u00f4le et n&rsquo;assumons aucune responsabilit\u00e9 quant au contenu, aux politiques de confidentialit\u00e9 ou aux pratiques de tout site ou service tiers.<\/p><p>Dans certains cas, le Centre O3 transf\u00e8re des donn\u00e9es personnelles sur la base d&rsquo;avantages \u00e9conomiques et techniques associ\u00e9s aux utilisations suivantes :<\/p><p>\u25cf <strong>Google Analytics et Google Map<\/strong>. Le site web recueille des informations sur votre navigation. La soci\u00e9t\u00e9 qui exploite Google Analytics est Google LLC 1600 Amphitheatre Parkway, Mountain View, California 94043, USA. L&rsquo;utilisateur peut consulter la politique de confidentialit\u00e9 et d&rsquo;autres aspects juridiques de ladite soci\u00e9t\u00e9 via le lien suivant : <a href=\"https:\/\/policies.google.com\/privacy\">https:\/\/policies.google.com\/privacy<\/a>.<\/p><p>\u25cf <strong>Facebook<\/strong>. Le site web contient des liens vers Facebook. L&rsquo;utilisateur peut consulter la politique de confidentialit\u00e9 de Meta Platforms Inc. et d&rsquo;autres aspects juridiques de ladite soci\u00e9t\u00e9 via le lien suivant : <a href=\"https:\/\/www.facebook.com\/privacy\/policy\/\">https:\/\/www.facebook.com\/privacy\/policy\/<\/a>.<\/p><p>\u25cf <strong>YouTube<\/strong>. Le site web contient des liens vers YouTube. L&rsquo;utilisateur peut consulter la politique de confidentialit\u00e9 de Google LLC et d&rsquo;autres aspects juridiques de ladite soci\u00e9t\u00e9 via le lien suivant : <a href=\"https:\/\/support.google.com\/youtube\/answer\/10364219?hl=fr#zippy=%2Cyoutube-vend-il-mes-informations-personnelles\">https:\/\/support.google.com\/youtube\/answer\/10364219?hl=fr#zippy=%2Cyoutube-vend-il-mes-informations-personnelles<\/a>.<\/p><p>Les donn\u00e9es personnelles de l&rsquo;utilisateur collect\u00e9es par le Centre O3 ne seront pas transf\u00e9r\u00e9es, vendues, \u00e9chang\u00e9es, transmises et\/ou communiqu\u00e9es \u00e0 des tiers en dehors du Centre O3 sans le consentement de l&rsquo;utilisateur, sauf obligation l\u00e9gale et\/ou dans le but de fournir les services \u00e0 l&rsquo;utilisateur. Cela n&rsquo;inclut pas certains employ\u00e9s et prestataires de services qui permettent au Centre O3 de maintenir le site en fonctionnement, de se conformer aux fins \u00e9tablies dans la pr\u00e9sente politique de confidentialit\u00e9 et\/ou de fournir des services \u00e0 l&rsquo;utilisateur, qui ont assum\u00e9 l&rsquo;obligation de maintenir la confidentialit\u00e9 des donn\u00e9es fournies et s&rsquo;engagent \u00e0 respecter les r\u00e9glementations applicables en mati\u00e8re de protection des donn\u00e9es personnelles, au moment de l&#8217;embauche.<\/p><p>Le Centre O3 peut partager les informations personnelles fournies avec les diff\u00e9rentes divisions et\/ou soci\u00e9t\u00e9s li\u00e9es au Centre O3.<\/p><h4>Responsable de la protection des renseignements personnels :<\/h4><p>Si vous avez des questions ou des pr\u00e9occupations concernant le traitement de vos informations dont nous disposons, vous pouvez envoyer un courriel \u00e0 notre responsable de la protection des renseignements personnels, Christine Cayer, adjointe \u00e0 la direction, 100, rue des M\u00e9sanges, Val-des-Sources (Qu\u00e9bec) J1T 3M9, Canada, courriel : <a href=\"mailto:info@campmusicalinc.com\">info@campmusicalinc.com<\/a>. Nous r\u00e9pondrons \u00e0 vos pr\u00e9occupations conform\u00e9ment \u00e0 la loi applicable dans un d\u00e9lai maximal de 30 jours suivant la r\u00e9ception de votre courriel.<\/p>\t\t\t\t\t\t\t\t<\/div>\n\t\t\t\t<\/div>\n\t\t\t\t\t<\/div>\n\t\t\t\t<\/div>\n\t\t\t\t<\/div>\n\t\t","protected":false},"excerpt":{"rendered":"<p>Derni\u00e8re mise \u00e0 jour : 23-oct.-2023 Effective le : 23-oct.-2023 Cette politique de confidentialit\u00e9 d\u00e9crit les politiques du Centre O3, 100, rue des M\u00e9sanges, Val-des-Sources (Qu\u00e9bec) J1T 3M9, Canada, courriel : info@centreo3.com, sur la collecte, l&rsquo;utilisation et la divulgation des informations que nous recueillons lorsque vous utilisez notre site Web (https:\/\/centreo3.com) (\u00ab\u00a0le Service\u00a0\u00bb). En acc\u00e9dant [&hellip;]<\/p>\n","protected":false},"author":1,"featured_media":0,"parent":0,"menu_order":0,"comment_status":"closed","ping_status":"closed","template":"","meta":{"footnotes":""},"class_list":["post-1192","page","type-page","status-publish","hentry"],"yoast_head":"<!-- This site is optimized with the Yoast SEO plugin v27.1.1 - https:\/\/yoast.com\/product\/yoast-seo-wordpress\/ -->\n<title>Politique de confidentialit\u00e9 - Centre O3<\/title>\n<meta name=\"robots\" content=\"index, follow, max-snippet:-1, max-image-preview:large, max-video-preview:-1\" \/>\n<link rel=\"canonical\" href=\"https:\/\/centreo3.com\/fr\/politique-de-confidentialite\/\" \/>\n<meta property=\"og:locale\" content=\"fr_FR\" \/>\n<meta property=\"og:type\" content=\"article\" \/>\n<meta property=\"og:title\" content=\"Politique de confidentialit\u00e9 - Centre O3\" \/>\n<meta property=\"og:description\" content=\"Derni\u00e8re mise \u00e0 jour : 23-oct.-2023 Effective le : 23-oct.-2023 Cette politique de confidentialit\u00e9 d\u00e9crit les politiques du Centre O3, 100, rue des M\u00e9sanges, Val-des-Sources (Qu\u00e9bec) J1T 3M9, Canada, courriel : info@centreo3.com, sur la collecte, l&rsquo;utilisation et la divulgation des informations que nous recueillons lorsque vous utilisez notre site Web (https:\/\/centreo3.com) (\u00ab\u00a0le Service\u00a0\u00bb). En acc\u00e9dant [&hellip;]\" \/>\n<meta property=\"og:url\" content=\"https:\/\/centreo3.com\/fr\/politique-de-confidentialite\/\" \/>\n<meta property=\"og:site_name\" content=\"Centre O3\" \/>\n<meta property=\"article:modified_time\" content=\"2024-01-09T17:11:39+00:00\" \/>\n<meta name=\"twitter:card\" content=\"summary_large_image\" \/>\n<meta name=\"twitter:label1\" content=\"Dur\u00e9e de lecture estim\u00e9e\" \/>\n\t<meta name=\"twitter:data1\" content=\"6 minutes\" \/>\n<script type=\"application\/ld+json\" class=\"yoast-schema-graph\">{\"@context\":\"https:\/\/schema.org\",\"@graph\":[{\"@type\":\"WebPage\",\"@id\":\"https:\/\/centreo3.com\/fr\/politique-de-confidentialite\/\",\"url\":\"https:\/\/centreo3.com\/fr\/politique-de-confidentialite\/\",\"name\":\"Politique de confidentialit\u00e9 - Centre O3\",\"isPartOf\":{\"@id\":\"https:\/\/centreo3.com\/fr\/#website\"},\"datePublished\":\"2023-10-24T02:44:31+00:00\",\"dateModified\":\"2024-01-09T17:11:39+00:00\",\"breadcrumb\":{\"@id\":\"https:\/\/centreo3.com\/fr\/politique-de-confidentialite\/#breadcrumb\"},\"inLanguage\":\"fr-FR\",\"potentialAction\":[{\"@type\":\"ReadAction\",\"target\":[\"https:\/\/centreo3.com\/fr\/politique-de-confidentialite\/\"]}]},{\"@type\":\"BreadcrumbList\",\"@id\":\"https:\/\/centreo3.com\/fr\/politique-de-confidentialite\/#breadcrumb\",\"itemListElement\":[{\"@type\":\"ListItem\",\"position\":1,\"name\":\"Accueil\",\"item\":\"https:\/\/centreo3.com\/fr\/\"},{\"@type\":\"ListItem\",\"position\":2,\"name\":\"Politique de confidentialit\u00e9\"}]},{\"@type\":\"WebSite\",\"@id\":\"https:\/\/centreo3.com\/fr\/#website\",\"url\":\"https:\/\/centreo3.com\/fr\/\",\"name\":\"Centre O3\",\"description\":\"Salles de r\u00e9ception et h\u00e9bergements pour \u00e9v\u00e9nements\",\"publisher\":{\"@id\":\"https:\/\/centreo3.com\/fr\/#organization\"},\"potentialAction\":[{\"@type\":\"SearchAction\",\"target\":{\"@type\":\"EntryPoint\",\"urlTemplate\":\"https:\/\/centreo3.com\/fr\/?s={search_term_string}\"},\"query-input\":{\"@type\":\"PropertyValueSpecification\",\"valueRequired\":true,\"valueName\":\"search_term_string\"}}],\"inLanguage\":\"fr-FR\"},{\"@type\":\"Organization\",\"@id\":\"https:\/\/centreo3.com\/fr\/#organization\",\"name\":\"Centre O3\",\"url\":\"https:\/\/centreo3.com\/fr\/\",\"logo\":{\"@type\":\"ImageObject\",\"inLanguage\":\"fr-FR\",\"@id\":\"https:\/\/centreo3.com\/fr\/#\/schema\/logo\/image\/\",\"url\":\"https:\/\/centreo3.com\/wp-content\/uploads\/2023\/09\/centreo3-logo.svg\",\"contentUrl\":\"https:\/\/centreo3.com\/wp-content\/uploads\/2023\/09\/centreo3-logo.svg\",\"width\":257,\"height\":48,\"caption\":\"Centre O3\"},\"image\":{\"@id\":\"https:\/\/centreo3.com\/fr\/#\/schema\/logo\/image\/\"}}]}<\/script>\n<!-- \/ Yoast SEO plugin. -->","yoast_head_json":{"title":"Politique de confidentialit\u00e9 - Centre O3","robots":{"index":"index","follow":"follow","max-snippet":"max-snippet:-1","max-image-preview":"max-image-preview:large","max-video-preview":"max-video-preview:-1"},"canonical":"https:\/\/centreo3.com\/fr\/politique-de-confidentialite\/","og_locale":"fr_FR","og_type":"article","og_title":"Politique de confidentialit\u00e9 - Centre O3","og_description":"Derni\u00e8re mise \u00e0 jour : 23-oct.-2023 Effective le : 23-oct.-2023 Cette politique de confidentialit\u00e9 d\u00e9crit les politiques du Centre O3, 100, rue des M\u00e9sanges, Val-des-Sources (Qu\u00e9bec) J1T 3M9, Canada, courriel : info@centreo3.com, sur la collecte, l&rsquo;utilisation et la divulgation des informations que nous recueillons lorsque vous utilisez notre site Web (https:\/\/centreo3.com) (\u00ab\u00a0le Service\u00a0\u00bb). En acc\u00e9dant [&hellip;]","og_url":"https:\/\/centreo3.com\/fr\/politique-de-confidentialite\/","og_site_name":"Centre O3","article_modified_time":"2024-01-09T17:11:39+00:00","twitter_card":"summary_large_image","twitter_misc":{"Dur\u00e9e de lecture estim\u00e9e":"6 minutes"},"schema":{"@context":"https:\/\/schema.org","@graph":[{"@type":"WebPage","@id":"https:\/\/centreo3.com\/fr\/politique-de-confidentialite\/","url":"https:\/\/centreo3.com\/fr\/politique-de-confidentialite\/","name":"Politique de confidentialit\u00e9 - Centre O3","isPartOf":{"@id":"https:\/\/centreo3.com\/fr\/#website"},"datePublished":"2023-10-24T02:44:31+00:00","dateModified":"2024-01-09T17:11:39+00:00","breadcrumb":{"@id":"https:\/\/centreo3.com\/fr\/politique-de-confidentialite\/#breadcrumb"},"inLanguage":"fr-FR","potentialAction":[{"@type":"ReadAction","target":["https:\/\/centreo3.com\/fr\/politique-de-confidentialite\/"]}]},{"@type":"BreadcrumbList","@id":"https:\/\/centreo3.com\/fr\/politique-de-confidentialite\/#breadcrumb","itemListElement":[{"@type":"ListItem","position":1,"name":"Accueil","item":"https:\/\/centreo3.com\/fr\/"},{"@type":"ListItem","position":2,"name":"Politique de confidentialit\u00e9"}]},{"@type":"WebSite","@id":"https:\/\/centreo3.com\/fr\/#website","url":"https:\/\/centreo3.com\/fr\/","name":"Centre O3","description":"Salles de r\u00e9ception et h\u00e9bergements pour \u00e9v\u00e9nements","publisher":{"@id":"https:\/\/centreo3.com\/fr\/#organization"},"potentialAction":[{"@type":"SearchAction","target":{"@type":"EntryPoint","urlTemplate":"https:\/\/centreo3.com\/fr\/?s={search_term_string}"},"query-input":{"@type":"PropertyValueSpecification","valueRequired":true,"valueName":"search_term_string"}}],"inLanguage":"fr-FR"},{"@type":"Organization","@id":"https:\/\/centreo3.com\/fr\/#organization","name":"Centre O3","url":"https:\/\/centreo3.com\/fr\/","logo":{"@type":"ImageObject","inLanguage":"fr-FR","@id":"https:\/\/centreo3.com\/fr\/#\/schema\/logo\/image\/","url":"https:\/\/centreo3.com\/wp-content\/uploads\/2023\/09\/centreo3-logo.svg","contentUrl":"https:\/\/centreo3.com\/wp-content\/uploads\/2023\/09\/centreo3-logo.svg","width":257,"height":48,"caption":"Centre O3"},"image":{"@id":"https:\/\/centreo3.com\/fr\/#\/schema\/logo\/image\/"}}]}},"_links":{"self":[{"href":"https:\/\/centreo3.com\/fr\/wp-json\/wp\/v2\/pages\/1192","targetHints":{"allow":["GET"]}}],"collection":[{"href":"https:\/\/centreo3.com\/fr\/wp-json\/wp\/v2\/pages"}],"about":[{"href":"https:\/\/centreo3.com\/fr\/wp-json\/wp\/v2\/types\/page"}],"author":[{"embeddable":true,"href":"https:\/\/centreo3.com\/fr\/wp-json\/wp\/v2\/users\/1"}],"replies":[{"embeddable":true,"href":"https:\/\/centreo3.com\/fr\/wp-json\/wp\/v2\/comments?post=1192"}],"version-history":[{"count":26,"href":"https:\/\/centreo3.com\/fr\/wp-json\/wp\/v2\/pages\/1192\/revisions"}],"predecessor-version":[{"id":1362,"href":"https:\/\/centreo3.com\/fr\/wp-json\/wp\/v2\/pages\/1192\/revisions\/1362"}],"wp:attachment":[{"href":"https:\/\/centreo3.com\/fr\/wp-json\/wp\/v2\/media?parent=1192"}],"curies":[{"name":"wp","href":"https:\/\/api.w.org\/{rel}","templated":true}]}}