{"id":730,"date":"2023-09-26T10:39:01","date_gmt":"2023-09-26T14:39:01","guid":{"rendered":"https:\/\/centreo3.com\/request-a-quote\/"},"modified":"2023-10-04T14:10:01","modified_gmt":"2023-10-04T18:10:01","slug":"request-a-quote","status":"publish","type":"page","link":"https:\/\/centreo3.com\/en\/request-a-quote\/","title":{"rendered":"Request a quote"},"content":{"rendered":"\t\t<div data-elementor-type=\"wp-page\" data-elementor-id=\"730\" class=\"elementor elementor-730 elementor-63\" data-elementor-post-type=\"page\">\n\t\t\t\t<div class=\"elementor-element elementor-element-7fbb678 e-flex e-con-boxed e-con e-parent\" data-id=\"7fbb678\" data-element_type=\"container\" data-e-type=\"container\">\n\t\t\t\t\t<div class=\"e-con-inner\">\n\t\t\t\t<div class=\"elementor-element elementor-element-e24b6ad elementor-widget__width-initial elementor-widget elementor-widget-shortcode\" data-id=\"e24b6ad\" data-element_type=\"widget\" data-e-type=\"widget\" data-widget_type=\"shortcode.default\">\n\t\t\t\t<div class=\"elementor-widget-container\">\n\t\t\t\t\t\t\t<div class=\"elementor-shortcode\"><div id=\"quform-27a9ce\" class=\"quform quform-2 quform-support-page-caching\"><form id=\"quform-form-27a9ce\" class=\"quform-form quform-form-2\" action=\"\/en\/wp-json\/wp\/v2\/pages\/730#quform-27a9ce\" method=\"post\" enctype=\"multipart\/form-data\" novalidate=\"novalidate\" data-options=\"{&quot;id&quot;:2,&quot;uniqueId&quot;:&quot;27a9ce&quot;,&quot;theme&quot;:&quot;&quot;,&quot;ajax&quot;:true,&quot;logic&quot;:{&quot;logic&quot;:[],&quot;dependents&quot;:[],&quot;elementIds&quot;:[],&quot;dependentElementIds&quot;:[],&quot;animate&quot;:true},&quot;currentPageId&quot;:1,&quot;errorsIcon&quot;:&quot;&quot;,&quot;updateFancybox&quot;:true,&quot;hasPages&quot;:false,&quot;pages&quot;:[1],&quot;pageProgressType&quot;:&quot;numbers&quot;,&quot;tooltipsEnabled&quot;:true,&quot;tooltipClasses&quot;:&quot;qtip-quform-dark qtip-shadow&quot;,&quot;tooltipMy&quot;:&quot;left center&quot;,&quot;tooltipAt&quot;:&quot;right center&quot;,&quot;isRtl&quot;:false,&quot;scrollOffset&quot;:-50,&quot;scrollSpeed&quot;:800}\"><button class=\"quform-default-submit\" name=\"quform_submit\" type=\"submit\" value=\"submit\" aria-hidden=\"true\" tabindex=\"-1\"><\/button><div class=\"quform-form-inner quform-form-inner-2\"><input type=\"hidden\" name=\"quform_form_id\" value=\"2\" \/><input type=\"hidden\" name=\"quform_form_uid\" value=\"27a9ce\" \/><input type=\"hidden\" name=\"quform_count\" value=\"1\" \/><input type=\"hidden\" name=\"form_url\" value=\"https:\/\/centreo3.com\/en\/wp-json\/wp\/v2\/pages\/730\" \/><input type=\"hidden\" name=\"referring_url\" value=\"\" \/><input type=\"hidden\" name=\"post_id\" value=\"\" \/><input type=\"hidden\" name=\"post_title\" value=\"\" \/><input type=\"hidden\" name=\"quform_current_page_id\" value=\"1\" \/><input type=\"hidden\" name=\"quform_loaded\" value=\"1776876466|1278ca8c930902b8c2d9f4af5355044b\" \/><input type=\"hidden\" name=\"quform_csrf_token\" value=\"lfoPrpVlwDDYYPKDRdkAsRwKSxj5sS6Du9GaM9hr\" \/><div class=\"quform-elements quform-elements-2 quform-cf quform-responsive-elements-phone-landscape\"><div class=\"quform-element quform-element-page quform-page-1 quform-page-2_1 quform-cf quform-group-style-plain quform-first-page quform-last-page quform-current-page\"><div class=\"quform-child-elements\"><div class=\"quform-element quform-element-html quform-element-2_17 quform-cf\"><div class=\"quform-spacer\">The asterisk (*) indicates a required field<\/div><\/div><div class=\"quform-element quform-element-text quform-element-2_3 quform-cf quform-labels-inside quform-element-required\"><div class=\"quform-spacer\"><div class=\"quform-label quform-label-2_3\"><label class=\"quform-label-text\" for=\"quform_2_3_27a9ce\">First name<span class=\"quform-required\">*<\/span><\/label><\/div><div class=\"quform-inner quform-inner-text quform-inner-2_3\"><div class=\"quform-input quform-input-text quform-input-2_3 quform-cf\"><input type=\"text\" id=\"quform_2_3_27a9ce\" name=\"quform_2_3\" class=\"quform-field quform-field-text quform-field-2_3\" \/><\/div><\/div><\/div><\/div><div class=\"quform-element quform-element-text quform-element-2_4 quform-cf quform-labels-inside quform-element-required\"><div class=\"quform-spacer\"><div class=\"quform-label quform-label-2_4\"><label class=\"quform-label-text\" for=\"quform_2_4_27a9ce\">Last name<span class=\"quform-required\">*<\/span><\/label><\/div><div class=\"quform-inner quform-inner-text quform-inner-2_4\"><div class=\"quform-input quform-input-text quform-input-2_4 quform-cf\"><input type=\"text\" id=\"quform_2_4_27a9ce\" name=\"quform_2_4\" class=\"quform-field quform-field-text quform-field-2_4\" \/><\/div><\/div><\/div><\/div><div class=\"quform-element quform-element-email quform-element-2_6 quform-cf quform-labels-inside quform-element-required\"><div class=\"quform-spacer\"><div class=\"quform-label quform-label-2_6\"><label class=\"quform-label-text\" for=\"quform_2_6_27a9ce\">Email<span class=\"quform-required\">*<\/span><\/label><\/div><div class=\"quform-inner quform-inner-email quform-inner-2_6\"><div class=\"quform-input quform-input-email quform-input-2_6 quform-cf\"><input type=\"email\" id=\"quform_2_6_27a9ce\" name=\"quform_2_6\" class=\"quform-field quform-field-email quform-field-2_6\" \/><\/div><\/div><\/div><\/div><div class=\"quform-element quform-element-date quform-element-2_7 quform-cf quform-labels-inside quform-element-optional\"><div class=\"quform-spacer\"><div class=\"quform-label quform-label-2_7\"><label class=\"quform-label-text\" for=\"quform_2_7_27a9ce\">Date of event<\/label><\/div><div class=\"quform-inner quform-inner-date quform-inner-2_7\"><div class=\"quform-input quform-input-date quform-input-2_7 quform-cf quform-has-field-icon-right\"><input type=\"text\" id=\"quform_2_7_27a9ce\" name=\"quform_2_7\" class=\"quform-field quform-field-date quform-field-2_7\" placeholder=\"YYYY-MM-DD\" data-options=\"{&quot;format&quot;:&quot;&quot;,&quot;min&quot;:&quot;&quot;,&quot;max&quot;:&quot;&quot;,&quot;start&quot;:&quot;month&quot;,&quot;depth&quot;:&quot;month&quot;,&quot;showFooter&quot;:false,&quot;locale&quot;:&quot;fr-CA&quot;,&quot;placeholder&quot;:&quot;&quot;,&quot;autoOpen&quot;:true,&quot;identifier&quot;:&quot;2_7&quot;}\" \/><span class=\"quform-field-icon quform-field-icon-right\"><i class=\"qicon-calendar\"><\/i><\/span><\/div><\/div><\/div><\/div><div class=\"quform-element quform-element-text quform-element-2_8 quform-cf quform-labels-inside quform-element-optional\"><div class=\"quform-spacer\"><div class=\"quform-label quform-label-2_8\"><label class=\"quform-label-text\" for=\"quform_2_8_27a9ce\">Business name<\/label><\/div><div class=\"quform-inner quform-inner-text quform-inner-2_8\"><div class=\"quform-input quform-input-text quform-input-2_8 quform-cf\"><input type=\"text\" id=\"quform_2_8_27a9ce\" name=\"quform_2_8\" class=\"quform-field quform-field-text quform-field-2_8\" \/><\/div><\/div><\/div><\/div><div class=\"quform-element quform-element-text quform-element-2_9 quform-cf quform-labels-inside quform-element-required\"><div class=\"quform-spacer\"><div class=\"quform-label quform-label-2_9\"><label class=\"quform-label-text\" for=\"quform_2_9_27a9ce\">Phone number<span class=\"quform-required\">*<\/span><\/label><\/div><div class=\"quform-inner quform-inner-text quform-inner-2_9\"><div class=\"quform-input quform-input-text quform-input-2_9 quform-cf\"><input type=\"text\" id=\"quform_2_9_27a9ce\" name=\"quform_2_9\" class=\"quform-field quform-field-text quform-field-2_9\" \/><\/div><\/div><\/div><\/div><div class=\"quform-element quform-element-radio quform-element-2_10 quform-cf quform-element-required\"><div class=\"quform-spacer\"><div class=\"quform-label quform-label-2_10\"><label class=\"quform-label-text\" id=\"quform_2_10_27a9ce_label\">Type of accomodation<span class=\"quform-required\">*<\/span><\/label><\/div><div class=\"quform-inner quform-inner-radio quform-inner-2_10\"><div class=\"quform-input quform-input-radio quform-input-2_10 quform-cf\"><div class=\"quform-options quform-cf quform-options-inline quform-options-simple\" role=\"radiogroup\" aria-labelledby=\"quform_2_10_27a9ce_label\"><div class=\"quform-option\"><input type=\"radio\" name=\"quform_2_10\" id=\"quform_2_10_27a9ce_1\" class=\"quform-field quform-field-radio quform-field-2_10 quform-field-2_10_1\" value=\"Hotel\" \/><label for=\"quform_2_10_27a9ce_1\" class=\"quform-option-label quform-option-label-2_10_1\"><span class=\"quform-option-text\">Hotel<\/span><\/label><\/div><div class=\"quform-option\"><input type=\"radio\" name=\"quform_2_10\" id=\"quform_2_10_27a9ce_2\" class=\"quform-field quform-field-radio quform-field-2_10 quform-field-2_10_2\" value=\"Residence\" \/><label for=\"quform_2_10_27a9ce_2\" class=\"quform-option-label quform-option-label-2_10_2\"><span class=\"quform-option-text\">Residence<\/span><\/label><\/div><\/div><\/div><\/div><\/div><\/div><div class=\"quform-element quform-element-select quform-element-2_11 quform-cf quform-element-optional\"><div class=\"quform-spacer\"><div class=\"quform-label quform-label-2_11\"><label class=\"quform-label-text\" for=\"quform_2_11_27a9ce\">Number of rooms needed<\/label><\/div><div class=\"quform-inner quform-inner-select quform-inner-2_11\"><div class=\"quform-input quform-input-select quform-input-2_11 quform-cf\"><select id=\"quform_2_11_27a9ce\" name=\"quform_2_11\" class=\"quform-field quform-field-select quform-field-2_11\"><option value=\"\">Please select<\/option><option value=\"0\" selected=\"selected\">0<\/option><option value=\"1\">1<\/option><option value=\"2\">2<\/option><option value=\"3\">3<\/option><option value=\"4\">4<\/option><option value=\"5\">5<\/option><option value=\"6\">6<\/option><option value=\"7\">7<\/option><option value=\"8\">8<\/option><option value=\"9\">9<\/option><option value=\"10\">10<\/option><option value=\"11\">11<\/option><option value=\"12\">12<\/option><option value=\"13\">13<\/option><option value=\"14\">14<\/option><option value=\"15\">15<\/option><option value=\"16\">16<\/option><option value=\"17\">17<\/option><option value=\"18\">18<\/option><option value=\"19\">19<\/option><option value=\"20\">20<\/option><option value=\"21\">21<\/option><option value=\"22\">22<\/option><option value=\"23\">23<\/option><option value=\"24\">24<\/option><option value=\"25\">25<\/option><option value=\"26\">26<\/option><option value=\"27\">27<\/option><option value=\"28\">28<\/option><option value=\"29\">29<\/option><option value=\"30\">30<\/option><\/select><\/div><\/div><\/div><\/div><div class=\"quform-element quform-element-select quform-element-2_12 quform-cf quform-element-required\"><div class=\"quform-spacer\"><div class=\"quform-label quform-label-2_12\"><label class=\"quform-label-text\" for=\"quform_2_12_27a9ce\">Number of meals wanted * (Our catering service is mandatory)<span class=\"quform-required\">*<\/span><\/label><\/div><div class=\"quform-inner quform-inner-select quform-inner-2_12\"><div class=\"quform-input quform-input-select quform-input-2_12 quform-cf\"><select id=\"quform_2_12_27a9ce\" name=\"quform_2_12\" class=\"quform-field quform-field-select quform-field-2_12\"><option value=\"\">Please select<\/option><option value=\"1 (minimum)\" selected=\"selected\">1 (minimum)<\/option><option value=\"2\">2<\/option><option value=\"3\">3<\/option><option value=\"4\">4<\/option><option value=\"5\">5<\/option><option value=\"6\">6<\/option><option value=\"7\">7<\/option><option value=\"8\">8<\/option><option value=\"9\">9<\/option><option value=\"10\">10<\/option><option value=\"11\">11<\/option><option value=\"12\">12<\/option><option value=\"13\">13<\/option><option value=\"14\">14<\/option><option value=\"15\">15<\/option><option value=\"16\">16<\/option><option value=\"17\">17<\/option><option value=\"18\">18<\/option><option value=\"19\">19<\/option><option value=\"20\">20<\/option><option value=\"21\">21<\/option><\/select><\/div><\/div><\/div><\/div><div class=\"quform-element quform-element-html quform-element-2_14 quform-cf\"><div class=\"quform-spacer\">Needs for equipment (<a class=\"consultez\" href=\"https:\/\/www.centreo3.com\/en\/services\/specialized-equipment-rental\">Consult the list of available equipment<\/a>)<\/div><\/div><div class=\"quform-element quform-element-textarea quform-element-2_13 quform-cf quform-labels-inside quform-element-optional\"><div class=\"quform-spacer\"><div class=\"quform-label quform-label-2_13\"><label class=\"quform-label-text\" for=\"quform_2_13_27a9ce\">Specify...<\/label><\/div><div class=\"quform-inner quform-inner-textarea quform-inner-2_13\"><div class=\"quform-input quform-input-textarea quform-input-2_13 quform-cf\"><textarea id=\"quform_2_13_27a9ce\" name=\"quform_2_13\" class=\"quform-field quform-field-textarea quform-field-2_13\"><\/textarea><\/div><\/div><\/div><\/div><div class=\"quform-element quform-element-html quform-element-2_16 quform-cf\"><div class=\"quform-spacer\">Description of your stay *<\/div><\/div><div class=\"quform-element quform-element-textarea quform-element-2_851706 quform-sr-only quform-cf\" style=\"clip: rect(1px, 1px, 1px, 1px); clip-path: inset(50%); position: absolute !important; height: 1px; width: 1px; overflow: hidden;\"><div class=\"quform-spacer\"><div class=\"quform-label quform-label-2_851706\"><label class=\"quform-label-text\" for=\"quform_2_851706_27a9ce\">Email<span class=\"quform-required\">*<\/span><\/label><\/div><div class=\"quform-inner quform-inner-2_851706\"><textarea id=\"quform_2_851706_27a9ce\" name=\"quform_2_851706\" class=\"quform-field quform-field-textarea quform-field-2_851706\" tabindex=\"-1\" autocomplete=\"new-password\"><\/textarea><\/div><\/div><\/div><div class=\"quform-element quform-element-textarea quform-element-2_15 quform-cf quform-labels-inside quform-element-required\"><div class=\"quform-spacer\"><div class=\"quform-label quform-label-2_15\"><label class=\"quform-label-text\" for=\"quform_2_15_27a9ce\">Specify...<span class=\"quform-required\">*<\/span><\/label><\/div><div class=\"quform-inner quform-inner-textarea quform-inner-2_15\"><div class=\"quform-input quform-input-textarea quform-input-2_15 quform-cf\"><textarea id=\"quform_2_15_27a9ce\" name=\"quform_2_15\" class=\"quform-field quform-field-textarea quform-field-2_15\"><\/textarea><\/div><\/div><\/div><\/div><div class=\"quform-element quform-element-submit quform-element-2_2 quform-cf quform-button-style-theme\"><div class=\"quform-button-submit quform-button-submit-default quform-button-submit-2_2\"><button name=\"quform_submit\" type=\"submit\" class=\"quform-submit\" value=\"submit\"><span class=\"quform-button-text quform-button-submit-text\">Send<\/span><\/button><\/div><div class=\"quform-loading quform-loading-position-left quform-loading-type-spinner-1\"><div class=\"quform-loading-inner\"><div class=\"quform-loading-spinner\"><div class=\"quform-loading-spinner-inner\"><\/div><\/div><\/div><\/div><\/div><\/div><\/div><\/div><\/div><\/form><\/div><\/div>\n\t\t\t\t\t\t<\/div>\n\t\t\t\t<\/div>\n\t\t\t\t\t<\/div>\n\t\t\t\t<\/div>\n\t\t\t\t<\/div>\n\t\t","protected":false},"excerpt":{"rendered":"","protected":false},"author":1,"featured_media":0,"parent":0,"menu_order":0,"comment_status":"closed","ping_status":"closed","template":"","meta":{"footnotes":""},"class_list":["post-730","page","type-page","status-publish","hentry"],"yoast_head":"<!-- This site is optimized with the Yoast SEO plugin v27.1.1 - https:\/\/yoast.com\/product\/yoast-seo-wordpress\/ -->\n<title>Request a quote - Centre O3<\/title>\n<meta name=\"robots\" content=\"index, follow, max-snippet:-1, max-image-preview:large, max-video-preview:-1\" \/>\n<link rel=\"canonical\" href=\"https:\/\/centreo3.com\/en\/request-a-quote\/\" \/>\n<meta property=\"og:locale\" content=\"en_US\" \/>\n<meta property=\"og:type\" content=\"article\" \/>\n<meta property=\"og:title\" content=\"Request a quote - Centre O3\" \/>\n<meta property=\"og:url\" content=\"https:\/\/centreo3.com\/en\/request-a-quote\/\" \/>\n<meta property=\"og:site_name\" content=\"Centre O3\" \/>\n<meta property=\"article:modified_time\" content=\"2023-10-04T18:10:01+00:00\" \/>\n<meta name=\"twitter:card\" content=\"summary_large_image\" \/>\n<meta name=\"twitter:label1\" content=\"Est. reading time\" \/>\n\t<meta name=\"twitter:data1\" content=\"1 minute\" \/>\n<script type=\"application\/ld+json\" class=\"yoast-schema-graph\">{\"@context\":\"https:\/\/schema.org\",\"@graph\":[{\"@type\":\"WebPage\",\"@id\":\"https:\/\/centreo3.com\/en\/request-a-quote\/\",\"url\":\"https:\/\/centreo3.com\/en\/request-a-quote\/\",\"name\":\"Request a quote - Centre O3\",\"isPartOf\":{\"@id\":\"https:\/\/centreo3.com\/en\/#website\"},\"datePublished\":\"2023-09-26T14:39:01+00:00\",\"dateModified\":\"2023-10-04T18:10:01+00:00\",\"breadcrumb\":{\"@id\":\"https:\/\/centreo3.com\/en\/request-a-quote\/#breadcrumb\"},\"inLanguage\":\"en-US\",\"potentialAction\":[{\"@type\":\"ReadAction\",\"target\":[\"https:\/\/centreo3.com\/en\/request-a-quote\/\"]}]},{\"@type\":\"BreadcrumbList\",\"@id\":\"https:\/\/centreo3.com\/en\/request-a-quote\/#breadcrumb\",\"itemListElement\":[{\"@type\":\"ListItem\",\"position\":1,\"name\":\"Accueil\",\"item\":\"https:\/\/centreo3.com\/en\/\"},{\"@type\":\"ListItem\",\"position\":2,\"name\":\"Request a quote\"}]},{\"@type\":\"WebSite\",\"@id\":\"https:\/\/centreo3.com\/en\/#website\",\"url\":\"https:\/\/centreo3.com\/en\/\",\"name\":\"Centre O3\",\"description\":\"Salles de r\u00e9ception et h\u00e9bergements pour \u00e9v\u00e9nements\",\"publisher\":{\"@id\":\"https:\/\/centreo3.com\/en\/#organization\"},\"potentialAction\":[{\"@type\":\"SearchAction\",\"target\":{\"@type\":\"EntryPoint\",\"urlTemplate\":\"https:\/\/centreo3.com\/en\/?s={search_term_string}\"},\"query-input\":{\"@type\":\"PropertyValueSpecification\",\"valueRequired\":true,\"valueName\":\"search_term_string\"}}],\"inLanguage\":\"en-US\"},{\"@type\":\"Organization\",\"@id\":\"https:\/\/centreo3.com\/en\/#organization\",\"name\":\"Centre O3\",\"url\":\"https:\/\/centreo3.com\/en\/\",\"logo\":{\"@type\":\"ImageObject\",\"inLanguage\":\"en-US\",\"@id\":\"https:\/\/centreo3.com\/en\/#\/schema\/logo\/image\/\",\"url\":\"https:\/\/centreo3.com\/wp-content\/uploads\/2023\/09\/centreo3-logo.svg\",\"contentUrl\":\"https:\/\/centreo3.com\/wp-content\/uploads\/2023\/09\/centreo3-logo.svg\",\"caption\":\"Centre O3\"},\"image\":{\"@id\":\"https:\/\/centreo3.com\/en\/#\/schema\/logo\/image\/\"}}]}<\/script>\n<!-- \/ Yoast SEO plugin. -->","yoast_head_json":{"title":"Request a quote - Centre O3","robots":{"index":"index","follow":"follow","max-snippet":"max-snippet:-1","max-image-preview":"max-image-preview:large","max-video-preview":"max-video-preview:-1"},"canonical":"https:\/\/centreo3.com\/en\/request-a-quote\/","og_locale":"en_US","og_type":"article","og_title":"Request a quote - Centre O3","og_url":"https:\/\/centreo3.com\/en\/request-a-quote\/","og_site_name":"Centre O3","article_modified_time":"2023-10-04T18:10:01+00:00","twitter_card":"summary_large_image","twitter_misc":{"Est. reading time":"1 minute"},"schema":{"@context":"https:\/\/schema.org","@graph":[{"@type":"WebPage","@id":"https:\/\/centreo3.com\/en\/request-a-quote\/","url":"https:\/\/centreo3.com\/en\/request-a-quote\/","name":"Request a quote - Centre O3","isPartOf":{"@id":"https:\/\/centreo3.com\/en\/#website"},"datePublished":"2023-09-26T14:39:01+00:00","dateModified":"2023-10-04T18:10:01+00:00","breadcrumb":{"@id":"https:\/\/centreo3.com\/en\/request-a-quote\/#breadcrumb"},"inLanguage":"en-US","potentialAction":[{"@type":"ReadAction","target":["https:\/\/centreo3.com\/en\/request-a-quote\/"]}]},{"@type":"BreadcrumbList","@id":"https:\/\/centreo3.com\/en\/request-a-quote\/#breadcrumb","itemListElement":[{"@type":"ListItem","position":1,"name":"Accueil","item":"https:\/\/centreo3.com\/en\/"},{"@type":"ListItem","position":2,"name":"Request a quote"}]},{"@type":"WebSite","@id":"https:\/\/centreo3.com\/en\/#website","url":"https:\/\/centreo3.com\/en\/","name":"Centre O3","description":"Salles de r\u00e9ception et h\u00e9bergements pour \u00e9v\u00e9nements","publisher":{"@id":"https:\/\/centreo3.com\/en\/#organization"},"potentialAction":[{"@type":"SearchAction","target":{"@type":"EntryPoint","urlTemplate":"https:\/\/centreo3.com\/en\/?s={search_term_string}"},"query-input":{"@type":"PropertyValueSpecification","valueRequired":true,"valueName":"search_term_string"}}],"inLanguage":"en-US"},{"@type":"Organization","@id":"https:\/\/centreo3.com\/en\/#organization","name":"Centre O3","url":"https:\/\/centreo3.com\/en\/","logo":{"@type":"ImageObject","inLanguage":"en-US","@id":"https:\/\/centreo3.com\/en\/#\/schema\/logo\/image\/","url":"https:\/\/centreo3.com\/wp-content\/uploads\/2023\/09\/centreo3-logo.svg","contentUrl":"https:\/\/centreo3.com\/wp-content\/uploads\/2023\/09\/centreo3-logo.svg","caption":"Centre O3"},"image":{"@id":"https:\/\/centreo3.com\/en\/#\/schema\/logo\/image\/"}}]}},"_links":{"self":[{"href":"https:\/\/centreo3.com\/en\/wp-json\/wp\/v2\/pages\/730","targetHints":{"allow":["GET"]}}],"collection":[{"href":"https:\/\/centreo3.com\/en\/wp-json\/wp\/v2\/pages"}],"about":[{"href":"https:\/\/centreo3.com\/en\/wp-json\/wp\/v2\/types\/page"}],"author":[{"embeddable":true,"href":"https:\/\/centreo3.com\/en\/wp-json\/wp\/v2\/users\/1"}],"replies":[{"embeddable":true,"href":"https:\/\/centreo3.com\/en\/wp-json\/wp\/v2\/comments?post=730"}],"version-history":[{"count":12,"href":"https:\/\/centreo3.com\/en\/wp-json\/wp\/v2\/pages\/730\/revisions"}],"predecessor-version":[{"id":1139,"href":"https:\/\/centreo3.com\/en\/wp-json\/wp\/v2\/pages\/730\/revisions\/1139"}],"wp:attachment":[{"href":"https:\/\/centreo3.com\/en\/wp-json\/wp\/v2\/media?parent=730"}],"curies":[{"name":"wp","href":"https:\/\/api.w.org\/{rel}","templated":true}]}}