{"id":693,"date":"2023-09-26T10:41:35","date_gmt":"2023-09-26T14:41:35","guid":{"rendered":"https:\/\/centreo3.com\/services\/catering-service\/"},"modified":"2023-10-03T07:09:38","modified_gmt":"2023-10-03T11:09:38","slug":"catering-service","status":"publish","type":"page","link":"https:\/\/centreo3.com\/en\/services\/catering-service\/","title":{"rendered":"Catering service"},"content":{"rendered":"\t\t<div data-elementor-type=\"wp-page\" data-elementor-id=\"693\" class=\"elementor elementor-693 elementor-73\" data-elementor-post-type=\"page\">\n\t\t\t\t<div class=\"elementor-element elementor-element-b3e94d3 e-con-full e-flex e-con e-parent\" data-id=\"b3e94d3\" data-element_type=\"container\" data-e-type=\"container\">\n\t\t<div class=\"elementor-element elementor-element-d912829 e-con-full e-flex e-con e-child\" data-id=\"d912829\" data-element_type=\"container\" data-e-type=\"container\">\n\t\t\t\t<div class=\"elementor-element elementor-element-de5e12f elementor-widget elementor-widget-image\" data-id=\"de5e12f\" data-element_type=\"widget\" data-e-type=\"widget\" data-widget_type=\"image.default\">\n\t\t\t\t<div class=\"elementor-widget-container\">\n\t\t\t\t\t\t\t\t\t\t\t\t\t\t\t<img fetchpriority=\"high\" decoding=\"async\" width=\"600\" height=\"400\" src=\"https:\/\/centreo3.com\/wp-content\/uploads\/2023\/09\/traiteur.jpg\" class=\"attachment-large size-large wp-image-441\" alt=\"\" srcset=\"https:\/\/centreo3.com\/wp-content\/uploads\/2023\/09\/traiteur.jpg 600w, https:\/\/centreo3.com\/wp-content\/uploads\/2023\/09\/traiteur-300x200.jpg 300w\" sizes=\"(max-width: 600px) 100vw, 600px\" \/>\t\t\t\t\t\t\t\t\t\t\t\t\t\t\t<\/div>\n\t\t\t\t<\/div>\n\t\t\t\t<\/div>\n\t\t<div class=\"elementor-element elementor-element-e7b0811 e-con-full e-flex e-con e-child\" data-id=\"e7b0811\" data-element_type=\"container\" data-e-type=\"container\">\n\t\t\t\t<div class=\"elementor-element elementor-element-595d301 elementor-widget elementor-widget-text-editor\" data-id=\"595d301\" data-element_type=\"widget\" data-e-type=\"widget\" data-widget_type=\"text-editor.default\">\n\t\t\t\t<div class=\"elementor-widget-container\">\n\t\t\t\t\t\t\t\t\t<p>The O3 Center possesses its own catering service. We cater to the clientele of our 5 reception halls. We feed on average between 100 and 500 people every week. Whether it is for cafeteria service directly in our central cafeteria or meals served directly in our halls. We shall know how to find the formula which best suits your needs. We propose a well-established menu from kid\u2019s meals up to a 5-course meal, but also work in alliance with our customers to target their tastes and their particular expectations. We favor local purchases and are very happy to maintain partnerships with the producers of the neighborhood. We invite you to communicate with us to discuss thousands of possibilities available to you.<\/p>\n\t\t\t\t\t\t\t\t<\/div>\n\t\t\t\t<\/div>\n\t\t\t\t<\/div>\n\t\t\t\t<\/div>\n\t\t\t\t<\/div>\n\t\t","protected":false},"excerpt":{"rendered":"<p>The O3 Center possesses its own catering service. We cater to the clientele of our 5 reception halls. We feed on average between 100 and 500 people every week. Whether it is for cafeteria service directly in our central cafeteria or meals served directly in our halls. We shall know how to find the formula [&hellip;]<\/p>\n","protected":false},"author":1,"featured_media":0,"parent":690,"menu_order":0,"comment_status":"closed","ping_status":"closed","template":"","meta":{"footnotes":""},"class_list":["post-693","page","type-page","status-publish","hentry"],"yoast_head":"<!-- This site is optimized with the Yoast SEO plugin v27.1.1 - https:\/\/yoast.com\/product\/yoast-seo-wordpress\/ -->\n<title>Catering service - Centre O3<\/title>\n<meta name=\"robots\" content=\"index, follow, max-snippet:-1, max-image-preview:large, max-video-preview:-1\" \/>\n<link rel=\"canonical\" href=\"https:\/\/centreo3.com\/en\/services\/catering-service\/\" \/>\n<meta property=\"og:locale\" content=\"en_US\" \/>\n<meta property=\"og:type\" content=\"article\" \/>\n<meta property=\"og:title\" content=\"Catering service - Centre O3\" \/>\n<meta property=\"og:description\" content=\"The O3 Center possesses its own catering service. We cater to the clientele of our 5 reception halls. We feed on average between 100 and 500 people every week. Whether it is for cafeteria service directly in our central cafeteria or meals served directly in our halls. We shall know how to find the formula [&hellip;]\" \/>\n<meta property=\"og:url\" content=\"https:\/\/centreo3.com\/en\/services\/catering-service\/\" \/>\n<meta property=\"og:site_name\" content=\"Centre O3\" \/>\n<meta property=\"article:modified_time\" content=\"2023-10-03T11:09:38+00:00\" \/>\n<meta property=\"og:image\" content=\"https:\/\/centreo3.com\/wp-content\/uploads\/2023\/09\/traiteur.jpg\" \/>\n<meta name=\"twitter:card\" content=\"summary_large_image\" \/>\n<meta name=\"twitter:label1\" content=\"Est. reading time\" \/>\n\t<meta name=\"twitter:data1\" content=\"1 minute\" \/>\n<script type=\"application\/ld+json\" class=\"yoast-schema-graph\">{\"@context\":\"https:\/\/schema.org\",\"@graph\":[{\"@type\":\"WebPage\",\"@id\":\"https:\/\/centreo3.com\/en\/services\/catering-service\/\",\"url\":\"https:\/\/centreo3.com\/en\/services\/catering-service\/\",\"name\":\"Catering service - Centre O3\",\"isPartOf\":{\"@id\":\"https:\/\/centreo3.com\/en\/#website\"},\"primaryImageOfPage\":{\"@id\":\"https:\/\/centreo3.com\/en\/services\/catering-service\/#primaryimage\"},\"image\":{\"@id\":\"https:\/\/centreo3.com\/en\/services\/catering-service\/#primaryimage\"},\"thumbnailUrl\":\"https:\/\/centreo3.com\/wp-content\/uploads\/2023\/09\/traiteur.jpg\",\"datePublished\":\"2023-09-26T14:41:35+00:00\",\"dateModified\":\"2023-10-03T11:09:38+00:00\",\"breadcrumb\":{\"@id\":\"https:\/\/centreo3.com\/en\/services\/catering-service\/#breadcrumb\"},\"inLanguage\":\"en-US\",\"potentialAction\":[{\"@type\":\"ReadAction\",\"target\":[\"https:\/\/centreo3.com\/en\/services\/catering-service\/\"]}]},{\"@type\":\"ImageObject\",\"inLanguage\":\"en-US\",\"@id\":\"https:\/\/centreo3.com\/en\/services\/catering-service\/#primaryimage\",\"url\":\"https:\/\/centreo3.com\/wp-content\/uploads\/2023\/09\/traiteur.jpg\",\"contentUrl\":\"https:\/\/centreo3.com\/wp-content\/uploads\/2023\/09\/traiteur.jpg\"},{\"@type\":\"BreadcrumbList\",\"@id\":\"https:\/\/centreo3.com\/en\/services\/catering-service\/#breadcrumb\",\"itemListElement\":[{\"@type\":\"ListItem\",\"position\":1,\"name\":\"Accueil\",\"item\":\"https:\/\/centreo3.com\/en\/\"},{\"@type\":\"ListItem\",\"position\":2,\"name\":\"Services\",\"item\":\"https:\/\/centreo3.com\/en\/services\/\"},{\"@type\":\"ListItem\",\"position\":3,\"name\":\"Catering service\"}]},{\"@type\":\"WebSite\",\"@id\":\"https:\/\/centreo3.com\/en\/#website\",\"url\":\"https:\/\/centreo3.com\/en\/\",\"name\":\"Centre O3\",\"description\":\"Salles de r\u00e9ception et h\u00e9bergements pour \u00e9v\u00e9nements\",\"publisher\":{\"@id\":\"https:\/\/centreo3.com\/en\/#organization\"},\"potentialAction\":[{\"@type\":\"SearchAction\",\"target\":{\"@type\":\"EntryPoint\",\"urlTemplate\":\"https:\/\/centreo3.com\/en\/?s={search_term_string}\"},\"query-input\":{\"@type\":\"PropertyValueSpecification\",\"valueRequired\":true,\"valueName\":\"search_term_string\"}}],\"inLanguage\":\"en-US\"},{\"@type\":\"Organization\",\"@id\":\"https:\/\/centreo3.com\/en\/#organization\",\"name\":\"Centre O3\",\"url\":\"https:\/\/centreo3.com\/en\/\",\"logo\":{\"@type\":\"ImageObject\",\"inLanguage\":\"en-US\",\"@id\":\"https:\/\/centreo3.com\/en\/#\/schema\/logo\/image\/\",\"url\":\"https:\/\/centreo3.com\/wp-content\/uploads\/2023\/09\/centreo3-logo.svg\",\"contentUrl\":\"https:\/\/centreo3.com\/wp-content\/uploads\/2023\/09\/centreo3-logo.svg\",\"caption\":\"Centre O3\"},\"image\":{\"@id\":\"https:\/\/centreo3.com\/en\/#\/schema\/logo\/image\/\"}}]}<\/script>\n<!-- \/ Yoast SEO plugin. -->","yoast_head_json":{"title":"Catering service - Centre O3","robots":{"index":"index","follow":"follow","max-snippet":"max-snippet:-1","max-image-preview":"max-image-preview:large","max-video-preview":"max-video-preview:-1"},"canonical":"https:\/\/centreo3.com\/en\/services\/catering-service\/","og_locale":"en_US","og_type":"article","og_title":"Catering service - Centre O3","og_description":"The O3 Center possesses its own catering service. We cater to the clientele of our 5 reception halls. We feed on average between 100 and 500 people every week. Whether it is for cafeteria service directly in our central cafeteria or meals served directly in our halls. We shall know how to find the formula [&hellip;]","og_url":"https:\/\/centreo3.com\/en\/services\/catering-service\/","og_site_name":"Centre O3","article_modified_time":"2023-10-03T11:09:38+00:00","og_image":[{"url":"https:\/\/centreo3.com\/wp-content\/uploads\/2023\/09\/traiteur.jpg","type":"","width":"","height":""}],"twitter_card":"summary_large_image","twitter_misc":{"Est. reading time":"1 minute"},"schema":{"@context":"https:\/\/schema.org","@graph":[{"@type":"WebPage","@id":"https:\/\/centreo3.com\/en\/services\/catering-service\/","url":"https:\/\/centreo3.com\/en\/services\/catering-service\/","name":"Catering service - Centre O3","isPartOf":{"@id":"https:\/\/centreo3.com\/en\/#website"},"primaryImageOfPage":{"@id":"https:\/\/centreo3.com\/en\/services\/catering-service\/#primaryimage"},"image":{"@id":"https:\/\/centreo3.com\/en\/services\/catering-service\/#primaryimage"},"thumbnailUrl":"https:\/\/centreo3.com\/wp-content\/uploads\/2023\/09\/traiteur.jpg","datePublished":"2023-09-26T14:41:35+00:00","dateModified":"2023-10-03T11:09:38+00:00","breadcrumb":{"@id":"https:\/\/centreo3.com\/en\/services\/catering-service\/#breadcrumb"},"inLanguage":"en-US","potentialAction":[{"@type":"ReadAction","target":["https:\/\/centreo3.com\/en\/services\/catering-service\/"]}]},{"@type":"ImageObject","inLanguage":"en-US","@id":"https:\/\/centreo3.com\/en\/services\/catering-service\/#primaryimage","url":"https:\/\/centreo3.com\/wp-content\/uploads\/2023\/09\/traiteur.jpg","contentUrl":"https:\/\/centreo3.com\/wp-content\/uploads\/2023\/09\/traiteur.jpg"},{"@type":"BreadcrumbList","@id":"https:\/\/centreo3.com\/en\/services\/catering-service\/#breadcrumb","itemListElement":[{"@type":"ListItem","position":1,"name":"Accueil","item":"https:\/\/centreo3.com\/en\/"},{"@type":"ListItem","position":2,"name":"Services","item":"https:\/\/centreo3.com\/en\/services\/"},{"@type":"ListItem","position":3,"name":"Catering service"}]},{"@type":"WebSite","@id":"https:\/\/centreo3.com\/en\/#website","url":"https:\/\/centreo3.com\/en\/","name":"Centre O3","description":"Salles de r\u00e9ception et h\u00e9bergements pour \u00e9v\u00e9nements","publisher":{"@id":"https:\/\/centreo3.com\/en\/#organization"},"potentialAction":[{"@type":"SearchAction","target":{"@type":"EntryPoint","urlTemplate":"https:\/\/centreo3.com\/en\/?s={search_term_string}"},"query-input":{"@type":"PropertyValueSpecification","valueRequired":true,"valueName":"search_term_string"}}],"inLanguage":"en-US"},{"@type":"Organization","@id":"https:\/\/centreo3.com\/en\/#organization","name":"Centre O3","url":"https:\/\/centreo3.com\/en\/","logo":{"@type":"ImageObject","inLanguage":"en-US","@id":"https:\/\/centreo3.com\/en\/#\/schema\/logo\/image\/","url":"https:\/\/centreo3.com\/wp-content\/uploads\/2023\/09\/centreo3-logo.svg","contentUrl":"https:\/\/centreo3.com\/wp-content\/uploads\/2023\/09\/centreo3-logo.svg","caption":"Centre O3"},"image":{"@id":"https:\/\/centreo3.com\/en\/#\/schema\/logo\/image\/"}}]}},"_links":{"self":[{"href":"https:\/\/centreo3.com\/en\/wp-json\/wp\/v2\/pages\/693","targetHints":{"allow":["GET"]}}],"collection":[{"href":"https:\/\/centreo3.com\/en\/wp-json\/wp\/v2\/pages"}],"about":[{"href":"https:\/\/centreo3.com\/en\/wp-json\/wp\/v2\/types\/page"}],"author":[{"embeddable":true,"href":"https:\/\/centreo3.com\/en\/wp-json\/wp\/v2\/users\/1"}],"replies":[{"embeddable":true,"href":"https:\/\/centreo3.com\/en\/wp-json\/wp\/v2\/comments?post=693"}],"version-history":[{"count":1,"href":"https:\/\/centreo3.com\/en\/wp-json\/wp\/v2\/pages\/693\/revisions"}],"predecessor-version":[{"id":694,"href":"https:\/\/centreo3.com\/en\/wp-json\/wp\/v2\/pages\/693\/revisions\/694"}],"up":[{"embeddable":true,"href":"https:\/\/centreo3.com\/en\/wp-json\/wp\/v2\/pages\/690"}],"wp:attachment":[{"href":"https:\/\/centreo3.com\/en\/wp-json\/wp\/v2\/media?parent=693"}],"curies":[{"name":"wp","href":"https:\/\/api.w.org\/{rel}","templated":true}]}}