{"id":691,"date":"2023-09-26T10:42:02","date_gmt":"2023-09-26T14:42:02","guid":{"rendered":"https:\/\/centreo3.com\/services\/specialized-equipment-and-media-equipment-rental\/"},"modified":"2023-10-03T07:35:49","modified_gmt":"2023-10-03T11:35:49","slug":"specialized-equipment-rental","status":"publish","type":"page","link":"https:\/\/centreo3.com\/en\/services\/specialized-equipment-rental\/","title":{"rendered":"Specialized Equipment and Media Equipment Rental"},"content":{"rendered":"\t\t<div data-elementor-type=\"wp-page\" data-elementor-id=\"691\" class=\"elementor elementor-691 elementor-75\" data-elementor-post-type=\"page\">\n\t\t\t\t<div class=\"elementor-element elementor-element-bcb5793 e-flex e-con-boxed e-con e-parent\" data-id=\"bcb5793\" data-element_type=\"container\" data-e-type=\"container\">\n\t\t\t\t\t<div class=\"e-con-inner\">\n\t\t\t\t<div class=\"elementor-element elementor-element-9b5535b elementor-widget elementor-widget-text-editor\" data-id=\"9b5535b\" data-element_type=\"widget\" data-e-type=\"widget\" data-widget_type=\"text-editor.default\">\n\t\t\t\t<div class=\"elementor-widget-container\">\n\t\t\t\t\t\t\t\t\t<p>Given the range of events we welcome every year inside our infrastructures, we established an impressive stock of specialized equipment which we also rent for events that take place outside of our site. Whether it is to transform a factory into a reception hall or an outdoor space for a wedding or a reception, we have everything to realize the craziest projects. From dishes to red carpets, curtains to golf carts, round tables to show stages, we possess many equipment which can make your event a real success.<\/p>\n\t\t\t\t\t\t\t\t<\/div>\n\t\t\t\t<\/div>\n\t\t\t\t<div class=\"elementor-element elementor-element-1a060be elementor-widget elementor-widget-heading\" data-id=\"1a060be\" data-element_type=\"widget\" data-e-type=\"widget\" data-widget_type=\"heading.default\">\n\t\t\t\t<div class=\"elementor-widget-container\">\n\t\t\t\t\t<h2 class=\"elementor-heading-title elementor-size-default\">Media Equipment Rental<\/h2>\t\t\t\t<\/div>\n\t\t\t\t<\/div>\n\t\t\t\t<div class=\"elementor-element elementor-element-df109db elementor-widget elementor-widget-text-editor\" data-id=\"df109db\" data-element_type=\"widget\" data-e-type=\"widget\" data-widget_type=\"text-editor.default\">\n\t\t\t\t<div class=\"elementor-widget-container\">\n\t\t\t\t\t\t\t\t\t<p>We also rent media equipment. We have all the necessary equipment to present both outdoor and indoor concerts: sound systems, preamplifier monitors, microphones of all kinds, projectors, etc. To simplify your life, we also offer delivery and installation service. Once again, it is impossible for us to supply the complete list of our equipment and services. The best way to have answers to your questions is to get in touch with us or to ask for an online appraisal.<\/p>\n\t\t\t\t\t\t\t\t<\/div>\n\t\t\t\t<\/div>\n\t\t\t\t\t<\/div>\n\t\t\t\t<\/div>\n\t\t\t\t<\/div>\n\t\t","protected":false},"excerpt":{"rendered":"<p>Given the range of events we welcome every year inside our infrastructures, we established an impressive stock of specialized equipment which we also rent for events that take place outside of our site. Whether it is to transform a factory into a reception hall or an outdoor space for a wedding or a reception, we [&hellip;]<\/p>\n","protected":false},"author":1,"featured_media":0,"parent":690,"menu_order":0,"comment_status":"closed","ping_status":"closed","template":"","meta":{"footnotes":""},"class_list":["post-691","page","type-page","status-publish","hentry"],"yoast_head":"<!-- This site is optimized with the Yoast SEO plugin v27.1.1 - https:\/\/yoast.com\/product\/yoast-seo-wordpress\/ -->\n<title>Specialized Equipment and Media Equipment Rental - Centre O3<\/title>\n<meta name=\"robots\" content=\"index, follow, max-snippet:-1, max-image-preview:large, max-video-preview:-1\" \/>\n<link rel=\"canonical\" href=\"https:\/\/centreo3.com\/en\/services\/specialized-equipment-rental\/\" \/>\n<meta property=\"og:locale\" content=\"en_US\" \/>\n<meta property=\"og:type\" content=\"article\" \/>\n<meta property=\"og:title\" content=\"Specialized Equipment and Media Equipment Rental - Centre O3\" \/>\n<meta property=\"og:description\" content=\"Given the range of events we welcome every year inside our infrastructures, we established an impressive stock of specialized equipment which we also rent for events that take place outside of our site. Whether it is to transform a factory into a reception hall or an outdoor space for a wedding or a reception, we [&hellip;]\" \/>\n<meta property=\"og:url\" content=\"https:\/\/centreo3.com\/en\/services\/specialized-equipment-rental\/\" \/>\n<meta property=\"og:site_name\" content=\"Centre O3\" \/>\n<meta property=\"article:modified_time\" content=\"2023-10-03T11:35:49+00:00\" \/>\n<meta name=\"twitter:card\" content=\"summary_large_image\" \/>\n<meta name=\"twitter:label1\" content=\"Est. reading time\" \/>\n\t<meta name=\"twitter:data1\" content=\"1 minute\" \/>\n<script type=\"application\/ld+json\" class=\"yoast-schema-graph\">{\"@context\":\"https:\/\/schema.org\",\"@graph\":[{\"@type\":\"WebPage\",\"@id\":\"https:\/\/centreo3.com\/en\/services\/specialized-equipment-rental\/\",\"url\":\"https:\/\/centreo3.com\/en\/services\/specialized-equipment-rental\/\",\"name\":\"Specialized Equipment and Media Equipment Rental - Centre O3\",\"isPartOf\":{\"@id\":\"https:\/\/centreo3.com\/en\/#website\"},\"datePublished\":\"2023-09-26T14:42:02+00:00\",\"dateModified\":\"2023-10-03T11:35:49+00:00\",\"breadcrumb\":{\"@id\":\"https:\/\/centreo3.com\/en\/services\/specialized-equipment-rental\/#breadcrumb\"},\"inLanguage\":\"en-US\",\"potentialAction\":[{\"@type\":\"ReadAction\",\"target\":[\"https:\/\/centreo3.com\/en\/services\/specialized-equipment-rental\/\"]}]},{\"@type\":\"BreadcrumbList\",\"@id\":\"https:\/\/centreo3.com\/en\/services\/specialized-equipment-rental\/#breadcrumb\",\"itemListElement\":[{\"@type\":\"ListItem\",\"position\":1,\"name\":\"Accueil\",\"item\":\"https:\/\/centreo3.com\/en\/\"},{\"@type\":\"ListItem\",\"position\":2,\"name\":\"Services\",\"item\":\"https:\/\/centreo3.com\/en\/services\/\"},{\"@type\":\"ListItem\",\"position\":3,\"name\":\"Specialized Equipment and Media Equipment Rental\"}]},{\"@type\":\"WebSite\",\"@id\":\"https:\/\/centreo3.com\/en\/#website\",\"url\":\"https:\/\/centreo3.com\/en\/\",\"name\":\"Centre O3\",\"description\":\"Salles de r\u00e9ception et h\u00e9bergements pour \u00e9v\u00e9nements\",\"publisher\":{\"@id\":\"https:\/\/centreo3.com\/en\/#organization\"},\"potentialAction\":[{\"@type\":\"SearchAction\",\"target\":{\"@type\":\"EntryPoint\",\"urlTemplate\":\"https:\/\/centreo3.com\/en\/?s={search_term_string}\"},\"query-input\":{\"@type\":\"PropertyValueSpecification\",\"valueRequired\":true,\"valueName\":\"search_term_string\"}}],\"inLanguage\":\"en-US\"},{\"@type\":\"Organization\",\"@id\":\"https:\/\/centreo3.com\/en\/#organization\",\"name\":\"Centre O3\",\"url\":\"https:\/\/centreo3.com\/en\/\",\"logo\":{\"@type\":\"ImageObject\",\"inLanguage\":\"en-US\",\"@id\":\"https:\/\/centreo3.com\/en\/#\/schema\/logo\/image\/\",\"url\":\"https:\/\/centreo3.com\/wp-content\/uploads\/2023\/09\/centreo3-logo.svg\",\"contentUrl\":\"https:\/\/centreo3.com\/wp-content\/uploads\/2023\/09\/centreo3-logo.svg\",\"caption\":\"Centre O3\"},\"image\":{\"@id\":\"https:\/\/centreo3.com\/en\/#\/schema\/logo\/image\/\"}}]}<\/script>\n<!-- \/ Yoast SEO plugin. -->","yoast_head_json":{"title":"Specialized Equipment and Media Equipment Rental - Centre O3","robots":{"index":"index","follow":"follow","max-snippet":"max-snippet:-1","max-image-preview":"max-image-preview:large","max-video-preview":"max-video-preview:-1"},"canonical":"https:\/\/centreo3.com\/en\/services\/specialized-equipment-rental\/","og_locale":"en_US","og_type":"article","og_title":"Specialized Equipment and Media Equipment Rental - Centre O3","og_description":"Given the range of events we welcome every year inside our infrastructures, we established an impressive stock of specialized equipment which we also rent for events that take place outside of our site. Whether it is to transform a factory into a reception hall or an outdoor space for a wedding or a reception, we [&hellip;]","og_url":"https:\/\/centreo3.com\/en\/services\/specialized-equipment-rental\/","og_site_name":"Centre O3","article_modified_time":"2023-10-03T11:35:49+00:00","twitter_card":"summary_large_image","twitter_misc":{"Est. reading time":"1 minute"},"schema":{"@context":"https:\/\/schema.org","@graph":[{"@type":"WebPage","@id":"https:\/\/centreo3.com\/en\/services\/specialized-equipment-rental\/","url":"https:\/\/centreo3.com\/en\/services\/specialized-equipment-rental\/","name":"Specialized Equipment and Media Equipment Rental - Centre O3","isPartOf":{"@id":"https:\/\/centreo3.com\/en\/#website"},"datePublished":"2023-09-26T14:42:02+00:00","dateModified":"2023-10-03T11:35:49+00:00","breadcrumb":{"@id":"https:\/\/centreo3.com\/en\/services\/specialized-equipment-rental\/#breadcrumb"},"inLanguage":"en-US","potentialAction":[{"@type":"ReadAction","target":["https:\/\/centreo3.com\/en\/services\/specialized-equipment-rental\/"]}]},{"@type":"BreadcrumbList","@id":"https:\/\/centreo3.com\/en\/services\/specialized-equipment-rental\/#breadcrumb","itemListElement":[{"@type":"ListItem","position":1,"name":"Accueil","item":"https:\/\/centreo3.com\/en\/"},{"@type":"ListItem","position":2,"name":"Services","item":"https:\/\/centreo3.com\/en\/services\/"},{"@type":"ListItem","position":3,"name":"Specialized Equipment and Media Equipment Rental"}]},{"@type":"WebSite","@id":"https:\/\/centreo3.com\/en\/#website","url":"https:\/\/centreo3.com\/en\/","name":"Centre O3","description":"Salles de r\u00e9ception et h\u00e9bergements pour \u00e9v\u00e9nements","publisher":{"@id":"https:\/\/centreo3.com\/en\/#organization"},"potentialAction":[{"@type":"SearchAction","target":{"@type":"EntryPoint","urlTemplate":"https:\/\/centreo3.com\/en\/?s={search_term_string}"},"query-input":{"@type":"PropertyValueSpecification","valueRequired":true,"valueName":"search_term_string"}}],"inLanguage":"en-US"},{"@type":"Organization","@id":"https:\/\/centreo3.com\/en\/#organization","name":"Centre O3","url":"https:\/\/centreo3.com\/en\/","logo":{"@type":"ImageObject","inLanguage":"en-US","@id":"https:\/\/centreo3.com\/en\/#\/schema\/logo\/image\/","url":"https:\/\/centreo3.com\/wp-content\/uploads\/2023\/09\/centreo3-logo.svg","contentUrl":"https:\/\/centreo3.com\/wp-content\/uploads\/2023\/09\/centreo3-logo.svg","caption":"Centre O3"},"image":{"@id":"https:\/\/centreo3.com\/en\/#\/schema\/logo\/image\/"}}]}},"_links":{"self":[{"href":"https:\/\/centreo3.com\/en\/wp-json\/wp\/v2\/pages\/691","targetHints":{"allow":["GET"]}}],"collection":[{"href":"https:\/\/centreo3.com\/en\/wp-json\/wp\/v2\/pages"}],"about":[{"href":"https:\/\/centreo3.com\/en\/wp-json\/wp\/v2\/types\/page"}],"author":[{"embeddable":true,"href":"https:\/\/centreo3.com\/en\/wp-json\/wp\/v2\/users\/1"}],"replies":[{"embeddable":true,"href":"https:\/\/centreo3.com\/en\/wp-json\/wp\/v2\/comments?post=691"}],"version-history":[{"count":1,"href":"https:\/\/centreo3.com\/en\/wp-json\/wp\/v2\/pages\/691\/revisions"}],"predecessor-version":[{"id":692,"href":"https:\/\/centreo3.com\/en\/wp-json\/wp\/v2\/pages\/691\/revisions\/692"}],"up":[{"embeddable":true,"href":"https:\/\/centreo3.com\/en\/wp-json\/wp\/v2\/pages\/690"}],"wp:attachment":[{"href":"https:\/\/centreo3.com\/en\/wp-json\/wp\/v2\/media?parent=691"}],"curies":[{"name":"wp","href":"https:\/\/api.w.org\/{rel}","templated":true}]}}