{"id":688,"date":"2023-09-26T10:42:22","date_gmt":"2023-09-26T14:42:22","guid":{"rendered":"https:\/\/centreo3.com\/what-to-do\/"},"modified":"2023-10-03T07:06:58","modified_gmt":"2023-10-03T11:06:58","slug":"what-to-do","status":"publish","type":"page","link":"https:\/\/centreo3.com\/en\/what-to-do\/","title":{"rendered":"What to do"},"content":{"rendered":"\t\t<div data-elementor-type=\"wp-page\" data-elementor-id=\"688\" class=\"elementor elementor-688 elementor-77\" data-elementor-post-type=\"page\">\n\t\t\t\t<div class=\"elementor-element elementor-element-9f4532d e-flex e-con-boxed e-con e-parent\" data-id=\"9f4532d\" data-element_type=\"container\" data-e-type=\"container\">\n\t\t\t\t\t<div class=\"e-con-inner\">\n\t\t\t\t<div class=\"elementor-element elementor-element-ec6d8f9 elementor-widget elementor-widget-text-editor\" data-id=\"ec6d8f9\" data-element_type=\"widget\" data-e-type=\"widget\" data-widget_type=\"text-editor.default\">\n\t\t\t\t<div class=\"elementor-widget-container\">\n\t\t\t\t\t\t\t\t\t<ol>\n<li aria-level=\"1\">In the vicinity of the O3 Center, you have the 3 lakes, with a municipal beach, a boat descent on site . Recreational lake for boating and fishing.<\/li>\n<li aria-level=\"1\">Paddleboard rental with FLOAT delivered directly on site a beautiful activity to do on the lakes of the territory.<\/li>\n<li aria-level=\"1\">Mine Observatory, Place de la Traverse: Observation site of the largest open pit mine in North America. <\/li>\n<li aria-level=\"1\">Val-des-Sources public market at the \u2018Place de la Traverse\u2019. <\/li>\n<li aria-level=\"1\">Moulin 7 Microbrewery<\/li>\n<li aria-level=\"1\">Mont Ham Regional Park <\/li>\n<li aria-level=\"1\">Le Ptit Bonheur de Saint-Camille <\/li>\n<li aria-level=\"1\">Le Festival des Gourmands<\/li>\n<li aria-level=\"1\">Royal Estrie Golf Club<\/li>\n<li aria-level=\"1\">Cross Country Skiing Club <\/li>\n<\/ol>\n<p>For agrotourism or more specific information we invite you to follow Tourisme des Sources <a href=\"https:\/\/tourismedessources.com\/\" target=\"_blank\" rel=\"noopener\">https:\/\/tourismedessources.com<\/a><\/p>\n\t\t\t\t\t\t\t\t<\/div>\n\t\t\t\t<\/div>\n\t\t\t\t\t<\/div>\n\t\t\t\t<\/div>\n\t\t\t\t<\/div>\n\t\t","protected":false},"excerpt":{"rendered":"<p>In the vicinity of the O3 Center, you have the 3 lakes, with a municipal beach, a boat descent on site . Recreational lake for boating and fishing. Paddleboard rental with FLOAT delivered directly on site a beautiful activity to do on the lakes of the territory. Mine Observatory, Place de la Traverse: Observation site [&hellip;]<\/p>\n","protected":false},"author":1,"featured_media":0,"parent":0,"menu_order":0,"comment_status":"closed","ping_status":"closed","template":"","meta":{"footnotes":""},"class_list":["post-688","page","type-page","status-publish","hentry"],"yoast_head":"<!-- This site is optimized with the Yoast SEO plugin v27.1.1 - https:\/\/yoast.com\/product\/yoast-seo-wordpress\/ -->\n<title>What to do - Centre O3<\/title>\n<meta name=\"robots\" content=\"index, follow, max-snippet:-1, max-image-preview:large, max-video-preview:-1\" \/>\n<link rel=\"canonical\" href=\"https:\/\/centreo3.com\/en\/what-to-do\/\" \/>\n<meta property=\"og:locale\" content=\"en_US\" \/>\n<meta property=\"og:type\" content=\"article\" \/>\n<meta property=\"og:title\" content=\"What to do - Centre O3\" \/>\n<meta property=\"og:description\" content=\"In the vicinity of the O3 Center, you have the 3 lakes, with a municipal beach, a boat descent on site . Recreational lake for boating and fishing. Paddleboard rental with FLOAT delivered directly on site a beautiful activity to do on the lakes of the territory. Mine Observatory, Place de la Traverse: Observation site [&hellip;]\" \/>\n<meta property=\"og:url\" content=\"https:\/\/centreo3.com\/en\/what-to-do\/\" \/>\n<meta property=\"og:site_name\" content=\"Centre O3\" \/>\n<meta property=\"article:modified_time\" content=\"2023-10-03T11:06:58+00:00\" \/>\n<meta name=\"twitter:card\" content=\"summary_large_image\" \/>\n<meta name=\"twitter:label1\" content=\"Est. reading time\" \/>\n\t<meta name=\"twitter:data1\" content=\"1 minute\" \/>\n<script type=\"application\/ld+json\" class=\"yoast-schema-graph\">{\"@context\":\"https:\/\/schema.org\",\"@graph\":[{\"@type\":\"WebPage\",\"@id\":\"https:\/\/centreo3.com\/en\/what-to-do\/\",\"url\":\"https:\/\/centreo3.com\/en\/what-to-do\/\",\"name\":\"What to do - Centre O3\",\"isPartOf\":{\"@id\":\"https:\/\/centreo3.com\/en\/#website\"},\"datePublished\":\"2023-09-26T14:42:22+00:00\",\"dateModified\":\"2023-10-03T11:06:58+00:00\",\"breadcrumb\":{\"@id\":\"https:\/\/centreo3.com\/en\/what-to-do\/#breadcrumb\"},\"inLanguage\":\"en-US\",\"potentialAction\":[{\"@type\":\"ReadAction\",\"target\":[\"https:\/\/centreo3.com\/en\/what-to-do\/\"]}]},{\"@type\":\"BreadcrumbList\",\"@id\":\"https:\/\/centreo3.com\/en\/what-to-do\/#breadcrumb\",\"itemListElement\":[{\"@type\":\"ListItem\",\"position\":1,\"name\":\"Accueil\",\"item\":\"https:\/\/centreo3.com\/en\/\"},{\"@type\":\"ListItem\",\"position\":2,\"name\":\"What to do\"}]},{\"@type\":\"WebSite\",\"@id\":\"https:\/\/centreo3.com\/en\/#website\",\"url\":\"https:\/\/centreo3.com\/en\/\",\"name\":\"Centre O3\",\"description\":\"Salles de r\u00e9ception et h\u00e9bergements pour \u00e9v\u00e9nements\",\"publisher\":{\"@id\":\"https:\/\/centreo3.com\/en\/#organization\"},\"potentialAction\":[{\"@type\":\"SearchAction\",\"target\":{\"@type\":\"EntryPoint\",\"urlTemplate\":\"https:\/\/centreo3.com\/en\/?s={search_term_string}\"},\"query-input\":{\"@type\":\"PropertyValueSpecification\",\"valueRequired\":true,\"valueName\":\"search_term_string\"}}],\"inLanguage\":\"en-US\"},{\"@type\":\"Organization\",\"@id\":\"https:\/\/centreo3.com\/en\/#organization\",\"name\":\"Centre O3\",\"url\":\"https:\/\/centreo3.com\/en\/\",\"logo\":{\"@type\":\"ImageObject\",\"inLanguage\":\"en-US\",\"@id\":\"https:\/\/centreo3.com\/en\/#\/schema\/logo\/image\/\",\"url\":\"https:\/\/centreo3.com\/wp-content\/uploads\/2023\/09\/centreo3-logo.svg\",\"contentUrl\":\"https:\/\/centreo3.com\/wp-content\/uploads\/2023\/09\/centreo3-logo.svg\",\"caption\":\"Centre O3\"},\"image\":{\"@id\":\"https:\/\/centreo3.com\/en\/#\/schema\/logo\/image\/\"}}]}<\/script>\n<!-- \/ Yoast SEO plugin. -->","yoast_head_json":{"title":"What to do - Centre O3","robots":{"index":"index","follow":"follow","max-snippet":"max-snippet:-1","max-image-preview":"max-image-preview:large","max-video-preview":"max-video-preview:-1"},"canonical":"https:\/\/centreo3.com\/en\/what-to-do\/","og_locale":"en_US","og_type":"article","og_title":"What to do - Centre O3","og_description":"In the vicinity of the O3 Center, you have the 3 lakes, with a municipal beach, a boat descent on site . Recreational lake for boating and fishing. Paddleboard rental with FLOAT delivered directly on site a beautiful activity to do on the lakes of the territory. Mine Observatory, Place de la Traverse: Observation site [&hellip;]","og_url":"https:\/\/centreo3.com\/en\/what-to-do\/","og_site_name":"Centre O3","article_modified_time":"2023-10-03T11:06:58+00:00","twitter_card":"summary_large_image","twitter_misc":{"Est. reading time":"1 minute"},"schema":{"@context":"https:\/\/schema.org","@graph":[{"@type":"WebPage","@id":"https:\/\/centreo3.com\/en\/what-to-do\/","url":"https:\/\/centreo3.com\/en\/what-to-do\/","name":"What to do - Centre O3","isPartOf":{"@id":"https:\/\/centreo3.com\/en\/#website"},"datePublished":"2023-09-26T14:42:22+00:00","dateModified":"2023-10-03T11:06:58+00:00","breadcrumb":{"@id":"https:\/\/centreo3.com\/en\/what-to-do\/#breadcrumb"},"inLanguage":"en-US","potentialAction":[{"@type":"ReadAction","target":["https:\/\/centreo3.com\/en\/what-to-do\/"]}]},{"@type":"BreadcrumbList","@id":"https:\/\/centreo3.com\/en\/what-to-do\/#breadcrumb","itemListElement":[{"@type":"ListItem","position":1,"name":"Accueil","item":"https:\/\/centreo3.com\/en\/"},{"@type":"ListItem","position":2,"name":"What to do"}]},{"@type":"WebSite","@id":"https:\/\/centreo3.com\/en\/#website","url":"https:\/\/centreo3.com\/en\/","name":"Centre O3","description":"Salles de r\u00e9ception et h\u00e9bergements pour \u00e9v\u00e9nements","publisher":{"@id":"https:\/\/centreo3.com\/en\/#organization"},"potentialAction":[{"@type":"SearchAction","target":{"@type":"EntryPoint","urlTemplate":"https:\/\/centreo3.com\/en\/?s={search_term_string}"},"query-input":{"@type":"PropertyValueSpecification","valueRequired":true,"valueName":"search_term_string"}}],"inLanguage":"en-US"},{"@type":"Organization","@id":"https:\/\/centreo3.com\/en\/#organization","name":"Centre O3","url":"https:\/\/centreo3.com\/en\/","logo":{"@type":"ImageObject","inLanguage":"en-US","@id":"https:\/\/centreo3.com\/en\/#\/schema\/logo\/image\/","url":"https:\/\/centreo3.com\/wp-content\/uploads\/2023\/09\/centreo3-logo.svg","contentUrl":"https:\/\/centreo3.com\/wp-content\/uploads\/2023\/09\/centreo3-logo.svg","caption":"Centre O3"},"image":{"@id":"https:\/\/centreo3.com\/en\/#\/schema\/logo\/image\/"}}]}},"_links":{"self":[{"href":"https:\/\/centreo3.com\/en\/wp-json\/wp\/v2\/pages\/688","targetHints":{"allow":["GET"]}}],"collection":[{"href":"https:\/\/centreo3.com\/en\/wp-json\/wp\/v2\/pages"}],"about":[{"href":"https:\/\/centreo3.com\/en\/wp-json\/wp\/v2\/types\/page"}],"author":[{"embeddable":true,"href":"https:\/\/centreo3.com\/en\/wp-json\/wp\/v2\/users\/1"}],"replies":[{"embeddable":true,"href":"https:\/\/centreo3.com\/en\/wp-json\/wp\/v2\/comments?post=688"}],"version-history":[{"count":1,"href":"https:\/\/centreo3.com\/en\/wp-json\/wp\/v2\/pages\/688\/revisions"}],"predecessor-version":[{"id":689,"href":"https:\/\/centreo3.com\/en\/wp-json\/wp\/v2\/pages\/688\/revisions\/689"}],"wp:attachment":[{"href":"https:\/\/centreo3.com\/en\/wp-json\/wp\/v2\/media?parent=688"}],"curies":[{"name":"wp","href":"https:\/\/api.w.org\/{rel}","templated":true}]}}