{"id":684,"date":"2023-09-26T10:40:05","date_gmt":"2023-09-26T14:40:05","guid":{"rendered":"https:\/\/centreo3.com\/room-rental\/"},"modified":"2023-10-03T07:03:01","modified_gmt":"2023-10-03T11:03:01","slug":"room-rental","status":"publish","type":"page","link":"https:\/\/centreo3.com\/en\/room-rental\/","title":{"rendered":"Room Rental"},"content":{"rendered":"\t\t<div data-elementor-type=\"wp-page\" data-elementor-id=\"684\" class=\"elementor elementor-684 elementor-67\" data-elementor-post-type=\"page\">\n\t\t\t\t<div class=\"elementor-element elementor-element-0dad4e0 e-con-full e-flex e-con e-parent\" data-id=\"0dad4e0\" data-element_type=\"container\" data-e-type=\"container\">\n\t\t\t\t<div class=\"elementor-element elementor-element-863ac6e elementor-widget elementor-widget-text-editor\" data-id=\"863ac6e\" data-element_type=\"widget\" data-e-type=\"widget\" data-widget_type=\"text-editor.default\">\n\t\t\t\t<div class=\"elementor-widget-container\">\n\t\t\t\t\t\t\t\t\t<p>The O3 Center has several reception venues for rent that are located close to each other and all accessible to people with reduced mobility. Our prices for a basic rental include tables and chairs according to the number of guests, the set-up and cleaning of the hall. We do not accept other catering services at O3 Center. All meals must be supplied by our onsite catering service. Once again, given the stream of possibilities that is offered to you, we invite you to communicate with us to discuss on the form that will satisfy and fit you best.<\/p>\n\t\t\t\t\t\t\t\t<\/div>\n\t\t\t\t<\/div>\n\t\t\t\t<\/div>\n\t\t<div class=\"elementor-element elementor-element-4036b74 e-flex e-con-boxed e-con e-parent\" data-id=\"4036b74\" data-element_type=\"container\" data-e-type=\"container\">\n\t\t\t\t\t<div class=\"e-con-inner\">\n\t\t<div class=\"elementor-element elementor-element-feb4420 e-con-full e-flex e-con e-child\" data-id=\"feb4420\" data-element_type=\"container\" data-e-type=\"container\">\n\t\t\t\t<div class=\"elementor-element elementor-element-aba4334 elementor-widget elementor-widget-image\" data-id=\"aba4334\" data-element_type=\"widget\" data-e-type=\"widget\" data-widget_type=\"image.default\">\n\t\t\t\t<div class=\"elementor-widget-container\">\n\t\t\t\t\t\t\t\t\t\t\t\t\t\t\t<img fetchpriority=\"high\" decoding=\"async\" width=\"500\" height=\"333\" src=\"https:\/\/centreo3.com\/wp-content\/uploads\/2023\/09\/1.jpg\" class=\"attachment-large size-large wp-image-372\" alt=\"\" srcset=\"https:\/\/centreo3.com\/wp-content\/uploads\/2023\/09\/1.jpg 500w, https:\/\/centreo3.com\/wp-content\/uploads\/2023\/09\/1-300x200.jpg 300w\" sizes=\"(max-width: 500px) 100vw, 500px\" \/>\t\t\t\t\t\t\t\t\t\t\t\t\t\t\t<\/div>\n\t\t\t\t<\/div>\n\t\t\t\t<\/div>\n\t\t<div class=\"elementor-element elementor-element-365b811 e-con-full e-flex e-con e-child\" data-id=\"365b811\" data-element_type=\"container\" data-e-type=\"container\">\n\t\t\t\t<div class=\"elementor-element elementor-element-7c38e74 elementor-widget elementor-widget-heading\" data-id=\"7c38e74\" data-element_type=\"widget\" data-e-type=\"widget\" data-widget_type=\"heading.default\">\n\t\t\t\t<div class=\"elementor-widget-container\">\n\t\t\t\t\t<h2 class=\"elementor-heading-title elementor-size-default\">Multifunctional Hall<\/h2>\t\t\t\t<\/div>\n\t\t\t\t<\/div>\n\t\t\t\t<div class=\"elementor-element elementor-element-8efd2cb elementor-widget elementor-widget-text-editor\" data-id=\"8efd2cb\" data-element_type=\"widget\" data-e-type=\"widget\" data-widget_type=\"text-editor.default\">\n\t\t\t\t<div class=\"elementor-widget-container\">\n\t\t\t\t\t\t\t\t\t<p><strong>Capacity : 700 persons<\/strong><\/p>\n<p>The Multifunctional hall distinguishes itself by its versatility and its cutting-edge technology. The hall is equipped with professional sound systems and lighting. The stage is removable and can be placed at various heights, from 2 to 4 feet. The stage space is 50 feet wide by 30 feet deep. The stage is surrounded with three comfortable changing rooms. The hall can welcome up to 700 people distributed in the folding terrace (216 seats) and cushioned chairs for the rest. A cloakroom, a bar service (included) and a ticket office come to complete the possibilities that offers the Multifunctional hall. It is the biggest air-conditioned hall in the region. Besides the holding of shows, the hall can be easily transformed for weddings, banquets or conferences. The Multifunctional hall wears very well its name, because it can be easily adapted to various renting needs.<\/p>\n\t\t\t\t\t\t\t\t<\/div>\n\t\t\t\t<\/div>\n\t\t<div class=\"elementor-element elementor-element-4372a44 e-flex e-con-boxed e-con e-child\" data-id=\"4372a44\" data-element_type=\"container\" data-e-type=\"container\">\n\t\t\t\t\t<div class=\"e-con-inner\">\n\t\t\t\t<div class=\"elementor-element elementor-element-f7e11a5 elementor-widget elementor-widget-button\" data-id=\"f7e11a5\" data-element_type=\"widget\" data-e-type=\"widget\" data-widget_type=\"button.default\">\n\t\t\t\t<div class=\"elementor-widget-container\">\n\t\t\t\t\t\t\t\t\t<div class=\"elementor-button-wrapper\">\n\t\t\t\t\t<a class=\"elementor-button elementor-button-link elementor-size-sm\" href=\"https:\/\/centreo3.com\/wp-content\/uploads\/2023\/09\/Plan_Multi.pdf\" target=\"_blank\">\n\t\t\t\t\t\t<span class=\"elementor-button-content-wrapper\">\n\t\t\t\t\t\t\t\t\t<span class=\"elementor-button-text\">Download the plan<\/span>\n\t\t\t\t\t<\/span>\n\t\t\t\t\t<\/a>\n\t\t\t\t<\/div>\n\t\t\t\t\t\t\t\t<\/div>\n\t\t\t\t<\/div>\n\t\t\t\t<div class=\"elementor-element elementor-element-d377ac9 elementor-widget elementor-widget-button\" data-id=\"d377ac9\" data-element_type=\"widget\" data-e-type=\"widget\" data-widget_type=\"button.default\">\n\t\t\t\t<div class=\"elementor-widget-container\">\n\t\t\t\t\t\t\t\t\t<div class=\"elementor-button-wrapper\">\n\t\t\t\t\t<a class=\"elementor-button elementor-button-link elementor-size-sm\" href=\"https:\/\/centreo3.com\/fr\/demander-une-soumission\/\">\n\t\t\t\t\t\t<span class=\"elementor-button-content-wrapper\">\n\t\t\t\t\t\t\t\t\t<span class=\"elementor-button-text\">Request a quote<\/span>\n\t\t\t\t\t<\/span>\n\t\t\t\t\t<\/a>\n\t\t\t\t<\/div>\n\t\t\t\t\t\t\t\t<\/div>\n\t\t\t\t<\/div>\n\t\t\t\t\t<\/div>\n\t\t\t\t<\/div>\n\t\t\t\t<\/div>\n\t\t\t\t\t<\/div>\n\t\t\t\t<\/div>\n\t\t<div class=\"elementor-element elementor-element-a6f4aa0 e-flex e-con-boxed e-con e-parent\" data-id=\"a6f4aa0\" data-element_type=\"container\" data-e-type=\"container\">\n\t\t\t\t\t<div class=\"e-con-inner\">\n\t\t<div class=\"elementor-element elementor-element-bca64f8 e-con-full e-flex e-con e-child\" data-id=\"bca64f8\" data-element_type=\"container\" data-e-type=\"container\">\n\t\t\t\t<div class=\"elementor-element elementor-element-2a80ba6 elementor-widget elementor-widget-image\" data-id=\"2a80ba6\" data-element_type=\"widget\" data-e-type=\"widget\" data-widget_type=\"image.default\">\n\t\t\t\t<div class=\"elementor-widget-container\">\n\t\t\t\t\t\t\t\t\t\t\t\t\t\t\t<img decoding=\"async\" width=\"600\" height=\"307\" src=\"https:\/\/centreo3.com\/wp-content\/uploads\/2023\/09\/salle-leo.jpg\" class=\"attachment-large size-large wp-image-378\" alt=\"\" srcset=\"https:\/\/centreo3.com\/wp-content\/uploads\/2023\/09\/salle-leo.jpg 600w, https:\/\/centreo3.com\/wp-content\/uploads\/2023\/09\/salle-leo-300x154.jpg 300w\" sizes=\"(max-width: 600px) 100vw, 600px\" \/>\t\t\t\t\t\t\t\t\t\t\t\t\t\t\t<\/div>\n\t\t\t\t<\/div>\n\t\t\t\t<\/div>\n\t\t<div class=\"elementor-element elementor-element-88be563 e-con-full e-flex e-con e-child\" data-id=\"88be563\" data-element_type=\"container\" data-e-type=\"container\">\n\t\t\t\t<div class=\"elementor-element elementor-element-5ba255f elementor-widget elementor-widget-heading\" data-id=\"5ba255f\" data-element_type=\"widget\" data-e-type=\"widget\" data-widget_type=\"heading.default\">\n\t\t\t\t<div class=\"elementor-widget-container\">\n\t\t\t\t\t<h2 class=\"elementor-heading-title elementor-size-default\">L\u00e9o Boucher Hall<\/h2>\t\t\t\t<\/div>\n\t\t\t\t<\/div>\n\t\t\t\t<div class=\"elementor-element elementor-element-5055750 elementor-widget elementor-widget-text-editor\" data-id=\"5055750\" data-element_type=\"widget\" data-e-type=\"widget\" data-widget_type=\"text-editor.default\">\n\t\t\t\t<div class=\"elementor-widget-container\">\n\t\t\t\t\t\t\t\t\t<p><strong>Capacity : 60 to 200 persons<\/strong><\/p>\n<p>This completely soundproofed hall contains 4 changing rooms, dance floor a stage, a kitchen and a bar. With a height of 10 foot ceilings and a capacity of 60 to 200 people, the Leo-Boucher hall is among the most appreciated of our halls. Its wooden walls confer a rural style appreciated for family celebrations, group meetings, weddings and many other events and gatherings. According to your preferences, round or rectangular tables for 8 people with cushioned chairs can be setup. In fact, the access to a vast turfed ground space is quite perfect for a summer afternoon amongst family and friends and even for an outdoor wedding. The Leo-Boucher is a hall with a wide number of uses which will know how to please you and fit your event.<\/p>\n\t\t\t\t\t\t\t\t<\/div>\n\t\t\t\t<\/div>\n\t\t<div class=\"elementor-element elementor-element-7242faf e-flex e-con-boxed e-con e-child\" data-id=\"7242faf\" data-element_type=\"container\" data-e-type=\"container\">\n\t\t\t\t\t<div class=\"e-con-inner\">\n\t\t\t\t<div class=\"elementor-element elementor-element-f43bf9a elementor-widget elementor-widget-button\" data-id=\"f43bf9a\" data-element_type=\"widget\" data-e-type=\"widget\" data-widget_type=\"button.default\">\n\t\t\t\t<div class=\"elementor-widget-container\">\n\t\t\t\t\t\t\t\t\t<div class=\"elementor-button-wrapper\">\n\t\t\t\t\t<a class=\"elementor-button elementor-button-link elementor-size-sm\" href=\"https:\/\/centreo3.com\/wp-content\/uploads\/2023\/09\/Plan_Salle_Leo_Boucher.pdf\" target=\"_blank\">\n\t\t\t\t\t\t<span class=\"elementor-button-content-wrapper\">\n\t\t\t\t\t\t\t\t\t<span class=\"elementor-button-text\">Download the plan<\/span>\n\t\t\t\t\t<\/span>\n\t\t\t\t\t<\/a>\n\t\t\t\t<\/div>\n\t\t\t\t\t\t\t\t<\/div>\n\t\t\t\t<\/div>\n\t\t\t\t<div class=\"elementor-element elementor-element-b39a906 elementor-widget elementor-widget-button\" data-id=\"b39a906\" data-element_type=\"widget\" data-e-type=\"widget\" data-widget_type=\"button.default\">\n\t\t\t\t<div class=\"elementor-widget-container\">\n\t\t\t\t\t\t\t\t\t<div class=\"elementor-button-wrapper\">\n\t\t\t\t\t<a class=\"elementor-button elementor-button-link elementor-size-sm\" href=\"https:\/\/centreo3.com\/fr\/demander-une-soumission\/\">\n\t\t\t\t\t\t<span class=\"elementor-button-content-wrapper\">\n\t\t\t\t\t\t\t\t\t<span class=\"elementor-button-text\">Request a quote<\/span>\n\t\t\t\t\t<\/span>\n\t\t\t\t\t<\/a>\n\t\t\t\t<\/div>\n\t\t\t\t\t\t\t\t<\/div>\n\t\t\t\t<\/div>\n\t\t\t\t\t<\/div>\n\t\t\t\t<\/div>\n\t\t\t\t<\/div>\n\t\t\t\t\t<\/div>\n\t\t\t\t<\/div>\n\t\t<div class=\"elementor-element elementor-element-5ac7750 e-flex e-con-boxed e-con e-parent\" data-id=\"5ac7750\" data-element_type=\"container\" data-e-type=\"container\">\n\t\t\t\t\t<div class=\"e-con-inner\">\n\t\t<div class=\"elementor-element elementor-element-3e7cd3c e-con-full e-flex e-con e-child\" data-id=\"3e7cd3c\" data-element_type=\"container\" data-e-type=\"container\">\n\t\t\t\t<div class=\"elementor-element elementor-element-641daa0 elementor-widget elementor-widget-image\" data-id=\"641daa0\" data-element_type=\"widget\" data-e-type=\"widget\" data-widget_type=\"image.default\">\n\t\t\t\t<div class=\"elementor-widget-container\">\n\t\t\t\t\t\t\t\t\t\t\t\t\t\t\t<img decoding=\"async\" width=\"500\" height=\"375\" src=\"https:\/\/centreo3.com\/wp-content\/uploads\/2023\/09\/IMG_2896_3.jpg\" class=\"attachment-large size-large wp-image-380\" alt=\"\" srcset=\"https:\/\/centreo3.com\/wp-content\/uploads\/2023\/09\/IMG_2896_3.jpg 500w, https:\/\/centreo3.com\/wp-content\/uploads\/2023\/09\/IMG_2896_3-300x225.jpg 300w\" sizes=\"(max-width: 500px) 100vw, 500px\" \/>\t\t\t\t\t\t\t\t\t\t\t\t\t\t\t<\/div>\n\t\t\t\t<\/div>\n\t\t\t\t<\/div>\n\t\t<div class=\"elementor-element elementor-element-ee44596 e-con-full e-flex e-con e-child\" data-id=\"ee44596\" data-element_type=\"container\" data-e-type=\"container\">\n\t\t\t\t<div class=\"elementor-element elementor-element-643d51d elementor-widget elementor-widget-heading\" data-id=\"643d51d\" data-element_type=\"widget\" data-e-type=\"widget\" data-widget_type=\"heading.default\">\n\t\t\t\t<div class=\"elementor-widget-container\">\n\t\t\t\t\t<h2 class=\"elementor-heading-title elementor-size-default\">D Hall<\/h2>\t\t\t\t<\/div>\n\t\t\t\t<\/div>\n\t\t\t\t<div class=\"elementor-element elementor-element-b5fd446 elementor-widget elementor-widget-text-editor\" data-id=\"b5fd446\" data-element_type=\"widget\" data-e-type=\"widget\" data-widget_type=\"text-editor.default\">\n\t\t\t\t<div class=\"elementor-widget-container\">\n\t\t\t\t\t\t\t\t\t<p><strong>Capacity : 20 to 70 persons<\/strong><\/p>\n<p>The D Hall is a very multi-purposed hall, but especially very popular thanks to its 10 neighboring hotel rooms. It can welcome from 20 to 70 people and has a cathedral ceiling and has abundant fenestration. It is equipped with rectangular tables for 8 people, with cushioned chairs, a functional kitchen with refrigerator and oven, a whiteboard and a projection screen. We can provide you with several other equipment such as: couches, rocking chairs, sound system, lighting, piano, and even an outdoor camp fire site. This hall is ideal for small groups such as families, corporate and spiritual groups. We invite you to communicate with us! It is with pleasure that we shall accompany you in the organization of your event.<\/p>\n\t\t\t\t\t\t\t\t<\/div>\n\t\t\t\t<\/div>\n\t\t<div class=\"elementor-element elementor-element-aae2d9f e-flex e-con-boxed e-con e-child\" data-id=\"aae2d9f\" data-element_type=\"container\" data-e-type=\"container\">\n\t\t\t\t\t<div class=\"e-con-inner\">\n\t\t\t\t<div class=\"elementor-element elementor-element-f9017c6 elementor-widget elementor-widget-button\" data-id=\"f9017c6\" data-element_type=\"widget\" data-e-type=\"widget\" data-widget_type=\"button.default\">\n\t\t\t\t<div class=\"elementor-widget-container\">\n\t\t\t\t\t\t\t\t\t<div class=\"elementor-button-wrapper\">\n\t\t\t\t\t<a class=\"elementor-button elementor-button-link elementor-size-sm\" href=\"https:\/\/centreo3.com\/fr\/demander-une-soumission\/\">\n\t\t\t\t\t\t<span class=\"elementor-button-content-wrapper\">\n\t\t\t\t\t\t\t\t\t<span class=\"elementor-button-text\">Request a quote<\/span>\n\t\t\t\t\t<\/span>\n\t\t\t\t\t<\/a>\n\t\t\t\t<\/div>\n\t\t\t\t\t\t\t\t<\/div>\n\t\t\t\t<\/div>\n\t\t\t\t\t<\/div>\n\t\t\t\t<\/div>\n\t\t\t\t<\/div>\n\t\t\t\t\t<\/div>\n\t\t\t\t<\/div>\n\t\t<div class=\"elementor-element elementor-element-cd4c46b e-flex e-con-boxed e-con e-parent\" data-id=\"cd4c46b\" data-element_type=\"container\" data-e-type=\"container\">\n\t\t\t\t\t<div class=\"e-con-inner\">\n\t\t<div class=\"elementor-element elementor-element-2f46c7f e-con-full e-flex e-con e-child\" data-id=\"2f46c7f\" data-element_type=\"container\" data-e-type=\"container\">\n\t\t\t\t<\/div>\n\t\t<div class=\"elementor-element elementor-element-881c5d4 e-con-full e-flex e-con e-child\" data-id=\"881c5d4\" data-element_type=\"container\" data-e-type=\"container\">\n\t\t\t\t<div class=\"elementor-element elementor-element-f1e42ef elementor-widget elementor-widget-heading\" data-id=\"f1e42ef\" data-element_type=\"widget\" data-e-type=\"widget\" data-widget_type=\"heading.default\">\n\t\t\t\t<div class=\"elementor-widget-container\">\n\t\t\t\t\t<h2 class=\"elementor-heading-title elementor-size-default\">G-17 Hall<\/h2>\t\t\t\t<\/div>\n\t\t\t\t<\/div>\n\t\t\t\t<div class=\"elementor-element elementor-element-cb1a6f6 elementor-widget elementor-widget-text-editor\" data-id=\"cb1a6f6\" data-element_type=\"widget\" data-e-type=\"widget\" data-widget_type=\"text-editor.default\">\n\t\t\t\t<div class=\"elementor-widget-container\">\n\t\t\t\t\t\t\t\t\t<p><strong>Capacity : 10 to 40 persons<\/strong><\/p>\n<p>The smallest of our halls, it can welcome from 10 to 40 people and is situated in a building containing 8 hotel rooms. Perfect for family meetings or between friends, the hall also includes access to picnic tables, a space for campfires, horseshoe games and a playground. It is equipped with rectangular tables for 8 people, cushioned chairs and a kitchen area. We can provide you with several other equipment such as: couches, rocking chairs, sound system, lighting, etc&#8230; We invite you to contact us for more information on the services that we can offer.<\/p>\n\t\t\t\t\t\t\t\t<\/div>\n\t\t\t\t<\/div>\n\t\t<div class=\"elementor-element elementor-element-fc15758 e-flex e-con-boxed e-con e-child\" data-id=\"fc15758\" data-element_type=\"container\" data-e-type=\"container\">\n\t\t\t\t\t<div class=\"e-con-inner\">\n\t\t\t\t<div class=\"elementor-element elementor-element-7167b28 elementor-widget elementor-widget-button\" data-id=\"7167b28\" data-element_type=\"widget\" data-e-type=\"widget\" data-widget_type=\"button.default\">\n\t\t\t\t<div class=\"elementor-widget-container\">\n\t\t\t\t\t\t\t\t\t<div class=\"elementor-button-wrapper\">\n\t\t\t\t\t<a class=\"elementor-button elementor-button-link elementor-size-sm\" href=\"https:\/\/centreo3.com\/fr\/demander-une-soumission\/\">\n\t\t\t\t\t\t<span class=\"elementor-button-content-wrapper\">\n\t\t\t\t\t\t\t\t\t<span class=\"elementor-button-text\">Request a quote<\/span>\n\t\t\t\t\t<\/span>\n\t\t\t\t\t<\/a>\n\t\t\t\t<\/div>\n\t\t\t\t\t\t\t\t<\/div>\n\t\t\t\t<\/div>\n\t\t\t\t\t<\/div>\n\t\t\t\t<\/div>\n\t\t\t\t<\/div>\n\t\t\t\t\t<\/div>\n\t\t\t\t<\/div>\n\t\t\t\t<\/div>\n\t\t","protected":false},"excerpt":{"rendered":"<p>The O3 Center has several reception venues for rent that are located close to each other and all accessible to people with reduced mobility. Our prices for a basic rental include tables and chairs according to the number of guests, the set-up and cleaning of the hall. We do not accept other catering services at [&hellip;]<\/p>\n","protected":false},"author":1,"featured_media":0,"parent":0,"menu_order":0,"comment_status":"closed","ping_status":"closed","template":"","meta":{"footnotes":""},"class_list":["post-684","page","type-page","status-publish","hentry"],"yoast_head":"<!-- This site is optimized with the Yoast SEO plugin v27.1.1 - https:\/\/yoast.com\/product\/yoast-seo-wordpress\/ -->\n<title>Room Rental - Centre O3<\/title>\n<meta name=\"robots\" content=\"index, follow, max-snippet:-1, max-image-preview:large, max-video-preview:-1\" \/>\n<link rel=\"canonical\" href=\"https:\/\/centreo3.com\/en\/room-rental\/\" \/>\n<meta property=\"og:locale\" content=\"en_US\" \/>\n<meta property=\"og:type\" content=\"article\" \/>\n<meta property=\"og:title\" content=\"Room Rental - Centre O3\" \/>\n<meta property=\"og:description\" content=\"The O3 Center has several reception venues for rent that are located close to each other and all accessible to people with reduced mobility. Our prices for a basic rental include tables and chairs according to the number of guests, the set-up and cleaning of the hall. We do not accept other catering services at [&hellip;]\" \/>\n<meta property=\"og:url\" content=\"https:\/\/centreo3.com\/en\/room-rental\/\" \/>\n<meta property=\"og:site_name\" content=\"Centre O3\" \/>\n<meta property=\"article:modified_time\" content=\"2023-10-03T11:03:01+00:00\" \/>\n<meta property=\"og:image\" content=\"https:\/\/centreo3.com\/wp-content\/uploads\/2023\/09\/1.jpg\" \/>\n<meta name=\"twitter:card\" content=\"summary_large_image\" \/>\n<meta name=\"twitter:label1\" content=\"Est. reading time\" \/>\n\t<meta name=\"twitter:data1\" content=\"3 minutes\" \/>\n<script type=\"application\/ld+json\" class=\"yoast-schema-graph\">{\"@context\":\"https:\/\/schema.org\",\"@graph\":[{\"@type\":\"WebPage\",\"@id\":\"https:\/\/centreo3.com\/en\/room-rental\/\",\"url\":\"https:\/\/centreo3.com\/en\/room-rental\/\",\"name\":\"Room Rental - Centre O3\",\"isPartOf\":{\"@id\":\"https:\/\/centreo3.com\/en\/#website\"},\"primaryImageOfPage\":{\"@id\":\"https:\/\/centreo3.com\/en\/room-rental\/#primaryimage\"},\"image\":{\"@id\":\"https:\/\/centreo3.com\/en\/room-rental\/#primaryimage\"},\"thumbnailUrl\":\"https:\/\/centreo3.com\/wp-content\/uploads\/2023\/09\/1.jpg\",\"datePublished\":\"2023-09-26T14:40:05+00:00\",\"dateModified\":\"2023-10-03T11:03:01+00:00\",\"breadcrumb\":{\"@id\":\"https:\/\/centreo3.com\/en\/room-rental\/#breadcrumb\"},\"inLanguage\":\"en-US\",\"potentialAction\":[{\"@type\":\"ReadAction\",\"target\":[\"https:\/\/centreo3.com\/en\/room-rental\/\"]}]},{\"@type\":\"ImageObject\",\"inLanguage\":\"en-US\",\"@id\":\"https:\/\/centreo3.com\/en\/room-rental\/#primaryimage\",\"url\":\"https:\/\/centreo3.com\/wp-content\/uploads\/2023\/09\/1.jpg\",\"contentUrl\":\"https:\/\/centreo3.com\/wp-content\/uploads\/2023\/09\/1.jpg\"},{\"@type\":\"BreadcrumbList\",\"@id\":\"https:\/\/centreo3.com\/en\/room-rental\/#breadcrumb\",\"itemListElement\":[{\"@type\":\"ListItem\",\"position\":1,\"name\":\"Accueil\",\"item\":\"https:\/\/centreo3.com\/en\/\"},{\"@type\":\"ListItem\",\"position\":2,\"name\":\"Room Rental\"}]},{\"@type\":\"WebSite\",\"@id\":\"https:\/\/centreo3.com\/en\/#website\",\"url\":\"https:\/\/centreo3.com\/en\/\",\"name\":\"Centre O3\",\"description\":\"Salles de r\u00e9ception et h\u00e9bergements pour \u00e9v\u00e9nements\",\"publisher\":{\"@id\":\"https:\/\/centreo3.com\/en\/#organization\"},\"potentialAction\":[{\"@type\":\"SearchAction\",\"target\":{\"@type\":\"EntryPoint\",\"urlTemplate\":\"https:\/\/centreo3.com\/en\/?s={search_term_string}\"},\"query-input\":{\"@type\":\"PropertyValueSpecification\",\"valueRequired\":true,\"valueName\":\"search_term_string\"}}],\"inLanguage\":\"en-US\"},{\"@type\":\"Organization\",\"@id\":\"https:\/\/centreo3.com\/en\/#organization\",\"name\":\"Centre O3\",\"url\":\"https:\/\/centreo3.com\/en\/\",\"logo\":{\"@type\":\"ImageObject\",\"inLanguage\":\"en-US\",\"@id\":\"https:\/\/centreo3.com\/en\/#\/schema\/logo\/image\/\",\"url\":\"https:\/\/centreo3.com\/wp-content\/uploads\/2023\/09\/centreo3-logo.svg\",\"contentUrl\":\"https:\/\/centreo3.com\/wp-content\/uploads\/2023\/09\/centreo3-logo.svg\",\"caption\":\"Centre O3\"},\"image\":{\"@id\":\"https:\/\/centreo3.com\/en\/#\/schema\/logo\/image\/\"}}]}<\/script>\n<!-- \/ Yoast SEO plugin. -->","yoast_head_json":{"title":"Room Rental - Centre O3","robots":{"index":"index","follow":"follow","max-snippet":"max-snippet:-1","max-image-preview":"max-image-preview:large","max-video-preview":"max-video-preview:-1"},"canonical":"https:\/\/centreo3.com\/en\/room-rental\/","og_locale":"en_US","og_type":"article","og_title":"Room Rental - Centre O3","og_description":"The O3 Center has several reception venues for rent that are located close to each other and all accessible to people with reduced mobility. Our prices for a basic rental include tables and chairs according to the number of guests, the set-up and cleaning of the hall. We do not accept other catering services at [&hellip;]","og_url":"https:\/\/centreo3.com\/en\/room-rental\/","og_site_name":"Centre O3","article_modified_time":"2023-10-03T11:03:01+00:00","og_image":[{"url":"https:\/\/centreo3.com\/wp-content\/uploads\/2023\/09\/1.jpg","type":"","width":"","height":""}],"twitter_card":"summary_large_image","twitter_misc":{"Est. reading time":"3 minutes"},"schema":{"@context":"https:\/\/schema.org","@graph":[{"@type":"WebPage","@id":"https:\/\/centreo3.com\/en\/room-rental\/","url":"https:\/\/centreo3.com\/en\/room-rental\/","name":"Room Rental - Centre O3","isPartOf":{"@id":"https:\/\/centreo3.com\/en\/#website"},"primaryImageOfPage":{"@id":"https:\/\/centreo3.com\/en\/room-rental\/#primaryimage"},"image":{"@id":"https:\/\/centreo3.com\/en\/room-rental\/#primaryimage"},"thumbnailUrl":"https:\/\/centreo3.com\/wp-content\/uploads\/2023\/09\/1.jpg","datePublished":"2023-09-26T14:40:05+00:00","dateModified":"2023-10-03T11:03:01+00:00","breadcrumb":{"@id":"https:\/\/centreo3.com\/en\/room-rental\/#breadcrumb"},"inLanguage":"en-US","potentialAction":[{"@type":"ReadAction","target":["https:\/\/centreo3.com\/en\/room-rental\/"]}]},{"@type":"ImageObject","inLanguage":"en-US","@id":"https:\/\/centreo3.com\/en\/room-rental\/#primaryimage","url":"https:\/\/centreo3.com\/wp-content\/uploads\/2023\/09\/1.jpg","contentUrl":"https:\/\/centreo3.com\/wp-content\/uploads\/2023\/09\/1.jpg"},{"@type":"BreadcrumbList","@id":"https:\/\/centreo3.com\/en\/room-rental\/#breadcrumb","itemListElement":[{"@type":"ListItem","position":1,"name":"Accueil","item":"https:\/\/centreo3.com\/en\/"},{"@type":"ListItem","position":2,"name":"Room Rental"}]},{"@type":"WebSite","@id":"https:\/\/centreo3.com\/en\/#website","url":"https:\/\/centreo3.com\/en\/","name":"Centre O3","description":"Salles de r\u00e9ception et h\u00e9bergements pour \u00e9v\u00e9nements","publisher":{"@id":"https:\/\/centreo3.com\/en\/#organization"},"potentialAction":[{"@type":"SearchAction","target":{"@type":"EntryPoint","urlTemplate":"https:\/\/centreo3.com\/en\/?s={search_term_string}"},"query-input":{"@type":"PropertyValueSpecification","valueRequired":true,"valueName":"search_term_string"}}],"inLanguage":"en-US"},{"@type":"Organization","@id":"https:\/\/centreo3.com\/en\/#organization","name":"Centre O3","url":"https:\/\/centreo3.com\/en\/","logo":{"@type":"ImageObject","inLanguage":"en-US","@id":"https:\/\/centreo3.com\/en\/#\/schema\/logo\/image\/","url":"https:\/\/centreo3.com\/wp-content\/uploads\/2023\/09\/centreo3-logo.svg","contentUrl":"https:\/\/centreo3.com\/wp-content\/uploads\/2023\/09\/centreo3-logo.svg","caption":"Centre O3"},"image":{"@id":"https:\/\/centreo3.com\/en\/#\/schema\/logo\/image\/"}}]}},"_links":{"self":[{"href":"https:\/\/centreo3.com\/en\/wp-json\/wp\/v2\/pages\/684","targetHints":{"allow":["GET"]}}],"collection":[{"href":"https:\/\/centreo3.com\/en\/wp-json\/wp\/v2\/pages"}],"about":[{"href":"https:\/\/centreo3.com\/en\/wp-json\/wp\/v2\/types\/page"}],"author":[{"embeddable":true,"href":"https:\/\/centreo3.com\/en\/wp-json\/wp\/v2\/users\/1"}],"replies":[{"embeddable":true,"href":"https:\/\/centreo3.com\/en\/wp-json\/wp\/v2\/comments?post=684"}],"version-history":[{"count":1,"href":"https:\/\/centreo3.com\/en\/wp-json\/wp\/v2\/pages\/684\/revisions"}],"predecessor-version":[{"id":685,"href":"https:\/\/centreo3.com\/en\/wp-json\/wp\/v2\/pages\/684\/revisions\/685"}],"wp:attachment":[{"href":"https:\/\/centreo3.com\/en\/wp-json\/wp\/v2\/media?parent=684"}],"curies":[{"name":"wp","href":"https:\/\/api.w.org\/{rel}","templated":true}]}}