{"id":676,"date":"2023-09-26T10:40:26","date_gmt":"2023-09-26T14:40:26","guid":{"rendered":"https:\/\/centreo3.com\/accomodations\/"},"modified":"2023-10-03T06:53:28","modified_gmt":"2023-10-03T10:53:28","slug":"accomodations","status":"publish","type":"page","link":"https:\/\/centreo3.com\/en\/accomodations\/","title":{"rendered":"Accomodations"},"content":{"rendered":"\t\t<div data-elementor-type=\"wp-page\" data-elementor-id=\"676\" class=\"elementor elementor-676 elementor-69\" data-elementor-post-type=\"page\">\n\t\t\t\t<div class=\"elementor-element elementor-element-0266e22 e-con-full e-flex e-con e-parent\" data-id=\"0266e22\" data-element_type=\"container\" data-e-type=\"container\">\n\t\t\t\t<div class=\"elementor-element elementor-element-9ca57c3 elementor-widget elementor-widget-text-editor\" data-id=\"9ca57c3\" data-element_type=\"widget\" data-e-type=\"widget\" data-widget_type=\"text-editor.default\">\n\t\t\t\t<div class=\"elementor-widget-container\">\n\t\t\t\t\t\t\t\t\t<p>The 03 Center possesses the biggest capacity of accommodations in the MRC des Sources. We propose several types of accommodation which can be rented with receptions hall that will undoubtedly know how to meet your needs.<\/p>\n<p>Price: $100\/night in double occupancy and $5\/person additional in the room. <\/p>\n<p>Our rooms are distributed on the site in several buildings:<\/p>\n\t\t\t\t\t\t\t\t<\/div>\n\t\t\t\t<\/div>\n\t\t\t\t<\/div>\n\t\t<div class=\"elementor-element elementor-element-b1357ed e-flex e-con-boxed e-con e-parent\" data-id=\"b1357ed\" data-element_type=\"container\" data-e-type=\"container\">\n\t\t\t\t\t<div class=\"e-con-inner\">\n\t\t<div class=\"elementor-element elementor-element-091c51f e-con-full e-flex e-con e-child\" data-id=\"091c51f\" data-element_type=\"container\" data-e-type=\"container\">\n\t\t\t\t<div class=\"elementor-element elementor-element-170a0d5 elementor-widget elementor-widget-image\" data-id=\"170a0d5\" data-element_type=\"widget\" data-e-type=\"widget\" data-widget_type=\"image.default\">\n\t\t\t\t<div class=\"elementor-widget-container\">\n\t\t\t\t\t\t\t\t\t\t\t\t\t\t\t<img fetchpriority=\"high\" decoding=\"async\" width=\"600\" height=\"400\" src=\"https:\/\/centreo3.com\/wp-content\/uploads\/2023\/09\/bloc-d.jpg\" class=\"attachment-large size-large wp-image-421\" alt=\"\" srcset=\"https:\/\/centreo3.com\/wp-content\/uploads\/2023\/09\/bloc-d.jpg 600w, https:\/\/centreo3.com\/wp-content\/uploads\/2023\/09\/bloc-d-300x200.jpg 300w\" sizes=\"(max-width: 600px) 100vw, 600px\" \/>\t\t\t\t\t\t\t\t\t\t\t\t\t\t\t<\/div>\n\t\t\t\t<\/div>\n\t\t\t\t<\/div>\n\t\t<div class=\"elementor-element elementor-element-2595327 e-con-full e-flex e-con e-child\" data-id=\"2595327\" data-element_type=\"container\" data-e-type=\"container\">\n\t\t\t\t<div class=\"elementor-element elementor-element-0c65847 elementor-widget elementor-widget-heading\" data-id=\"0c65847\" data-element_type=\"widget\" data-e-type=\"widget\" data-widget_type=\"heading.default\">\n\t\t\t\t<div class=\"elementor-widget-container\">\n\t\t\t\t\t<h2 class=\"elementor-heading-title elementor-size-default\">D Complex<\/h2>\t\t\t\t<\/div>\n\t\t\t\t<\/div>\n\t\t\t\t<div class=\"elementor-element elementor-element-c1dc2dd elementor-widget elementor-widget-text-editor\" data-id=\"c1dc2dd\" data-element_type=\"widget\" data-e-type=\"widget\" data-widget_type=\"text-editor.default\">\n\t\t\t\t<div class=\"elementor-widget-container\">\n\t\t\t\t\t\t\t\t\t<p>This building has 10 hotel rooms communicating all by the inside. Every room is equipped with two queen beds, a refrigerator and a private bathroom. All the bedding is included. Furthermore, the building also contains a reception hall in one of its extremities: you can thus circulate room to room without ever having to go out outside.<\/p>\n\t\t\t\t\t\t\t\t<\/div>\n\t\t\t\t<\/div>\n\t\t<div class=\"elementor-element elementor-element-0e6cf78 e-flex e-con-boxed e-con e-child\" data-id=\"0e6cf78\" data-element_type=\"container\" data-e-type=\"container\">\n\t\t\t\t\t<div class=\"e-con-inner\">\n\t\t\t\t\t<\/div>\n\t\t\t\t<\/div>\n\t\t\t\t<\/div>\n\t\t\t\t\t<\/div>\n\t\t\t\t<\/div>\n\t\t<div class=\"elementor-element elementor-element-1ca84e0 e-flex e-con-boxed e-con e-parent\" data-id=\"1ca84e0\" data-element_type=\"container\" data-e-type=\"container\">\n\t\t\t\t\t<div class=\"e-con-inner\">\n\t\t<div class=\"elementor-element elementor-element-537cb64 e-con-full e-flex e-con e-child\" data-id=\"537cb64\" data-element_type=\"container\" data-e-type=\"container\">\n\t\t\t\t<div class=\"elementor-element elementor-element-49337e0 elementor-widget elementor-widget-image\" data-id=\"49337e0\" data-element_type=\"widget\" data-e-type=\"widget\" data-widget_type=\"image.default\">\n\t\t\t\t<div class=\"elementor-widget-container\">\n\t\t\t\t\t\t\t\t\t\t\t\t\t\t\t<img decoding=\"async\" width=\"600\" height=\"400\" src=\"https:\/\/centreo3.com\/wp-content\/uploads\/2023\/09\/bloc-a-b.jpg\" class=\"attachment-large size-large wp-image-425\" alt=\"\" srcset=\"https:\/\/centreo3.com\/wp-content\/uploads\/2023\/09\/bloc-a-b.jpg 600w, https:\/\/centreo3.com\/wp-content\/uploads\/2023\/09\/bloc-a-b-300x200.jpg 300w\" sizes=\"(max-width: 600px) 100vw, 600px\" \/>\t\t\t\t\t\t\t\t\t\t\t\t\t\t\t<\/div>\n\t\t\t\t<\/div>\n\t\t\t\t<\/div>\n\t\t<div class=\"elementor-element elementor-element-480c80a e-con-full e-flex e-con e-child\" data-id=\"480c80a\" data-element_type=\"container\" data-e-type=\"container\">\n\t\t\t\t<div class=\"elementor-element elementor-element-bb87837 elementor-widget elementor-widget-heading\" data-id=\"bb87837\" data-element_type=\"widget\" data-e-type=\"widget\" data-widget_type=\"heading.default\">\n\t\t\t\t<div class=\"elementor-widget-container\">\n\t\t\t\t\t<h2 class=\"elementor-heading-title elementor-size-default\">A and B Complex<\/h2>\t\t\t\t<\/div>\n\t\t\t\t<\/div>\n\t\t\t\t<div class=\"elementor-element elementor-element-cb3f3c7 elementor-widget elementor-widget-text-editor\" data-id=\"cb3f3c7\" data-element_type=\"widget\" data-e-type=\"widget\" data-widget_type=\"text-editor.default\">\n\t\t\t\t<div class=\"elementor-widget-container\">\n\t\t\t\t\t\t\t\t\t<p>These buildings each have 6 hotel rooms equipped with a double bed, with a single bed and a couch-bed. All the bedding is included. Every room has its private bathroom, a kitchen area as well as a kitchen table for 4 people. These rooms are quite ideal for long stays or for families. During the summer, every room has access to a picnic table.<\/p>\n\t\t\t\t\t\t\t\t<\/div>\n\t\t\t\t<\/div>\n\t\t<div class=\"elementor-element elementor-element-dd66015 e-flex e-con-boxed e-con e-child\" data-id=\"dd66015\" data-element_type=\"container\" data-e-type=\"container\">\n\t\t\t\t\t<div class=\"e-con-inner\">\n\t\t\t\t\t<\/div>\n\t\t\t\t<\/div>\n\t\t\t\t<\/div>\n\t\t\t\t\t<\/div>\n\t\t\t\t<\/div>\n\t\t<div class=\"elementor-element elementor-element-20165e7 e-flex e-con-boxed e-con e-parent\" data-id=\"20165e7\" data-element_type=\"container\" data-e-type=\"container\">\n\t\t\t\t\t<div class=\"e-con-inner\">\n\t\t<div class=\"elementor-element elementor-element-c310f7c e-con-full e-flex e-con e-child\" data-id=\"c310f7c\" data-element_type=\"container\" data-e-type=\"container\">\n\t\t\t\t<div class=\"elementor-element elementor-element-f6c4142 elementor-widget elementor-widget-image\" data-id=\"f6c4142\" data-element_type=\"widget\" data-e-type=\"widget\" data-widget_type=\"image.default\">\n\t\t\t\t<div class=\"elementor-widget-container\">\n\t\t\t\t\t\t\t\t\t\t\t\t\t\t\t<img decoding=\"async\" width=\"600\" height=\"400\" src=\"https:\/\/centreo3.com\/wp-content\/uploads\/2023\/09\/bloc-c.jpg\" class=\"attachment-large size-large wp-image-427\" alt=\"\" srcset=\"https:\/\/centreo3.com\/wp-content\/uploads\/2023\/09\/bloc-c.jpg 600w, https:\/\/centreo3.com\/wp-content\/uploads\/2023\/09\/bloc-c-300x200.jpg 300w\" sizes=\"(max-width: 600px) 100vw, 600px\" \/>\t\t\t\t\t\t\t\t\t\t\t\t\t\t\t<\/div>\n\t\t\t\t<\/div>\n\t\t\t\t<\/div>\n\t\t<div class=\"elementor-element elementor-element-925f934 e-con-full e-flex e-con e-child\" data-id=\"925f934\" data-element_type=\"container\" data-e-type=\"container\">\n\t\t\t\t<div class=\"elementor-element elementor-element-44fc224 elementor-widget elementor-widget-heading\" data-id=\"44fc224\" data-element_type=\"widget\" data-e-type=\"widget\" data-widget_type=\"heading.default\">\n\t\t\t\t<div class=\"elementor-widget-container\">\n\t\t\t\t\t<h2 class=\"elementor-heading-title elementor-size-default\">C Complex<\/h2>\t\t\t\t<\/div>\n\t\t\t\t<\/div>\n\t\t\t\t<div class=\"elementor-element elementor-element-ad4270f elementor-widget elementor-widget-text-editor\" data-id=\"ad4270f\" data-element_type=\"widget\" data-e-type=\"widget\" data-widget_type=\"text-editor.default\">\n\t\t\t\t<div class=\"elementor-widget-container\">\n\t\t\t\t\t\t\t\t\t<p>This building offers 8 rooms each equipped of a double bed, a single bed and a couch-bed. All the bedding is included. Every room also has its private bathroom, a kitchen area as well as a kitchen table for 4 people. The G-17 hall which is in the middle of the building serves as a meeting place which make the C Complex the ideal accommodation for long stays or for families. During the summer, every room has access to a picnic table.<\/p>\n\t\t\t\t\t\t\t\t<\/div>\n\t\t\t\t<\/div>\n\t\t<div class=\"elementor-element elementor-element-5471c57 e-flex e-con-boxed e-con e-child\" data-id=\"5471c57\" data-element_type=\"container\" data-e-type=\"container\">\n\t\t\t\t\t<div class=\"e-con-inner\">\n\t\t\t\t\t<\/div>\n\t\t\t\t<\/div>\n\t\t\t\t<\/div>\n\t\t\t\t\t<\/div>\n\t\t\t\t<\/div>\n\t\t<div class=\"elementor-element elementor-element-84222b2 e-flex e-con-boxed e-con e-parent\" data-id=\"84222b2\" data-element_type=\"container\" data-e-type=\"container\">\n\t\t\t\t\t<div class=\"e-con-inner\">\n\t\t<div class=\"elementor-element elementor-element-7b8e67f e-con-full e-flex e-con e-child\" data-id=\"7b8e67f\" data-element_type=\"container\" data-e-type=\"container\">\n\t\t\t\t<div class=\"elementor-element elementor-element-45baf77 elementor-widget elementor-widget-image\" data-id=\"45baf77\" data-element_type=\"widget\" data-e-type=\"widget\" data-widget_type=\"image.default\">\n\t\t\t\t<div class=\"elementor-widget-container\">\n\t\t\t\t\t\t\t\t\t\t\t\t\t\t\t<img loading=\"lazy\" decoding=\"async\" width=\"600\" height=\"402\" src=\"https:\/\/centreo3.com\/wp-content\/uploads\/2023\/09\/residence.jpg\" class=\"attachment-large size-large wp-image-429\" alt=\"\" srcset=\"https:\/\/centreo3.com\/wp-content\/uploads\/2023\/09\/residence.jpg 600w, https:\/\/centreo3.com\/wp-content\/uploads\/2023\/09\/residence-300x201.jpg 300w\" sizes=\"(max-width: 600px) 100vw, 600px\" \/>\t\t\t\t\t\t\t\t\t\t\t\t\t\t\t<\/div>\n\t\t\t\t<\/div>\n\t\t\t\t<\/div>\n\t\t<div class=\"elementor-element elementor-element-b2b8bb1 e-con-full e-flex e-con e-child\" data-id=\"b2b8bb1\" data-element_type=\"container\" data-e-type=\"container\">\n\t\t\t\t<div class=\"elementor-element elementor-element-cd72607 elementor-widget elementor-widget-heading\" data-id=\"cd72607\" data-element_type=\"widget\" data-e-type=\"widget\" data-widget_type=\"heading.default\">\n\t\t\t\t<div class=\"elementor-widget-container\">\n\t\t\t\t\t<h2 class=\"elementor-heading-title elementor-size-default\">Residence<\/h2>\t\t\t\t<\/div>\n\t\t\t\t<\/div>\n\t\t\t\t<div class=\"elementor-element elementor-element-ca77a56 elementor-widget elementor-widget-text-editor\" data-id=\"ca77a56\" data-element_type=\"widget\" data-e-type=\"widget\" data-widget_type=\"text-editor.default\">\n\t\t\t\t<div class=\"elementor-widget-container\">\n\t\t\t\t\t\t\t\t\t<p>The residence is a big building which can accommodate 108 people. It\u2019s composed of 24 rooms distributed in 3 wings. Every wing has 4 showers, 4 toilets and 4 sinks. Furthermore, every wing consists of 6 rooms containing 2 bunk beds (4 people) and 2 rooms containing 3 bunk bed (6 people) for a total of 36 people per wing. Also inside the building is a hall that can welcome 100 people and is equipped with a kitchen area with refrigerator and oven as well as with rectangular tables and chairs. Ideal building for school groups, scouts, children&#8217;s choirs, religious groups, youth, etc. The residence offers thousand and one possibilities! We invite you to get in touch with us for more information.<\/p>\n\t\t\t\t\t\t\t\t<\/div>\n\t\t\t\t<\/div>\n\t\t<div class=\"elementor-element elementor-element-c8b44f9 e-flex e-con-boxed e-con e-child\" data-id=\"c8b44f9\" data-element_type=\"container\" data-e-type=\"container\">\n\t\t\t\t\t<div class=\"e-con-inner\">\n\t\t\t\t<div class=\"elementor-element elementor-element-1e73909 elementor-widget elementor-widget-button\" data-id=\"1e73909\" data-element_type=\"widget\" data-e-type=\"widget\" data-widget_type=\"button.default\">\n\t\t\t\t<div class=\"elementor-widget-container\">\n\t\t\t\t\t\t\t\t\t<div class=\"elementor-button-wrapper\">\n\t\t\t\t\t<a class=\"elementor-button elementor-button-link elementor-size-sm\" href=\"https:\/\/centreo3.com\/wp-content\/uploads\/2023\/09\/plan-residence.pdf\" target=\"_blank\">\n\t\t\t\t\t\t<span class=\"elementor-button-content-wrapper\">\n\t\t\t\t\t\t\t\t\t<span class=\"elementor-button-text\">Download the plan<\/span>\n\t\t\t\t\t<\/span>\n\t\t\t\t\t<\/a>\n\t\t\t\t<\/div>\n\t\t\t\t\t\t\t\t<\/div>\n\t\t\t\t<\/div>\n\t\t\t\t<div class=\"elementor-element elementor-element-864cda8 elementor-widget elementor-widget-button\" data-id=\"864cda8\" data-element_type=\"widget\" data-e-type=\"widget\" data-widget_type=\"button.default\">\n\t\t\t\t<div class=\"elementor-widget-container\">\n\t\t\t\t\t\t\t\t\t<div class=\"elementor-button-wrapper\">\n\t\t\t\t\t<a class=\"elementor-button elementor-button-link elementor-size-sm\" href=\"https:\/\/centreo3.com\/fr\/demander-une-soumission\/\" target=\"_blank\">\n\t\t\t\t\t\t<span class=\"elementor-button-content-wrapper\">\n\t\t\t\t\t\t\t\t\t<span class=\"elementor-button-text\">Request a quote<\/span>\n\t\t\t\t\t<\/span>\n\t\t\t\t\t<\/a>\n\t\t\t\t<\/div>\n\t\t\t\t\t\t\t\t<\/div>\n\t\t\t\t<\/div>\n\t\t\t\t\t<\/div>\n\t\t\t\t<\/div>\n\t\t\t\t<\/div>\n\t\t\t\t\t<\/div>\n\t\t\t\t<\/div>\n\t\t<div class=\"elementor-element elementor-element-8995dee e-flex e-con-boxed e-con e-parent\" data-id=\"8995dee\" data-element_type=\"container\" data-e-type=\"container\">\n\t\t\t\t\t<div class=\"e-con-inner\">\n\t\t<div class=\"elementor-element elementor-element-c83f70c e-con-full e-flex e-con e-child\" data-id=\"c83f70c\" data-element_type=\"container\" data-e-type=\"container\">\n\t\t\t\t<\/div>\n\t\t<div class=\"elementor-element elementor-element-871d5b3 e-con-full e-flex e-con e-child\" data-id=\"871d5b3\" data-element_type=\"container\" data-e-type=\"container\">\n\t\t\t\t<div class=\"elementor-element elementor-element-8bcdd3b elementor-widget elementor-widget-heading\" data-id=\"8bcdd3b\" data-element_type=\"widget\" data-e-type=\"widget\" data-widget_type=\"heading.default\">\n\t\t\t\t<div class=\"elementor-widget-container\">\n\t\t\t\t\t<h2 class=\"elementor-heading-title elementor-size-default\">Camp grounds and RV parking<\/h2>\t\t\t\t<\/div>\n\t\t\t\t<\/div>\n\t\t\t\t<div class=\"elementor-element elementor-element-8733031 elementor-widget elementor-widget-text-editor\" data-id=\"8733031\" data-element_type=\"widget\" data-e-type=\"widget\" data-widget_type=\"text-editor.default\">\n\t\t\t\t<div class=\"elementor-widget-container\">\n\t\t\t\t\t\t\t\t\t<p>The 03 Center possesses a dozen campsites with 3 services situated directly on the site. Furthermore, we have a very big accommodation ground for RV groups with access to water, electricity and a draining station on the site, which makes it a stop of preference for the RV associations that travel everywhere in Quebec. With our various rented halls, your gathering will never have been so simple to organize. Price upon request. <\/p>\n\t\t\t\t\t\t\t\t<\/div>\n\t\t\t\t<\/div>\n\t\t\t\t<\/div>\n\t\t\t\t\t<\/div>\n\t\t\t\t<\/div>\n\t\t\t\t<\/div>\n\t\t","protected":false},"excerpt":{"rendered":"<p>The 03 Center possesses the biggest capacity of accommodations in the MRC des Sources. We propose several types of accommodation which can be rented with receptions hall that will undoubtedly know how to meet your needs. Price: $100\/night in double occupancy and $5\/person additional in the room. Our rooms are distributed on the site in [&hellip;]<\/p>\n","protected":false},"author":1,"featured_media":0,"parent":0,"menu_order":0,"comment_status":"closed","ping_status":"closed","template":"","meta":{"footnotes":""},"class_list":["post-676","page","type-page","status-publish","hentry"],"yoast_head":"<!-- This site is optimized with the Yoast SEO plugin v27.1.1 - https:\/\/yoast.com\/product\/yoast-seo-wordpress\/ -->\n<title>Accomodations - Centre O3<\/title>\n<meta name=\"robots\" content=\"index, follow, max-snippet:-1, max-image-preview:large, max-video-preview:-1\" \/>\n<link rel=\"canonical\" href=\"https:\/\/centreo3.com\/en\/accomodations\/\" \/>\n<meta property=\"og:locale\" content=\"en_US\" \/>\n<meta property=\"og:type\" content=\"article\" \/>\n<meta property=\"og:title\" content=\"Accomodations - Centre O3\" \/>\n<meta property=\"og:description\" content=\"The 03 Center possesses the biggest capacity of accommodations in the MRC des Sources. We propose several types of accommodation which can be rented with receptions hall that will undoubtedly know how to meet your needs. Price: $100\/night in double occupancy and $5\/person additional in the room. Our rooms are distributed on the site in [&hellip;]\" \/>\n<meta property=\"og:url\" content=\"https:\/\/centreo3.com\/en\/accomodations\/\" \/>\n<meta property=\"og:site_name\" content=\"Centre O3\" \/>\n<meta property=\"article:modified_time\" content=\"2023-10-03T10:53:28+00:00\" \/>\n<meta property=\"og:image\" content=\"https:\/\/centreo3.com\/wp-content\/uploads\/2023\/09\/bloc-d.jpg\" \/>\n<meta name=\"twitter:card\" content=\"summary_large_image\" \/>\n<meta name=\"twitter:label1\" content=\"Est. reading time\" \/>\n\t<meta name=\"twitter:data1\" content=\"2 minutes\" \/>\n<script type=\"application\/ld+json\" class=\"yoast-schema-graph\">{\"@context\":\"https:\/\/schema.org\",\"@graph\":[{\"@type\":\"WebPage\",\"@id\":\"https:\/\/centreo3.com\/en\/accomodations\/\",\"url\":\"https:\/\/centreo3.com\/en\/accomodations\/\",\"name\":\"Accomodations - Centre O3\",\"isPartOf\":{\"@id\":\"https:\/\/centreo3.com\/en\/#website\"},\"primaryImageOfPage\":{\"@id\":\"https:\/\/centreo3.com\/en\/accomodations\/#primaryimage\"},\"image\":{\"@id\":\"https:\/\/centreo3.com\/en\/accomodations\/#primaryimage\"},\"thumbnailUrl\":\"https:\/\/centreo3.com\/wp-content\/uploads\/2023\/09\/bloc-d.jpg\",\"datePublished\":\"2023-09-26T14:40:26+00:00\",\"dateModified\":\"2023-10-03T10:53:28+00:00\",\"breadcrumb\":{\"@id\":\"https:\/\/centreo3.com\/en\/accomodations\/#breadcrumb\"},\"inLanguage\":\"en-US\",\"potentialAction\":[{\"@type\":\"ReadAction\",\"target\":[\"https:\/\/centreo3.com\/en\/accomodations\/\"]}]},{\"@type\":\"ImageObject\",\"inLanguage\":\"en-US\",\"@id\":\"https:\/\/centreo3.com\/en\/accomodations\/#primaryimage\",\"url\":\"https:\/\/centreo3.com\/wp-content\/uploads\/2023\/09\/bloc-d.jpg\",\"contentUrl\":\"https:\/\/centreo3.com\/wp-content\/uploads\/2023\/09\/bloc-d.jpg\"},{\"@type\":\"BreadcrumbList\",\"@id\":\"https:\/\/centreo3.com\/en\/accomodations\/#breadcrumb\",\"itemListElement\":[{\"@type\":\"ListItem\",\"position\":1,\"name\":\"Accueil\",\"item\":\"https:\/\/centreo3.com\/en\/\"},{\"@type\":\"ListItem\",\"position\":2,\"name\":\"Accomodations\"}]},{\"@type\":\"WebSite\",\"@id\":\"https:\/\/centreo3.com\/en\/#website\",\"url\":\"https:\/\/centreo3.com\/en\/\",\"name\":\"Centre O3\",\"description\":\"Salles de r\u00e9ception et h\u00e9bergements pour \u00e9v\u00e9nements\",\"publisher\":{\"@id\":\"https:\/\/centreo3.com\/en\/#organization\"},\"potentialAction\":[{\"@type\":\"SearchAction\",\"target\":{\"@type\":\"EntryPoint\",\"urlTemplate\":\"https:\/\/centreo3.com\/en\/?s={search_term_string}\"},\"query-input\":{\"@type\":\"PropertyValueSpecification\",\"valueRequired\":true,\"valueName\":\"search_term_string\"}}],\"inLanguage\":\"en-US\"},{\"@type\":\"Organization\",\"@id\":\"https:\/\/centreo3.com\/en\/#organization\",\"name\":\"Centre O3\",\"url\":\"https:\/\/centreo3.com\/en\/\",\"logo\":{\"@type\":\"ImageObject\",\"inLanguage\":\"en-US\",\"@id\":\"https:\/\/centreo3.com\/en\/#\/schema\/logo\/image\/\",\"url\":\"https:\/\/centreo3.com\/wp-content\/uploads\/2023\/09\/centreo3-logo.svg\",\"contentUrl\":\"https:\/\/centreo3.com\/wp-content\/uploads\/2023\/09\/centreo3-logo.svg\",\"caption\":\"Centre O3\"},\"image\":{\"@id\":\"https:\/\/centreo3.com\/en\/#\/schema\/logo\/image\/\"}}]}<\/script>\n<!-- \/ Yoast SEO plugin. -->","yoast_head_json":{"title":"Accomodations - Centre O3","robots":{"index":"index","follow":"follow","max-snippet":"max-snippet:-1","max-image-preview":"max-image-preview:large","max-video-preview":"max-video-preview:-1"},"canonical":"https:\/\/centreo3.com\/en\/accomodations\/","og_locale":"en_US","og_type":"article","og_title":"Accomodations - Centre O3","og_description":"The 03 Center possesses the biggest capacity of accommodations in the MRC des Sources. We propose several types of accommodation which can be rented with receptions hall that will undoubtedly know how to meet your needs. Price: $100\/night in double occupancy and $5\/person additional in the room. Our rooms are distributed on the site in [&hellip;]","og_url":"https:\/\/centreo3.com\/en\/accomodations\/","og_site_name":"Centre O3","article_modified_time":"2023-10-03T10:53:28+00:00","og_image":[{"url":"https:\/\/centreo3.com\/wp-content\/uploads\/2023\/09\/bloc-d.jpg","type":"","width":"","height":""}],"twitter_card":"summary_large_image","twitter_misc":{"Est. reading time":"2 minutes"},"schema":{"@context":"https:\/\/schema.org","@graph":[{"@type":"WebPage","@id":"https:\/\/centreo3.com\/en\/accomodations\/","url":"https:\/\/centreo3.com\/en\/accomodations\/","name":"Accomodations - Centre O3","isPartOf":{"@id":"https:\/\/centreo3.com\/en\/#website"},"primaryImageOfPage":{"@id":"https:\/\/centreo3.com\/en\/accomodations\/#primaryimage"},"image":{"@id":"https:\/\/centreo3.com\/en\/accomodations\/#primaryimage"},"thumbnailUrl":"https:\/\/centreo3.com\/wp-content\/uploads\/2023\/09\/bloc-d.jpg","datePublished":"2023-09-26T14:40:26+00:00","dateModified":"2023-10-03T10:53:28+00:00","breadcrumb":{"@id":"https:\/\/centreo3.com\/en\/accomodations\/#breadcrumb"},"inLanguage":"en-US","potentialAction":[{"@type":"ReadAction","target":["https:\/\/centreo3.com\/en\/accomodations\/"]}]},{"@type":"ImageObject","inLanguage":"en-US","@id":"https:\/\/centreo3.com\/en\/accomodations\/#primaryimage","url":"https:\/\/centreo3.com\/wp-content\/uploads\/2023\/09\/bloc-d.jpg","contentUrl":"https:\/\/centreo3.com\/wp-content\/uploads\/2023\/09\/bloc-d.jpg"},{"@type":"BreadcrumbList","@id":"https:\/\/centreo3.com\/en\/accomodations\/#breadcrumb","itemListElement":[{"@type":"ListItem","position":1,"name":"Accueil","item":"https:\/\/centreo3.com\/en\/"},{"@type":"ListItem","position":2,"name":"Accomodations"}]},{"@type":"WebSite","@id":"https:\/\/centreo3.com\/en\/#website","url":"https:\/\/centreo3.com\/en\/","name":"Centre O3","description":"Salles de r\u00e9ception et h\u00e9bergements pour \u00e9v\u00e9nements","publisher":{"@id":"https:\/\/centreo3.com\/en\/#organization"},"potentialAction":[{"@type":"SearchAction","target":{"@type":"EntryPoint","urlTemplate":"https:\/\/centreo3.com\/en\/?s={search_term_string}"},"query-input":{"@type":"PropertyValueSpecification","valueRequired":true,"valueName":"search_term_string"}}],"inLanguage":"en-US"},{"@type":"Organization","@id":"https:\/\/centreo3.com\/en\/#organization","name":"Centre O3","url":"https:\/\/centreo3.com\/en\/","logo":{"@type":"ImageObject","inLanguage":"en-US","@id":"https:\/\/centreo3.com\/en\/#\/schema\/logo\/image\/","url":"https:\/\/centreo3.com\/wp-content\/uploads\/2023\/09\/centreo3-logo.svg","contentUrl":"https:\/\/centreo3.com\/wp-content\/uploads\/2023\/09\/centreo3-logo.svg","caption":"Centre O3"},"image":{"@id":"https:\/\/centreo3.com\/en\/#\/schema\/logo\/image\/"}}]}},"_links":{"self":[{"href":"https:\/\/centreo3.com\/en\/wp-json\/wp\/v2\/pages\/676","targetHints":{"allow":["GET"]}}],"collection":[{"href":"https:\/\/centreo3.com\/en\/wp-json\/wp\/v2\/pages"}],"about":[{"href":"https:\/\/centreo3.com\/en\/wp-json\/wp\/v2\/types\/page"}],"author":[{"embeddable":true,"href":"https:\/\/centreo3.com\/en\/wp-json\/wp\/v2\/users\/1"}],"replies":[{"embeddable":true,"href":"https:\/\/centreo3.com\/en\/wp-json\/wp\/v2\/comments?post=676"}],"version-history":[{"count":3,"href":"https:\/\/centreo3.com\/en\/wp-json\/wp\/v2\/pages\/676\/revisions"}],"predecessor-version":[{"id":679,"href":"https:\/\/centreo3.com\/en\/wp-json\/wp\/v2\/pages\/676\/revisions\/679"}],"wp:attachment":[{"href":"https:\/\/centreo3.com\/en\/wp-json\/wp\/v2\/media?parent=676"}],"curies":[{"name":"wp","href":"https:\/\/api.w.org\/{rel}","templated":true}]}}