{"id":673,"date":"2023-09-26T10:36:09","date_gmt":"2023-09-26T14:36:09","guid":{"rendered":"https:\/\/centreo3.com\/personalized-events\/spiritual-stay-and-meditation-retreat\/"},"modified":"2023-10-03T07:39:37","modified_gmt":"2023-10-03T11:39:37","slug":"meditation-retreat","status":"publish","type":"page","link":"https:\/\/centreo3.com\/en\/event\/meditation-retreat\/","title":{"rendered":"Spiritual Stay and Meditation Retreat"},"content":{"rendered":"\t\t<div data-elementor-type=\"wp-page\" data-elementor-id=\"673\" class=\"elementor elementor-673 elementor-55\" data-elementor-post-type=\"page\">\n\t\t\t\t<div class=\"elementor-element elementor-element-d7f579d e-flex e-con-boxed e-con e-parent\" data-id=\"d7f579d\" data-element_type=\"container\" data-e-type=\"container\">\n\t\t\t\t\t<div class=\"e-con-inner\">\n\t\t\t\t<div class=\"elementor-element elementor-element-b26a570 elementor-widget elementor-widget-text-editor\" data-id=\"b26a570\" data-element_type=\"widget\" data-e-type=\"widget\" data-widget_type=\"text-editor.default\">\n\t\t\t\t<div class=\"elementor-widget-container\">\n\t\t\t\t\t\t\t\t\t<p>We receive every year more than 20 groups of diverse communities. By its closeness with the nature and the practical aspect of its installations, O3 Center assures you a quiet and refreshing stay for your meditation retreat. The main meeting hall is equipped with a projection system, a sound system, lighting, a piano, a drum kit, instrument amplifiers, etc. Our on-the-spot equipment will allow you to travel with piece of mind and with much lighter baggage! The O3 Center also provides you with accommodation options adapted to your meditation retreat: Our residence rooms are perfect for youth groups whereas our 30 hotel rooms are ideal for adult groups. In the evening, everyone will be happy to find themselves around a camp fire under a beautiful starry sky!<\/p>\n\t\t\t\t\t\t\t\t<\/div>\n\t\t\t\t<\/div>\n\t\t\t\t\t<\/div>\n\t\t\t\t<\/div>\n\t\t\t\t<\/div>\n\t\t","protected":false},"excerpt":{"rendered":"<p>We receive every year more than 20 groups of diverse communities. By its closeness with the nature and the practical aspect of its installations, O3 Center assures you a quiet and refreshing stay for your meditation retreat. The main meeting hall is equipped with a projection system, a sound system, lighting, a piano, a drum [&hellip;]<\/p>\n","protected":false},"author":1,"featured_media":0,"parent":654,"menu_order":0,"comment_status":"closed","ping_status":"closed","template":"","meta":{"footnotes":""},"class_list":["post-673","page","type-page","status-publish","hentry"],"yoast_head":"<!-- This site is optimized with the Yoast SEO plugin v27.1.1 - https:\/\/yoast.com\/product\/yoast-seo-wordpress\/ -->\n<title>Spiritual Stay and Meditation Retreat - Centre O3<\/title>\n<meta name=\"robots\" content=\"index, follow, max-snippet:-1, max-image-preview:large, max-video-preview:-1\" \/>\n<link rel=\"canonical\" href=\"https:\/\/centreo3.com\/en\/event\/meditation-retreat\/\" \/>\n<meta property=\"og:locale\" content=\"en_US\" \/>\n<meta property=\"og:type\" content=\"article\" \/>\n<meta property=\"og:title\" content=\"Spiritual Stay and Meditation Retreat - Centre O3\" \/>\n<meta property=\"og:description\" content=\"We receive every year more than 20 groups of diverse communities. By its closeness with the nature and the practical aspect of its installations, O3 Center assures you a quiet and refreshing stay for your meditation retreat. The main meeting hall is equipped with a projection system, a sound system, lighting, a piano, a drum [&hellip;]\" \/>\n<meta property=\"og:url\" content=\"https:\/\/centreo3.com\/en\/event\/meditation-retreat\/\" \/>\n<meta property=\"og:site_name\" content=\"Centre O3\" \/>\n<meta property=\"article:modified_time\" content=\"2023-10-03T11:39:37+00:00\" \/>\n<meta name=\"twitter:card\" content=\"summary_large_image\" \/>\n<meta name=\"twitter:label1\" content=\"Est. reading time\" \/>\n\t<meta name=\"twitter:data1\" content=\"1 minute\" \/>\n<script type=\"application\/ld+json\" class=\"yoast-schema-graph\">{\"@context\":\"https:\/\/schema.org\",\"@graph\":[{\"@type\":\"WebPage\",\"@id\":\"https:\/\/centreo3.com\/en\/event\/meditation-retreat\/\",\"url\":\"https:\/\/centreo3.com\/en\/event\/meditation-retreat\/\",\"name\":\"Spiritual Stay and Meditation Retreat - Centre O3\",\"isPartOf\":{\"@id\":\"https:\/\/centreo3.com\/en\/#website\"},\"datePublished\":\"2023-09-26T14:36:09+00:00\",\"dateModified\":\"2023-10-03T11:39:37+00:00\",\"breadcrumb\":{\"@id\":\"https:\/\/centreo3.com\/en\/event\/meditation-retreat\/#breadcrumb\"},\"inLanguage\":\"en-US\",\"potentialAction\":[{\"@type\":\"ReadAction\",\"target\":[\"https:\/\/centreo3.com\/en\/event\/meditation-retreat\/\"]}]},{\"@type\":\"BreadcrumbList\",\"@id\":\"https:\/\/centreo3.com\/en\/event\/meditation-retreat\/#breadcrumb\",\"itemListElement\":[{\"@type\":\"ListItem\",\"position\":1,\"name\":\"Accueil\",\"item\":\"https:\/\/centreo3.com\/en\/\"},{\"@type\":\"ListItem\",\"position\":2,\"name\":\"Personalized Events\",\"item\":\"https:\/\/centreo3.com\/en\/event\/\"},{\"@type\":\"ListItem\",\"position\":3,\"name\":\"Spiritual Stay and Meditation Retreat\"}]},{\"@type\":\"WebSite\",\"@id\":\"https:\/\/centreo3.com\/en\/#website\",\"url\":\"https:\/\/centreo3.com\/en\/\",\"name\":\"Centre O3\",\"description\":\"Salles de r\u00e9ception et h\u00e9bergements pour \u00e9v\u00e9nements\",\"publisher\":{\"@id\":\"https:\/\/centreo3.com\/en\/#organization\"},\"potentialAction\":[{\"@type\":\"SearchAction\",\"target\":{\"@type\":\"EntryPoint\",\"urlTemplate\":\"https:\/\/centreo3.com\/en\/?s={search_term_string}\"},\"query-input\":{\"@type\":\"PropertyValueSpecification\",\"valueRequired\":true,\"valueName\":\"search_term_string\"}}],\"inLanguage\":\"en-US\"},{\"@type\":\"Organization\",\"@id\":\"https:\/\/centreo3.com\/en\/#organization\",\"name\":\"Centre O3\",\"url\":\"https:\/\/centreo3.com\/en\/\",\"logo\":{\"@type\":\"ImageObject\",\"inLanguage\":\"en-US\",\"@id\":\"https:\/\/centreo3.com\/en\/#\/schema\/logo\/image\/\",\"url\":\"https:\/\/centreo3.com\/wp-content\/uploads\/2023\/09\/centreo3-logo.svg\",\"contentUrl\":\"https:\/\/centreo3.com\/wp-content\/uploads\/2023\/09\/centreo3-logo.svg\",\"caption\":\"Centre O3\"},\"image\":{\"@id\":\"https:\/\/centreo3.com\/en\/#\/schema\/logo\/image\/\"}}]}<\/script>\n<!-- \/ Yoast SEO plugin. -->","yoast_head_json":{"title":"Spiritual Stay and Meditation Retreat - Centre O3","robots":{"index":"index","follow":"follow","max-snippet":"max-snippet:-1","max-image-preview":"max-image-preview:large","max-video-preview":"max-video-preview:-1"},"canonical":"https:\/\/centreo3.com\/en\/event\/meditation-retreat\/","og_locale":"en_US","og_type":"article","og_title":"Spiritual Stay and Meditation Retreat - Centre O3","og_description":"We receive every year more than 20 groups of diverse communities. By its closeness with the nature and the practical aspect of its installations, O3 Center assures you a quiet and refreshing stay for your meditation retreat. The main meeting hall is equipped with a projection system, a sound system, lighting, a piano, a drum [&hellip;]","og_url":"https:\/\/centreo3.com\/en\/event\/meditation-retreat\/","og_site_name":"Centre O3","article_modified_time":"2023-10-03T11:39:37+00:00","twitter_card":"summary_large_image","twitter_misc":{"Est. reading time":"1 minute"},"schema":{"@context":"https:\/\/schema.org","@graph":[{"@type":"WebPage","@id":"https:\/\/centreo3.com\/en\/event\/meditation-retreat\/","url":"https:\/\/centreo3.com\/en\/event\/meditation-retreat\/","name":"Spiritual Stay and Meditation Retreat - Centre O3","isPartOf":{"@id":"https:\/\/centreo3.com\/en\/#website"},"datePublished":"2023-09-26T14:36:09+00:00","dateModified":"2023-10-03T11:39:37+00:00","breadcrumb":{"@id":"https:\/\/centreo3.com\/en\/event\/meditation-retreat\/#breadcrumb"},"inLanguage":"en-US","potentialAction":[{"@type":"ReadAction","target":["https:\/\/centreo3.com\/en\/event\/meditation-retreat\/"]}]},{"@type":"BreadcrumbList","@id":"https:\/\/centreo3.com\/en\/event\/meditation-retreat\/#breadcrumb","itemListElement":[{"@type":"ListItem","position":1,"name":"Accueil","item":"https:\/\/centreo3.com\/en\/"},{"@type":"ListItem","position":2,"name":"Personalized Events","item":"https:\/\/centreo3.com\/en\/event\/"},{"@type":"ListItem","position":3,"name":"Spiritual Stay and Meditation Retreat"}]},{"@type":"WebSite","@id":"https:\/\/centreo3.com\/en\/#website","url":"https:\/\/centreo3.com\/en\/","name":"Centre O3","description":"Salles de r\u00e9ception et h\u00e9bergements pour \u00e9v\u00e9nements","publisher":{"@id":"https:\/\/centreo3.com\/en\/#organization"},"potentialAction":[{"@type":"SearchAction","target":{"@type":"EntryPoint","urlTemplate":"https:\/\/centreo3.com\/en\/?s={search_term_string}"},"query-input":{"@type":"PropertyValueSpecification","valueRequired":true,"valueName":"search_term_string"}}],"inLanguage":"en-US"},{"@type":"Organization","@id":"https:\/\/centreo3.com\/en\/#organization","name":"Centre O3","url":"https:\/\/centreo3.com\/en\/","logo":{"@type":"ImageObject","inLanguage":"en-US","@id":"https:\/\/centreo3.com\/en\/#\/schema\/logo\/image\/","url":"https:\/\/centreo3.com\/wp-content\/uploads\/2023\/09\/centreo3-logo.svg","contentUrl":"https:\/\/centreo3.com\/wp-content\/uploads\/2023\/09\/centreo3-logo.svg","caption":"Centre O3"},"image":{"@id":"https:\/\/centreo3.com\/en\/#\/schema\/logo\/image\/"}}]}},"_links":{"self":[{"href":"https:\/\/centreo3.com\/en\/wp-json\/wp\/v2\/pages\/673","targetHints":{"allow":["GET"]}}],"collection":[{"href":"https:\/\/centreo3.com\/en\/wp-json\/wp\/v2\/pages"}],"about":[{"href":"https:\/\/centreo3.com\/en\/wp-json\/wp\/v2\/types\/page"}],"author":[{"embeddable":true,"href":"https:\/\/centreo3.com\/en\/wp-json\/wp\/v2\/users\/1"}],"replies":[{"embeddable":true,"href":"https:\/\/centreo3.com\/en\/wp-json\/wp\/v2\/comments?post=673"}],"version-history":[{"count":1,"href":"https:\/\/centreo3.com\/en\/wp-json\/wp\/v2\/pages\/673\/revisions"}],"predecessor-version":[{"id":674,"href":"https:\/\/centreo3.com\/en\/wp-json\/wp\/v2\/pages\/673\/revisions\/674"}],"up":[{"embeddable":true,"href":"https:\/\/centreo3.com\/en\/wp-json\/wp\/v2\/pages\/654"}],"wp:attachment":[{"href":"https:\/\/centreo3.com\/en\/wp-json\/wp\/v2\/media?parent=673"}],"curies":[{"name":"wp","href":"https:\/\/api.w.org\/{rel}","templated":true}]}}