{"id":665,"date":"2023-09-26T10:32:08","date_gmt":"2023-09-26T14:32:08","guid":{"rendered":"https:\/\/centreo3.com\/personalized-events\/wedding-venue\/"},"modified":"2023-10-03T07:38:10","modified_gmt":"2023-10-03T11:38:10","slug":"wedding-reception-venues","status":"publish","type":"page","link":"https:\/\/centreo3.com\/en\/event\/wedding-reception-venues\/","title":{"rendered":"Wedding Venue"},"content":{"rendered":"\t\t<div data-elementor-type=\"wp-page\" data-elementor-id=\"665\" class=\"elementor elementor-665 elementor-45\" data-elementor-post-type=\"page\">\n\t\t\t\t<div class=\"elementor-element elementor-element-8aded2c e-flex e-con-boxed e-con e-parent\" data-id=\"8aded2c\" data-element_type=\"container\" data-e-type=\"container\">\n\t\t\t\t\t<div class=\"e-con-inner\">\n\t\t\t\t<div class=\"elementor-element elementor-element-639bf88 elementor-widget elementor-widget-heading\" data-id=\"639bf88\" data-element_type=\"widget\" data-e-type=\"widget\" data-widget_type=\"heading.default\">\n\t\t\t\t<div class=\"elementor-widget-container\">\n\t\t\t\t\t<h2 class=\"elementor-heading-title elementor-size-default\">A Unique Wedding Venue with Confortable Accommodation for your Guests<\/h2>\t\t\t\t<\/div>\n\t\t\t\t<\/div>\n\t\t\t\t<div class=\"elementor-element elementor-element-a12091a elementor-widget elementor-widget-text-editor\" data-id=\"a12091a\" data-element_type=\"widget\" data-e-type=\"widget\" data-widget_type=\"text-editor.default\">\n\t\t\t\t<div class=\"elementor-widget-container\">\n\t\t\t\t\t\t\t\t\t<p>A wedding is a unique event: The union of two people creates a context where emotion and magic surrounds us all. The O<sup>3<\/sup> Center understands the importance of this big day, that is why we work hard so that your big day is memorable. Every big event involves big planning. With the O<sup>3<\/sup> Center your big planning will be simplified and you will be able to concentrate on your day. Our wedding reception venues can welcome from 50 to 400 people and offer an adapted and versatile decor. We have on the spot decorations and different sets of lighting to glorify the halls. Our 30 hotel rooms are unarguably a major asset for relatives and friends who wish to enjoy the evening, stay safe and sleep tight. Our catering service can offer you the ideal meal plan for your special event. Every year, we have more than 15 couples who trust us to live a memorable and exceptional day with us and we are very proud of it.<\/p>\n\t\t\t\t\t\t\t\t<\/div>\n\t\t\t\t<\/div>\n\t\t\t\t\t<\/div>\n\t\t\t\t<\/div>\n\t\t\t\t<\/div>\n\t\t","protected":false},"excerpt":{"rendered":"<p>A Unique Wedding Venue with Confortable Accommodation for your Guests A wedding is a unique event: The union of two people creates a context where emotion and magic surrounds us all. The O3 Center understands the importance of this big day, that is why we work hard so that your big day is memorable. Every [&hellip;]<\/p>\n","protected":false},"author":1,"featured_media":0,"parent":654,"menu_order":0,"comment_status":"closed","ping_status":"closed","template":"","meta":{"footnotes":""},"class_list":["post-665","page","type-page","status-publish","hentry"],"yoast_head":"<!-- This site is optimized with the Yoast SEO plugin v27.1.1 - https:\/\/yoast.com\/product\/yoast-seo-wordpress\/ -->\n<title>Wedding Venue - Centre O3<\/title>\n<meta name=\"robots\" content=\"index, follow, max-snippet:-1, max-image-preview:large, max-video-preview:-1\" \/>\n<link rel=\"canonical\" href=\"https:\/\/centreo3.com\/en\/event\/wedding-reception-venues\/\" \/>\n<meta property=\"og:locale\" content=\"en_US\" \/>\n<meta property=\"og:type\" content=\"article\" \/>\n<meta property=\"og:title\" content=\"Wedding Venue - Centre O3\" \/>\n<meta property=\"og:description\" content=\"A Unique Wedding Venue with Confortable Accommodation for your Guests A wedding is a unique event: The union of two people creates a context where emotion and magic surrounds us all. The O3 Center understands the importance of this big day, that is why we work hard so that your big day is memorable. Every [&hellip;]\" \/>\n<meta property=\"og:url\" content=\"https:\/\/centreo3.com\/en\/event\/wedding-reception-venues\/\" \/>\n<meta property=\"og:site_name\" content=\"Centre O3\" \/>\n<meta property=\"article:modified_time\" content=\"2023-10-03T11:38:10+00:00\" \/>\n<meta name=\"twitter:card\" content=\"summary_large_image\" \/>\n<meta name=\"twitter:label1\" content=\"Est. reading time\" \/>\n\t<meta name=\"twitter:data1\" content=\"1 minute\" \/>\n<script type=\"application\/ld+json\" class=\"yoast-schema-graph\">{\"@context\":\"https:\/\/schema.org\",\"@graph\":[{\"@type\":\"WebPage\",\"@id\":\"https:\/\/centreo3.com\/en\/event\/wedding-reception-venues\/\",\"url\":\"https:\/\/centreo3.com\/en\/event\/wedding-reception-venues\/\",\"name\":\"Wedding Venue - Centre O3\",\"isPartOf\":{\"@id\":\"https:\/\/centreo3.com\/en\/#website\"},\"datePublished\":\"2023-09-26T14:32:08+00:00\",\"dateModified\":\"2023-10-03T11:38:10+00:00\",\"breadcrumb\":{\"@id\":\"https:\/\/centreo3.com\/en\/event\/wedding-reception-venues\/#breadcrumb\"},\"inLanguage\":\"en-US\",\"potentialAction\":[{\"@type\":\"ReadAction\",\"target\":[\"https:\/\/centreo3.com\/en\/event\/wedding-reception-venues\/\"]}]},{\"@type\":\"BreadcrumbList\",\"@id\":\"https:\/\/centreo3.com\/en\/event\/wedding-reception-venues\/#breadcrumb\",\"itemListElement\":[{\"@type\":\"ListItem\",\"position\":1,\"name\":\"Accueil\",\"item\":\"https:\/\/centreo3.com\/en\/\"},{\"@type\":\"ListItem\",\"position\":2,\"name\":\"Personalized Events\",\"item\":\"https:\/\/centreo3.com\/en\/event\/\"},{\"@type\":\"ListItem\",\"position\":3,\"name\":\"Wedding Venue\"}]},{\"@type\":\"WebSite\",\"@id\":\"https:\/\/centreo3.com\/en\/#website\",\"url\":\"https:\/\/centreo3.com\/en\/\",\"name\":\"Centre O3\",\"description\":\"Salles de r\u00e9ception et h\u00e9bergements pour \u00e9v\u00e9nements\",\"publisher\":{\"@id\":\"https:\/\/centreo3.com\/en\/#organization\"},\"potentialAction\":[{\"@type\":\"SearchAction\",\"target\":{\"@type\":\"EntryPoint\",\"urlTemplate\":\"https:\/\/centreo3.com\/en\/?s={search_term_string}\"},\"query-input\":{\"@type\":\"PropertyValueSpecification\",\"valueRequired\":true,\"valueName\":\"search_term_string\"}}],\"inLanguage\":\"en-US\"},{\"@type\":\"Organization\",\"@id\":\"https:\/\/centreo3.com\/en\/#organization\",\"name\":\"Centre O3\",\"url\":\"https:\/\/centreo3.com\/en\/\",\"logo\":{\"@type\":\"ImageObject\",\"inLanguage\":\"en-US\",\"@id\":\"https:\/\/centreo3.com\/en\/#\/schema\/logo\/image\/\",\"url\":\"https:\/\/centreo3.com\/wp-content\/uploads\/2023\/09\/centreo3-logo.svg\",\"contentUrl\":\"https:\/\/centreo3.com\/wp-content\/uploads\/2023\/09\/centreo3-logo.svg\",\"caption\":\"Centre O3\"},\"image\":{\"@id\":\"https:\/\/centreo3.com\/en\/#\/schema\/logo\/image\/\"}}]}<\/script>\n<!-- \/ Yoast SEO plugin. -->","yoast_head_json":{"title":"Wedding Venue - Centre O3","robots":{"index":"index","follow":"follow","max-snippet":"max-snippet:-1","max-image-preview":"max-image-preview:large","max-video-preview":"max-video-preview:-1"},"canonical":"https:\/\/centreo3.com\/en\/event\/wedding-reception-venues\/","og_locale":"en_US","og_type":"article","og_title":"Wedding Venue - Centre O3","og_description":"A Unique Wedding Venue with Confortable Accommodation for your Guests A wedding is a unique event: The union of two people creates a context where emotion and magic surrounds us all. The O3 Center understands the importance of this big day, that is why we work hard so that your big day is memorable. Every [&hellip;]","og_url":"https:\/\/centreo3.com\/en\/event\/wedding-reception-venues\/","og_site_name":"Centre O3","article_modified_time":"2023-10-03T11:38:10+00:00","twitter_card":"summary_large_image","twitter_misc":{"Est. reading time":"1 minute"},"schema":{"@context":"https:\/\/schema.org","@graph":[{"@type":"WebPage","@id":"https:\/\/centreo3.com\/en\/event\/wedding-reception-venues\/","url":"https:\/\/centreo3.com\/en\/event\/wedding-reception-venues\/","name":"Wedding Venue - Centre O3","isPartOf":{"@id":"https:\/\/centreo3.com\/en\/#website"},"datePublished":"2023-09-26T14:32:08+00:00","dateModified":"2023-10-03T11:38:10+00:00","breadcrumb":{"@id":"https:\/\/centreo3.com\/en\/event\/wedding-reception-venues\/#breadcrumb"},"inLanguage":"en-US","potentialAction":[{"@type":"ReadAction","target":["https:\/\/centreo3.com\/en\/event\/wedding-reception-venues\/"]}]},{"@type":"BreadcrumbList","@id":"https:\/\/centreo3.com\/en\/event\/wedding-reception-venues\/#breadcrumb","itemListElement":[{"@type":"ListItem","position":1,"name":"Accueil","item":"https:\/\/centreo3.com\/en\/"},{"@type":"ListItem","position":2,"name":"Personalized Events","item":"https:\/\/centreo3.com\/en\/event\/"},{"@type":"ListItem","position":3,"name":"Wedding Venue"}]},{"@type":"WebSite","@id":"https:\/\/centreo3.com\/en\/#website","url":"https:\/\/centreo3.com\/en\/","name":"Centre O3","description":"Salles de r\u00e9ception et h\u00e9bergements pour \u00e9v\u00e9nements","publisher":{"@id":"https:\/\/centreo3.com\/en\/#organization"},"potentialAction":[{"@type":"SearchAction","target":{"@type":"EntryPoint","urlTemplate":"https:\/\/centreo3.com\/en\/?s={search_term_string}"},"query-input":{"@type":"PropertyValueSpecification","valueRequired":true,"valueName":"search_term_string"}}],"inLanguage":"en-US"},{"@type":"Organization","@id":"https:\/\/centreo3.com\/en\/#organization","name":"Centre O3","url":"https:\/\/centreo3.com\/en\/","logo":{"@type":"ImageObject","inLanguage":"en-US","@id":"https:\/\/centreo3.com\/en\/#\/schema\/logo\/image\/","url":"https:\/\/centreo3.com\/wp-content\/uploads\/2023\/09\/centreo3-logo.svg","contentUrl":"https:\/\/centreo3.com\/wp-content\/uploads\/2023\/09\/centreo3-logo.svg","caption":"Centre O3"},"image":{"@id":"https:\/\/centreo3.com\/en\/#\/schema\/logo\/image\/"}}]}},"_links":{"self":[{"href":"https:\/\/centreo3.com\/en\/wp-json\/wp\/v2\/pages\/665","targetHints":{"allow":["GET"]}}],"collection":[{"href":"https:\/\/centreo3.com\/en\/wp-json\/wp\/v2\/pages"}],"about":[{"href":"https:\/\/centreo3.com\/en\/wp-json\/wp\/v2\/types\/page"}],"author":[{"embeddable":true,"href":"https:\/\/centreo3.com\/en\/wp-json\/wp\/v2\/users\/1"}],"replies":[{"embeddable":true,"href":"https:\/\/centreo3.com\/en\/wp-json\/wp\/v2\/comments?post=665"}],"version-history":[{"count":1,"href":"https:\/\/centreo3.com\/en\/wp-json\/wp\/v2\/pages\/665\/revisions"}],"predecessor-version":[{"id":666,"href":"https:\/\/centreo3.com\/en\/wp-json\/wp\/v2\/pages\/665\/revisions\/666"}],"up":[{"embeddable":true,"href":"https:\/\/centreo3.com\/en\/wp-json\/wp\/v2\/pages\/654"}],"wp:attachment":[{"href":"https:\/\/centreo3.com\/en\/wp-json\/wp\/v2\/media?parent=665"}],"curies":[{"name":"wp","href":"https:\/\/api.w.org\/{rel}","templated":true}]}}