{"id":663,"date":"2023-09-26T10:34:38","date_gmt":"2023-09-26T14:34:38","guid":{"rendered":"https:\/\/centreo3.com\/personalized-events\/show-venue\/"},"modified":"2023-10-03T06:38:32","modified_gmt":"2023-10-03T10:38:32","slug":"show-venue","status":"publish","type":"page","link":"https:\/\/centreo3.com\/en\/event\/show-venue\/","title":{"rendered":"Show Venue"},"content":{"rendered":"\t\t<div data-elementor-type=\"wp-page\" data-elementor-id=\"663\" class=\"elementor elementor-663 elementor-49\" data-elementor-post-type=\"page\">\n\t\t\t\t<div class=\"elementor-element elementor-element-0a2f26a e-flex e-con-boxed e-con e-parent\" data-id=\"0a2f26a\" data-element_type=\"container\" data-e-type=\"container\">\n\t\t\t\t\t<div class=\"e-con-inner\">\n\t\t\t\t<div class=\"elementor-element elementor-element-73c39b8 elementor-widget elementor-widget-heading\" data-id=\"73c39b8\" data-element_type=\"widget\" data-e-type=\"widget\" data-widget_type=\"heading.default\">\n\t\t\t\t<div class=\"elementor-widget-container\">\n\t\t\t\t\t<h2 class=\"elementor-heading-title elementor-size-default\">Facilitate the Organization of your Show by Renting a Fully Equipped Venue at O3 Centre<\/h2>\t\t\t\t<\/div>\n\t\t\t\t<\/div>\n\t\t\t\t<div class=\"elementor-element elementor-element-904b3ef elementor-widget elementor-widget-text-editor\" data-id=\"904b3ef\" data-element_type=\"widget\" data-e-type=\"widget\" data-widget_type=\"text-editor.default\">\n\t\t\t\t<div class=\"elementor-widget-container\">\n\t\t\t\t\t\t\t\t\t<p>The Camp Musical d\u2019Asbestos inc. created the o<sup>3<\/sup> center, and has had for over 50 years a vocation of promoting and developing the art of music. The O3 Center thus, is equipped today, with all the necessary equipment for big shows and performances. For sound: we have two 10 000-watt sound systems for indoor or outdoor shows. As for the lighting, we are equipped with D.E.L., Lecko and Fresnel and our multifunctional hall is endowed with 4 bars of lighting in the ceiling as well as stage projectors. This hall also contains a 50 feet wide by 30 feet deep stage which can easily welcome large numbered groups, choirs and the theatre plays. We frequently rent media equipment such as monitors, microphones, sound consoles and cables etc. Whether it is for dinner and a show, representations of dance or theater or a rock show, everything is ready for a free of mind organization at our venue.<\/p>\n\t\t\t\t\t\t\t\t<\/div>\n\t\t\t\t<\/div>\n\t\t\t\t\t<\/div>\n\t\t\t\t<\/div>\n\t\t\t\t<\/div>\n\t\t","protected":false},"excerpt":{"rendered":"<p>Facilitate the Organization of your Show by Renting a Fully Equipped Venue at O3 Centre The Camp Musical d\u2019Asbestos inc. created the o3 center, and has had for over 50 years a vocation of promoting and developing the art of music. The O3 Center thus, is equipped today, with all the necessary equipment for big [&hellip;]<\/p>\n","protected":false},"author":1,"featured_media":0,"parent":654,"menu_order":0,"comment_status":"closed","ping_status":"closed","template":"","meta":{"footnotes":""},"class_list":["post-663","page","type-page","status-publish","hentry"],"yoast_head":"<!-- This site is optimized with the Yoast SEO plugin v27.1.1 - https:\/\/yoast.com\/product\/yoast-seo-wordpress\/ -->\n<title>Show Venue - Centre O3<\/title>\n<meta name=\"robots\" content=\"index, follow, max-snippet:-1, max-image-preview:large, max-video-preview:-1\" \/>\n<link rel=\"canonical\" href=\"https:\/\/centreo3.com\/en\/event\/show-venue\/\" \/>\n<meta property=\"og:locale\" content=\"en_US\" \/>\n<meta property=\"og:type\" content=\"article\" \/>\n<meta property=\"og:title\" content=\"Show Venue - Centre O3\" \/>\n<meta property=\"og:description\" content=\"Facilitate the Organization of your Show by Renting a Fully Equipped Venue at O3 Centre The Camp Musical d\u2019Asbestos inc. created the o3 center, and has had for over 50 years a vocation of promoting and developing the art of music. The O3 Center thus, is equipped today, with all the necessary equipment for big [&hellip;]\" \/>\n<meta property=\"og:url\" content=\"https:\/\/centreo3.com\/en\/event\/show-venue\/\" \/>\n<meta property=\"og:site_name\" content=\"Centre O3\" \/>\n<meta property=\"article:modified_time\" content=\"2023-10-03T10:38:32+00:00\" \/>\n<meta name=\"twitter:card\" content=\"summary_large_image\" \/>\n<meta name=\"twitter:label1\" content=\"Est. reading time\" \/>\n\t<meta name=\"twitter:data1\" content=\"1 minute\" \/>\n<script type=\"application\/ld+json\" class=\"yoast-schema-graph\">{\"@context\":\"https:\/\/schema.org\",\"@graph\":[{\"@type\":\"WebPage\",\"@id\":\"https:\/\/centreo3.com\/en\/event\/show-venue\/\",\"url\":\"https:\/\/centreo3.com\/en\/event\/show-venue\/\",\"name\":\"Show Venue - Centre O3\",\"isPartOf\":{\"@id\":\"https:\/\/centreo3.com\/en\/#website\"},\"datePublished\":\"2023-09-26T14:34:38+00:00\",\"dateModified\":\"2023-10-03T10:38:32+00:00\",\"breadcrumb\":{\"@id\":\"https:\/\/centreo3.com\/en\/event\/show-venue\/#breadcrumb\"},\"inLanguage\":\"en-US\",\"potentialAction\":[{\"@type\":\"ReadAction\",\"target\":[\"https:\/\/centreo3.com\/en\/event\/show-venue\/\"]}]},{\"@type\":\"BreadcrumbList\",\"@id\":\"https:\/\/centreo3.com\/en\/event\/show-venue\/#breadcrumb\",\"itemListElement\":[{\"@type\":\"ListItem\",\"position\":1,\"name\":\"Accueil\",\"item\":\"https:\/\/centreo3.com\/en\/\"},{\"@type\":\"ListItem\",\"position\":2,\"name\":\"Personalized Events\",\"item\":\"https:\/\/centreo3.com\/en\/event\/\"},{\"@type\":\"ListItem\",\"position\":3,\"name\":\"Show Venue\"}]},{\"@type\":\"WebSite\",\"@id\":\"https:\/\/centreo3.com\/en\/#website\",\"url\":\"https:\/\/centreo3.com\/en\/\",\"name\":\"Centre O3\",\"description\":\"Salles de r\u00e9ception et h\u00e9bergements pour \u00e9v\u00e9nements\",\"publisher\":{\"@id\":\"https:\/\/centreo3.com\/en\/#organization\"},\"potentialAction\":[{\"@type\":\"SearchAction\",\"target\":{\"@type\":\"EntryPoint\",\"urlTemplate\":\"https:\/\/centreo3.com\/en\/?s={search_term_string}\"},\"query-input\":{\"@type\":\"PropertyValueSpecification\",\"valueRequired\":true,\"valueName\":\"search_term_string\"}}],\"inLanguage\":\"en-US\"},{\"@type\":\"Organization\",\"@id\":\"https:\/\/centreo3.com\/en\/#organization\",\"name\":\"Centre O3\",\"url\":\"https:\/\/centreo3.com\/en\/\",\"logo\":{\"@type\":\"ImageObject\",\"inLanguage\":\"en-US\",\"@id\":\"https:\/\/centreo3.com\/en\/#\/schema\/logo\/image\/\",\"url\":\"https:\/\/centreo3.com\/wp-content\/uploads\/2023\/09\/centreo3-logo.svg\",\"contentUrl\":\"https:\/\/centreo3.com\/wp-content\/uploads\/2023\/09\/centreo3-logo.svg\",\"caption\":\"Centre O3\"},\"image\":{\"@id\":\"https:\/\/centreo3.com\/en\/#\/schema\/logo\/image\/\"}}]}<\/script>\n<!-- \/ Yoast SEO plugin. -->","yoast_head_json":{"title":"Show Venue - Centre O3","robots":{"index":"index","follow":"follow","max-snippet":"max-snippet:-1","max-image-preview":"max-image-preview:large","max-video-preview":"max-video-preview:-1"},"canonical":"https:\/\/centreo3.com\/en\/event\/show-venue\/","og_locale":"en_US","og_type":"article","og_title":"Show Venue - Centre O3","og_description":"Facilitate the Organization of your Show by Renting a Fully Equipped Venue at O3 Centre The Camp Musical d\u2019Asbestos inc. created the o3 center, and has had for over 50 years a vocation of promoting and developing the art of music. The O3 Center thus, is equipped today, with all the necessary equipment for big [&hellip;]","og_url":"https:\/\/centreo3.com\/en\/event\/show-venue\/","og_site_name":"Centre O3","article_modified_time":"2023-10-03T10:38:32+00:00","twitter_card":"summary_large_image","twitter_misc":{"Est. reading time":"1 minute"},"schema":{"@context":"https:\/\/schema.org","@graph":[{"@type":"WebPage","@id":"https:\/\/centreo3.com\/en\/event\/show-venue\/","url":"https:\/\/centreo3.com\/en\/event\/show-venue\/","name":"Show Venue - Centre O3","isPartOf":{"@id":"https:\/\/centreo3.com\/en\/#website"},"datePublished":"2023-09-26T14:34:38+00:00","dateModified":"2023-10-03T10:38:32+00:00","breadcrumb":{"@id":"https:\/\/centreo3.com\/en\/event\/show-venue\/#breadcrumb"},"inLanguage":"en-US","potentialAction":[{"@type":"ReadAction","target":["https:\/\/centreo3.com\/en\/event\/show-venue\/"]}]},{"@type":"BreadcrumbList","@id":"https:\/\/centreo3.com\/en\/event\/show-venue\/#breadcrumb","itemListElement":[{"@type":"ListItem","position":1,"name":"Accueil","item":"https:\/\/centreo3.com\/en\/"},{"@type":"ListItem","position":2,"name":"Personalized Events","item":"https:\/\/centreo3.com\/en\/event\/"},{"@type":"ListItem","position":3,"name":"Show Venue"}]},{"@type":"WebSite","@id":"https:\/\/centreo3.com\/en\/#website","url":"https:\/\/centreo3.com\/en\/","name":"Centre O3","description":"Salles de r\u00e9ception et h\u00e9bergements pour \u00e9v\u00e9nements","publisher":{"@id":"https:\/\/centreo3.com\/en\/#organization"},"potentialAction":[{"@type":"SearchAction","target":{"@type":"EntryPoint","urlTemplate":"https:\/\/centreo3.com\/en\/?s={search_term_string}"},"query-input":{"@type":"PropertyValueSpecification","valueRequired":true,"valueName":"search_term_string"}}],"inLanguage":"en-US"},{"@type":"Organization","@id":"https:\/\/centreo3.com\/en\/#organization","name":"Centre O3","url":"https:\/\/centreo3.com\/en\/","logo":{"@type":"ImageObject","inLanguage":"en-US","@id":"https:\/\/centreo3.com\/en\/#\/schema\/logo\/image\/","url":"https:\/\/centreo3.com\/wp-content\/uploads\/2023\/09\/centreo3-logo.svg","contentUrl":"https:\/\/centreo3.com\/wp-content\/uploads\/2023\/09\/centreo3-logo.svg","caption":"Centre O3"},"image":{"@id":"https:\/\/centreo3.com\/en\/#\/schema\/logo\/image\/"}}]}},"_links":{"self":[{"href":"https:\/\/centreo3.com\/en\/wp-json\/wp\/v2\/pages\/663","targetHints":{"allow":["GET"]}}],"collection":[{"href":"https:\/\/centreo3.com\/en\/wp-json\/wp\/v2\/pages"}],"about":[{"href":"https:\/\/centreo3.com\/en\/wp-json\/wp\/v2\/types\/page"}],"author":[{"embeddable":true,"href":"https:\/\/centreo3.com\/en\/wp-json\/wp\/v2\/users\/1"}],"replies":[{"embeddable":true,"href":"https:\/\/centreo3.com\/en\/wp-json\/wp\/v2\/comments?post=663"}],"version-history":[{"count":1,"href":"https:\/\/centreo3.com\/en\/wp-json\/wp\/v2\/pages\/663\/revisions"}],"predecessor-version":[{"id":664,"href":"https:\/\/centreo3.com\/en\/wp-json\/wp\/v2\/pages\/663\/revisions\/664"}],"up":[{"embeddable":true,"href":"https:\/\/centreo3.com\/en\/wp-json\/wp\/v2\/pages\/654"}],"wp:attachment":[{"href":"https:\/\/centreo3.com\/en\/wp-json\/wp\/v2\/media?parent=663"}],"curies":[{"name":"wp","href":"https:\/\/api.w.org\/{rel}","templated":true}]}}