{"id":655,"date":"2023-09-26T10:31:40","date_gmt":"2023-09-26T14:31:40","guid":{"rendered":"https:\/\/centreo3.com\/personalized-events\/corporate-event-venues\/"},"modified":"2023-10-03T06:30:40","modified_gmt":"2023-10-03T10:30:40","slug":"corporate-event-venues","status":"publish","type":"page","link":"https:\/\/centreo3.com\/en\/event\/corporate-event-venues\/","title":{"rendered":"Corporate Event Venues"},"content":{"rendered":"\t\t<div data-elementor-type=\"wp-page\" data-elementor-id=\"655\" class=\"elementor elementor-655 elementor-43\" data-elementor-post-type=\"page\">\n\t\t\t\t<div class=\"elementor-element elementor-element-aa23d2d e-flex e-con-boxed e-con e-parent\" data-id=\"aa23d2d\" data-element_type=\"container\" data-e-type=\"container\">\n\t\t\t\t\t<div class=\"e-con-inner\">\n\t\t\t\t<div class=\"elementor-element elementor-element-bd87114 elementor-widget elementor-widget-heading\" data-id=\"bd87114\" data-element_type=\"widget\" data-e-type=\"widget\" data-widget_type=\"heading.default\">\n\t\t\t\t<div class=\"elementor-widget-container\">\n\t\t\t\t\t<h2 class=\"elementor-heading-title elementor-size-default\">Organize your Next Corporate Events at our Venue<\/h2>\t\t\t\t<\/div>\n\t\t\t\t<\/div>\n\t\t\t\t<div class=\"elementor-element elementor-element-7d60152 elementor-widget elementor-widget-text-editor\" data-id=\"7d60152\" data-element_type=\"widget\" data-e-type=\"widget\" data-widget_type=\"text-editor.default\">\n\t\t\t\t<div class=\"elementor-widget-container\">\n\t\t\t\t\t\t\t\t\t<p>Are you looking for a place to meet with your employees or your customers at the occasion of a corporate event? O3 Center provides you with recently modernized halls, endowed with media equipment, that can welcome from 20 to 400 people. Whether it is for a supper, a show or a special evening, our team will know how to target your needs and simplify the organization of your corporate event. Our catering service offers complete meals, cocktail receptions honoring local products, breakfast and lunch conferences and more. Our 30 hotel rooms can accommodate your guests coming from farther towns. We have many combinations and possibilities of services to offer you. We invite you to communicate with us for more information.<\/p>\n\t\t\t\t\t\t\t\t<\/div>\n\t\t\t\t<\/div>\n\t\t\t\t\t<\/div>\n\t\t\t\t<\/div>\n\t\t\t\t<\/div>\n\t\t","protected":false},"excerpt":{"rendered":"<p>Organize your Next Corporate Events at our Venue Are you looking for a place to meet with your employees or your customers at the occasion of a corporate event? O3 Center provides you with recently modernized halls, endowed with media equipment, that can welcome from 20 to 400 people. Whether it is for a supper, [&hellip;]<\/p>\n","protected":false},"author":1,"featured_media":0,"parent":654,"menu_order":0,"comment_status":"closed","ping_status":"closed","template":"","meta":{"footnotes":""},"class_list":["post-655","page","type-page","status-publish","hentry"],"yoast_head":"<!-- This site is optimized with the Yoast SEO plugin v27.1.1 - https:\/\/yoast.com\/product\/yoast-seo-wordpress\/ -->\n<title>Corporate Event Venues - Centre O3<\/title>\n<meta name=\"robots\" content=\"index, follow, max-snippet:-1, max-image-preview:large, max-video-preview:-1\" \/>\n<link rel=\"canonical\" href=\"https:\/\/centreo3.com\/en\/event\/corporate-event-venues\/\" \/>\n<meta property=\"og:locale\" content=\"en_US\" \/>\n<meta property=\"og:type\" content=\"article\" \/>\n<meta property=\"og:title\" content=\"Corporate Event Venues - Centre O3\" \/>\n<meta property=\"og:description\" content=\"Organize your Next Corporate Events at our Venue Are you looking for a place to meet with your employees or your customers at the occasion of a corporate event? O3 Center provides you with recently modernized halls, endowed with media equipment, that can welcome from 20 to 400 people. Whether it is for a supper, [&hellip;]\" \/>\n<meta property=\"og:url\" content=\"https:\/\/centreo3.com\/en\/event\/corporate-event-venues\/\" \/>\n<meta property=\"og:site_name\" content=\"Centre O3\" \/>\n<meta property=\"article:modified_time\" content=\"2023-10-03T10:30:40+00:00\" \/>\n<meta name=\"twitter:card\" content=\"summary_large_image\" \/>\n<meta name=\"twitter:label1\" content=\"Est. reading time\" \/>\n\t<meta name=\"twitter:data1\" content=\"1 minute\" \/>\n<script type=\"application\/ld+json\" class=\"yoast-schema-graph\">{\"@context\":\"https:\/\/schema.org\",\"@graph\":[{\"@type\":\"WebPage\",\"@id\":\"https:\/\/centreo3.com\/en\/event\/corporate-event-venues\/\",\"url\":\"https:\/\/centreo3.com\/en\/event\/corporate-event-venues\/\",\"name\":\"Corporate Event Venues - Centre O3\",\"isPartOf\":{\"@id\":\"https:\/\/centreo3.com\/en\/#website\"},\"datePublished\":\"2023-09-26T14:31:40+00:00\",\"dateModified\":\"2023-10-03T10:30:40+00:00\",\"breadcrumb\":{\"@id\":\"https:\/\/centreo3.com\/en\/event\/corporate-event-venues\/#breadcrumb\"},\"inLanguage\":\"en-US\",\"potentialAction\":[{\"@type\":\"ReadAction\",\"target\":[\"https:\/\/centreo3.com\/en\/event\/corporate-event-venues\/\"]}]},{\"@type\":\"BreadcrumbList\",\"@id\":\"https:\/\/centreo3.com\/en\/event\/corporate-event-venues\/#breadcrumb\",\"itemListElement\":[{\"@type\":\"ListItem\",\"position\":1,\"name\":\"Accueil\",\"item\":\"https:\/\/centreo3.com\/en\/\"},{\"@type\":\"ListItem\",\"position\":2,\"name\":\"Personalized Events\",\"item\":\"https:\/\/centreo3.com\/en\/event\/\"},{\"@type\":\"ListItem\",\"position\":3,\"name\":\"Corporate Event Venues\"}]},{\"@type\":\"WebSite\",\"@id\":\"https:\/\/centreo3.com\/en\/#website\",\"url\":\"https:\/\/centreo3.com\/en\/\",\"name\":\"Centre O3\",\"description\":\"Salles de r\u00e9ception et h\u00e9bergements pour \u00e9v\u00e9nements\",\"publisher\":{\"@id\":\"https:\/\/centreo3.com\/en\/#organization\"},\"potentialAction\":[{\"@type\":\"SearchAction\",\"target\":{\"@type\":\"EntryPoint\",\"urlTemplate\":\"https:\/\/centreo3.com\/en\/?s={search_term_string}\"},\"query-input\":{\"@type\":\"PropertyValueSpecification\",\"valueRequired\":true,\"valueName\":\"search_term_string\"}}],\"inLanguage\":\"en-US\"},{\"@type\":\"Organization\",\"@id\":\"https:\/\/centreo3.com\/en\/#organization\",\"name\":\"Centre O3\",\"url\":\"https:\/\/centreo3.com\/en\/\",\"logo\":{\"@type\":\"ImageObject\",\"inLanguage\":\"en-US\",\"@id\":\"https:\/\/centreo3.com\/en\/#\/schema\/logo\/image\/\",\"url\":\"https:\/\/centreo3.com\/wp-content\/uploads\/2023\/09\/centreo3-logo.svg\",\"contentUrl\":\"https:\/\/centreo3.com\/wp-content\/uploads\/2023\/09\/centreo3-logo.svg\",\"caption\":\"Centre O3\"},\"image\":{\"@id\":\"https:\/\/centreo3.com\/en\/#\/schema\/logo\/image\/\"}}]}<\/script>\n<!-- \/ Yoast SEO plugin. -->","yoast_head_json":{"title":"Corporate Event Venues - Centre O3","robots":{"index":"index","follow":"follow","max-snippet":"max-snippet:-1","max-image-preview":"max-image-preview:large","max-video-preview":"max-video-preview:-1"},"canonical":"https:\/\/centreo3.com\/en\/event\/corporate-event-venues\/","og_locale":"en_US","og_type":"article","og_title":"Corporate Event Venues - Centre O3","og_description":"Organize your Next Corporate Events at our Venue Are you looking for a place to meet with your employees or your customers at the occasion of a corporate event? O3 Center provides you with recently modernized halls, endowed with media equipment, that can welcome from 20 to 400 people. Whether it is for a supper, [&hellip;]","og_url":"https:\/\/centreo3.com\/en\/event\/corporate-event-venues\/","og_site_name":"Centre O3","article_modified_time":"2023-10-03T10:30:40+00:00","twitter_card":"summary_large_image","twitter_misc":{"Est. reading time":"1 minute"},"schema":{"@context":"https:\/\/schema.org","@graph":[{"@type":"WebPage","@id":"https:\/\/centreo3.com\/en\/event\/corporate-event-venues\/","url":"https:\/\/centreo3.com\/en\/event\/corporate-event-venues\/","name":"Corporate Event Venues - Centre O3","isPartOf":{"@id":"https:\/\/centreo3.com\/en\/#website"},"datePublished":"2023-09-26T14:31:40+00:00","dateModified":"2023-10-03T10:30:40+00:00","breadcrumb":{"@id":"https:\/\/centreo3.com\/en\/event\/corporate-event-venues\/#breadcrumb"},"inLanguage":"en-US","potentialAction":[{"@type":"ReadAction","target":["https:\/\/centreo3.com\/en\/event\/corporate-event-venues\/"]}]},{"@type":"BreadcrumbList","@id":"https:\/\/centreo3.com\/en\/event\/corporate-event-venues\/#breadcrumb","itemListElement":[{"@type":"ListItem","position":1,"name":"Accueil","item":"https:\/\/centreo3.com\/en\/"},{"@type":"ListItem","position":2,"name":"Personalized Events","item":"https:\/\/centreo3.com\/en\/event\/"},{"@type":"ListItem","position":3,"name":"Corporate Event Venues"}]},{"@type":"WebSite","@id":"https:\/\/centreo3.com\/en\/#website","url":"https:\/\/centreo3.com\/en\/","name":"Centre O3","description":"Salles de r\u00e9ception et h\u00e9bergements pour \u00e9v\u00e9nements","publisher":{"@id":"https:\/\/centreo3.com\/en\/#organization"},"potentialAction":[{"@type":"SearchAction","target":{"@type":"EntryPoint","urlTemplate":"https:\/\/centreo3.com\/en\/?s={search_term_string}"},"query-input":{"@type":"PropertyValueSpecification","valueRequired":true,"valueName":"search_term_string"}}],"inLanguage":"en-US"},{"@type":"Organization","@id":"https:\/\/centreo3.com\/en\/#organization","name":"Centre O3","url":"https:\/\/centreo3.com\/en\/","logo":{"@type":"ImageObject","inLanguage":"en-US","@id":"https:\/\/centreo3.com\/en\/#\/schema\/logo\/image\/","url":"https:\/\/centreo3.com\/wp-content\/uploads\/2023\/09\/centreo3-logo.svg","contentUrl":"https:\/\/centreo3.com\/wp-content\/uploads\/2023\/09\/centreo3-logo.svg","caption":"Centre O3"},"image":{"@id":"https:\/\/centreo3.com\/en\/#\/schema\/logo\/image\/"}}]}},"_links":{"self":[{"href":"https:\/\/centreo3.com\/en\/wp-json\/wp\/v2\/pages\/655","targetHints":{"allow":["GET"]}}],"collection":[{"href":"https:\/\/centreo3.com\/en\/wp-json\/wp\/v2\/pages"}],"about":[{"href":"https:\/\/centreo3.com\/en\/wp-json\/wp\/v2\/types\/page"}],"author":[{"embeddable":true,"href":"https:\/\/centreo3.com\/en\/wp-json\/wp\/v2\/users\/1"}],"replies":[{"embeddable":true,"href":"https:\/\/centreo3.com\/en\/wp-json\/wp\/v2\/comments?post=655"}],"version-history":[{"count":1,"href":"https:\/\/centreo3.com\/en\/wp-json\/wp\/v2\/pages\/655\/revisions"}],"predecessor-version":[{"id":656,"href":"https:\/\/centreo3.com\/en\/wp-json\/wp\/v2\/pages\/655\/revisions\/656"}],"up":[{"embeddable":true,"href":"https:\/\/centreo3.com\/en\/wp-json\/wp\/v2\/pages\/654"}],"wp:attachment":[{"href":"https:\/\/centreo3.com\/en\/wp-json\/wp\/v2\/media?parent=655"}],"curies":[{"name":"wp","href":"https:\/\/api.w.org\/{rel}","templated":true}]}}