{"id":1068,"date":"2023-10-03T11:28:08","date_gmt":"2023-10-03T15:28:08","guid":{"rendered":"https:\/\/centreo3.com\/contact-us-2\/"},"modified":"2023-10-05T14:01:58","modified_gmt":"2023-10-05T18:01:58","slug":"contact-us-camp-musical","status":"publish","type":"page","link":"https:\/\/centreo3.com\/en\/contact-us-camp-musical\/","title":{"rendered":"Contact Us"},"content":{"rendered":"\t\t<div data-elementor-type=\"wp-page\" data-elementor-id=\"1068\" class=\"elementor elementor-1068 elementor-789\" data-elementor-post-type=\"page\">\n\t\t\t\t<div class=\"elementor-element elementor-element-2791f61 e-flex e-con-boxed e-con e-parent\" data-id=\"2791f61\" data-element_type=\"container\" data-e-type=\"container\">\n\t\t\t\t\t<div class=\"e-con-inner\">\n\t\t<div class=\"elementor-element elementor-element-5f0784e e-con-full e-flex e-con e-child\" data-id=\"5f0784e\" data-element_type=\"container\" data-e-type=\"container\">\n\t\t\t\t<div class=\"elementor-element elementor-element-f419991 elementor-widget elementor-widget-heading\" data-id=\"f419991\" data-element_type=\"widget\" data-e-type=\"widget\" data-widget_type=\"heading.default\">\n\t\t\t\t<div class=\"elementor-widget-container\">\n\t\t\t\t\t<h2 class=\"elementor-heading-title elementor-size-default\">Contact information:<\/h2>\t\t\t\t<\/div>\n\t\t\t\t<\/div>\n\t\t\t\t<\/div>\n\t\t<div class=\"elementor-element elementor-element-a0519c1 e-con-full e-flex e-con e-child\" data-id=\"a0519c1\" data-element_type=\"container\" data-e-type=\"container\">\n\t\t\t\t<div class=\"elementor-element elementor-element-92509f8 elementor-widget elementor-widget-text-editor\" data-id=\"92509f8\" data-element_type=\"widget\" data-e-type=\"widget\" data-widget_type=\"text-editor.default\">\n\t\t\t\t<div class=\"elementor-widget-container\">\n\t\t\t\t\t\t\t\t\t<p>Localisation<br \/>100, rue des M\u00e9sanges, Val-des-Sources (Qu\u00e9bec)<\/p>\n<p>Postal address:<br \/>C.P. 6, Val-des-Sources,<br \/>Qu\u00e9bec, J1T 3M9<\/p>\n<p><strong>Phone:<\/strong> <a class=\"tel\" href=\"tel:8198794342\">819-879-4342<\/a><br \/><strong>Toll free:<\/strong> <a class=\"tel\" href=\"tel:1-8888344342\">1-888-834-4342<\/a><\/p>\n<p>Fax: 819-879-9140<span id=\"cloak3ae07f0c3cc3912ba4c7bca13bf05159\"><\/span><\/p>\n<p><a href=\"mailto:info@campmusicalinc.com\">info@campmusicalinc.com<\/a><\/p>\n\t\t\t\t\t\t\t\t<\/div>\n\t\t\t\t<\/div>\n\t\t\t\t<\/div>\n\t\t<div class=\"elementor-element elementor-element-2a9f823 e-con-full e-flex e-con e-child\" data-id=\"2a9f823\" data-element_type=\"container\" data-e-type=\"container\">\n\t\t\t\t<div class=\"elementor-element elementor-element-72ae2d9 elementor-widget elementor-widget-google_maps\" data-id=\"72ae2d9\" data-element_type=\"widget\" data-e-type=\"widget\" data-widget_type=\"google_maps.default\">\n\t\t\t\t<div class=\"elementor-widget-container\">\n\t\t\t\t\t\t\t<div class=\"elementor-custom-embed\">\n\t\t\t<iframe loading=\"lazy\"\n\t\t\t\t\tsrc=\"https:\/\/maps.google.com\/maps?q=100%20rue%20des%20m%C3%A9sanges%2C%20Val-des-Sources%2C%20QC%20J1T%203M7&#038;t=m&#038;z=14&#038;output=embed&#038;iwloc=near\"\n\t\t\t\t\ttitle=\"100 rue des m\u00e9sanges, Val-des-Sources, QC J1T 3M7\"\n\t\t\t\t\taria-label=\"100 rue des m\u00e9sanges, Val-des-Sources, QC J1T 3M7\"\n\t\t\t><\/iframe>\n\t\t<\/div>\n\t\t\t\t\t\t<\/div>\n\t\t\t\t<\/div>\n\t\t\t\t<\/div>\n\t\t\t\t\t<\/div>\n\t\t\t\t<\/div>\n\t\t\t\t<\/div>\n\t\t","protected":false},"excerpt":{"rendered":"<p>Contact information: Localisation100, rue des M\u00e9sanges, Val-des-Sources (Qu\u00e9bec) Postal address:C.P. 6, Val-des-Sources,Qu\u00e9bec, J1T 3M9 Phone: 819-879-4342Toll free: 1-888-834-4342 Fax: 819-879-9140 info@campmusicalinc.com<\/p>\n","protected":false},"author":1,"featured_media":0,"parent":0,"menu_order":0,"comment_status":"closed","ping_status":"closed","template":"","meta":{"footnotes":""},"class_list":["post-1068","page","type-page","status-publish","hentry"],"yoast_head":"<!-- This site is optimized with the Yoast SEO plugin v27.1.1 - https:\/\/yoast.com\/product\/yoast-seo-wordpress\/ -->\n<title>Contact Us - Camp musical Val-des-Sources<\/title>\n<meta name=\"robots\" content=\"index, follow, max-snippet:-1, max-image-preview:large, max-video-preview:-1\" \/>\n<link rel=\"canonical\" href=\"https:\/\/centreo3.com\/en\/contact-us-camp-musical\/\" \/>\n<meta property=\"og:locale\" content=\"en_US\" \/>\n<meta property=\"og:type\" content=\"article\" \/>\n<meta property=\"og:title\" content=\"Contact Us - Camp musical Val-des-Sources\" \/>\n<meta property=\"og:description\" content=\"Contact information: Localisation100, rue des M\u00e9sanges, Val-des-Sources (Qu\u00e9bec) Postal address:C.P. 6, Val-des-Sources,Qu\u00e9bec, J1T 3M9 Phone: 819-879-4342Toll free: 1-888-834-4342 Fax: 819-879-9140 info@campmusicalinc.com\" \/>\n<meta property=\"og:url\" content=\"https:\/\/centreo3.com\/en\/contact-us-camp-musical\/\" \/>\n<meta property=\"og:site_name\" content=\"Centre O3\" \/>\n<meta property=\"article:modified_time\" content=\"2023-10-05T18:01:58+00:00\" \/>\n<meta name=\"twitter:card\" content=\"summary_large_image\" \/>\n<meta name=\"twitter:label1\" content=\"Est. reading time\" \/>\n\t<meta name=\"twitter:data1\" content=\"1 minute\" \/>\n<script type=\"application\/ld+json\" class=\"yoast-schema-graph\">{\"@context\":\"https:\/\/schema.org\",\"@graph\":[{\"@type\":\"WebPage\",\"@id\":\"https:\/\/centreo3.com\/en\/contact-us-camp-musical\/\",\"url\":\"https:\/\/centreo3.com\/en\/contact-us-camp-musical\/\",\"name\":\"Contact Us - Camp musical Val-des-Sources\",\"isPartOf\":{\"@id\":\"https:\/\/centreo3.com\/en\/#website\"},\"datePublished\":\"2023-10-03T15:28:08+00:00\",\"dateModified\":\"2023-10-05T18:01:58+00:00\",\"breadcrumb\":{\"@id\":\"https:\/\/centreo3.com\/en\/contact-us-camp-musical\/#breadcrumb\"},\"inLanguage\":\"en-US\",\"potentialAction\":[{\"@type\":\"ReadAction\",\"target\":[\"https:\/\/centreo3.com\/en\/contact-us-camp-musical\/\"]}]},{\"@type\":\"BreadcrumbList\",\"@id\":\"https:\/\/centreo3.com\/en\/contact-us-camp-musical\/#breadcrumb\",\"itemListElement\":[{\"@type\":\"ListItem\",\"position\":1,\"name\":\"Accueil\",\"item\":\"https:\/\/centreo3.com\/en\/\"},{\"@type\":\"ListItem\",\"position\":2,\"name\":\"Contact Us\"}]},{\"@type\":\"WebSite\",\"@id\":\"https:\/\/centreo3.com\/en\/#website\",\"url\":\"https:\/\/centreo3.com\/en\/\",\"name\":\"Centre O3\",\"description\":\"Salles de r\u00e9ception et h\u00e9bergements pour \u00e9v\u00e9nements\",\"publisher\":{\"@id\":\"https:\/\/centreo3.com\/en\/#organization\"},\"potentialAction\":[{\"@type\":\"SearchAction\",\"target\":{\"@type\":\"EntryPoint\",\"urlTemplate\":\"https:\/\/centreo3.com\/en\/?s={search_term_string}\"},\"query-input\":{\"@type\":\"PropertyValueSpecification\",\"valueRequired\":true,\"valueName\":\"search_term_string\"}}],\"inLanguage\":\"en-US\"},{\"@type\":\"Organization\",\"@id\":\"https:\/\/centreo3.com\/en\/#organization\",\"name\":\"Centre O3\",\"url\":\"https:\/\/centreo3.com\/en\/\",\"logo\":{\"@type\":\"ImageObject\",\"inLanguage\":\"en-US\",\"@id\":\"https:\/\/centreo3.com\/en\/#\/schema\/logo\/image\/\",\"url\":\"https:\/\/centreo3.com\/wp-content\/uploads\/2023\/09\/centreo3-logo.svg\",\"contentUrl\":\"https:\/\/centreo3.com\/wp-content\/uploads\/2023\/09\/centreo3-logo.svg\",\"caption\":\"Centre O3\"},\"image\":{\"@id\":\"https:\/\/centreo3.com\/en\/#\/schema\/logo\/image\/\"}}]}<\/script>\n<!-- \/ Yoast SEO plugin. -->","yoast_head_json":{"title":"Contact Us - Camp musical Val-des-Sources","robots":{"index":"index","follow":"follow","max-snippet":"max-snippet:-1","max-image-preview":"max-image-preview:large","max-video-preview":"max-video-preview:-1"},"canonical":"https:\/\/centreo3.com\/en\/contact-us-camp-musical\/","og_locale":"en_US","og_type":"article","og_title":"Contact Us - Camp musical Val-des-Sources","og_description":"Contact information: Localisation100, rue des M\u00e9sanges, Val-des-Sources (Qu\u00e9bec) Postal address:C.P. 6, Val-des-Sources,Qu\u00e9bec, J1T 3M9 Phone: 819-879-4342Toll free: 1-888-834-4342 Fax: 819-879-9140 info@campmusicalinc.com","og_url":"https:\/\/centreo3.com\/en\/contact-us-camp-musical\/","og_site_name":"Centre O3","article_modified_time":"2023-10-05T18:01:58+00:00","twitter_card":"summary_large_image","twitter_misc":{"Est. reading time":"1 minute"},"schema":{"@context":"https:\/\/schema.org","@graph":[{"@type":"WebPage","@id":"https:\/\/centreo3.com\/en\/contact-us-camp-musical\/","url":"https:\/\/centreo3.com\/en\/contact-us-camp-musical\/","name":"Contact Us - Camp musical Val-des-Sources","isPartOf":{"@id":"https:\/\/centreo3.com\/en\/#website"},"datePublished":"2023-10-03T15:28:08+00:00","dateModified":"2023-10-05T18:01:58+00:00","breadcrumb":{"@id":"https:\/\/centreo3.com\/en\/contact-us-camp-musical\/#breadcrumb"},"inLanguage":"en-US","potentialAction":[{"@type":"ReadAction","target":["https:\/\/centreo3.com\/en\/contact-us-camp-musical\/"]}]},{"@type":"BreadcrumbList","@id":"https:\/\/centreo3.com\/en\/contact-us-camp-musical\/#breadcrumb","itemListElement":[{"@type":"ListItem","position":1,"name":"Accueil","item":"https:\/\/centreo3.com\/en\/"},{"@type":"ListItem","position":2,"name":"Contact Us"}]},{"@type":"WebSite","@id":"https:\/\/centreo3.com\/en\/#website","url":"https:\/\/centreo3.com\/en\/","name":"Centre O3","description":"Salles de r\u00e9ception et h\u00e9bergements pour \u00e9v\u00e9nements","publisher":{"@id":"https:\/\/centreo3.com\/en\/#organization"},"potentialAction":[{"@type":"SearchAction","target":{"@type":"EntryPoint","urlTemplate":"https:\/\/centreo3.com\/en\/?s={search_term_string}"},"query-input":{"@type":"PropertyValueSpecification","valueRequired":true,"valueName":"search_term_string"}}],"inLanguage":"en-US"},{"@type":"Organization","@id":"https:\/\/centreo3.com\/en\/#organization","name":"Centre O3","url":"https:\/\/centreo3.com\/en\/","logo":{"@type":"ImageObject","inLanguage":"en-US","@id":"https:\/\/centreo3.com\/en\/#\/schema\/logo\/image\/","url":"https:\/\/centreo3.com\/wp-content\/uploads\/2023\/09\/centreo3-logo.svg","contentUrl":"https:\/\/centreo3.com\/wp-content\/uploads\/2023\/09\/centreo3-logo.svg","caption":"Centre O3"},"image":{"@id":"https:\/\/centreo3.com\/en\/#\/schema\/logo\/image\/"}}]}},"_links":{"self":[{"href":"https:\/\/centreo3.com\/en\/wp-json\/wp\/v2\/pages\/1068","targetHints":{"allow":["GET"]}}],"collection":[{"href":"https:\/\/centreo3.com\/en\/wp-json\/wp\/v2\/pages"}],"about":[{"href":"https:\/\/centreo3.com\/en\/wp-json\/wp\/v2\/types\/page"}],"author":[{"embeddable":true,"href":"https:\/\/centreo3.com\/en\/wp-json\/wp\/v2\/users\/1"}],"replies":[{"embeddable":true,"href":"https:\/\/centreo3.com\/en\/wp-json\/wp\/v2\/comments?post=1068"}],"version-history":[{"count":5,"href":"https:\/\/centreo3.com\/en\/wp-json\/wp\/v2\/pages\/1068\/revisions"}],"predecessor-version":[{"id":1167,"href":"https:\/\/centreo3.com\/en\/wp-json\/wp\/v2\/pages\/1068\/revisions\/1167"}],"wp:attachment":[{"href":"https:\/\/centreo3.com\/en\/wp-json\/wp\/v2\/media?parent=1068"}],"curies":[{"name":"wp","href":"https:\/\/api.w.org\/{rel}","templated":true}]}}