{"id":1060,"date":"2023-10-03T11:27:40","date_gmt":"2023-10-03T15:27:40","guid":{"rendered":"https:\/\/centreo3.com\/scholarship-application\/"},"modified":"2024-10-02T11:31:13","modified_gmt":"2024-10-02T15:31:13","slug":"scholarship-application","status":"publish","type":"page","link":"https:\/\/centreo3.com\/en\/scholarship-application\/","title":{"rendered":"Scholarship application"},"content":{"rendered":"\t\t<div data-elementor-type=\"wp-page\" data-elementor-id=\"1060\" class=\"elementor elementor-1060 elementor-787\" data-elementor-post-type=\"page\">\n\t\t\t\t<div class=\"elementor-element elementor-element-d1446b2 e-flex e-con-boxed e-con e-parent\" data-id=\"d1446b2\" data-element_type=\"container\" data-e-type=\"container\">\n\t\t\t\t\t<div class=\"e-con-inner\">\n\t\t\t\t<div class=\"elementor-element elementor-element-3486455 elementor-widget elementor-widget-text-editor\" data-id=\"3486455\" data-element_type=\"widget\" data-e-type=\"widget\" data-widget_type=\"text-editor.default\">\n\t\t\t\t<div class=\"elementor-widget-container\">\n\t\t\t\t\t\t\t\t\t<p>The Camp Musical Val-des-Sources set up the Camp Musical Val-des-Sources Foundation who\u2019s mission is the same as the Camp: to make music accessible to kids. Every year, we give more than 30 000 $ in scholarships to kids who need it. We invite you to fill the request form below to apply.<\/p>\n\t\t\t\t\t\t\t\t<\/div>\n\t\t\t\t<\/div>\n\t\t\t\t<div class=\"elementor-element elementor-element-5368172 elementor-widget elementor-widget-heading\" data-id=\"5368172\" data-element_type=\"widget\" data-e-type=\"widget\" data-widget_type=\"heading.default\">\n\t\t\t\t<div class=\"elementor-widget-container\">\n\t\t\t\t\t<h2 class=\"elementor-heading-title elementor-size-default\">Eligibility conditions :<\/h2>\t\t\t\t<\/div>\n\t\t\t\t<\/div>\n\t\t\t\t<div class=\"elementor-element elementor-element-0ec04b1 elementor-widget elementor-widget-text-editor\" data-id=\"0ec04b1\" data-element_type=\"widget\" data-e-type=\"widget\" data-widget_type=\"text-editor.default\">\n\t\t\t\t<div class=\"elementor-widget-container\">\n\t\t\t\t\t\t\t\t\t<p>1. Know how to play one or more instruments for a minimum of 1 year<\/p>\n<p>2. Not have received from Musical Camp of Val-des-Sources any other scholarship during the current year<\/p>\n<p>3. Have sent the application for a scholarship before the deadline<\/p>\n<\/p>\n<p>Campers of College or University levels will be excluded from this type of scholarship.<\/p>\n\t\t\t\t\t\t\t\t<\/div>\n\t\t\t\t<\/div>\n\t\t\t\t<div class=\"elementor-element elementor-element-7e41e79 elementor-widget elementor-widget-heading\" data-id=\"7e41e79\" data-element_type=\"widget\" data-e-type=\"widget\" data-widget_type=\"heading.default\">\n\t\t\t\t<div class=\"elementor-widget-container\">\n\t\t\t\t\t<h2 class=\"elementor-heading-title elementor-size-default\">Selection Criteria :<\/h2>\t\t\t\t<\/div>\n\t\t\t\t<\/div>\n\t\t\t\t<div class=\"elementor-element elementor-element-e7c9888 elementor-widget elementor-widget-text-editor\" data-id=\"e7c9888\" data-element_type=\"widget\" data-e-type=\"widget\" data-widget_type=\"text-editor.default\">\n\t\t\t\t<div class=\"elementor-widget-container\">\n\t\t\t\t\t\t\t\t\t<p>1. Experience with instrument<\/p>\n<p>2. Available place according to registration<\/p>\n<p><\/p>\n<p>DEADLINE FOR APPLICATION OF SCHOLARSHIP 2024: <strong>June 1st, 2025<\/strong><\/p>\n<p>Please note that once the deadline has past, no application will be accepted.<\/p>\n<p>Join :<\/p>\n<ul>\n<li>A letter explaining why you would like to receive a scholarship from Musical Camp of Val-des-Sources and details about your musical experience.<\/li>\n<li>A picture or yourself<\/li>\n<\/ul>\n<p>Send the following informations to : <span id=\"cloak913bd6b2a33a1a0ede0dd41a86e9a09a\"><a href=\"mailto:info@campmusicalinc.com?subject=Demande%20de%20bourse&amp;body=Nom%20:%0D%0AAdresse%20courriel%20:%0D%0ADate%20de%20naissance%20:%0D%0AAnn%C3%A9e%20scolaire%20:%0D%0AInstrument%20et%20ann%C3%A9e(s)%20d%E2%80%99exp%C3%A9rience%20:%0D%0A%C3%89cole%20et%20professeur%20de%20musique%20:%0D%0ASession%20:\">info@campmusicalinc.com<\/a><\/span><\/p>\n<ul>\n<li>Name<\/li>\n<li>Address E-mail<\/li>\n<li>Date of birth<\/li>\n<li>School year<\/li>\n<li>Grade :Instrument and years of experience<\/li>\n<li>School and music teacher<\/li>\n<li>Session: 1st session 2nd session 3rd session 4th session<\/li>\n<li>Photo<\/li>\n<li>Lettre<\/li>\n<\/ul>\t\t\t\t\t\t\t\t<\/div>\n\t\t\t\t<\/div>\n\t\t\t\t\t<\/div>\n\t\t\t\t<\/div>\n\t\t\t\t<\/div>\n\t\t","protected":false},"excerpt":{"rendered":"<p>The Camp Musical Val-des-Sources set up the Camp Musical Val-des-Sources Foundation who\u2019s mission is the same as the Camp: to make music accessible to kids. Every year, we give more than 30 000 $ in scholarships to kids who need it. We invite you to fill the request form below to apply. Eligibility conditions : [&hellip;]<\/p>\n","protected":false},"author":1,"featured_media":0,"parent":0,"menu_order":0,"comment_status":"closed","ping_status":"closed","template":"","meta":{"footnotes":""},"class_list":["post-1060","page","type-page","status-publish","hentry"],"yoast_head":"<!-- This site is optimized with the Yoast SEO plugin v27.1.1 - https:\/\/yoast.com\/product\/yoast-seo-wordpress\/ -->\n<title>Scholarship application - Camp musical Val-des-Sources<\/title>\n<meta name=\"robots\" content=\"index, follow, max-snippet:-1, max-image-preview:large, max-video-preview:-1\" \/>\n<link rel=\"canonical\" href=\"https:\/\/centreo3.com\/en\/scholarship-application\/\" \/>\n<meta property=\"og:locale\" content=\"en_US\" \/>\n<meta property=\"og:type\" content=\"article\" \/>\n<meta property=\"og:title\" content=\"Scholarship application - Camp musical Val-des-Sources\" \/>\n<meta property=\"og:description\" content=\"The Camp Musical Val-des-Sources set up the Camp Musical Val-des-Sources Foundation who\u2019s mission is the same as the Camp: to make music accessible to kids. Every year, we give more than 30 000 $ in scholarships to kids who need it. We invite you to fill the request form below to apply. Eligibility conditions : [&hellip;]\" \/>\n<meta property=\"og:url\" content=\"https:\/\/centreo3.com\/en\/scholarship-application\/\" \/>\n<meta property=\"og:site_name\" content=\"Centre O3\" \/>\n<meta property=\"article:modified_time\" content=\"2024-10-02T15:31:13+00:00\" \/>\n<meta name=\"twitter:card\" content=\"summary_large_image\" \/>\n<meta name=\"twitter:label1\" content=\"Est. reading time\" \/>\n\t<meta name=\"twitter:data1\" content=\"1 minute\" \/>\n<script type=\"application\/ld+json\" class=\"yoast-schema-graph\">{\"@context\":\"https:\/\/schema.org\",\"@graph\":[{\"@type\":\"WebPage\",\"@id\":\"https:\/\/centreo3.com\/en\/scholarship-application\/\",\"url\":\"https:\/\/centreo3.com\/en\/scholarship-application\/\",\"name\":\"Scholarship application - Camp musical Val-des-Sources\",\"isPartOf\":{\"@id\":\"https:\/\/centreo3.com\/en\/#website\"},\"datePublished\":\"2023-10-03T15:27:40+00:00\",\"dateModified\":\"2024-10-02T15:31:13+00:00\",\"breadcrumb\":{\"@id\":\"https:\/\/centreo3.com\/en\/scholarship-application\/#breadcrumb\"},\"inLanguage\":\"en-US\",\"potentialAction\":[{\"@type\":\"ReadAction\",\"target\":[\"https:\/\/centreo3.com\/en\/scholarship-application\/\"]}]},{\"@type\":\"BreadcrumbList\",\"@id\":\"https:\/\/centreo3.com\/en\/scholarship-application\/#breadcrumb\",\"itemListElement\":[{\"@type\":\"ListItem\",\"position\":1,\"name\":\"Accueil\",\"item\":\"https:\/\/centreo3.com\/en\/\"},{\"@type\":\"ListItem\",\"position\":2,\"name\":\"Scholarship application\"}]},{\"@type\":\"WebSite\",\"@id\":\"https:\/\/centreo3.com\/en\/#website\",\"url\":\"https:\/\/centreo3.com\/en\/\",\"name\":\"Centre O3\",\"description\":\"Salles de r\u00e9ception et h\u00e9bergements pour \u00e9v\u00e9nements\",\"publisher\":{\"@id\":\"https:\/\/centreo3.com\/en\/#organization\"},\"potentialAction\":[{\"@type\":\"SearchAction\",\"target\":{\"@type\":\"EntryPoint\",\"urlTemplate\":\"https:\/\/centreo3.com\/en\/?s={search_term_string}\"},\"query-input\":{\"@type\":\"PropertyValueSpecification\",\"valueRequired\":true,\"valueName\":\"search_term_string\"}}],\"inLanguage\":\"en-US\"},{\"@type\":\"Organization\",\"@id\":\"https:\/\/centreo3.com\/en\/#organization\",\"name\":\"Centre O3\",\"url\":\"https:\/\/centreo3.com\/en\/\",\"logo\":{\"@type\":\"ImageObject\",\"inLanguage\":\"en-US\",\"@id\":\"https:\/\/centreo3.com\/en\/#\/schema\/logo\/image\/\",\"url\":\"https:\/\/centreo3.com\/wp-content\/uploads\/2023\/09\/centreo3-logo.svg\",\"contentUrl\":\"https:\/\/centreo3.com\/wp-content\/uploads\/2023\/09\/centreo3-logo.svg\",\"caption\":\"Centre O3\"},\"image\":{\"@id\":\"https:\/\/centreo3.com\/en\/#\/schema\/logo\/image\/\"}}]}<\/script>\n<!-- \/ Yoast SEO plugin. -->","yoast_head_json":{"title":"Scholarship application - Camp musical Val-des-Sources","robots":{"index":"index","follow":"follow","max-snippet":"max-snippet:-1","max-image-preview":"max-image-preview:large","max-video-preview":"max-video-preview:-1"},"canonical":"https:\/\/centreo3.com\/en\/scholarship-application\/","og_locale":"en_US","og_type":"article","og_title":"Scholarship application - Camp musical Val-des-Sources","og_description":"The Camp Musical Val-des-Sources set up the Camp Musical Val-des-Sources Foundation who\u2019s mission is the same as the Camp: to make music accessible to kids. Every year, we give more than 30 000 $ in scholarships to kids who need it. We invite you to fill the request form below to apply. Eligibility conditions : [&hellip;]","og_url":"https:\/\/centreo3.com\/en\/scholarship-application\/","og_site_name":"Centre O3","article_modified_time":"2024-10-02T15:31:13+00:00","twitter_card":"summary_large_image","twitter_misc":{"Est. reading time":"1 minute"},"schema":{"@context":"https:\/\/schema.org","@graph":[{"@type":"WebPage","@id":"https:\/\/centreo3.com\/en\/scholarship-application\/","url":"https:\/\/centreo3.com\/en\/scholarship-application\/","name":"Scholarship application - Camp musical Val-des-Sources","isPartOf":{"@id":"https:\/\/centreo3.com\/en\/#website"},"datePublished":"2023-10-03T15:27:40+00:00","dateModified":"2024-10-02T15:31:13+00:00","breadcrumb":{"@id":"https:\/\/centreo3.com\/en\/scholarship-application\/#breadcrumb"},"inLanguage":"en-US","potentialAction":[{"@type":"ReadAction","target":["https:\/\/centreo3.com\/en\/scholarship-application\/"]}]},{"@type":"BreadcrumbList","@id":"https:\/\/centreo3.com\/en\/scholarship-application\/#breadcrumb","itemListElement":[{"@type":"ListItem","position":1,"name":"Accueil","item":"https:\/\/centreo3.com\/en\/"},{"@type":"ListItem","position":2,"name":"Scholarship application"}]},{"@type":"WebSite","@id":"https:\/\/centreo3.com\/en\/#website","url":"https:\/\/centreo3.com\/en\/","name":"Centre O3","description":"Salles de r\u00e9ception et h\u00e9bergements pour \u00e9v\u00e9nements","publisher":{"@id":"https:\/\/centreo3.com\/en\/#organization"},"potentialAction":[{"@type":"SearchAction","target":{"@type":"EntryPoint","urlTemplate":"https:\/\/centreo3.com\/en\/?s={search_term_string}"},"query-input":{"@type":"PropertyValueSpecification","valueRequired":true,"valueName":"search_term_string"}}],"inLanguage":"en-US"},{"@type":"Organization","@id":"https:\/\/centreo3.com\/en\/#organization","name":"Centre O3","url":"https:\/\/centreo3.com\/en\/","logo":{"@type":"ImageObject","inLanguage":"en-US","@id":"https:\/\/centreo3.com\/en\/#\/schema\/logo\/image\/","url":"https:\/\/centreo3.com\/wp-content\/uploads\/2023\/09\/centreo3-logo.svg","contentUrl":"https:\/\/centreo3.com\/wp-content\/uploads\/2023\/09\/centreo3-logo.svg","caption":"Centre O3"},"image":{"@id":"https:\/\/centreo3.com\/en\/#\/schema\/logo\/image\/"}}]}},"_links":{"self":[{"href":"https:\/\/centreo3.com\/en\/wp-json\/wp\/v2\/pages\/1060","targetHints":{"allow":["GET"]}}],"collection":[{"href":"https:\/\/centreo3.com\/en\/wp-json\/wp\/v2\/pages"}],"about":[{"href":"https:\/\/centreo3.com\/en\/wp-json\/wp\/v2\/types\/page"}],"author":[{"embeddable":true,"href":"https:\/\/centreo3.com\/en\/wp-json\/wp\/v2\/users\/1"}],"replies":[{"embeddable":true,"href":"https:\/\/centreo3.com\/en\/wp-json\/wp\/v2\/comments?post=1060"}],"version-history":[{"count":21,"href":"https:\/\/centreo3.com\/en\/wp-json\/wp\/v2\/pages\/1060\/revisions"}],"predecessor-version":[{"id":1527,"href":"https:\/\/centreo3.com\/en\/wp-json\/wp\/v2\/pages\/1060\/revisions\/1527"}],"wp:attachment":[{"href":"https:\/\/centreo3.com\/en\/wp-json\/wp\/v2\/media?parent=1060"}],"curies":[{"name":"wp","href":"https:\/\/api.w.org\/{rel}","templated":true}]}}