{"id":1058,"date":"2023-10-03T11:26:05","date_gmt":"2023-10-03T15:26:05","guid":{"rendered":"https:\/\/centreo3.com\/adult-harmony-session\/"},"modified":"2026-01-21T08:37:12","modified_gmt":"2026-01-21T13:37:12","slug":"adult-harmony-session","status":"publish","type":"page","link":"https:\/\/centreo3.com\/en\/choosing-your-session\/adult-harmony-session\/","title":{"rendered":"Adult Harmony Session"},"content":{"rendered":"\t\t<div data-elementor-type=\"wp-page\" data-elementor-id=\"1058\" class=\"elementor elementor-1058 elementor-777\" data-elementor-post-type=\"page\">\n\t\t\t\t<div class=\"elementor-element elementor-element-4d68b9f e-flex e-con-boxed e-con e-parent\" data-id=\"4d68b9f\" data-element_type=\"container\" data-e-type=\"container\">\n\t\t\t\t\t<div class=\"e-con-inner\">\n\t\t\t\t<div class=\"elementor-element elementor-element-0a3f563 elementor-widget elementor-widget-text-editor\" data-id=\"0a3f563\" data-element_type=\"widget\" data-e-type=\"widget\" data-widget_type=\"text-editor.default\">\n\t\t\t\t<div class=\"elementor-widget-container\">\n\t\t\t\t\t\t\t\t\t<p>Sunday July 27th to Friday August 1st, 2025<\/p><p>What happiness! What you&#8217;ve been dreaming of for a long time! A week with adults who, like you, are passionate about instrumental music! A camp focused on improving harmony music of all genres for adults. Targeted Candidates Intermediate and advanced adult musicians capable of playing harmony music of grade 2 and above. This camp will allow you to develop your instrumental technique through lessons with renowned teachers, ensemble practices, large sections, and small ensembles of woodwind, brass, and percussion. In addition, social activities will be organized in the evening.<\/p>\t\t\t\t\t\t\t\t<\/div>\n\t\t\t\t<\/div>\n\t\t\t\t<div class=\"elementor-element elementor-element-bca4f24 elementor-widget elementor-widget-text-editor\" data-id=\"bca4f24\" data-element_type=\"widget\" data-e-type=\"widget\" data-widget_type=\"text-editor.default\">\n\t\t\t\t<div class=\"elementor-widget-container\">\n\t\t\t\t\t\t\t\t\t<p><strong>Cost:<\/strong><\/p><ul><li>Day camp: $500\/person (2 meals)<\/li><li>Camping: $575\/person<em><br \/><\/em><\/li><li>Double occupancy residence: $660<\/li><li>Single occupancy residence: $770<\/li><li>Double occupancy hotel: $945<\/li><li>Single occupancy hotel: $1050<\/li><\/ul>\t\t\t\t\t\t\t\t<\/div>\n\t\t\t\t<\/div>\n\t\t\t\t<div class=\"elementor-element elementor-element-75ca72d elementor-widget elementor-widget-text-editor\" data-id=\"75ca72d\" data-element_type=\"widget\" data-e-type=\"widget\" data-widget_type=\"text-editor.default\">\n\t\t\t\t<div class=\"elementor-widget-container\">\n\t\t\t\t\t\t\t\t\t<p><strong>Sunday evening July 27, 2025<\/strong><\/p>\n<p><strong>90 minutes together (presentation of conductors, section leaders, theme, scores, etc.)<\/strong><\/p>\n<p>3:00 -4:00 PM Registration at the office and settling in rooms<\/p>\n<p>5:30 p.m.-7:00 p.m. Dinner<\/p>\n<p>7:30 p.m. -9:00 p.m. Group practice with the 2 leaders and mentors<\/p>\n<p>9:00 p.m. Snack and free evening<\/p>\n<p><strong>During the week:<\/strong><\/p>\n<p><strong>210 minutes: Ensemble rehearsal<\/strong><\/p>\n<p><strong>120 minutes \\sectional\\small ensembles<\/strong> <em>(you can bring your scores)\\personal<\/em> <strong>practice\\free<\/strong><\/p>\n<p>7:30-8:45 Lunch<\/p>\n<p>8:45-9:00 Warm-up<\/p>\n<p>9:00-10:00 Sectional <em>(60 minutes)<\/em><\/p>\n<p>10:00-10:45 Break<\/p>\n<p>10:45-12:00 Ensemble practice #1 (75 minutes)<\/p>\n<p>12:00-13:00 Dinner<\/p>\n<p>1:00 p.m.-2:00 p.m. Free<\/p>\n<p>2:00 p.m. &#8211; 4:00 p.m. Master class\\small ensembles\\personal practice\\free\\others&#8230;<em>choir teacher\\private lessons<\/em><\/p>\n<p>4:00 p.m.-4:15 p.m. Warm-up<\/p>\n<p>16:15-17:15 Ensemble practice #2 (60 minutes)<\/p>\n<p>5:30 p.m.-6:30 p.m. Dinner<\/p>\n<p>18:30-19:00 Free<\/p>\n<p>19:00-19:15 Warming up<\/p>\n<p>7:15-8:30 p.m. Ensemble practice #3 (75 minutes)<\/p>\n<p>20:30-21:00 Snack<\/p>\n<p>9:00 p.m.-10:30 p.m. Evening activities (social)<\/p>\n<p>Friday August 4: Closing concert: 8 p.m.<\/p>\n<p><strong>Session co-directors:<\/strong> Priscille Lafontaine and Alain Pilon<br><strong>Musical Director:<\/strong>&nbsp;Diane Caplette and Pierre Thibault<\/p>\n<p><strong>Highly qualified teachers:&nbsp;<\/strong><\/p>\n<p>Flute: Karine Saucier<br>Oboe : Sacha Payette<br>Bassoon: Mariana Olaiz-Ochoa<br>Clarinet: Martin Gauvreau<br>Saxophone: Edmond Forest<br>Trumpet: S\u00e9bastien Barth\u00e9l\u00e9my<br>Percussions: Chelsea Jaramillo<br>French horn: Bruno Blouin-Robert<br>Trombone: Olivier Lizotte<br>Tuba and euphonium: Guillaume Dupuis<\/p>\n<p>Choir: Bruno Blouin-Robert<\/p>\t\t\t\t\t\t\t\t<\/div>\n\t\t\t\t<\/div>\n\t\t<div class=\"elementor-element elementor-element-07d6600 e-flex e-con-boxed e-con e-child\" data-id=\"07d6600\" data-element_type=\"container\" data-e-type=\"container\">\n\t\t\t\t\t<div class=\"e-con-inner\">\n\t\t\t\t<div class=\"elementor-element elementor-element-15f5af0 elementor-widget__width-auto elementor-widget elementor-widget-button\" data-id=\"15f5af0\" data-element_type=\"widget\" data-e-type=\"widget\" data-widget_type=\"button.default\">\n\t\t\t\t<div class=\"elementor-widget-container\">\n\t\t\t\t\t\t\t\t\t<div class=\"elementor-button-wrapper\">\n\t\t\t\t\t<a class=\"elementor-button elementor-button-link elementor-size-sm\" href=\"https:\/\/centreo3.com\/fr\/inscription\/\">\n\t\t\t\t\t\t<span class=\"elementor-button-content-wrapper\">\n\t\t\t\t\t\t\t\t\t<span class=\"elementor-button-text\">Register online<\/span>\n\t\t\t\t\t<\/span>\n\t\t\t\t\t<\/a>\n\t\t\t\t<\/div>\n\t\t\t\t\t\t\t\t<\/div>\n\t\t\t\t<\/div>\n\t\t\t\t<div class=\"elementor-element elementor-element-3f123e6 elementor-widget__width-auto elementor-widget elementor-widget-button\" data-id=\"3f123e6\" data-element_type=\"widget\" data-e-type=\"widget\" data-widget_type=\"button.default\">\n\t\t\t\t<div class=\"elementor-widget-container\">\n\t\t\t\t\t\t\t\t\t<div class=\"elementor-button-wrapper\">\n\t\t\t\t\t<a class=\"elementor-button elementor-button-link elementor-size-sm\" href=\"https:\/\/centreo3.com\/fr\/demande-de-bourse\/\">\n\t\t\t\t\t\t<span class=\"elementor-button-content-wrapper\">\n\t\t\t\t\t\t\t\t\t<span class=\"elementor-button-text\">Scholarship application<\/span>\n\t\t\t\t\t<\/span>\n\t\t\t\t\t<\/a>\n\t\t\t\t<\/div>\n\t\t\t\t\t\t\t\t<\/div>\n\t\t\t\t<\/div>\n\t\t\t\t\t<\/div>\n\t\t\t\t<\/div>\n\t\t\t\t\t<\/div>\n\t\t\t\t<\/div>\n\t\t\t\t<\/div>\n\t\t","protected":false},"excerpt":{"rendered":"<p>Sunday July 27th to Friday August 1st, 2025 What happiness! What you&#8217;ve been dreaming of for a long time! A week with adults who, like you, are passionate about instrumental music! A camp focused on improving harmony music of all genres for adults. Targeted Candidates Intermediate and advanced adult musicians capable of playing harmony music [&hellip;]<\/p>\n","protected":false},"author":1,"featured_media":0,"parent":1110,"menu_order":0,"comment_status":"closed","ping_status":"closed","template":"","meta":{"footnotes":""},"class_list":["post-1058","page","type-page","status-publish","hentry"],"yoast_head":"<!-- This site is optimized with the Yoast SEO plugin v27.1.1 - https:\/\/yoast.com\/product\/yoast-seo-wordpress\/ -->\n<title>Adult Harmony Session - Camp musical Val-des-Sources<\/title>\n<meta name=\"robots\" content=\"index, follow, max-snippet:-1, max-image-preview:large, max-video-preview:-1\" \/>\n<link rel=\"canonical\" href=\"https:\/\/centreo3.com\/en\/choosing-your-session\/adult-harmony-session\/\" \/>\n<meta property=\"og:locale\" content=\"en_US\" \/>\n<meta property=\"og:type\" content=\"article\" \/>\n<meta property=\"og:title\" content=\"Adult Harmony Session - Camp musical Val-des-Sources\" \/>\n<meta property=\"og:description\" content=\"Sunday July 27th to Friday August 1st, 2025 What happiness! What you&#8217;ve been dreaming of for a long time! A week with adults who, like you, are passionate about instrumental music! A camp focused on improving harmony music of all genres for adults. Targeted Candidates Intermediate and advanced adult musicians capable of playing harmony music [&hellip;]\" \/>\n<meta property=\"og:url\" content=\"https:\/\/centreo3.com\/en\/choosing-your-session\/adult-harmony-session\/\" \/>\n<meta property=\"og:site_name\" content=\"Centre O3\" \/>\n<meta property=\"article:modified_time\" content=\"2026-01-21T13:37:12+00:00\" \/>\n<meta name=\"twitter:card\" content=\"summary_large_image\" \/>\n<meta name=\"twitter:label1\" content=\"Est. reading time\" \/>\n\t<meta name=\"twitter:data1\" content=\"2 minutes\" \/>\n<script type=\"application\/ld+json\" class=\"yoast-schema-graph\">{\"@context\":\"https:\/\/schema.org\",\"@graph\":[{\"@type\":\"WebPage\",\"@id\":\"https:\/\/centreo3.com\/en\/choosing-your-session\/adult-harmony-session\/\",\"url\":\"https:\/\/centreo3.com\/en\/choosing-your-session\/adult-harmony-session\/\",\"name\":\"Adult Harmony Session - Camp musical Val-des-Sources\",\"isPartOf\":{\"@id\":\"https:\/\/centreo3.com\/en\/#website\"},\"datePublished\":\"2023-10-03T15:26:05+00:00\",\"dateModified\":\"2026-01-21T13:37:12+00:00\",\"breadcrumb\":{\"@id\":\"https:\/\/centreo3.com\/en\/choosing-your-session\/adult-harmony-session\/#breadcrumb\"},\"inLanguage\":\"en-US\",\"potentialAction\":[{\"@type\":\"ReadAction\",\"target\":[\"https:\/\/centreo3.com\/en\/choosing-your-session\/adult-harmony-session\/\"]}]},{\"@type\":\"BreadcrumbList\",\"@id\":\"https:\/\/centreo3.com\/en\/choosing-your-session\/adult-harmony-session\/#breadcrumb\",\"itemListElement\":[{\"@type\":\"ListItem\",\"position\":1,\"name\":\"Accueil\",\"item\":\"https:\/\/centreo3.com\/en\/\"},{\"@type\":\"ListItem\",\"position\":2,\"name\":\"Choosing-your-session\",\"item\":\"https:\/\/centreo3.com\/en\/choosing-your-session\/\"},{\"@type\":\"ListItem\",\"position\":3,\"name\":\"Adult Harmony Session\"}]},{\"@type\":\"WebSite\",\"@id\":\"https:\/\/centreo3.com\/en\/#website\",\"url\":\"https:\/\/centreo3.com\/en\/\",\"name\":\"Centre O3\",\"description\":\"Salles de r\u00e9ception et h\u00e9bergements pour \u00e9v\u00e9nements\",\"publisher\":{\"@id\":\"https:\/\/centreo3.com\/en\/#organization\"},\"potentialAction\":[{\"@type\":\"SearchAction\",\"target\":{\"@type\":\"EntryPoint\",\"urlTemplate\":\"https:\/\/centreo3.com\/en\/?s={search_term_string}\"},\"query-input\":{\"@type\":\"PropertyValueSpecification\",\"valueRequired\":true,\"valueName\":\"search_term_string\"}}],\"inLanguage\":\"en-US\"},{\"@type\":\"Organization\",\"@id\":\"https:\/\/centreo3.com\/en\/#organization\",\"name\":\"Centre O3\",\"url\":\"https:\/\/centreo3.com\/en\/\",\"logo\":{\"@type\":\"ImageObject\",\"inLanguage\":\"en-US\",\"@id\":\"https:\/\/centreo3.com\/en\/#\/schema\/logo\/image\/\",\"url\":\"https:\/\/centreo3.com\/wp-content\/uploads\/2023\/09\/centreo3-logo.svg\",\"contentUrl\":\"https:\/\/centreo3.com\/wp-content\/uploads\/2023\/09\/centreo3-logo.svg\",\"caption\":\"Centre O3\"},\"image\":{\"@id\":\"https:\/\/centreo3.com\/en\/#\/schema\/logo\/image\/\"}}]}<\/script>\n<!-- \/ Yoast SEO plugin. -->","yoast_head_json":{"title":"Adult Harmony Session - Camp musical Val-des-Sources","robots":{"index":"index","follow":"follow","max-snippet":"max-snippet:-1","max-image-preview":"max-image-preview:large","max-video-preview":"max-video-preview:-1"},"canonical":"https:\/\/centreo3.com\/en\/choosing-your-session\/adult-harmony-session\/","og_locale":"en_US","og_type":"article","og_title":"Adult Harmony Session - Camp musical Val-des-Sources","og_description":"Sunday July 27th to Friday August 1st, 2025 What happiness! What you&#8217;ve been dreaming of for a long time! A week with adults who, like you, are passionate about instrumental music! A camp focused on improving harmony music of all genres for adults. Targeted Candidates Intermediate and advanced adult musicians capable of playing harmony music [&hellip;]","og_url":"https:\/\/centreo3.com\/en\/choosing-your-session\/adult-harmony-session\/","og_site_name":"Centre O3","article_modified_time":"2026-01-21T13:37:12+00:00","twitter_card":"summary_large_image","twitter_misc":{"Est. reading time":"2 minutes"},"schema":{"@context":"https:\/\/schema.org","@graph":[{"@type":"WebPage","@id":"https:\/\/centreo3.com\/en\/choosing-your-session\/adult-harmony-session\/","url":"https:\/\/centreo3.com\/en\/choosing-your-session\/adult-harmony-session\/","name":"Adult Harmony Session - Camp musical Val-des-Sources","isPartOf":{"@id":"https:\/\/centreo3.com\/en\/#website"},"datePublished":"2023-10-03T15:26:05+00:00","dateModified":"2026-01-21T13:37:12+00:00","breadcrumb":{"@id":"https:\/\/centreo3.com\/en\/choosing-your-session\/adult-harmony-session\/#breadcrumb"},"inLanguage":"en-US","potentialAction":[{"@type":"ReadAction","target":["https:\/\/centreo3.com\/en\/choosing-your-session\/adult-harmony-session\/"]}]},{"@type":"BreadcrumbList","@id":"https:\/\/centreo3.com\/en\/choosing-your-session\/adult-harmony-session\/#breadcrumb","itemListElement":[{"@type":"ListItem","position":1,"name":"Accueil","item":"https:\/\/centreo3.com\/en\/"},{"@type":"ListItem","position":2,"name":"Choosing-your-session","item":"https:\/\/centreo3.com\/en\/choosing-your-session\/"},{"@type":"ListItem","position":3,"name":"Adult Harmony Session"}]},{"@type":"WebSite","@id":"https:\/\/centreo3.com\/en\/#website","url":"https:\/\/centreo3.com\/en\/","name":"Centre O3","description":"Salles de r\u00e9ception et h\u00e9bergements pour \u00e9v\u00e9nements","publisher":{"@id":"https:\/\/centreo3.com\/en\/#organization"},"potentialAction":[{"@type":"SearchAction","target":{"@type":"EntryPoint","urlTemplate":"https:\/\/centreo3.com\/en\/?s={search_term_string}"},"query-input":{"@type":"PropertyValueSpecification","valueRequired":true,"valueName":"search_term_string"}}],"inLanguage":"en-US"},{"@type":"Organization","@id":"https:\/\/centreo3.com\/en\/#organization","name":"Centre O3","url":"https:\/\/centreo3.com\/en\/","logo":{"@type":"ImageObject","inLanguage":"en-US","@id":"https:\/\/centreo3.com\/en\/#\/schema\/logo\/image\/","url":"https:\/\/centreo3.com\/wp-content\/uploads\/2023\/09\/centreo3-logo.svg","contentUrl":"https:\/\/centreo3.com\/wp-content\/uploads\/2023\/09\/centreo3-logo.svg","caption":"Centre O3"},"image":{"@id":"https:\/\/centreo3.com\/en\/#\/schema\/logo\/image\/"}}]}},"_links":{"self":[{"href":"https:\/\/centreo3.com\/en\/wp-json\/wp\/v2\/pages\/1058","targetHints":{"allow":["GET"]}}],"collection":[{"href":"https:\/\/centreo3.com\/en\/wp-json\/wp\/v2\/pages"}],"about":[{"href":"https:\/\/centreo3.com\/en\/wp-json\/wp\/v2\/types\/page"}],"author":[{"embeddable":true,"href":"https:\/\/centreo3.com\/en\/wp-json\/wp\/v2\/users\/1"}],"replies":[{"embeddable":true,"href":"https:\/\/centreo3.com\/en\/wp-json\/wp\/v2\/comments?post=1058"}],"version-history":[{"count":25,"href":"https:\/\/centreo3.com\/en\/wp-json\/wp\/v2\/pages\/1058\/revisions"}],"predecessor-version":[{"id":1861,"href":"https:\/\/centreo3.com\/en\/wp-json\/wp\/v2\/pages\/1058\/revisions\/1861"}],"up":[{"embeddable":true,"href":"https:\/\/centreo3.com\/en\/wp-json\/wp\/v2\/pages\/1110"}],"wp:attachment":[{"href":"https:\/\/centreo3.com\/en\/wp-json\/wp\/v2\/media?parent=1058"}],"curies":[{"name":"wp","href":"https:\/\/api.w.org\/{rel}","templated":true}]}}