{"id":1056,"date":"2023-10-03T11:26:40","date_gmt":"2023-10-03T15:26:40","guid":{"rendered":"https:\/\/centreo3.com\/piano-camp\/"},"modified":"2024-10-02T11:30:16","modified_gmt":"2024-10-02T15:30:16","slug":"piano-camp","status":"publish","type":"page","link":"https:\/\/centreo3.com\/en\/choosing-your-session\/piano-camp\/","title":{"rendered":"Piano Camp"},"content":{"rendered":"\t\t<div data-elementor-type=\"wp-page\" data-elementor-id=\"1056\" class=\"elementor elementor-1056 elementor-781\" data-elementor-post-type=\"page\">\n\t\t\t\t<div class=\"elementor-element elementor-element-f2ab1b6 e-flex e-con-boxed e-con e-parent\" data-id=\"f2ab1b6\" data-element_type=\"container\" data-e-type=\"container\">\n\t\t\t\t\t<div class=\"e-con-inner\">\n\t\t\t\t<div class=\"elementor-element elementor-element-5a0c82f elementor-widget elementor-widget-text-editor\" data-id=\"5a0c82f\" data-element_type=\"widget\" data-e-type=\"widget\" data-widget_type=\"text-editor.default\">\n\t\t\t\t<div class=\"elementor-widget-container\">\n\t\t\t\t\t\t\t\t\t<p>A 2-week camp for piano only. Campers will be led to develop their techniques with a qualified teacher who will know how to target their teachings depending on where the camper is in his course. During the two weeks, young people will be able to accompany musicians on the piano, have private lessons and participate in the choir in order to develop the musical ear. For more information 1-888-834-4342<\/p><p>Dates: June 29th through July 11th 2025<\/p>\t\t\t\t\t\t\t\t<\/div>\n\t\t\t\t<\/div>\n\t\t\t\t<div class=\"elementor-element elementor-element-6390858 elementor-widget elementor-widget-text-editor\" data-id=\"6390858\" data-element_type=\"widget\" data-e-type=\"widget\" data-widget_type=\"text-editor.default\">\n\t\t\t\t<div class=\"elementor-widget-container\">\n\t\t\t\t\t\t\t\t\t<p><strong>Candidates:<\/strong><\/p>\n<ul>\n<li>Sec. 1-2-3 High School musicians<\/li>\n<li>Musician with piano experience<\/li>\n<\/ul>\n\t\t\t\t\t\t\t\t<\/div>\n\t\t\t\t<\/div>\n\t\t\t\t<div class=\"elementor-element elementor-element-b07f46d elementor-widget elementor-widget-text-editor\" data-id=\"b07f46d\" data-element_type=\"widget\" data-e-type=\"widget\" data-widget_type=\"text-editor.default\">\n\t\t\t\t<div class=\"elementor-widget-container\">\n\t\t\t\t\t\t\t\t\t<p><strong>Cost:<\/strong> 1410 $ taxes incluses<br><strong>Co-directors for the session<\/strong> Maryse C\u00f4t\u00e9 and Maryka Talbot<br><strong>For more information :<\/strong><br><strong>1 888 834-4342<\/strong><br><strong>Registrations will be accepted on a first-come.<\/strong><br><strong>Teaching staff is subject to change without notice.<\/strong><\/p>\t\t\t\t\t\t\t\t<\/div>\n\t\t\t\t<\/div>\n\t\t<div class=\"elementor-element elementor-element-f9fe3b1 e-flex e-con-boxed e-con e-child\" data-id=\"f9fe3b1\" data-element_type=\"container\" data-e-type=\"container\">\n\t\t\t\t\t<div class=\"e-con-inner\">\n\t\t\t\t<div class=\"elementor-element elementor-element-bd3def1 elementor-widget__width-auto elementor-widget elementor-widget-button\" data-id=\"bd3def1\" data-element_type=\"widget\" data-e-type=\"widget\" data-widget_type=\"button.default\">\n\t\t\t\t<div class=\"elementor-widget-container\">\n\t\t\t\t\t\t\t\t\t<div class=\"elementor-button-wrapper\">\n\t\t\t\t\t<a class=\"elementor-button elementor-button-link elementor-size-sm\" href=\"https:\/\/centreo3.com\/fr\/inscription\/\">\n\t\t\t\t\t\t<span class=\"elementor-button-content-wrapper\">\n\t\t\t\t\t\t\t\t\t<span class=\"elementor-button-text\">Register online<\/span>\n\t\t\t\t\t<\/span>\n\t\t\t\t\t<\/a>\n\t\t\t\t<\/div>\n\t\t\t\t\t\t\t\t<\/div>\n\t\t\t\t<\/div>\n\t\t\t\t<div class=\"elementor-element elementor-element-5c5cada elementor-widget__width-auto elementor-widget elementor-widget-button\" data-id=\"5c5cada\" data-element_type=\"widget\" data-e-type=\"widget\" data-widget_type=\"button.default\">\n\t\t\t\t<div class=\"elementor-widget-container\">\n\t\t\t\t\t\t\t\t\t<div class=\"elementor-button-wrapper\">\n\t\t\t\t\t<a class=\"elementor-button elementor-button-link elementor-size-sm\" href=\"https:\/\/centreo3.com\/fr\/demande-de-bourse\/\">\n\t\t\t\t\t\t<span class=\"elementor-button-content-wrapper\">\n\t\t\t\t\t\t\t\t\t<span class=\"elementor-button-text\">Scholarship application<\/span>\n\t\t\t\t\t<\/span>\n\t\t\t\t\t<\/a>\n\t\t\t\t<\/div>\n\t\t\t\t\t\t\t\t<\/div>\n\t\t\t\t<\/div>\n\t\t\t\t\t<\/div>\n\t\t\t\t<\/div>\n\t\t\t\t\t<\/div>\n\t\t\t\t<\/div>\n\t\t\t\t<\/div>\n\t\t","protected":false},"excerpt":{"rendered":"<p>A 2-week camp for piano only. Campers will be led to develop their techniques with a qualified teacher who will know how to target their teachings depending on where the camper is in his course. During the two weeks, young people will be able to accompany musicians on the piano, have private lessons and participate [&hellip;]<\/p>\n","protected":false},"author":1,"featured_media":0,"parent":1110,"menu_order":0,"comment_status":"closed","ping_status":"closed","template":"","meta":{"footnotes":""},"class_list":["post-1056","page","type-page","status-publish","hentry"],"yoast_head":"<!-- This site is optimized with the Yoast SEO plugin v27.1.1 - https:\/\/yoast.com\/product\/yoast-seo-wordpress\/ -->\n<title>Piano Camp - Camp musical Val-des-Sources<\/title>\n<meta name=\"robots\" content=\"index, follow, max-snippet:-1, max-image-preview:large, max-video-preview:-1\" \/>\n<link rel=\"canonical\" href=\"https:\/\/centreo3.com\/en\/choosing-your-session\/piano-camp\/\" \/>\n<meta property=\"og:locale\" content=\"en_US\" \/>\n<meta property=\"og:type\" content=\"article\" \/>\n<meta property=\"og:title\" content=\"Piano Camp - Camp musical Val-des-Sources\" \/>\n<meta property=\"og:description\" content=\"A 2-week camp for piano only. Campers will be led to develop their techniques with a qualified teacher who will know how to target their teachings depending on where the camper is in his course. During the two weeks, young people will be able to accompany musicians on the piano, have private lessons and participate [&hellip;]\" \/>\n<meta property=\"og:url\" content=\"https:\/\/centreo3.com\/en\/choosing-your-session\/piano-camp\/\" \/>\n<meta property=\"og:site_name\" content=\"Centre O3\" \/>\n<meta property=\"article:modified_time\" content=\"2024-10-02T15:30:16+00:00\" \/>\n<meta name=\"twitter:card\" content=\"summary_large_image\" \/>\n<meta name=\"twitter:label1\" content=\"Est. reading time\" \/>\n\t<meta name=\"twitter:data1\" content=\"1 minute\" \/>\n<script type=\"application\/ld+json\" class=\"yoast-schema-graph\">{\"@context\":\"https:\/\/schema.org\",\"@graph\":[{\"@type\":\"WebPage\",\"@id\":\"https:\/\/centreo3.com\/en\/choosing-your-session\/piano-camp\/\",\"url\":\"https:\/\/centreo3.com\/en\/choosing-your-session\/piano-camp\/\",\"name\":\"Piano Camp - Camp musical Val-des-Sources\",\"isPartOf\":{\"@id\":\"https:\/\/centreo3.com\/en\/#website\"},\"datePublished\":\"2023-10-03T15:26:40+00:00\",\"dateModified\":\"2024-10-02T15:30:16+00:00\",\"breadcrumb\":{\"@id\":\"https:\/\/centreo3.com\/en\/choosing-your-session\/piano-camp\/#breadcrumb\"},\"inLanguage\":\"en-US\",\"potentialAction\":[{\"@type\":\"ReadAction\",\"target\":[\"https:\/\/centreo3.com\/en\/choosing-your-session\/piano-camp\/\"]}]},{\"@type\":\"BreadcrumbList\",\"@id\":\"https:\/\/centreo3.com\/en\/choosing-your-session\/piano-camp\/#breadcrumb\",\"itemListElement\":[{\"@type\":\"ListItem\",\"position\":1,\"name\":\"Accueil\",\"item\":\"https:\/\/centreo3.com\/en\/\"},{\"@type\":\"ListItem\",\"position\":2,\"name\":\"Choosing-your-session\",\"item\":\"https:\/\/centreo3.com\/en\/choosing-your-session\/\"},{\"@type\":\"ListItem\",\"position\":3,\"name\":\"Piano Camp\"}]},{\"@type\":\"WebSite\",\"@id\":\"https:\/\/centreo3.com\/en\/#website\",\"url\":\"https:\/\/centreo3.com\/en\/\",\"name\":\"Centre O3\",\"description\":\"Salles de r\u00e9ception et h\u00e9bergements pour \u00e9v\u00e9nements\",\"publisher\":{\"@id\":\"https:\/\/centreo3.com\/en\/#organization\"},\"potentialAction\":[{\"@type\":\"SearchAction\",\"target\":{\"@type\":\"EntryPoint\",\"urlTemplate\":\"https:\/\/centreo3.com\/en\/?s={search_term_string}\"},\"query-input\":{\"@type\":\"PropertyValueSpecification\",\"valueRequired\":true,\"valueName\":\"search_term_string\"}}],\"inLanguage\":\"en-US\"},{\"@type\":\"Organization\",\"@id\":\"https:\/\/centreo3.com\/en\/#organization\",\"name\":\"Centre O3\",\"url\":\"https:\/\/centreo3.com\/en\/\",\"logo\":{\"@type\":\"ImageObject\",\"inLanguage\":\"en-US\",\"@id\":\"https:\/\/centreo3.com\/en\/#\/schema\/logo\/image\/\",\"url\":\"https:\/\/centreo3.com\/wp-content\/uploads\/2023\/09\/centreo3-logo.svg\",\"contentUrl\":\"https:\/\/centreo3.com\/wp-content\/uploads\/2023\/09\/centreo3-logo.svg\",\"caption\":\"Centre O3\"},\"image\":{\"@id\":\"https:\/\/centreo3.com\/en\/#\/schema\/logo\/image\/\"}}]}<\/script>\n<!-- \/ Yoast SEO plugin. -->","yoast_head_json":{"title":"Piano Camp - Camp musical Val-des-Sources","robots":{"index":"index","follow":"follow","max-snippet":"max-snippet:-1","max-image-preview":"max-image-preview:large","max-video-preview":"max-video-preview:-1"},"canonical":"https:\/\/centreo3.com\/en\/choosing-your-session\/piano-camp\/","og_locale":"en_US","og_type":"article","og_title":"Piano Camp - Camp musical Val-des-Sources","og_description":"A 2-week camp for piano only. Campers will be led to develop their techniques with a qualified teacher who will know how to target their teachings depending on where the camper is in his course. During the two weeks, young people will be able to accompany musicians on the piano, have private lessons and participate [&hellip;]","og_url":"https:\/\/centreo3.com\/en\/choosing-your-session\/piano-camp\/","og_site_name":"Centre O3","article_modified_time":"2024-10-02T15:30:16+00:00","twitter_card":"summary_large_image","twitter_misc":{"Est. reading time":"1 minute"},"schema":{"@context":"https:\/\/schema.org","@graph":[{"@type":"WebPage","@id":"https:\/\/centreo3.com\/en\/choosing-your-session\/piano-camp\/","url":"https:\/\/centreo3.com\/en\/choosing-your-session\/piano-camp\/","name":"Piano Camp - Camp musical Val-des-Sources","isPartOf":{"@id":"https:\/\/centreo3.com\/en\/#website"},"datePublished":"2023-10-03T15:26:40+00:00","dateModified":"2024-10-02T15:30:16+00:00","breadcrumb":{"@id":"https:\/\/centreo3.com\/en\/choosing-your-session\/piano-camp\/#breadcrumb"},"inLanguage":"en-US","potentialAction":[{"@type":"ReadAction","target":["https:\/\/centreo3.com\/en\/choosing-your-session\/piano-camp\/"]}]},{"@type":"BreadcrumbList","@id":"https:\/\/centreo3.com\/en\/choosing-your-session\/piano-camp\/#breadcrumb","itemListElement":[{"@type":"ListItem","position":1,"name":"Accueil","item":"https:\/\/centreo3.com\/en\/"},{"@type":"ListItem","position":2,"name":"Choosing-your-session","item":"https:\/\/centreo3.com\/en\/choosing-your-session\/"},{"@type":"ListItem","position":3,"name":"Piano Camp"}]},{"@type":"WebSite","@id":"https:\/\/centreo3.com\/en\/#website","url":"https:\/\/centreo3.com\/en\/","name":"Centre O3","description":"Salles de r\u00e9ception et h\u00e9bergements pour \u00e9v\u00e9nements","publisher":{"@id":"https:\/\/centreo3.com\/en\/#organization"},"potentialAction":[{"@type":"SearchAction","target":{"@type":"EntryPoint","urlTemplate":"https:\/\/centreo3.com\/en\/?s={search_term_string}"},"query-input":{"@type":"PropertyValueSpecification","valueRequired":true,"valueName":"search_term_string"}}],"inLanguage":"en-US"},{"@type":"Organization","@id":"https:\/\/centreo3.com\/en\/#organization","name":"Centre O3","url":"https:\/\/centreo3.com\/en\/","logo":{"@type":"ImageObject","inLanguage":"en-US","@id":"https:\/\/centreo3.com\/en\/#\/schema\/logo\/image\/","url":"https:\/\/centreo3.com\/wp-content\/uploads\/2023\/09\/centreo3-logo.svg","contentUrl":"https:\/\/centreo3.com\/wp-content\/uploads\/2023\/09\/centreo3-logo.svg","caption":"Centre O3"},"image":{"@id":"https:\/\/centreo3.com\/en\/#\/schema\/logo\/image\/"}}]}},"_links":{"self":[{"href":"https:\/\/centreo3.com\/en\/wp-json\/wp\/v2\/pages\/1056","targetHints":{"allow":["GET"]}}],"collection":[{"href":"https:\/\/centreo3.com\/en\/wp-json\/wp\/v2\/pages"}],"about":[{"href":"https:\/\/centreo3.com\/en\/wp-json\/wp\/v2\/types\/page"}],"author":[{"embeddable":true,"href":"https:\/\/centreo3.com\/en\/wp-json\/wp\/v2\/users\/1"}],"replies":[{"embeddable":true,"href":"https:\/\/centreo3.com\/en\/wp-json\/wp\/v2\/comments?post=1056"}],"version-history":[{"count":8,"href":"https:\/\/centreo3.com\/en\/wp-json\/wp\/v2\/pages\/1056\/revisions"}],"predecessor-version":[{"id":1524,"href":"https:\/\/centreo3.com\/en\/wp-json\/wp\/v2\/pages\/1056\/revisions\/1524"}],"up":[{"embeddable":true,"href":"https:\/\/centreo3.com\/en\/wp-json\/wp\/v2\/pages\/1110"}],"wp:attachment":[{"href":"https:\/\/centreo3.com\/en\/wp-json\/wp\/v2\/media?parent=1056"}],"curies":[{"name":"wp","href":"https:\/\/api.w.org\/{rel}","templated":true}]}}