{"id":1054,"date":"2023-10-03T11:26:26","date_gmt":"2023-10-03T15:26:26","guid":{"rendered":"https:\/\/centreo3.com\/elementary-harmony-camp-and-arts-initiation\/"},"modified":"2025-05-08T09:57:42","modified_gmt":"2025-05-08T13:57:42","slug":"elementary-harmony-camp-and-arts-initiation","status":"publish","type":"page","link":"https:\/\/centreo3.com\/en\/choosing-your-session\/elementary-harmony-camp-and-arts-initiation\/","title":{"rendered":"Elementary Harmony Camp and Arts Initiation"},"content":{"rendered":"\t\t<div data-elementor-type=\"wp-page\" data-elementor-id=\"1054\" class=\"elementor elementor-1054 elementor-779\" data-elementor-post-type=\"page\">\n\t\t\t\t<div class=\"elementor-element elementor-element-bc5138e e-flex e-con-boxed e-con e-parent\" data-id=\"bc5138e\" data-element_type=\"container\" data-e-type=\"container\">\n\t\t\t\t\t<div class=\"e-con-inner\">\n\t\t\t\t<div class=\"elementor-element elementor-element-333e2ac elementor-widget elementor-widget-text-editor\" data-id=\"333e2ac\" data-element_type=\"widget\" data-e-type=\"widget\" data-widget_type=\"text-editor.default\">\n\t\t\t\t<div class=\"elementor-widget-container\">\n\t\t\t\t\t\t\t\t\t<p>Our only Camp offered to elementary school students. A 1 week camp either in day camp or sleep away camp. The camp is offered to young people who have little or no experience on the instrument. The teachers will be able to give him the techniques as well as the basic theory to allow them to become familiar with their instruments.<\/p>\n<p>For the Arts Initiation camp,a 1-week camp is also offered to young people who do not want to play an instrument, but want to participate in an artistic summer camp. During their week, they will have a choice of three activities such as plastic art, dance, ecology, theater, singing and sports activities. Each year, a theme guides the learning and the works in order to produce a show at the end of the camp week. For more information 1-888-834-4342<\/p>\n\t\t\t\t\t\t\t\t<\/div>\n\t\t\t\t<\/div>\n\t\t\t\t<div class=\"elementor-element elementor-element-1cddd0e elementor-widget elementor-widget-text-editor\" data-id=\"1cddd0e\" data-element_type=\"widget\" data-e-type=\"widget\" data-widget_type=\"text-editor.default\">\n\t\t\t\t<div class=\"elementor-widget-container\">\n\t\t\t\t\t\t\t\t\t<p><strong>Day camp :<\/strong><br \/>August 10th to August 15th 2025<br \/>(6 days including lunch and snacks)<\/p><p><strong>Day camp<\/strong> <strong><em>plus<\/em><\/strong> :<br \/>August 10th to August 15th 2025<br \/>(6 days including lunch, snacks, suppers and evening activities)<\/p><p><strong>Sleepover camp :<\/strong><br \/>August 9th to August 15th 2025<br \/>(6 days and 5 nights including meals, snacks and evening activities)<\/p><p><strong>Cost:<\/strong><\/p><p><strong>Day camp :<\/strong> $390 taxes included (from 8:15 am to 5:00 pm)<br \/><strong>Day camp <em>Plus<\/em><\/strong> : $450 taxes included (from 8:15 am to 8:15 pm)<br \/><strong>Seelp over camp :<\/strong> $660 taxes included<\/p><p>*The concert on the Friday night is mandatory for all participants.<\/p>\t\t\t\t\t\t\t\t<\/div>\n\t\t\t\t<\/div>\n\t\t\t\t<div class=\"elementor-element elementor-element-000b4b6 elementor-widget elementor-widget-text-editor\" data-id=\"000b4b6\" data-element_type=\"widget\" data-e-type=\"widget\" data-widget_type=\"text-editor.default\">\n\t\t\t\t<div class=\"elementor-widget-container\">\n\t\t\t\t\t\t\t\t\t<p><strong>Highly qualified teachers:&nbsp;<br><\/strong><\/p>\n<p>Musical director: Jessie Tarakdjian<br>Flute: F\u00e9licia L\u00e9vesque<br>Clarinet: Fran\u00e7ois Gagn\u00e9<br>Oboe: Sacha Payette<br>Bassoon: to be determined<br>Saxophone: Jo\u00ebl Couture<br>Trumpet: St\u00e9fany Breton<br>Trombone: Cindy Doucet-Houle<br>Tuba: to be determined<br>Euphonium: to be determined<br>French horn: Jessica Duranleau<br>Basse, contrebasse: Benoit Marquis<\/p>\n<p><span style=\"text-align: var(--text-align); color: var( --e-global-color-text );\">Percussions: Valerie Cormier<\/span><\/p>\n<p>Piano d\u2019accompagnement: Gabrielle Gingras<br>Chant choral: Myriam Blouin<br>Danse: Maryka Talbot<br>Th\u00e9\u00e2tre: L\u00e9anne Dunberry<br>Arts plastiques: Christine Lebel<br>Explorations\/ Science \/ \u00c9cologie: Renaud Beauchemin<br>Rythmique: to be determined<br>Adjointe: Catherine Lauzon<br>Adjointe aide: Vivianne Fournier-Gamache<\/p>\t\t\t\t\t\t\t\t<\/div>\n\t\t\t\t<\/div>\n\t\t\t\t<div class=\"elementor-element elementor-element-e4b1a93 elementor-widget elementor-widget-text-editor\" data-id=\"e4b1a93\" data-element_type=\"widget\" data-e-type=\"widget\" data-widget_type=\"text-editor.default\">\n\t\t\t\t<div class=\"elementor-widget-container\">\n\t\t\t\t\t\t\t\t\t<p><strong>Session co-directors<\/strong> Maryse C\u00f4t\u00e9 and Marie Gervais<br><strong>For more information :<br>1 888 834-4342<\/strong><br><strong>Registrations will be accepted on a first-come, first served, basis.<br>Teaching staff is subject to change without notice.<\/strong><\/p>\t\t\t\t\t\t\t\t<\/div>\n\t\t\t\t<\/div>\n\t\t<div class=\"elementor-element elementor-element-5a82c73 e-flex e-con-boxed e-con e-child\" data-id=\"5a82c73\" data-element_type=\"container\" data-e-type=\"container\">\n\t\t\t\t\t<div class=\"e-con-inner\">\n\t\t\t\t<div class=\"elementor-element elementor-element-3b1b6c8 elementor-widget__width-auto elementor-widget elementor-widget-button\" data-id=\"3b1b6c8\" data-element_type=\"widget\" data-e-type=\"widget\" data-widget_type=\"button.default\">\n\t\t\t\t<div class=\"elementor-widget-container\">\n\t\t\t\t\t\t\t\t\t<div class=\"elementor-button-wrapper\">\n\t\t\t\t\t<a class=\"elementor-button elementor-button-link elementor-size-sm\" href=\"https:\/\/centreo3.com\/fr\/inscription\/\">\n\t\t\t\t\t\t<span class=\"elementor-button-content-wrapper\">\n\t\t\t\t\t\t\t\t\t<span class=\"elementor-button-text\">Register online<\/span>\n\t\t\t\t\t<\/span>\n\t\t\t\t\t<\/a>\n\t\t\t\t<\/div>\n\t\t\t\t\t\t\t\t<\/div>\n\t\t\t\t<\/div>\n\t\t\t\t<div class=\"elementor-element elementor-element-2cc4fbd elementor-widget__width-auto elementor-widget elementor-widget-button\" data-id=\"2cc4fbd\" data-element_type=\"widget\" data-e-type=\"widget\" data-widget_type=\"button.default\">\n\t\t\t\t<div class=\"elementor-widget-container\">\n\t\t\t\t\t\t\t\t\t<div class=\"elementor-button-wrapper\">\n\t\t\t\t\t<a class=\"elementor-button elementor-button-link elementor-size-sm\" href=\"https:\/\/centreo3.com\/fr\/demande-de-bourse\/\">\n\t\t\t\t\t\t<span class=\"elementor-button-content-wrapper\">\n\t\t\t\t\t\t\t\t\t<span class=\"elementor-button-text\">Scholarship application<\/span>\n\t\t\t\t\t<\/span>\n\t\t\t\t\t<\/a>\n\t\t\t\t<\/div>\n\t\t\t\t\t\t\t\t<\/div>\n\t\t\t\t<\/div>\n\t\t\t\t\t<\/div>\n\t\t\t\t<\/div>\n\t\t\t\t\t<\/div>\n\t\t\t\t<\/div>\n\t\t\t\t<\/div>\n\t\t","protected":false},"excerpt":{"rendered":"<p>Our only Camp offered to elementary school students. A 1 week camp either in day camp or sleep away camp. The camp is offered to young people who have little or no experience on the instrument. The teachers will be able to give him the techniques as well as the basic theory to allow them [&hellip;]<\/p>\n","protected":false},"author":1,"featured_media":0,"parent":1110,"menu_order":0,"comment_status":"closed","ping_status":"closed","template":"","meta":{"footnotes":""},"class_list":["post-1054","page","type-page","status-publish","hentry"],"yoast_head":"<!-- This site is optimized with the Yoast SEO plugin v27.1.1 - https:\/\/yoast.com\/product\/yoast-seo-wordpress\/ -->\n<title>Elementary Harmony Camp and Arts Initiation - Camp musical Val-des-Sources<\/title>\n<meta name=\"robots\" content=\"index, follow, max-snippet:-1, max-image-preview:large, max-video-preview:-1\" \/>\n<link rel=\"canonical\" href=\"https:\/\/centreo3.com\/en\/choosing-your-session\/elementary-harmony-camp-and-arts-initiation\/\" \/>\n<meta property=\"og:locale\" content=\"en_US\" \/>\n<meta property=\"og:type\" content=\"article\" \/>\n<meta property=\"og:title\" content=\"Elementary Harmony Camp and Arts Initiation - Camp musical Val-des-Sources\" \/>\n<meta property=\"og:description\" content=\"Our only Camp offered to elementary school students. A 1 week camp either in day camp or sleep away camp. The camp is offered to young people who have little or no experience on the instrument. The teachers will be able to give him the techniques as well as the basic theory to allow them [&hellip;]\" \/>\n<meta property=\"og:url\" content=\"https:\/\/centreo3.com\/en\/choosing-your-session\/elementary-harmony-camp-and-arts-initiation\/\" \/>\n<meta property=\"og:site_name\" content=\"Centre O3\" \/>\n<meta property=\"article:modified_time\" content=\"2025-05-08T13:57:42+00:00\" \/>\n<meta name=\"twitter:card\" content=\"summary_large_image\" \/>\n<meta name=\"twitter:label1\" content=\"Est. reading time\" \/>\n\t<meta name=\"twitter:data1\" content=\"2 minutes\" \/>\n<script type=\"application\/ld+json\" class=\"yoast-schema-graph\">{\"@context\":\"https:\/\/schema.org\",\"@graph\":[{\"@type\":\"WebPage\",\"@id\":\"https:\/\/centreo3.com\/en\/choosing-your-session\/elementary-harmony-camp-and-arts-initiation\/\",\"url\":\"https:\/\/centreo3.com\/en\/choosing-your-session\/elementary-harmony-camp-and-arts-initiation\/\",\"name\":\"Elementary Harmony Camp and Arts Initiation - Camp musical Val-des-Sources\",\"isPartOf\":{\"@id\":\"https:\/\/centreo3.com\/en\/#website\"},\"datePublished\":\"2023-10-03T15:26:26+00:00\",\"dateModified\":\"2025-05-08T13:57:42+00:00\",\"breadcrumb\":{\"@id\":\"https:\/\/centreo3.com\/en\/choosing-your-session\/elementary-harmony-camp-and-arts-initiation\/#breadcrumb\"},\"inLanguage\":\"en-US\",\"potentialAction\":[{\"@type\":\"ReadAction\",\"target\":[\"https:\/\/centreo3.com\/en\/choosing-your-session\/elementary-harmony-camp-and-arts-initiation\/\"]}]},{\"@type\":\"BreadcrumbList\",\"@id\":\"https:\/\/centreo3.com\/en\/choosing-your-session\/elementary-harmony-camp-and-arts-initiation\/#breadcrumb\",\"itemListElement\":[{\"@type\":\"ListItem\",\"position\":1,\"name\":\"Accueil\",\"item\":\"https:\/\/centreo3.com\/en\/\"},{\"@type\":\"ListItem\",\"position\":2,\"name\":\"Choosing-your-session\",\"item\":\"https:\/\/centreo3.com\/en\/choosing-your-session\/\"},{\"@type\":\"ListItem\",\"position\":3,\"name\":\"Elementary Harmony Camp and Arts Initiation\"}]},{\"@type\":\"WebSite\",\"@id\":\"https:\/\/centreo3.com\/en\/#website\",\"url\":\"https:\/\/centreo3.com\/en\/\",\"name\":\"Centre O3\",\"description\":\"Salles de r\u00e9ception et h\u00e9bergements pour \u00e9v\u00e9nements\",\"publisher\":{\"@id\":\"https:\/\/centreo3.com\/en\/#organization\"},\"potentialAction\":[{\"@type\":\"SearchAction\",\"target\":{\"@type\":\"EntryPoint\",\"urlTemplate\":\"https:\/\/centreo3.com\/en\/?s={search_term_string}\"},\"query-input\":{\"@type\":\"PropertyValueSpecification\",\"valueRequired\":true,\"valueName\":\"search_term_string\"}}],\"inLanguage\":\"en-US\"},{\"@type\":\"Organization\",\"@id\":\"https:\/\/centreo3.com\/en\/#organization\",\"name\":\"Centre O3\",\"url\":\"https:\/\/centreo3.com\/en\/\",\"logo\":{\"@type\":\"ImageObject\",\"inLanguage\":\"en-US\",\"@id\":\"https:\/\/centreo3.com\/en\/#\/schema\/logo\/image\/\",\"url\":\"https:\/\/centreo3.com\/wp-content\/uploads\/2023\/09\/centreo3-logo.svg\",\"contentUrl\":\"https:\/\/centreo3.com\/wp-content\/uploads\/2023\/09\/centreo3-logo.svg\",\"caption\":\"Centre O3\"},\"image\":{\"@id\":\"https:\/\/centreo3.com\/en\/#\/schema\/logo\/image\/\"}}]}<\/script>\n<!-- \/ Yoast SEO plugin. -->","yoast_head_json":{"title":"Elementary Harmony Camp and Arts Initiation - Camp musical Val-des-Sources","robots":{"index":"index","follow":"follow","max-snippet":"max-snippet:-1","max-image-preview":"max-image-preview:large","max-video-preview":"max-video-preview:-1"},"canonical":"https:\/\/centreo3.com\/en\/choosing-your-session\/elementary-harmony-camp-and-arts-initiation\/","og_locale":"en_US","og_type":"article","og_title":"Elementary Harmony Camp and Arts Initiation - Camp musical Val-des-Sources","og_description":"Our only Camp offered to elementary school students. A 1 week camp either in day camp or sleep away camp. The camp is offered to young people who have little or no experience on the instrument. The teachers will be able to give him the techniques as well as the basic theory to allow them [&hellip;]","og_url":"https:\/\/centreo3.com\/en\/choosing-your-session\/elementary-harmony-camp-and-arts-initiation\/","og_site_name":"Centre O3","article_modified_time":"2025-05-08T13:57:42+00:00","twitter_card":"summary_large_image","twitter_misc":{"Est. reading time":"2 minutes"},"schema":{"@context":"https:\/\/schema.org","@graph":[{"@type":"WebPage","@id":"https:\/\/centreo3.com\/en\/choosing-your-session\/elementary-harmony-camp-and-arts-initiation\/","url":"https:\/\/centreo3.com\/en\/choosing-your-session\/elementary-harmony-camp-and-arts-initiation\/","name":"Elementary Harmony Camp and Arts Initiation - Camp musical Val-des-Sources","isPartOf":{"@id":"https:\/\/centreo3.com\/en\/#website"},"datePublished":"2023-10-03T15:26:26+00:00","dateModified":"2025-05-08T13:57:42+00:00","breadcrumb":{"@id":"https:\/\/centreo3.com\/en\/choosing-your-session\/elementary-harmony-camp-and-arts-initiation\/#breadcrumb"},"inLanguage":"en-US","potentialAction":[{"@type":"ReadAction","target":["https:\/\/centreo3.com\/en\/choosing-your-session\/elementary-harmony-camp-and-arts-initiation\/"]}]},{"@type":"BreadcrumbList","@id":"https:\/\/centreo3.com\/en\/choosing-your-session\/elementary-harmony-camp-and-arts-initiation\/#breadcrumb","itemListElement":[{"@type":"ListItem","position":1,"name":"Accueil","item":"https:\/\/centreo3.com\/en\/"},{"@type":"ListItem","position":2,"name":"Choosing-your-session","item":"https:\/\/centreo3.com\/en\/choosing-your-session\/"},{"@type":"ListItem","position":3,"name":"Elementary Harmony Camp and Arts Initiation"}]},{"@type":"WebSite","@id":"https:\/\/centreo3.com\/en\/#website","url":"https:\/\/centreo3.com\/en\/","name":"Centre O3","description":"Salles de r\u00e9ception et h\u00e9bergements pour \u00e9v\u00e9nements","publisher":{"@id":"https:\/\/centreo3.com\/en\/#organization"},"potentialAction":[{"@type":"SearchAction","target":{"@type":"EntryPoint","urlTemplate":"https:\/\/centreo3.com\/en\/?s={search_term_string}"},"query-input":{"@type":"PropertyValueSpecification","valueRequired":true,"valueName":"search_term_string"}}],"inLanguage":"en-US"},{"@type":"Organization","@id":"https:\/\/centreo3.com\/en\/#organization","name":"Centre O3","url":"https:\/\/centreo3.com\/en\/","logo":{"@type":"ImageObject","inLanguage":"en-US","@id":"https:\/\/centreo3.com\/en\/#\/schema\/logo\/image\/","url":"https:\/\/centreo3.com\/wp-content\/uploads\/2023\/09\/centreo3-logo.svg","contentUrl":"https:\/\/centreo3.com\/wp-content\/uploads\/2023\/09\/centreo3-logo.svg","caption":"Centre O3"},"image":{"@id":"https:\/\/centreo3.com\/en\/#\/schema\/logo\/image\/"}}]}},"_links":{"self":[{"href":"https:\/\/centreo3.com\/en\/wp-json\/wp\/v2\/pages\/1054","targetHints":{"allow":["GET"]}}],"collection":[{"href":"https:\/\/centreo3.com\/en\/wp-json\/wp\/v2\/pages"}],"about":[{"href":"https:\/\/centreo3.com\/en\/wp-json\/wp\/v2\/types\/page"}],"author":[{"embeddable":true,"href":"https:\/\/centreo3.com\/en\/wp-json\/wp\/v2\/users\/1"}],"replies":[{"embeddable":true,"href":"https:\/\/centreo3.com\/en\/wp-json\/wp\/v2\/comments?post=1054"}],"version-history":[{"count":20,"href":"https:\/\/centreo3.com\/en\/wp-json\/wp\/v2\/pages\/1054\/revisions"}],"predecessor-version":[{"id":1625,"href":"https:\/\/centreo3.com\/en\/wp-json\/wp\/v2\/pages\/1054\/revisions\/1625"}],"up":[{"embeddable":true,"href":"https:\/\/centreo3.com\/en\/wp-json\/wp\/v2\/pages\/1110"}],"wp:attachment":[{"href":"https:\/\/centreo3.com\/en\/wp-json\/wp\/v2\/media?parent=1054"}],"curies":[{"name":"wp","href":"https:\/\/api.w.org\/{rel}","templated":true}]}}