{"id":1052,"date":"2023-10-03T11:25:52","date_gmt":"2023-10-03T15:25:52","guid":{"rendered":"https:\/\/centreo3.com\/jazz-camp\/"},"modified":"2025-10-09T10:38:42","modified_gmt":"2025-10-09T14:38:42","slug":"jazz-camp","status":"publish","type":"page","link":"https:\/\/centreo3.com\/en\/choosing-your-session\/jazz-camp\/","title":{"rendered":"Jazz Camp"},"content":{"rendered":"\t\t<div data-elementor-type=\"wp-page\" data-elementor-id=\"1052\" class=\"elementor elementor-1052 elementor-775\" data-elementor-post-type=\"page\">\n\t\t\t\t<div class=\"elementor-element elementor-element-63f08d0 e-flex e-con-boxed e-con e-parent\" data-id=\"63f08d0\" data-element_type=\"container\" data-e-type=\"container\">\n\t\t\t\t\t<div class=\"e-con-inner\">\n\t\t\t\t<div class=\"elementor-element elementor-element-ebd0293 elementor-widget elementor-widget-text-editor\" data-id=\"ebd0293\" data-element_type=\"widget\" data-e-type=\"widget\" data-widget_type=\"text-editor.default\">\n\t\t\t\t<div class=\"elementor-widget-container\">\n\t\t\t\t\t\t\t\t\t<p>Camp focused on JAZZ music. For adults only. Every day, a clinician from the jazz scene comes to give training and advice to the camper to develop their notion and their musical theory. Subsequently, the campers, in one day, practice a piece according to the notions learned during the day. Subsequently, a concert is offered every evening where the musicians offer their work of the day to the public present on site. There would also have a legend that once the room closes to the public, campers as well as teachers engage in jam sessions until the wee hours of the morning. For more information 1-888-834-4342<\/p>\t\t\t\t\t\t\t\t<\/div>\n\t\t\t\t<\/div>\n\t\t\t\t<div class=\"elementor-element elementor-element-e8589a9 elementor-widget elementor-widget-text-editor\" data-id=\"e8589a9\" data-element_type=\"widget\" data-e-type=\"widget\" data-widget_type=\"text-editor.default\">\n\t\t\t\t<div class=\"elementor-widget-container\">\n\t\t\t\t\t\t\t\t\t<p>Dates : May 31st to June 5th 2026<\/p>\t\t\t\t\t\t\t\t<\/div>\n\t\t\t\t<\/div>\n\t\t\t\t<div class=\"elementor-element elementor-element-d7faca0 elementor-widget elementor-widget-text-editor\" data-id=\"d7faca0\" data-element_type=\"widget\" data-e-type=\"widget\" data-widget_type=\"text-editor.default\">\n\t\t\t\t<div class=\"elementor-widget-container\">\n\t\t\t\t\t\t\t\t\t<p><strong>Candidates:<\/strong><\/p>\n<ul>\n<li>Individuals of college or equivalent level of experience in Jazz and popular music<\/li>\n<li>Group: Members of the musical group already formed of which are individually registered. We first and foremost aim at the improvement of the group.<\/li>\n<li>Teachers: of all the levels that want to perfect themselves.<\/li>\n<\/ul>\n\t\t\t\t\t\t\t\t<\/div>\n\t\t\t\t<\/div>\n\t\t\t\t<div class=\"elementor-element elementor-element-8458572 elementor-widget elementor-widget-text-editor\" data-id=\"8458572\" data-element_type=\"widget\" data-e-type=\"widget\" data-widget_type=\"text-editor.default\">\n\t\t\t\t<div class=\"elementor-widget-container\">\n\t\t\t\t\t\t\t\t\t<p><strong>Cost:<\/strong><br \/>Adult: $1000 taxes included<br \/>Student: $780 taxes included<\/p>\t\t\t\t\t\t\t\t<\/div>\n\t\t\t\t<\/div>\n\t\t\t\t<div class=\"elementor-element elementor-element-7952018 elementor-widget elementor-widget-text-editor\" data-id=\"7952018\" data-element_type=\"widget\" data-e-type=\"widget\" data-widget_type=\"text-editor.default\">\n\t\t\t\t<div class=\"elementor-widget-container\">\n\t\t\t\t\t\t\t\t\t<p><strong>Team of teachers 2026: names to come<\/strong><\/p><ul><li>Voice :\u00a0<\/li><li>Double Bass:\u00a0<\/li><li>Guitar :\u00a0<\/li><li>Drums :\u00a0<\/li><li>Piano :\u00a0<\/li><li>Saxophone :\u00a0<\/li><li>Vibraphone:\u00a0<\/li><li>Trompette:\u00a0<\/li><\/ul>\t\t\t\t\t\t\t\t<\/div>\n\t\t\t\t<\/div>\n\t\t\t\t<div class=\"elementor-element elementor-element-f884846 elementor-widget elementor-widget-text-editor\" data-id=\"f884846\" data-element_type=\"widget\" data-e-type=\"widget\" data-widget_type=\"text-editor.default\">\n\t\t\t\t<div class=\"elementor-widget-container\">\n\t\t\t\t\t\t\t\t\t<p>Directors for the session: Richard Savoie<br \/>For information : Richard Savoie: <a href=\"mailto:savoieri@cooptel.qc.ca\">savoieri@cooptel.qc.ca<\/a><\/p>\t\t\t\t\t\t\t\t<\/div>\n\t\t\t\t<\/div>\n\t\t\t\t<div class=\"elementor-element elementor-element-246e4fe elementor-widget elementor-widget-text-editor\" data-id=\"246e4fe\" data-element_type=\"widget\" data-e-type=\"widget\" data-widget_type=\"text-editor.default\">\n\t\t\t\t<div class=\"elementor-widget-container\">\n\t\t\t\t\t\t\t\t\t<p><strong>Clinicians for 2026 : names to come<\/strong><br>Monday, June 1st :<br>Tuesday, June 2nd:&nbsp;<br>Wednesday, June 3rd :&nbsp;<br>Thursday, June 4th :&nbsp;<br>Friday, June 5th :<\/p>\t\t\t\t\t\t\t\t<\/div>\n\t\t\t\t<\/div>\n\t\t\t\t<div class=\"elementor-element elementor-element-f01fc30 elementor-widget elementor-widget-text-editor\" data-id=\"f01fc30\" data-element_type=\"widget\" data-e-type=\"widget\" data-widget_type=\"text-editor.default\">\n\t\t\t\t<div class=\"elementor-widget-container\">\n\t\t\t\t\t\t\t\t\t<p><strong>Registrations will be accepted on a first-come, first served, basis.<\/strong><br \/><strong>Teaching staff is subject to change without notice. Places are limited.<\/strong><\/p>\n\t\t\t\t\t\t\t\t<\/div>\n\t\t\t\t<\/div>\n\t\t<div class=\"elementor-element elementor-element-24cd606 e-flex e-con-boxed e-con e-child\" data-id=\"24cd606\" data-element_type=\"container\" data-e-type=\"container\">\n\t\t\t\t\t<div class=\"e-con-inner\">\n\t\t\t\t<div class=\"elementor-element elementor-element-b067ae4 elementor-widget__width-auto elementor-widget elementor-widget-button\" data-id=\"b067ae4\" data-element_type=\"widget\" data-e-type=\"widget\" data-widget_type=\"button.default\">\n\t\t\t\t<div class=\"elementor-widget-container\">\n\t\t\t\t\t\t\t\t\t<div class=\"elementor-button-wrapper\">\n\t\t\t\t\t<a class=\"elementor-button elementor-button-link elementor-size-sm\" href=\"https:\/\/centreo3.com\/fr\/inscription\/\">\n\t\t\t\t\t\t<span class=\"elementor-button-content-wrapper\">\n\t\t\t\t\t\t\t\t\t<span class=\"elementor-button-text\">Register online<\/span>\n\t\t\t\t\t<\/span>\n\t\t\t\t\t<\/a>\n\t\t\t\t<\/div>\n\t\t\t\t\t\t\t\t<\/div>\n\t\t\t\t<\/div>\n\t\t\t\t<div class=\"elementor-element elementor-element-da0a365 elementor-widget__width-auto elementor-widget elementor-widget-button\" data-id=\"da0a365\" data-element_type=\"widget\" data-e-type=\"widget\" data-widget_type=\"button.default\">\n\t\t\t\t<div class=\"elementor-widget-container\">\n\t\t\t\t\t\t\t\t\t<div class=\"elementor-button-wrapper\">\n\t\t\t\t\t<a class=\"elementor-button elementor-button-link elementor-size-sm\" href=\"https:\/\/centreo3.com\/fr\/demande-de-bourse\/\">\n\t\t\t\t\t\t<span class=\"elementor-button-content-wrapper\">\n\t\t\t\t\t\t\t\t\t<span class=\"elementor-button-text\">Scholarship application<\/span>\n\t\t\t\t\t<\/span>\n\t\t\t\t\t<\/a>\n\t\t\t\t<\/div>\n\t\t\t\t\t\t\t\t<\/div>\n\t\t\t\t<\/div>\n\t\t\t\t\t<\/div>\n\t\t\t\t<\/div>\n\t\t\t\t\t<\/div>\n\t\t\t\t<\/div>\n\t\t\t\t<\/div>\n\t\t","protected":false},"excerpt":{"rendered":"<p>Camp focused on JAZZ music. For adults only. Every day, a clinician from the jazz scene comes to give training and advice to the camper to develop their notion and their musical theory. Subsequently, the campers, in one day, practice a piece according to the notions learned during the day. Subsequently, a concert is offered [&hellip;]<\/p>\n","protected":false},"author":1,"featured_media":0,"parent":1110,"menu_order":0,"comment_status":"closed","ping_status":"closed","template":"","meta":{"footnotes":""},"class_list":["post-1052","page","type-page","status-publish","hentry"],"yoast_head":"<!-- This site is optimized with the Yoast SEO plugin v27.1.1 - https:\/\/yoast.com\/product\/yoast-seo-wordpress\/ -->\n<title>Jazz Camp - Camp musical Val-des-Sources<\/title>\n<meta name=\"robots\" content=\"index, follow, max-snippet:-1, max-image-preview:large, max-video-preview:-1\" \/>\n<link rel=\"canonical\" href=\"https:\/\/centreo3.com\/en\/choosing-your-session\/jazz-camp\/\" \/>\n<meta property=\"og:locale\" content=\"en_US\" \/>\n<meta property=\"og:type\" content=\"article\" \/>\n<meta property=\"og:title\" content=\"Jazz Camp - Camp musical Val-des-Sources\" \/>\n<meta property=\"og:description\" content=\"Camp focused on JAZZ music. For adults only. Every day, a clinician from the jazz scene comes to give training and advice to the camper to develop their notion and their musical theory. Subsequently, the campers, in one day, practice a piece according to the notions learned during the day. Subsequently, a concert is offered [&hellip;]\" \/>\n<meta property=\"og:url\" content=\"https:\/\/centreo3.com\/en\/choosing-your-session\/jazz-camp\/\" \/>\n<meta property=\"og:site_name\" content=\"Centre O3\" \/>\n<meta property=\"article:modified_time\" content=\"2025-10-09T14:38:42+00:00\" \/>\n<meta name=\"twitter:card\" content=\"summary_large_image\" \/>\n<meta name=\"twitter:label1\" content=\"Est. reading time\" \/>\n\t<meta name=\"twitter:data1\" content=\"2 minutes\" \/>\n<script type=\"application\/ld+json\" class=\"yoast-schema-graph\">{\"@context\":\"https:\/\/schema.org\",\"@graph\":[{\"@type\":\"WebPage\",\"@id\":\"https:\/\/centreo3.com\/en\/choosing-your-session\/jazz-camp\/\",\"url\":\"https:\/\/centreo3.com\/en\/choosing-your-session\/jazz-camp\/\",\"name\":\"Jazz Camp - Camp musical Val-des-Sources\",\"isPartOf\":{\"@id\":\"https:\/\/centreo3.com\/en\/#website\"},\"datePublished\":\"2023-10-03T15:25:52+00:00\",\"dateModified\":\"2025-10-09T14:38:42+00:00\",\"breadcrumb\":{\"@id\":\"https:\/\/centreo3.com\/en\/choosing-your-session\/jazz-camp\/#breadcrumb\"},\"inLanguage\":\"en-US\",\"potentialAction\":[{\"@type\":\"ReadAction\",\"target\":[\"https:\/\/centreo3.com\/en\/choosing-your-session\/jazz-camp\/\"]}]},{\"@type\":\"BreadcrumbList\",\"@id\":\"https:\/\/centreo3.com\/en\/choosing-your-session\/jazz-camp\/#breadcrumb\",\"itemListElement\":[{\"@type\":\"ListItem\",\"position\":1,\"name\":\"Accueil\",\"item\":\"https:\/\/centreo3.com\/en\/\"},{\"@type\":\"ListItem\",\"position\":2,\"name\":\"Choosing-your-session\",\"item\":\"https:\/\/centreo3.com\/en\/choosing-your-session\/\"},{\"@type\":\"ListItem\",\"position\":3,\"name\":\"Jazz Camp\"}]},{\"@type\":\"WebSite\",\"@id\":\"https:\/\/centreo3.com\/en\/#website\",\"url\":\"https:\/\/centreo3.com\/en\/\",\"name\":\"Centre O3\",\"description\":\"Salles de r\u00e9ception et h\u00e9bergements pour \u00e9v\u00e9nements\",\"publisher\":{\"@id\":\"https:\/\/centreo3.com\/en\/#organization\"},\"potentialAction\":[{\"@type\":\"SearchAction\",\"target\":{\"@type\":\"EntryPoint\",\"urlTemplate\":\"https:\/\/centreo3.com\/en\/?s={search_term_string}\"},\"query-input\":{\"@type\":\"PropertyValueSpecification\",\"valueRequired\":true,\"valueName\":\"search_term_string\"}}],\"inLanguage\":\"en-US\"},{\"@type\":\"Organization\",\"@id\":\"https:\/\/centreo3.com\/en\/#organization\",\"name\":\"Centre O3\",\"url\":\"https:\/\/centreo3.com\/en\/\",\"logo\":{\"@type\":\"ImageObject\",\"inLanguage\":\"en-US\",\"@id\":\"https:\/\/centreo3.com\/en\/#\/schema\/logo\/image\/\",\"url\":\"https:\/\/centreo3.com\/wp-content\/uploads\/2023\/09\/centreo3-logo.svg\",\"contentUrl\":\"https:\/\/centreo3.com\/wp-content\/uploads\/2023\/09\/centreo3-logo.svg\",\"caption\":\"Centre O3\"},\"image\":{\"@id\":\"https:\/\/centreo3.com\/en\/#\/schema\/logo\/image\/\"}}]}<\/script>\n<!-- \/ Yoast SEO plugin. -->","yoast_head_json":{"title":"Jazz Camp - Camp musical Val-des-Sources","robots":{"index":"index","follow":"follow","max-snippet":"max-snippet:-1","max-image-preview":"max-image-preview:large","max-video-preview":"max-video-preview:-1"},"canonical":"https:\/\/centreo3.com\/en\/choosing-your-session\/jazz-camp\/","og_locale":"en_US","og_type":"article","og_title":"Jazz Camp - Camp musical Val-des-Sources","og_description":"Camp focused on JAZZ music. For adults only. Every day, a clinician from the jazz scene comes to give training and advice to the camper to develop their notion and their musical theory. Subsequently, the campers, in one day, practice a piece according to the notions learned during the day. Subsequently, a concert is offered [&hellip;]","og_url":"https:\/\/centreo3.com\/en\/choosing-your-session\/jazz-camp\/","og_site_name":"Centre O3","article_modified_time":"2025-10-09T14:38:42+00:00","twitter_card":"summary_large_image","twitter_misc":{"Est. reading time":"2 minutes"},"schema":{"@context":"https:\/\/schema.org","@graph":[{"@type":"WebPage","@id":"https:\/\/centreo3.com\/en\/choosing-your-session\/jazz-camp\/","url":"https:\/\/centreo3.com\/en\/choosing-your-session\/jazz-camp\/","name":"Jazz Camp - Camp musical Val-des-Sources","isPartOf":{"@id":"https:\/\/centreo3.com\/en\/#website"},"datePublished":"2023-10-03T15:25:52+00:00","dateModified":"2025-10-09T14:38:42+00:00","breadcrumb":{"@id":"https:\/\/centreo3.com\/en\/choosing-your-session\/jazz-camp\/#breadcrumb"},"inLanguage":"en-US","potentialAction":[{"@type":"ReadAction","target":["https:\/\/centreo3.com\/en\/choosing-your-session\/jazz-camp\/"]}]},{"@type":"BreadcrumbList","@id":"https:\/\/centreo3.com\/en\/choosing-your-session\/jazz-camp\/#breadcrumb","itemListElement":[{"@type":"ListItem","position":1,"name":"Accueil","item":"https:\/\/centreo3.com\/en\/"},{"@type":"ListItem","position":2,"name":"Choosing-your-session","item":"https:\/\/centreo3.com\/en\/choosing-your-session\/"},{"@type":"ListItem","position":3,"name":"Jazz Camp"}]},{"@type":"WebSite","@id":"https:\/\/centreo3.com\/en\/#website","url":"https:\/\/centreo3.com\/en\/","name":"Centre O3","description":"Salles de r\u00e9ception et h\u00e9bergements pour \u00e9v\u00e9nements","publisher":{"@id":"https:\/\/centreo3.com\/en\/#organization"},"potentialAction":[{"@type":"SearchAction","target":{"@type":"EntryPoint","urlTemplate":"https:\/\/centreo3.com\/en\/?s={search_term_string}"},"query-input":{"@type":"PropertyValueSpecification","valueRequired":true,"valueName":"search_term_string"}}],"inLanguage":"en-US"},{"@type":"Organization","@id":"https:\/\/centreo3.com\/en\/#organization","name":"Centre O3","url":"https:\/\/centreo3.com\/en\/","logo":{"@type":"ImageObject","inLanguage":"en-US","@id":"https:\/\/centreo3.com\/en\/#\/schema\/logo\/image\/","url":"https:\/\/centreo3.com\/wp-content\/uploads\/2023\/09\/centreo3-logo.svg","contentUrl":"https:\/\/centreo3.com\/wp-content\/uploads\/2023\/09\/centreo3-logo.svg","caption":"Centre O3"},"image":{"@id":"https:\/\/centreo3.com\/en\/#\/schema\/logo\/image\/"}}]}},"_links":{"self":[{"href":"https:\/\/centreo3.com\/en\/wp-json\/wp\/v2\/pages\/1052","targetHints":{"allow":["GET"]}}],"collection":[{"href":"https:\/\/centreo3.com\/en\/wp-json\/wp\/v2\/pages"}],"about":[{"href":"https:\/\/centreo3.com\/en\/wp-json\/wp\/v2\/types\/page"}],"author":[{"embeddable":true,"href":"https:\/\/centreo3.com\/en\/wp-json\/wp\/v2\/users\/1"}],"replies":[{"embeddable":true,"href":"https:\/\/centreo3.com\/en\/wp-json\/wp\/v2\/comments?post=1052"}],"version-history":[{"count":23,"href":"https:\/\/centreo3.com\/en\/wp-json\/wp\/v2\/pages\/1052\/revisions"}],"predecessor-version":[{"id":1704,"href":"https:\/\/centreo3.com\/en\/wp-json\/wp\/v2\/pages\/1052\/revisions\/1704"}],"up":[{"embeddable":true,"href":"https:\/\/centreo3.com\/en\/wp-json\/wp\/v2\/pages\/1110"}],"wp:attachment":[{"href":"https:\/\/centreo3.com\/en\/wp-json\/wp\/v2\/media?parent=1052"}],"curies":[{"name":"wp","href":"https:\/\/api.w.org\/{rel}","templated":true}]}}