{"id":1050,"date":"2023-10-03T11:23:33","date_gmt":"2023-10-03T15:23:33","guid":{"rendered":"https:\/\/centreo3.com\/harmony-camp-3-4-5\/"},"modified":"2024-10-02T11:27:36","modified_gmt":"2024-10-02T15:27:36","slug":"harmony-camp-3-4-5","status":"publish","type":"page","link":"https:\/\/centreo3.com\/en\/choosing-your-session\/harmony-camp-3-4-5\/","title":{"rendered":"Advanced Camp (sec. 3-4-5)"},"content":{"rendered":"\t\t<div data-elementor-type=\"wp-page\" data-elementor-id=\"1050\" class=\"elementor elementor-1050 elementor-773\" data-elementor-post-type=\"page\">\n\t\t\t\t<div class=\"elementor-element elementor-element-19655c1 e-flex e-con-boxed e-con e-parent\" data-id=\"19655c1\" data-element_type=\"container\" data-e-type=\"container\">\n\t\t\t\t\t<div class=\"e-con-inner\">\n\t\t\t\t<div class=\"elementor-element elementor-element-b091120 elementor-widget elementor-widget-text-editor\" data-id=\"b091120\" data-element_type=\"widget\" data-e-type=\"widget\" data-widget_type=\"text-editor.default\">\n\t\t\t\t<div class=\"elementor-widget-container\">\n\t\t\t\t\t\t\t\t\t<p>2-week camp for high school secondary 3-4-5 students. ur most advanced camp, 2 weeks of intensive courses to develop their musical technique for college or simply to perfect their instruments. Our teachers will take them further with private lessons and techniques that they can share with the campers. During the 2 weeks, they will also be able to take advantage of optional courses such as the band workshop and the choir. In addition, they will have the chance to have fun thanks to the different sports activities organized on our outdoor base. At the end of the 2 weeks, a concert will be produced to make relatives and friends listen to their results of 2 busy weeks. For more information 1-888-834-4342<\/p>\n\t\t\t\t\t\t\t\t<\/div>\n\t\t\t\t<\/div>\n\t\t\t\t<div class=\"elementor-element elementor-element-d3070e7 elementor-widget elementor-widget-text-editor\" data-id=\"d3070e7\" data-element_type=\"widget\" data-e-type=\"widget\" data-widget_type=\"text-editor.default\">\n\t\t\t\t<div class=\"elementor-widget-container\">\n\t\t\t\t\t\t\t\t\t<p>Music program for advanced musicians of High School sec. 3-4- 5<br \/>Dates: July 13th through July 25th 2025<\/p>\t\t\t\t\t\t\t\t<\/div>\n\t\t\t\t<\/div>\n\t\t\t\t<div class=\"elementor-element elementor-element-5ef3819 elementor-widget elementor-widget-text-editor\" data-id=\"5ef3819\" data-element_type=\"widget\" data-e-type=\"widget\" data-widget_type=\"text-editor.default\">\n\t\t\t\t<div class=\"elementor-widget-container\">\n\t\t\t\t\t\t\t\t\t<p><strong>Candidates:<\/strong><\/p>\n<ul>\n<li>Sec<sup>.<\/sup> 3<sup>&#8211;<\/sup>4<sup>&#8211;<\/sup>5 High School musicians<\/li>\n<li>Harmony level 5 or 6<\/li>\n<li><em>Stage Band<\/em><\/li>\n<\/ul>\n\t\t\t\t\t\t\t\t<\/div>\n\t\t\t\t<\/div>\n\t\t\t\t<div class=\"elementor-element elementor-element-2fa0355 elementor-widget elementor-widget-text-editor\" data-id=\"2fa0355\" data-element_type=\"widget\" data-e-type=\"widget\" data-widget_type=\"text-editor.default\">\n\t\t\t\t<div class=\"elementor-widget-container\">\n\t\t\t\t\t\t\t\t\t<p><strong>Highly qualified teachers: names to come<br \/><\/strong><\/p><p>Musical director:\u00a0<br \/>Flute:\u00a0<br \/>Bassoon:\u00a0<br \/>Oboe :\u00a0<br \/>Clarinet:\u00a0<br \/>Basse clarinet:\u00a0<br \/>Saxophone:<br \/>Trumpet:\u00a0<br \/>French horn:\u00a0<br \/>Trombone:<br \/>Tuba and euphonium:\u00a0<br \/>Bass, double bass:\u00a0<br \/>Percussions:\u00a0<br \/>Piano accompaniment:\u00a0<br \/>Choir:\u00a0<\/p>\t\t\t\t\t\t\t\t<\/div>\n\t\t\t\t<\/div>\n\t\t\t\t<div class=\"elementor-element elementor-element-2a77e05 elementor-widget elementor-widget-text-editor\" data-id=\"2a77e05\" data-element_type=\"widget\" data-e-type=\"widget\" data-widget_type=\"text-editor.default\">\n\t\t\t\t<div class=\"elementor-widget-container\">\n\t\t\t\t\t\t\t\t\t<p><strong>Cost<\/strong> : $1410 taxes included<br><strong>Co-directors for the session:<\/strong>&nbsp;Catherine Parr and Marie-H\u00e9l\u00e8ne Ayotte<br><strong>For more information :<br>1 888 834-4342<\/strong><br><strong>Registrations will be accepted on a first-come, first served, basis.<\/strong><br><strong>Teaching staff is subject to change without notice.<\/strong><\/p>\t\t\t\t\t\t\t\t<\/div>\n\t\t\t\t<\/div>\n\t\t<div class=\"elementor-element elementor-element-e9adff9 e-flex e-con-boxed e-con e-child\" data-id=\"e9adff9\" data-element_type=\"container\" data-e-type=\"container\">\n\t\t\t\t\t<div class=\"e-con-inner\">\n\t\t\t\t<div class=\"elementor-element elementor-element-04455d0 elementor-widget__width-auto elementor-widget elementor-widget-button\" data-id=\"04455d0\" data-element_type=\"widget\" data-e-type=\"widget\" data-widget_type=\"button.default\">\n\t\t\t\t<div class=\"elementor-widget-container\">\n\t\t\t\t\t\t\t\t\t<div class=\"elementor-button-wrapper\">\n\t\t\t\t\t<a class=\"elementor-button elementor-button-link elementor-size-sm\" href=\"https:\/\/centreo3.com\/fr\/inscription\/\">\n\t\t\t\t\t\t<span class=\"elementor-button-content-wrapper\">\n\t\t\t\t\t\t\t\t\t<span class=\"elementor-button-text\">Register online<\/span>\n\t\t\t\t\t<\/span>\n\t\t\t\t\t<\/a>\n\t\t\t\t<\/div>\n\t\t\t\t\t\t\t\t<\/div>\n\t\t\t\t<\/div>\n\t\t\t\t<div class=\"elementor-element elementor-element-73d763e elementor-widget__width-auto elementor-widget elementor-widget-button\" data-id=\"73d763e\" data-element_type=\"widget\" data-e-type=\"widget\" data-widget_type=\"button.default\">\n\t\t\t\t<div class=\"elementor-widget-container\">\n\t\t\t\t\t\t\t\t\t<div class=\"elementor-button-wrapper\">\n\t\t\t\t\t<a class=\"elementor-button elementor-button-link elementor-size-sm\" href=\"https:\/\/centreo3.com\/fr\/demande-de-bourse\/\">\n\t\t\t\t\t\t<span class=\"elementor-button-content-wrapper\">\n\t\t\t\t\t\t\t\t\t<span class=\"elementor-button-text\">Scholarship application<\/span>\n\t\t\t\t\t<\/span>\n\t\t\t\t\t<\/a>\n\t\t\t\t<\/div>\n\t\t\t\t\t\t\t\t<\/div>\n\t\t\t\t<\/div>\n\t\t\t\t\t<\/div>\n\t\t\t\t<\/div>\n\t\t\t\t\t<\/div>\n\t\t\t\t<\/div>\n\t\t\t\t<\/div>\n\t\t","protected":false},"excerpt":{"rendered":"<p>2-week camp for high school secondary 3-4-5 students. ur most advanced camp, 2 weeks of intensive courses to develop their musical technique for college or simply to perfect their instruments. Our teachers will take them further with private lessons and techniques that they can share with the campers. During the 2 weeks, they will also [&hellip;]<\/p>\n","protected":false},"author":1,"featured_media":0,"parent":1110,"menu_order":0,"comment_status":"closed","ping_status":"closed","template":"","meta":{"footnotes":""},"class_list":["post-1050","page","type-page","status-publish","hentry"],"yoast_head":"<!-- This site is optimized with the Yoast SEO plugin v27.1.1 - https:\/\/yoast.com\/product\/yoast-seo-wordpress\/ -->\n<title>Advanced Camp (sec. 3-4-5) - Camp musical Val-des-Sources<\/title>\n<meta name=\"robots\" content=\"index, follow, max-snippet:-1, max-image-preview:large, max-video-preview:-1\" \/>\n<link rel=\"canonical\" href=\"https:\/\/centreo3.com\/en\/choosing-your-session\/harmony-camp-3-4-5\/\" \/>\n<meta property=\"og:locale\" content=\"en_US\" \/>\n<meta property=\"og:type\" content=\"article\" \/>\n<meta property=\"og:title\" content=\"Advanced Camp (sec. 3-4-5) - Camp musical Val-des-Sources\" \/>\n<meta property=\"og:description\" content=\"2-week camp for high school secondary 3-4-5 students. ur most advanced camp, 2 weeks of intensive courses to develop their musical technique for college or simply to perfect their instruments. Our teachers will take them further with private lessons and techniques that they can share with the campers. During the 2 weeks, they will also [&hellip;]\" \/>\n<meta property=\"og:url\" content=\"https:\/\/centreo3.com\/en\/choosing-your-session\/harmony-camp-3-4-5\/\" \/>\n<meta property=\"og:site_name\" content=\"Centre O3\" \/>\n<meta property=\"article:modified_time\" content=\"2024-10-02T15:27:36+00:00\" \/>\n<meta name=\"twitter:card\" content=\"summary_large_image\" \/>\n<meta name=\"twitter:label1\" content=\"Est. reading time\" \/>\n\t<meta name=\"twitter:data1\" content=\"1 minute\" \/>\n<script type=\"application\/ld+json\" class=\"yoast-schema-graph\">{\"@context\":\"https:\/\/schema.org\",\"@graph\":[{\"@type\":\"WebPage\",\"@id\":\"https:\/\/centreo3.com\/en\/choosing-your-session\/harmony-camp-3-4-5\/\",\"url\":\"https:\/\/centreo3.com\/en\/choosing-your-session\/harmony-camp-3-4-5\/\",\"name\":\"Advanced Camp (sec. 3-4-5) - Camp musical Val-des-Sources\",\"isPartOf\":{\"@id\":\"https:\/\/centreo3.com\/en\/#website\"},\"datePublished\":\"2023-10-03T15:23:33+00:00\",\"dateModified\":\"2024-10-02T15:27:36+00:00\",\"breadcrumb\":{\"@id\":\"https:\/\/centreo3.com\/en\/choosing-your-session\/harmony-camp-3-4-5\/#breadcrumb\"},\"inLanguage\":\"en-US\",\"potentialAction\":[{\"@type\":\"ReadAction\",\"target\":[\"https:\/\/centreo3.com\/en\/choosing-your-session\/harmony-camp-3-4-5\/\"]}]},{\"@type\":\"BreadcrumbList\",\"@id\":\"https:\/\/centreo3.com\/en\/choosing-your-session\/harmony-camp-3-4-5\/#breadcrumb\",\"itemListElement\":[{\"@type\":\"ListItem\",\"position\":1,\"name\":\"Accueil\",\"item\":\"https:\/\/centreo3.com\/en\/\"},{\"@type\":\"ListItem\",\"position\":2,\"name\":\"Choosing-your-session\",\"item\":\"https:\/\/centreo3.com\/en\/choosing-your-session\/\"},{\"@type\":\"ListItem\",\"position\":3,\"name\":\"Advanced Camp (sec. 3-4-5)\"}]},{\"@type\":\"WebSite\",\"@id\":\"https:\/\/centreo3.com\/en\/#website\",\"url\":\"https:\/\/centreo3.com\/en\/\",\"name\":\"Centre O3\",\"description\":\"Salles de r\u00e9ception et h\u00e9bergements pour \u00e9v\u00e9nements\",\"publisher\":{\"@id\":\"https:\/\/centreo3.com\/en\/#organization\"},\"potentialAction\":[{\"@type\":\"SearchAction\",\"target\":{\"@type\":\"EntryPoint\",\"urlTemplate\":\"https:\/\/centreo3.com\/en\/?s={search_term_string}\"},\"query-input\":{\"@type\":\"PropertyValueSpecification\",\"valueRequired\":true,\"valueName\":\"search_term_string\"}}],\"inLanguage\":\"en-US\"},{\"@type\":\"Organization\",\"@id\":\"https:\/\/centreo3.com\/en\/#organization\",\"name\":\"Centre O3\",\"url\":\"https:\/\/centreo3.com\/en\/\",\"logo\":{\"@type\":\"ImageObject\",\"inLanguage\":\"en-US\",\"@id\":\"https:\/\/centreo3.com\/en\/#\/schema\/logo\/image\/\",\"url\":\"https:\/\/centreo3.com\/wp-content\/uploads\/2023\/09\/centreo3-logo.svg\",\"contentUrl\":\"https:\/\/centreo3.com\/wp-content\/uploads\/2023\/09\/centreo3-logo.svg\",\"caption\":\"Centre O3\"},\"image\":{\"@id\":\"https:\/\/centreo3.com\/en\/#\/schema\/logo\/image\/\"}}]}<\/script>\n<!-- \/ Yoast SEO plugin. -->","yoast_head_json":{"title":"Advanced Camp (sec. 3-4-5) - Camp musical Val-des-Sources","robots":{"index":"index","follow":"follow","max-snippet":"max-snippet:-1","max-image-preview":"max-image-preview:large","max-video-preview":"max-video-preview:-1"},"canonical":"https:\/\/centreo3.com\/en\/choosing-your-session\/harmony-camp-3-4-5\/","og_locale":"en_US","og_type":"article","og_title":"Advanced Camp (sec. 3-4-5) - Camp musical Val-des-Sources","og_description":"2-week camp for high school secondary 3-4-5 students. ur most advanced camp, 2 weeks of intensive courses to develop their musical technique for college or simply to perfect their instruments. Our teachers will take them further with private lessons and techniques that they can share with the campers. During the 2 weeks, they will also [&hellip;]","og_url":"https:\/\/centreo3.com\/en\/choosing-your-session\/harmony-camp-3-4-5\/","og_site_name":"Centre O3","article_modified_time":"2024-10-02T15:27:36+00:00","twitter_card":"summary_large_image","twitter_misc":{"Est. reading time":"1 minute"},"schema":{"@context":"https:\/\/schema.org","@graph":[{"@type":"WebPage","@id":"https:\/\/centreo3.com\/en\/choosing-your-session\/harmony-camp-3-4-5\/","url":"https:\/\/centreo3.com\/en\/choosing-your-session\/harmony-camp-3-4-5\/","name":"Advanced Camp (sec. 3-4-5) - Camp musical Val-des-Sources","isPartOf":{"@id":"https:\/\/centreo3.com\/en\/#website"},"datePublished":"2023-10-03T15:23:33+00:00","dateModified":"2024-10-02T15:27:36+00:00","breadcrumb":{"@id":"https:\/\/centreo3.com\/en\/choosing-your-session\/harmony-camp-3-4-5\/#breadcrumb"},"inLanguage":"en-US","potentialAction":[{"@type":"ReadAction","target":["https:\/\/centreo3.com\/en\/choosing-your-session\/harmony-camp-3-4-5\/"]}]},{"@type":"BreadcrumbList","@id":"https:\/\/centreo3.com\/en\/choosing-your-session\/harmony-camp-3-4-5\/#breadcrumb","itemListElement":[{"@type":"ListItem","position":1,"name":"Accueil","item":"https:\/\/centreo3.com\/en\/"},{"@type":"ListItem","position":2,"name":"Choosing-your-session","item":"https:\/\/centreo3.com\/en\/choosing-your-session\/"},{"@type":"ListItem","position":3,"name":"Advanced Camp (sec. 3-4-5)"}]},{"@type":"WebSite","@id":"https:\/\/centreo3.com\/en\/#website","url":"https:\/\/centreo3.com\/en\/","name":"Centre O3","description":"Salles de r\u00e9ception et h\u00e9bergements pour \u00e9v\u00e9nements","publisher":{"@id":"https:\/\/centreo3.com\/en\/#organization"},"potentialAction":[{"@type":"SearchAction","target":{"@type":"EntryPoint","urlTemplate":"https:\/\/centreo3.com\/en\/?s={search_term_string}"},"query-input":{"@type":"PropertyValueSpecification","valueRequired":true,"valueName":"search_term_string"}}],"inLanguage":"en-US"},{"@type":"Organization","@id":"https:\/\/centreo3.com\/en\/#organization","name":"Centre O3","url":"https:\/\/centreo3.com\/en\/","logo":{"@type":"ImageObject","inLanguage":"en-US","@id":"https:\/\/centreo3.com\/en\/#\/schema\/logo\/image\/","url":"https:\/\/centreo3.com\/wp-content\/uploads\/2023\/09\/centreo3-logo.svg","contentUrl":"https:\/\/centreo3.com\/wp-content\/uploads\/2023\/09\/centreo3-logo.svg","caption":"Centre O3"},"image":{"@id":"https:\/\/centreo3.com\/en\/#\/schema\/logo\/image\/"}}]}},"_links":{"self":[{"href":"https:\/\/centreo3.com\/en\/wp-json\/wp\/v2\/pages\/1050","targetHints":{"allow":["GET"]}}],"collection":[{"href":"https:\/\/centreo3.com\/en\/wp-json\/wp\/v2\/pages"}],"about":[{"href":"https:\/\/centreo3.com\/en\/wp-json\/wp\/v2\/types\/page"}],"author":[{"embeddable":true,"href":"https:\/\/centreo3.com\/en\/wp-json\/wp\/v2\/users\/1"}],"replies":[{"embeddable":true,"href":"https:\/\/centreo3.com\/en\/wp-json\/wp\/v2\/comments?post=1050"}],"version-history":[{"count":15,"href":"https:\/\/centreo3.com\/en\/wp-json\/wp\/v2\/pages\/1050\/revisions"}],"predecessor-version":[{"id":1518,"href":"https:\/\/centreo3.com\/en\/wp-json\/wp\/v2\/pages\/1050\/revisions\/1518"}],"up":[{"embeddable":true,"href":"https:\/\/centreo3.com\/en\/wp-json\/wp\/v2\/pages\/1110"}],"wp:attachment":[{"href":"https:\/\/centreo3.com\/en\/wp-json\/wp\/v2\/media?parent=1050"}],"curies":[{"name":"wp","href":"https:\/\/api.w.org\/{rel}","templated":true}]}}