{"id":1048,"date":"2023-10-03T11:22:56","date_gmt":"2023-10-03T15:22:56","guid":{"rendered":"https:\/\/centreo3.com\/harmony-camp-1-2-3\/"},"modified":"2025-05-13T11:00:58","modified_gmt":"2025-05-13T15:00:58","slug":"harmony-camp-1-2-3","status":"publish","type":"page","link":"https:\/\/centreo3.com\/en\/choosing-your-session\/harmony-camp-1-2-3\/","title":{"rendered":"Intermediate Camp (Sec. 1-2-3)"},"content":{"rendered":"\t\t<div data-elementor-type=\"wp-page\" data-elementor-id=\"1048\" class=\"elementor elementor-1048 elementor-771\" data-elementor-post-type=\"page\">\n\t\t\t\t<div class=\"elementor-element elementor-element-232f5db e-flex e-con-boxed e-con e-parent\" data-id=\"232f5db\" data-element_type=\"container\" data-e-type=\"container\">\n\t\t\t\t\t<div class=\"e-con-inner\">\n\t\t\t\t<div class=\"elementor-element elementor-element-4faa8e2 elementor-widget elementor-widget-text-editor\" data-id=\"4faa8e2\" data-element_type=\"widget\" data-e-type=\"widget\" data-widget_type=\"text-editor.default\">\n\t\t\t\t<div class=\"elementor-widget-container\">\n\t\t\t\t\t\t\t\t\t<p>2-week camp for high school secondary 1-2-3 students. A Camp focused on the development of your instrument with private lessons and a teacher specialized in the chosen instrument. During the 2 weeks, campers will do choir and ensemble practice. Throughout the stay, they can also enroll in optional activities such as the band workshop or the choir. A total of 6 hours of music per day is offered to young people, without the optional courses. Afterwards, we have sports activities in the afternoon and evening. Two busy weeks that will make them progress on their instruments while enjoying the summer and our outdoor base. At the end of the 2 weeks, a concert is offered to relatives and friends to see the result of their efforts. For more information 1-888-834-4342.<\/p>\n\t\t\t\t\t\t\t\t<\/div>\n\t\t\t\t<\/div>\n\t\t\t\t<div class=\"elementor-element elementor-element-bd6d602 elementor-widget elementor-widget-text-editor\" data-id=\"bd6d602\" data-element_type=\"widget\" data-e-type=\"widget\" data-widget_type=\"text-editor.default\">\n\t\t\t\t<div class=\"elementor-widget-container\">\n\t\t\t\t\t\t\t\t\t<p>Music program for High School musicians of Grades sec. 1-2- 3 with little or lots of experience<br \/>Dates: June 29th<span style=\"text-align: var(--text-align); color: var( --e-global-color-text );\">\u00a0through July 11th 2025<\/span><\/p>\t\t\t\t\t\t\t\t<\/div>\n\t\t\t\t<\/div>\n\t\t\t\t<div class=\"elementor-element elementor-element-1dfcb53 elementor-widget elementor-widget-text-editor\" data-id=\"1dfcb53\" data-element_type=\"widget\" data-e-type=\"widget\" data-widget_type=\"text-editor.default\">\n\t\t\t\t<div class=\"elementor-widget-container\">\n\t\t\t\t\t\t\t\t\t<p><strong>Candidates:<\/strong><\/p>\n<ul>\n<li>Sec<sup>.<\/sup> 1<sup>&#8211;<\/sup>2<sup>&#8211;<\/sup>3 High School musicians<\/li>\n<li>Harmony level 2, 3 or 4<\/li>\n<li><em>Stage Band<\/em><\/li>\n<\/ul>\t\t\t\t\t\t\t\t<\/div>\n\t\t\t\t<\/div>\n\t\t\t\t<div class=\"elementor-element elementor-element-ea71c6a elementor-widget elementor-widget-text-editor\" data-id=\"ea71c6a\" data-element_type=\"widget\" data-e-type=\"widget\" data-widget_type=\"text-editor.default\">\n\t\t\t\t<div class=\"elementor-widget-container\">\n\t\t\t\t\t\t\t\t\t<p><strong>Highly qualified teachers:<br><\/strong><\/p>\n<p>Musical director: Jonathan Dagenais and Christian Beaucher<br>Flute: Melanie Hebert<br>Clarinet: Vincent Dodier<br>Oboe: Caroline Plamondon<br>Bassoon: Myriam Blouin<br>Saxophone: Julie Bellavance<br>Trumpet: David Robitaille<br>Trombone: Julie Patenaude<br>Tuba: Guillaume Dupuis<br>Euphonium: Julie Patenaude<br>French horn: Jessica Duranleau<br>Bass, double bass: Benoit Marquis<br>Percussions: Valerie Cormier<br>Piano accompaniment: David L\u00e9cuyer<br>Piano: Diego Ruffolo<br>Choir: Bruno Blouin-Robert<\/p>\t\t\t\t\t\t\t\t<\/div>\n\t\t\t\t<\/div>\n\t\t\t\t<div class=\"elementor-element elementor-element-5d6848c elementor-widget elementor-widget-text-editor\" data-id=\"5d6848c\" data-element_type=\"widget\" data-e-type=\"widget\" data-widget_type=\"text-editor.default\">\n\t\t\t\t<div class=\"elementor-widget-container\">\n\t\t\t\t\t\t\t\t\t<p><strong>Cost<\/strong> : $1410 taxes included<br><strong>Co-directors&nbsp; :<\/strong> Maryse C\u00f4t\u00e9 and Maryka Talbot<br><strong>For more information :<br>1 888 834-4342<\/strong><br><strong>Registrations will be accepted on a first-come, first served, basis.<br>Teaching staff is subject to change without notice.<\/strong><\/p>\t\t\t\t\t\t\t\t<\/div>\n\t\t\t\t<\/div>\n\t\t<div class=\"elementor-element elementor-element-77965ab e-flex e-con-boxed e-con e-child\" data-id=\"77965ab\" data-element_type=\"container\" data-e-type=\"container\">\n\t\t\t\t\t<div class=\"e-con-inner\">\n\t\t\t\t<div class=\"elementor-element elementor-element-c5d96c4 elementor-widget__width-auto elementor-widget elementor-widget-button\" data-id=\"c5d96c4\" data-element_type=\"widget\" data-e-type=\"widget\" data-widget_type=\"button.default\">\n\t\t\t\t<div class=\"elementor-widget-container\">\n\t\t\t\t\t\t\t\t\t<div class=\"elementor-button-wrapper\">\n\t\t\t\t\t<a class=\"elementor-button elementor-button-link elementor-size-sm\" href=\"https:\/\/centreo3.com\/fr\/inscription\/\">\n\t\t\t\t\t\t<span class=\"elementor-button-content-wrapper\">\n\t\t\t\t\t\t\t\t\t<span class=\"elementor-button-text\">Register online<\/span>\n\t\t\t\t\t<\/span>\n\t\t\t\t\t<\/a>\n\t\t\t\t<\/div>\n\t\t\t\t\t\t\t\t<\/div>\n\t\t\t\t<\/div>\n\t\t\t\t<div class=\"elementor-element elementor-element-2340053 elementor-widget__width-auto elementor-widget elementor-widget-button\" data-id=\"2340053\" data-element_type=\"widget\" data-e-type=\"widget\" data-widget_type=\"button.default\">\n\t\t\t\t<div class=\"elementor-widget-container\">\n\t\t\t\t\t\t\t\t\t<div class=\"elementor-button-wrapper\">\n\t\t\t\t\t<a class=\"elementor-button elementor-button-link elementor-size-sm\" href=\"https:\/\/centreo3.com\/fr\/demande-de-bourse\/\">\n\t\t\t\t\t\t<span class=\"elementor-button-content-wrapper\">\n\t\t\t\t\t\t\t\t\t<span class=\"elementor-button-text\">Scholarship application<\/span>\n\t\t\t\t\t<\/span>\n\t\t\t\t\t<\/a>\n\t\t\t\t<\/div>\n\t\t\t\t\t\t\t\t<\/div>\n\t\t\t\t<\/div>\n\t\t\t\t\t<\/div>\n\t\t\t\t<\/div>\n\t\t\t\t\t<\/div>\n\t\t\t\t<\/div>\n\t\t\t\t<\/div>\n\t\t","protected":false},"excerpt":{"rendered":"<p>2-week camp for high school secondary 1-2-3 students. A Camp focused on the development of your instrument with private lessons and a teacher specialized in the chosen instrument. During the 2 weeks, campers will do choir and ensemble practice. Throughout the stay, they can also enroll in optional activities such as the band workshop or [&hellip;]<\/p>\n","protected":false},"author":1,"featured_media":0,"parent":1110,"menu_order":0,"comment_status":"closed","ping_status":"closed","template":"","meta":{"footnotes":""},"class_list":["post-1048","page","type-page","status-publish","hentry"],"yoast_head":"<!-- This site is optimized with the Yoast SEO plugin v27.1.1 - https:\/\/yoast.com\/product\/yoast-seo-wordpress\/ -->\n<title>Intermediate Camp (Sec. 1-2-3) - Camp musical Val-des-Sources<\/title>\n<meta name=\"robots\" content=\"index, follow, max-snippet:-1, max-image-preview:large, max-video-preview:-1\" \/>\n<link rel=\"canonical\" href=\"https:\/\/centreo3.com\/en\/choosing-your-session\/harmony-camp-1-2-3\/\" \/>\n<meta property=\"og:locale\" content=\"en_US\" \/>\n<meta property=\"og:type\" content=\"article\" \/>\n<meta property=\"og:title\" content=\"Intermediate Camp (Sec. 1-2-3) - Camp musical Val-des-Sources\" \/>\n<meta property=\"og:description\" content=\"2-week camp for high school secondary 1-2-3 students. A Camp focused on the development of your instrument with private lessons and a teacher specialized in the chosen instrument. During the 2 weeks, campers will do choir and ensemble practice. Throughout the stay, they can also enroll in optional activities such as the band workshop or [&hellip;]\" \/>\n<meta property=\"og:url\" content=\"https:\/\/centreo3.com\/en\/choosing-your-session\/harmony-camp-1-2-3\/\" \/>\n<meta property=\"og:site_name\" content=\"Centre O3\" \/>\n<meta property=\"article:modified_time\" content=\"2025-05-13T15:00:58+00:00\" \/>\n<meta name=\"twitter:card\" content=\"summary_large_image\" \/>\n<meta name=\"twitter:label1\" content=\"Est. reading time\" \/>\n\t<meta name=\"twitter:data1\" content=\"2 minutes\" \/>\n<script type=\"application\/ld+json\" class=\"yoast-schema-graph\">{\"@context\":\"https:\/\/schema.org\",\"@graph\":[{\"@type\":\"WebPage\",\"@id\":\"https:\/\/centreo3.com\/en\/choosing-your-session\/harmony-camp-1-2-3\/\",\"url\":\"https:\/\/centreo3.com\/en\/choosing-your-session\/harmony-camp-1-2-3\/\",\"name\":\"Intermediate Camp (Sec. 1-2-3) - Camp musical Val-des-Sources\",\"isPartOf\":{\"@id\":\"https:\/\/centreo3.com\/en\/#website\"},\"datePublished\":\"2023-10-03T15:22:56+00:00\",\"dateModified\":\"2025-05-13T15:00:58+00:00\",\"breadcrumb\":{\"@id\":\"https:\/\/centreo3.com\/en\/choosing-your-session\/harmony-camp-1-2-3\/#breadcrumb\"},\"inLanguage\":\"en-US\",\"potentialAction\":[{\"@type\":\"ReadAction\",\"target\":[\"https:\/\/centreo3.com\/en\/choosing-your-session\/harmony-camp-1-2-3\/\"]}]},{\"@type\":\"BreadcrumbList\",\"@id\":\"https:\/\/centreo3.com\/en\/choosing-your-session\/harmony-camp-1-2-3\/#breadcrumb\",\"itemListElement\":[{\"@type\":\"ListItem\",\"position\":1,\"name\":\"Accueil\",\"item\":\"https:\/\/centreo3.com\/en\/\"},{\"@type\":\"ListItem\",\"position\":2,\"name\":\"Choosing-your-session\",\"item\":\"https:\/\/centreo3.com\/en\/choosing-your-session\/\"},{\"@type\":\"ListItem\",\"position\":3,\"name\":\"Intermediate Camp (Sec. 1-2-3)\"}]},{\"@type\":\"WebSite\",\"@id\":\"https:\/\/centreo3.com\/en\/#website\",\"url\":\"https:\/\/centreo3.com\/en\/\",\"name\":\"Centre O3\",\"description\":\"Salles de r\u00e9ception et h\u00e9bergements pour \u00e9v\u00e9nements\",\"publisher\":{\"@id\":\"https:\/\/centreo3.com\/en\/#organization\"},\"potentialAction\":[{\"@type\":\"SearchAction\",\"target\":{\"@type\":\"EntryPoint\",\"urlTemplate\":\"https:\/\/centreo3.com\/en\/?s={search_term_string}\"},\"query-input\":{\"@type\":\"PropertyValueSpecification\",\"valueRequired\":true,\"valueName\":\"search_term_string\"}}],\"inLanguage\":\"en-US\"},{\"@type\":\"Organization\",\"@id\":\"https:\/\/centreo3.com\/en\/#organization\",\"name\":\"Centre O3\",\"url\":\"https:\/\/centreo3.com\/en\/\",\"logo\":{\"@type\":\"ImageObject\",\"inLanguage\":\"en-US\",\"@id\":\"https:\/\/centreo3.com\/en\/#\/schema\/logo\/image\/\",\"url\":\"https:\/\/centreo3.com\/wp-content\/uploads\/2023\/09\/centreo3-logo.svg\",\"contentUrl\":\"https:\/\/centreo3.com\/wp-content\/uploads\/2023\/09\/centreo3-logo.svg\",\"caption\":\"Centre O3\"},\"image\":{\"@id\":\"https:\/\/centreo3.com\/en\/#\/schema\/logo\/image\/\"}}]}<\/script>\n<!-- \/ Yoast SEO plugin. -->","yoast_head_json":{"title":"Intermediate Camp (Sec. 1-2-3) - Camp musical Val-des-Sources","robots":{"index":"index","follow":"follow","max-snippet":"max-snippet:-1","max-image-preview":"max-image-preview:large","max-video-preview":"max-video-preview:-1"},"canonical":"https:\/\/centreo3.com\/en\/choosing-your-session\/harmony-camp-1-2-3\/","og_locale":"en_US","og_type":"article","og_title":"Intermediate Camp (Sec. 1-2-3) - Camp musical Val-des-Sources","og_description":"2-week camp for high school secondary 1-2-3 students. A Camp focused on the development of your instrument with private lessons and a teacher specialized in the chosen instrument. During the 2 weeks, campers will do choir and ensemble practice. Throughout the stay, they can also enroll in optional activities such as the band workshop or [&hellip;]","og_url":"https:\/\/centreo3.com\/en\/choosing-your-session\/harmony-camp-1-2-3\/","og_site_name":"Centre O3","article_modified_time":"2025-05-13T15:00:58+00:00","twitter_card":"summary_large_image","twitter_misc":{"Est. reading time":"2 minutes"},"schema":{"@context":"https:\/\/schema.org","@graph":[{"@type":"WebPage","@id":"https:\/\/centreo3.com\/en\/choosing-your-session\/harmony-camp-1-2-3\/","url":"https:\/\/centreo3.com\/en\/choosing-your-session\/harmony-camp-1-2-3\/","name":"Intermediate Camp (Sec. 1-2-3) - Camp musical Val-des-Sources","isPartOf":{"@id":"https:\/\/centreo3.com\/en\/#website"},"datePublished":"2023-10-03T15:22:56+00:00","dateModified":"2025-05-13T15:00:58+00:00","breadcrumb":{"@id":"https:\/\/centreo3.com\/en\/choosing-your-session\/harmony-camp-1-2-3\/#breadcrumb"},"inLanguage":"en-US","potentialAction":[{"@type":"ReadAction","target":["https:\/\/centreo3.com\/en\/choosing-your-session\/harmony-camp-1-2-3\/"]}]},{"@type":"BreadcrumbList","@id":"https:\/\/centreo3.com\/en\/choosing-your-session\/harmony-camp-1-2-3\/#breadcrumb","itemListElement":[{"@type":"ListItem","position":1,"name":"Accueil","item":"https:\/\/centreo3.com\/en\/"},{"@type":"ListItem","position":2,"name":"Choosing-your-session","item":"https:\/\/centreo3.com\/en\/choosing-your-session\/"},{"@type":"ListItem","position":3,"name":"Intermediate Camp (Sec. 1-2-3)"}]},{"@type":"WebSite","@id":"https:\/\/centreo3.com\/en\/#website","url":"https:\/\/centreo3.com\/en\/","name":"Centre O3","description":"Salles de r\u00e9ception et h\u00e9bergements pour \u00e9v\u00e9nements","publisher":{"@id":"https:\/\/centreo3.com\/en\/#organization"},"potentialAction":[{"@type":"SearchAction","target":{"@type":"EntryPoint","urlTemplate":"https:\/\/centreo3.com\/en\/?s={search_term_string}"},"query-input":{"@type":"PropertyValueSpecification","valueRequired":true,"valueName":"search_term_string"}}],"inLanguage":"en-US"},{"@type":"Organization","@id":"https:\/\/centreo3.com\/en\/#organization","name":"Centre O3","url":"https:\/\/centreo3.com\/en\/","logo":{"@type":"ImageObject","inLanguage":"en-US","@id":"https:\/\/centreo3.com\/en\/#\/schema\/logo\/image\/","url":"https:\/\/centreo3.com\/wp-content\/uploads\/2023\/09\/centreo3-logo.svg","contentUrl":"https:\/\/centreo3.com\/wp-content\/uploads\/2023\/09\/centreo3-logo.svg","caption":"Centre O3"},"image":{"@id":"https:\/\/centreo3.com\/en\/#\/schema\/logo\/image\/"}}]}},"_links":{"self":[{"href":"https:\/\/centreo3.com\/en\/wp-json\/wp\/v2\/pages\/1048","targetHints":{"allow":["GET"]}}],"collection":[{"href":"https:\/\/centreo3.com\/en\/wp-json\/wp\/v2\/pages"}],"about":[{"href":"https:\/\/centreo3.com\/en\/wp-json\/wp\/v2\/types\/page"}],"author":[{"embeddable":true,"href":"https:\/\/centreo3.com\/en\/wp-json\/wp\/v2\/users\/1"}],"replies":[{"embeddable":true,"href":"https:\/\/centreo3.com\/en\/wp-json\/wp\/v2\/comments?post=1048"}],"version-history":[{"count":33,"href":"https:\/\/centreo3.com\/en\/wp-json\/wp\/v2\/pages\/1048\/revisions"}],"predecessor-version":[{"id":1631,"href":"https:\/\/centreo3.com\/en\/wp-json\/wp\/v2\/pages\/1048\/revisions\/1631"}],"up":[{"embeddable":true,"href":"https:\/\/centreo3.com\/en\/wp-json\/wp\/v2\/pages\/1110"}],"wp:attachment":[{"href":"https:\/\/centreo3.com\/en\/wp-json\/wp\/v2\/media?parent=1048"}],"curies":[{"name":"wp","href":"https:\/\/api.w.org\/{rel}","templated":true}]}}